{"id":17269,"date":"2014-11-26T11:13:12","date_gmt":"2014-11-26T11:13:12","guid":{"rendered":"http:\/\/www.golftravellers.com\/?page_id=17269"},"modified":"2015-01-06T13:59:16","modified_gmt":"2015-01-06T13:59:16","slug":"demande-personnalisee-formulaire-envoye-avec-succes","status":"publish","type":"page","link":"https:\/\/www.golftravellers.com\/fr\/nous-contacter\/demande-personnalisee-formulaire-envoye-avec-succes\/","title":{"rendered":"Demande personnalis\u00e9e &#8211; Formulaire envoy\u00e9 avec succ\u00e9s !"},"content":{"rendered":"<p>Merci pour votre demande de devis personnalis\u00e9. Votre formulaire a bien \u00e9t\u00e9 envoy\u00e9 \u00e0 notre \u00e9quipe. Nous vous contacterons dans un d\u00e9lai de 48 heures maximum.<\/p>\n","protected":false},"excerpt":{"rendered":"<p>Merci pour votre demande de devis personnalis\u00e9. Votre formulaire a bien \u00e9t\u00e9 envoy\u00e9 \u00e0 notre \u00e9quipe. Nous vous contacterons dans un d\u00e9lai de 48 heures maximum.<\/p>\n","protected":false},"author":10,"featured_media":0,"parent":272,"menu_order":90,"comment_status":"open","ping_status":"open","template":"","meta":{"_genesis_hide_title":false,"_genesis_hide_breadcrumbs":false,"_genesis_hide_singular_image":false,"_genesis_hide_footer_widgets":false,"_genesis_custom_body_class":"","_genesis_custom_post_class":"","_genesis_layout":"","footnotes":""},"class_list":{"0":"post-17269","1":"page","2":"type-page","3":"status-publish","5":"entry"},"_links":{"self":[{"href":"https:\/\/www.golftravellers.com\/fr\/wp-json\/wp\/v2\/pages\/17269","targetHints":{"allow":["GET"]}}],"collection":[{"href":"https:\/\/www.golftravellers.com\/fr\/wp-json\/wp\/v2\/pages"}],"about":[{"href":"https:\/\/www.golftravellers.com\/fr\/wp-json\/wp\/v2\/types\/page"}],"author":[{"embeddable":true,"href":"https:\/\/www.golftravellers.com\/fr\/wp-json\/wp\/v2\/users\/10"}],"replies":[{"embeddable":true,"href":"https:\/\/www.golftravellers.com\/fr\/wp-json\/wp\/v2\/comments?post=17269"}],"version-history":[{"count":1,"href":"https:\/\/www.golftravellers.com\/fr\/wp-json\/wp\/v2\/pages\/17269\/revisions"}],"predecessor-version":[{"id":17270,"href":"https:\/\/www.golftravellers.com\/fr\/wp-json\/wp\/v2\/pages\/17269\/revisions\/17270"}],"up":[{"embeddable":true,"href":"https:\/\/www.golftravellers.com\/fr\/wp-json\/wp\/v2\/pages\/272"}],"wp:attachment":[{"href":"https:\/\/www.golftravellers.com\/fr\/wp-json\/wp\/v2\/media?parent=17269"}],"curies":[{"name":"wp","href":"https:\/\/api.w.org\/{rel}","templated":true}]}}