{"id":17248,"date":"2014-11-26T10:32:29","date_gmt":"2014-11-26T10:32:29","guid":{"rendered":"http:\/\/www.golftravellers.com\/?page_id=17248"},"modified":"2015-01-06T13:59:09","modified_gmt":"2015-01-06T13:59:09","slug":"demande-de-reservation-formulaire-envoye-avec-succes","status":"publish","type":"page","link":"https:\/\/www.golftravellers.com\/fr\/nous-contacter\/demande-de-reservation-formulaire-envoye-avec-succes\/","title":{"rendered":"Demande de r\u00e9servation &#8211; Formulaire envoy\u00e9 avec succ\u00e9s !"},"content":{"rendered":"<p>Merci pour votre demande de r\u00e9servation. Votre formulaire a bien \u00e9t\u00e9 envoy\u00e9 \u00e0 notre \u00e9quipe. Nous vous contacterons dans un d\u00e9lai de 48 heures maximum.<\/p>\n","protected":false},"excerpt":{"rendered":"<p>Merci pour votre demande de r\u00e9servation. Votre formulaire a bien \u00e9t\u00e9 envoy\u00e9 \u00e0 notre \u00e9quipe. Nous vous contacterons dans un d\u00e9lai de 48 heures maximum.<\/p>\n","protected":false},"author":10,"featured_media":0,"parent":272,"menu_order":80,"comment_status":"open","ping_status":"open","template":"","meta":{"_genesis_hide_title":false,"_genesis_hide_breadcrumbs":false,"_genesis_hide_singular_image":false,"_genesis_hide_footer_widgets":false,"_genesis_custom_body_class":"","_genesis_custom_post_class":"","_genesis_layout":"","footnotes":""},"class_list":{"0":"post-17248","1":"page","2":"type-page","3":"status-publish","5":"entry"},"_links":{"self":[{"href":"https:\/\/www.golftravellers.com\/fr\/wp-json\/wp\/v2\/pages\/17248","targetHints":{"allow":["GET"]}}],"collection":[{"href":"https:\/\/www.golftravellers.com\/fr\/wp-json\/wp\/v2\/pages"}],"about":[{"href":"https:\/\/www.golftravellers.com\/fr\/wp-json\/wp\/v2\/types\/page"}],"author":[{"embeddable":true,"href":"https:\/\/www.golftravellers.com\/fr\/wp-json\/wp\/v2\/users\/10"}],"replies":[{"embeddable":true,"href":"https:\/\/www.golftravellers.com\/fr\/wp-json\/wp\/v2\/comments?post=17248"}],"version-history":[{"count":2,"href":"https:\/\/www.golftravellers.com\/fr\/wp-json\/wp\/v2\/pages\/17248\/revisions"}],"predecessor-version":[{"id":17265,"href":"https:\/\/www.golftravellers.com\/fr\/wp-json\/wp\/v2\/pages\/17248\/revisions\/17265"}],"up":[{"embeddable":true,"href":"https:\/\/www.golftravellers.com\/fr\/wp-json\/wp\/v2\/pages\/272"}],"wp:attachment":[{"href":"https:\/\/www.golftravellers.com\/fr\/wp-json\/wp\/v2\/media?parent=17248"}],"curies":[{"name":"wp","href":"https:\/\/api.w.org\/{rel}","templated":true}]}}