{"id":1719,"date":"2014-11-14T11:37:34","date_gmt":"2014-11-14T11:37:34","guid":{"rendered":"http:\/\/www.golftravellers.com\/?page_id=1719"},"modified":"2023-10-06T13:25:04","modified_gmt":"2023-10-06T12:25:04","slug":"southerndown","status":"publish","type":"page","link":"https:\/\/www.golftravellers.com\/fr\/destinations\/pays-de-galles\/parcours-de-golf-au-pays-de-galles\/region-sud-pays-de-galles\/southerndown\/","title":{"rendered":"Southerndown"},"content":{"rendered":"<table border=\"0\">\n<tbody>\n<tr>\n<td><strong>Notre classement :<\/strong><\/td>\n<td><img loading=\"lazy\" decoding=\"async\" src=\"https:\/\/www.golftravellers.com\/wp-content\/uploads\/2014\/05\/5stars_rating_GolfCourse.png\" alt=\"Golf Travellers 5 star rating golf course\" width=\"147\" height=\"30\" \/><\/td>\n<td colspan=\"2\" rowspan=\"11\" align=\"center\" valign=\"top\" width=\"50%\"><img loading=\"lazy\" decoding=\"async\" class=\"alignnone wp-image-2744\" src=\"https:\/\/www.golftravellers.com\/wp-content\/uploads\/2014\/06\/wales-map.png\" alt=\"\" width=\"450\" height=\"543\" srcset=\"https:\/\/www.golftravellers.com\/wp-content\/uploads\/2014\/06\/wales-map.png 550w, https:\/\/www.golftravellers.com\/wp-content\/uploads\/2014\/06\/wales-map-248x300.png 248w\" sizes=\"auto, (max-width: 450px) 100vw, 450px\" \/><\/td>\n<\/tr>\n<tr>\n<td><strong>Classement Gallois :<\/strong><\/td>\n<td>9<\/td>\n<\/tr>\n<tr>\n<td width=\"30%\"><strong>Architectes :<\/strong><\/td>\n<td width=\"20%\">W. Fernie \/ W. Park Jr \/ H. Fowler \/ D. Steel<\/td>\n<\/tr>\n<tr>\n<td><strong>Date d&rsquo;ouverture :<\/strong><\/td>\n<td>1905<\/td>\n<\/tr>\n<tr>\n<td><strong>Par :<\/strong><\/td>\n<td>71<\/td>\n<\/tr>\n<tr>\n<td><strong>Distance depuis Cardiff :<\/strong><\/td>\n<td>35 km<\/td>\n<\/tr>\n<tr>\n<td><strong>Distance depuis Swansea :<\/strong><\/td>\n<td>40 km<\/td>\n<\/tr>\n<tr>\n<td><strong>Distance depuis Newport :<\/strong><\/td>\n<td>50 km<\/td>\n<\/tr>\n<tr>\n<td><strong>Distance depuis Bangor :<\/strong><\/td>\n<td>335 km<\/td>\n<\/tr>\n<tr>\n<td><\/td>\n<td><\/td>\n<\/tr>\n<\/tbody>\n<\/table>\n<pre id=\"tw-target-text\" class=\"tw-data-text vk_txt tw-ta tw-text-small\" dir=\"ltr\" data-placeholder=\"Traduction\" data-fulltext=\"\"> C'est un joyau cach\u00e9, unique. Ce parcours perch\u00e9 est un v\u00e9ritable test de golf o\u00f9 vous devez g\u00e9rer votre jeu \u00e0 travers les greens fermes, autour des ajoncs, des foug\u00e8res, de la bruy\u00e8re, de profonds bunkers et des moutons tondant assid\u00fbment les fairways. C'est \u00e0 la fois un links pour les 8 premiers trous sableux et un golf de terre de bruy\u00e8re pour les suivants.\nLes points de vue du parcours et du club-house sont spectaculaires: par-del\u00e0 le canal de Bristol sur la c\u00f4te nord du Devon, vers la baie de Swansea et la p\u00e9ninsule de Gower, de l'estuaire d'Ogmore vers Porthcawl et tout autour sur les collines et les vall\u00e9es du sud-est du Pays de Galles.\n<\/pre>\n<div class=\"one-third first\"><a class=\"button\" title=\"Nos s\u00e9jours de golf\" href=\"https:\/\/www.golftravellers.com\/fr\/destinations\/pays-de-galles\/sejours-de-golf-au-pays-de-galles\/\">Nos offres<\/a><\/div>\n<div class=\"one-third\"><a class=\"button\" title=\"Demande de devis\" href=\"https:\/\/www.golftravellers.com\/fr\/nous-contacter\/demande-de-devis\/\">Demande de devis<\/a><\/div>\n<div class=\"one-third\"><a class=\"button\" title=\"Nous contacter\" href=\"https:\/\/www.golftravellers.com\/fr\/nous-contacter\/\">Contactez-nous<\/a><\/div>\n","protected":false},"excerpt":{"rendered":"<p>Notre classement : Classement Gallois : 9 Architectes : W. Fernie \/ W. Park Jr \/ H. Fowler \/ D. Steel Date d&rsquo;ouverture : 1905 Par : 71 Distance depuis Cardiff : 35 km Distance depuis Swansea : 40 km Distance depuis Newport : 50 km Distance depuis Bangor : 335 km C&rsquo;est un joyau [&hellip;]<\/p>\n","protected":false},"author":10,"featured_media":19173,"parent":2439,"menu_order":0,"comment_status":"open","ping_status":"open","template":"","meta":{"_genesis_hide_title":false,"_genesis_hide_breadcrumbs":false,"_genesis_hide_singular_image":false,"_genesis_hide_footer_widgets":false,"_genesis_custom_body_class":"","_genesis_custom_post_class":"","_genesis_layout":"","footnotes":""},"class_list":{"0":"post-1719","1":"page","2":"type-page","3":"status-publish","4":"has-post-thumbnail","6":"entry"},"_links":{"self":[{"href":"https:\/\/www.golftravellers.com\/fr\/wp-json\/wp\/v2\/pages\/1719","targetHints":{"allow":["GET"]}}],"collection":[{"href":"https:\/\/www.golftravellers.com\/fr\/wp-json\/wp\/v2\/pages"}],"about":[{"href":"https:\/\/www.golftravellers.com\/fr\/wp-json\/wp\/v2\/types\/page"}],"author":[{"embeddable":true,"href":"https:\/\/www.golftravellers.com\/fr\/wp-json\/wp\/v2\/users\/10"}],"replies":[{"embeddable":true,"href":"https:\/\/www.golftravellers.com\/fr\/wp-json\/wp\/v2\/comments?post=1719"}],"version-history":[{"count":18,"href":"https:\/\/www.golftravellers.com\/fr\/wp-json\/wp\/v2\/pages\/1719\/revisions"}],"predecessor-version":[{"id":42436,"href":"https:\/\/www.golftravellers.com\/fr\/wp-json\/wp\/v2\/pages\/1719\/revisions\/42436"}],"up":[{"embeddable":true,"href":"https:\/\/www.golftravellers.com\/fr\/wp-json\/wp\/v2\/pages\/2439"}],"wp:featuredmedia":[{"embeddable":true,"href":"https:\/\/www.golftravellers.com\/fr\/wp-json\/wp\/v2\/media\/19173"}],"wp:attachment":[{"href":"https:\/\/www.golftravellers.com\/fr\/wp-json\/wp\/v2\/media?parent=1719"}],"curies":[{"name":"wp","href":"https:\/\/api.w.org\/{rel}","templated":true}]}}