{"id":1717,"date":"2014-11-13T13:34:20","date_gmt":"2014-11-13T13:34:20","guid":{"rendered":"http:\/\/www.golftravellers.com\/?page_id=1717"},"modified":"2023-11-27T19:17:32","modified_gmt":"2023-11-27T19:17:32","slug":"pwllheli","status":"publish","type":"page","link":"https:\/\/www.golftravellers.com\/fr\/destinations\/pays-de-galles\/parcours-de-golf-au-pays-de-galles\/region-nord-pays-de-galles\/pwllheli\/","title":{"rendered":"Pwllheli"},"content":{"rendered":"<table style=\"height: 229px;\" border=\"0\">\n<tbody>\n<tr style=\"height: 37px;\">\n<td style=\"height: 37px; width: 284px;\"><strong>Notre classement :<\/strong><\/td>\n<td style=\"height: 37px; width: 188px;\"><img loading=\"lazy\" decoding=\"async\" src=\"https:\/\/www.golftravellers.com\/wp-content\/uploads\/2014\/05\/5stars_rating_GolfCourse.png\" alt=\"Golf Travellers 5 star rating golf course\" width=\"147\" height=\"30\"><\/td>\n<td colspan=\"2\" rowspan=\"11\" align=\"center\" valign=\"top\" width=\"50%\"><img loading=\"lazy\" decoding=\"async\" class=\"alignnone wp-image-2744\" src=\"https:\/\/www.golftravellers.com\/wp-content\/uploads\/2014\/06\/wales-map.png\" alt=\"\" width=\"450\" height=\"543\" srcset=\"https:\/\/www.golftravellers.com\/wp-content\/uploads\/2014\/06\/wales-map.png 550w, https:\/\/www.golftravellers.com\/wp-content\/uploads\/2014\/06\/wales-map-248x300.png 248w\" sizes=\"auto, (max-width: 450px) 100vw, 450px\" \/><\/td>\n<\/tr>\n<tr style=\"height: 24px;\">\n<td style=\"height: 24px; width: 284px;\"><strong>Classement Gallois :<\/strong><\/td>\n<td style=\"height: 24px; width: 188px;\">17<\/td>\n<\/tr>\n<tr style=\"height: 24px;\">\n<td style=\"height: 24px; width: 284px;\"><strong>Architecte :<\/strong><\/td>\n<td style=\"height: 24px; width: 188px;\">Tom Morris \/ James Braid<\/td>\n<\/tr>\n<tr style=\"height: 24px;\">\n<td style=\"height: 24px; width: 284px;\"><strong>Date d&rsquo;ouverture :<\/strong><\/td>\n<td style=\"height: 24px; width: 188px;\">1900<\/td>\n<\/tr>\n<tr style=\"height: 24px;\">\n<td style=\"height: 24px; width: 284px;\"><strong>Par :<\/strong><\/td>\n<td style=\"height: 24px; width: 188px;\">70<\/td>\n<\/tr>\n<tr style=\"height: 24px;\">\n<td style=\"height: 24px; width: 284px;\"><strong>Distance depuis Cardiff :<\/strong><\/td>\n<td style=\"height: 24px; width: 188px;\">280 km<\/td>\n<\/tr>\n<tr style=\"height: 24px;\">\n<td style=\"height: 24px; width: 284px;\"><strong>Distance depuis Swansea :<\/strong><\/td>\n<td style=\"height: 24px; width: 188px;\">240 km<\/td>\n<\/tr>\n<tr style=\"height: 24px;\">\n<td style=\"height: 24px; width: 284px;\"><strong>Distance depuis Newport :<\/strong><\/td>\n<td style=\"height: 24px; width: 188px;\">260 km<\/td>\n<\/tr>\n<tr style=\"height: 24px;\">\n<td style=\"height: 24px; width: 284px;\"><strong>Distance depuis Bangor :<\/strong><\/td>\n<td style=\"height: 24px; width: 188px;\">50 km<\/td>\n<\/tr>\n<\/tbody>\n<\/table>\n<pre class=\"tw-data-text vk_txt tw-ta tw-text-small\" dir=\"ltr\" data-placeholder=\"Traduction\" data-fulltext=\"\"> Situ\u00e9 sur la c\u00f4te sud de la baie de Cardigan, Pwllheli offre des vues sur la cha\u00eene de montagnes de Snowdonia.\nInitialement con\u00e7u en 9 trous par Tom Morris en 1900, le parcours a \u00e9t\u00e9 \u00e9tendu \u00e0 18 trous en 1909 par James Braid (5 fois vainqueur du British Open). C'est un links agr\u00e9able, bord\u00e9 d'arbres.<\/pre>\n<div class=\"one-third first\"><a class=\"button\" title=\"Nos s\u00e9jours de golf\" href=\"https:\/\/www.golftravellers.com\/fr\/destinations\/pays-de-galles\/sejours-de-golf-au-pays-de-galles\/\">Nos offres<\/a><\/div>\n<div class=\"one-third\"><a class=\"button\" title=\"Demande de devis\" href=\"https:\/\/www.golftravellers.com\/fr\/nous-contacter\/demande-de-devis\/\">Demande de devis<\/a><\/div>\n<div class=\"one-third\"><a class=\"button\" title=\"Nous contacter\" href=\"https:\/\/www.golftravellers.com\/fr\/nous-contacter\/\">Contactez-nous<\/a><\/div>\n","protected":false},"excerpt":{"rendered":"<p>Notre classement : Classement Gallois : 17 Architecte : Tom Morris \/ James Braid Date d&rsquo;ouverture : 1900 Par : 70 Distance depuis Cardiff : 280 km Distance depuis Swansea : 240 km Distance depuis Newport : 260 km Distance depuis Bangor : 50 km Situ\u00e9 sur la c\u00f4te sud de la baie de Cardigan, [&hellip;]<\/p>\n","protected":false},"author":10,"featured_media":40763,"parent":2437,"menu_order":0,"comment_status":"open","ping_status":"open","template":"","meta":{"_genesis_hide_title":false,"_genesis_hide_breadcrumbs":false,"_genesis_hide_singular_image":false,"_genesis_hide_footer_widgets":false,"_genesis_custom_body_class":"","_genesis_custom_post_class":"","_genesis_layout":"","footnotes":""},"class_list":{"0":"post-1717","1":"page","2":"type-page","3":"status-publish","4":"has-post-thumbnail","6":"entry"},"_links":{"self":[{"href":"https:\/\/www.golftravellers.com\/fr\/wp-json\/wp\/v2\/pages\/1717","targetHints":{"allow":["GET"]}}],"collection":[{"href":"https:\/\/www.golftravellers.com\/fr\/wp-json\/wp\/v2\/pages"}],"about":[{"href":"https:\/\/www.golftravellers.com\/fr\/wp-json\/wp\/v2\/types\/page"}],"author":[{"embeddable":true,"href":"https:\/\/www.golftravellers.com\/fr\/wp-json\/wp\/v2\/users\/10"}],"replies":[{"embeddable":true,"href":"https:\/\/www.golftravellers.com\/fr\/wp-json\/wp\/v2\/comments?post=1717"}],"version-history":[{"count":15,"href":"https:\/\/www.golftravellers.com\/fr\/wp-json\/wp\/v2\/pages\/1717\/revisions"}],"predecessor-version":[{"id":42541,"href":"https:\/\/www.golftravellers.com\/fr\/wp-json\/wp\/v2\/pages\/1717\/revisions\/42541"}],"up":[{"embeddable":true,"href":"https:\/\/www.golftravellers.com\/fr\/wp-json\/wp\/v2\/pages\/2437"}],"wp:featuredmedia":[{"embeddable":true,"href":"https:\/\/www.golftravellers.com\/fr\/wp-json\/wp\/v2\/media\/40763"}],"wp:attachment":[{"href":"https:\/\/www.golftravellers.com\/fr\/wp-json\/wp\/v2\/media?parent=1717"}],"curies":[{"name":"wp","href":"https:\/\/api.w.org\/{rel}","templated":true}]}}