{"id":17131,"date":"2014-11-25T15:41:34","date_gmt":"2014-11-25T15:41:34","guid":{"rendered":"http:\/\/www.golftravellers.com\/?page_id=17131"},"modified":"2023-12-02T12:25:13","modified_gmt":"2023-12-02T12:25:13","slug":"les-meilleurs-parcours-dans-la-region-sud","status":"publish","type":"page","link":"https:\/\/www.golftravellers.com\/fr\/destinations\/pays-de-galles\/sejours-de-golf-au-pays-de-galles\/les-meilleurs-parcours-dans-la-region-sud\/","title":{"rendered":"Les meilleurs parcours dans la r\u00e9gion sud"},"content":{"rendered":"<div class=\"one-half first\"><img loading=\"lazy\" decoding=\"async\" class=\"alignnone size-full wp-image-42408\" src=\"https:\/\/www.golftravellers.com\/wp-content\/uploads\/2023\/10\/ashburnham-small-green.jpg\" alt=\"Le Golf de Ashburnham au Pays de Galles\" width=\"540\" height=\"360\" srcset=\"https:\/\/www.golftravellers.com\/wp-content\/uploads\/2023\/10\/ashburnham-small-green.jpg 540w, https:\/\/www.golftravellers.com\/wp-content\/uploads\/2023\/10\/ashburnham-small-green-300x200.jpg 300w\" sizes=\"auto, (max-width: 540px) 100vw, 540px\" \/><\/div>\n<div class=\"one-half\">\n<p><span style=\"font-size: 36pt;\">1690\u20ac<\/span><\/p>\n<h4>Ce tarif comprend :<\/h4>\n<ul style=\"list-style-type: square;\">\n<li>7 nuits \u00e0 l&rsquo;h\u00f4tel 4 \u00e9toiles Morgans \u00e0 Swansea<\/li>\n<li>Petits-d\u00e9jeuners<\/li>\n<li>5 green fees\n<ul style=\"list-style-type: circle;\">\n<li><a title=\"Royal Porthcawl\" href=\"https:\/\/www.golftravellers.com\/fr\/destinations\/pays-de-galles\/parcours-de-golf-au-pays-de-galles\/region-sud-pays-de-galles\/royal-porthcawl\/\" target=\"_blank\" rel=\"noopener\">Royal Porthcawl<\/a><\/li>\n<li><a title=\"Pennard\" href=\"https:\/\/www.golftravellers.com\/fr\/destinations\/pays-de-galles\/parcours-de-golf-au-pays-de-galles\/region-sud-pays-de-galles\/pennard\/\" target=\"_blank\" rel=\"noopener\">Pennard<\/a><\/li>\n<li><a title=\"Tenby\" href=\"https:\/\/www.golftravellers.com\/fr\/destinations\/pays-de-galles\/parcours-de-golf-au-pays-de-galles\/region-sud-pays-de-galles\/tenby\/\" target=\"_blank\" rel=\"noopener\">Tenby<\/a><\/li>\n<li><a title=\"Ashburnham\" href=\"https:\/\/www.golftravellers.com\/fr\/destinations\/pays-de-galles\/parcours-de-golf-au-pays-de-galles\/region-sud-pays-de-galles\/ashburnham\/\" target=\"_blank\" rel=\"noopener\">Ashburnham<\/a><\/li>\n<li><a title=\"Southerndown\" href=\"https:\/\/www.golftravellers.com\/fr\/destinations\/pays-de-galles\/parcours-de-golf-au-pays-de-galles\/region-sud-pays-de-galles\/southerndown\/\" target=\"_blank\" rel=\"noopener\">Southerndown<\/a><\/li>\n<\/ul>\n<\/li>\n<li><a title=\"Options de transport\" href=\"https:\/\/www.golftravellers.com\/fr\/options-de-transport\/\" target=\"_blank\" rel=\"noopener\">1 location de voiture pour 8 jours<\/a><\/li>\n<\/ul>\n<\/div>\n<div style=\"clear: both;\">&nbsp;<\/div>\n<div class=\"one-third first\"><a class=\"button \" title=\"R\u00e9server votre s\u00e9jour\" href=\"https:\/\/www.golftravellers.com\/fr\/nous-contacter\/reserver-votre-sejour\/\">R\u00e9server<\/a><\/div>\n<div class=\"one-third\"><a class=\"button\" title=\"Personnaliser votre s\u00e9jour\" href=\"https:\/\/www.golftravellers.com\/fr\/nous-contacter\/personnaliser-votre-sejour\/\">Personnaliser<\/a><\/div>\n<div class=\"one-third\"><a class=\"button\" title=\"Contactez-nous\" href=\"https:\/\/www.golftravellers.com\/fr\/nous-contacter\/\">Contactez-nous<\/a><\/div>\n<div id=\"details\">&nbsp;<\/div>\n<div>&nbsp;<\/div>\n<div class=\"one-half first\">\n<h4>Nous vous offrons :&nbsp;<\/h4>\n<ul>\n<li>Service &amp; Assistance client&nbsp;24\/7<\/li>\n<\/ul>\n<\/div>\n<div class=\"one-half\">\n<h4>En option :<\/h4>\n<ul>\n<li>Vols que nous pouvons r\u00e9server pour vous<\/li>\n<li>Suppl\u00e9ment pour chambre individuelle<\/li>\n<li>Nuits &amp; parcours suppl\u00e9mentaires<\/li>\n<li>Transferts avec chauffeur<\/li>\n<li>Activit\u00e9s locales<\/li>\n<li>D\u00e9jeuners et d\u00eeners<\/li>\n<li>Assurance voyage<\/li>\n<\/ul>\n<\/div>\n<h2>Itin\u00e9raire :<\/h2>\n<table style=\"width: 100%; height: 184px;\">\n<tbody>\n<tr style=\"height: 23px;\">\n<td style=\"width: 25%; height: 23px;\"><b>Jour 1 :&nbsp;<\/b><\/td>\n<td style=\"height: 23px;\">Arriv\u00e9e \u00e0 l&rsquo;a\u00e9roport de Cardiff<\/td>\n<td style=\"height: 23px;\">H\u00f4tel Morgans****, Swansea<\/td>\n<td style=\"height: 23px;\">50 minutes<\/td>\n<\/tr>\n<tr style=\"height: 23px;\">\n<td style=\"width: 25%; height: 23px;\"><b>Jour 2 :&nbsp;<\/b><\/td>\n<td style=\"height: 23px;\">Ashburnham<\/td>\n<td style=\"height: 23px;\">H\u00f4tel Morgans****, Swansea<\/td>\n<td style=\"height: 23px;\">30 minutes<\/td>\n<\/tr>\n<tr style=\"height: 23px;\">\n<td style=\"width: 25%; height: 23px;\"><b>Jour 3 :&nbsp;<\/b><\/td>\n<td style=\"height: 23px;\">Tenby<\/td>\n<td style=\"height: 23px;\">H\u00f4tel Morgans****, Swansea<\/td>\n<td style=\"height: 23px;\">1h15<\/td>\n<\/tr>\n<tr style=\"height: 23px;\">\n<td style=\"width: 25%; height: 23px;\"><b>Jour 4 :&nbsp;<\/b><\/td>\n<td style=\"height: 23px;\">Southerndown<\/td>\n<td style=\"height: 23px;\">H\u00f4tel Morgans****, Swansea<\/td>\n<td style=\"height: 23px;\">30 minutes<\/td>\n<\/tr>\n<tr style=\"height: 23px;\">\n<td style=\"width: 25%; height: 23px;\"><b>Jour 5 :&nbsp;<\/b><\/td>\n<td style=\"height: 23px;\">Visite de la r\u00e9gion<\/td>\n<td style=\"height: 23px;\">H\u00f4tel Morgans****, Swansea<\/td>\n<td style=\"height: 23px;\">&nbsp;<\/td>\n<\/tr>\n<tr style=\"height: 23px;\">\n<td style=\"width: 25%; height: 23px;\"><b>Jour 6 :&nbsp;<\/b><\/td>\n<td style=\"height: 23px;\">Pennard<\/td>\n<td style=\"height: 23px;\">H\u00f4tel Morgans****, Swansea<\/td>\n<td style=\"height: 23px;\">20 minutes<\/td>\n<\/tr>\n<tr style=\"height: 23px;\">\n<td style=\"width: 25%; height: 23px;\"><b>Jour 7 :&nbsp;<\/b><\/td>\n<td style=\"height: 23px;\">Royal Porthcawl<\/td>\n<td style=\"height: 23px;\">H\u00f4tel Morgans****, Swansea<\/td>\n<td style=\"height: 23px;\">30 minutes<\/td>\n<\/tr>\n<tr style=\"height: 23px;\">\n<td style=\"width: 25%; height: 23px;\"><b>Jour 8 :&nbsp;<\/b><\/td>\n<td style=\"height: 23px;\">D\u00e9part pour l&rsquo;a\u00e9roport de Cardiff<\/td>\n<td style=\"height: 23px;\">&nbsp;<\/td>\n<td style=\"height: 23px;\">50 minutes<\/td>\n<\/tr>\n<\/tbody>\n<\/table>\n<h3>&nbsp;<\/h3>\n<div class=\"terms\">\n<h3>Conditions :<\/h3>\n<p>&#8211; Toutes nos offres au Royaume-Uni sont en livres sterling. Les tarifs indiqu\u00e9s en euros sont \u00e0 titre indicatif.<\/p>\n<p>&#8211; Offre valable pour 2 personnes minimum en chambre double.<\/p>\n<\/div>\n<div class=\"one-third first\">&nbsp;<\/div>\n<div class=\"one-third first\"><a class=\"button \" title=\"R\u00e9server votre s\u00e9jour\" href=\"https:\/\/www.golftravellers.com\/fr\/nous-contacter\/reserver-votre-sejour\/\">R\u00e9server<\/a><\/div>\n<div class=\"one-third\"><a class=\"button\" title=\"Personnaliser votre s\u00e9jour\" href=\"https:\/\/www.golftravellers.com\/fr\/nous-contacter\/personnaliser-votre-sejour\/\">Personnaliser<\/a><\/div>\n<div class=\"one-third\"><a class=\"button\" title=\"Contactez-nous\" href=\"https:\/\/www.golftravellers.com\/fr\/nous-contacter\/\">Contactez-nous<\/a><\/div>\n","protected":false},"excerpt":{"rendered":"<p>1690\u20ac Ce tarif comprend : 7 nuits \u00e0 l&rsquo;h\u00f4tel 4 \u00e9toiles Morgans \u00e0 Swansea Petits-d\u00e9jeuners 5 green fees Royal Porthcawl Pennard Tenby Ashburnham Southerndown 1 location de voiture pour 8 jours &nbsp; R\u00e9server Personnaliser Contactez-nous &nbsp; &nbsp; Nous vous offrons :&nbsp; Service &amp; Assistance client&nbsp;24\/7 En option : Vols que nous pouvons r\u00e9server pour vous [&hellip;]<\/p>\n","protected":false},"author":6,"featured_media":42629,"parent":263,"menu_order":0,"comment_status":"open","ping_status":"closed","template":"","meta":{"_genesis_hide_title":false,"_genesis_hide_breadcrumbs":false,"_genesis_hide_singular_image":false,"_genesis_hide_footer_widgets":false,"_genesis_custom_body_class":"","_genesis_custom_post_class":"","_genesis_layout":"full-width-content","footnotes":""},"class_list":{"0":"post-17131","1":"page","2":"type-page","3":"status-publish","4":"has-post-thumbnail","6":"entry"},"_links":{"self":[{"href":"https:\/\/www.golftravellers.com\/fr\/wp-json\/wp\/v2\/pages\/17131","targetHints":{"allow":["GET"]}}],"collection":[{"href":"https:\/\/www.golftravellers.com\/fr\/wp-json\/wp\/v2\/pages"}],"about":[{"href":"https:\/\/www.golftravellers.com\/fr\/wp-json\/wp\/v2\/types\/page"}],"author":[{"embeddable":true,"href":"https:\/\/www.golftravellers.com\/fr\/wp-json\/wp\/v2\/users\/6"}],"replies":[{"embeddable":true,"href":"https:\/\/www.golftravellers.com\/fr\/wp-json\/wp\/v2\/comments?post=17131"}],"version-history":[{"count":13,"href":"https:\/\/www.golftravellers.com\/fr\/wp-json\/wp\/v2\/pages\/17131\/revisions"}],"predecessor-version":[{"id":42710,"href":"https:\/\/www.golftravellers.com\/fr\/wp-json\/wp\/v2\/pages\/17131\/revisions\/42710"}],"up":[{"embeddable":true,"href":"https:\/\/www.golftravellers.com\/fr\/wp-json\/wp\/v2\/pages\/263"}],"wp:featuredmedia":[{"embeddable":true,"href":"https:\/\/www.golftravellers.com\/fr\/wp-json\/wp\/v2\/media\/42629"}],"wp:attachment":[{"href":"https:\/\/www.golftravellers.com\/fr\/wp-json\/wp\/v2\/media?parent=17131"}],"curies":[{"name":"wp","href":"https:\/\/api.w.org\/{rel}","templated":true}]}}