{"id":1713,"date":"2014-11-14T11:49:28","date_gmt":"2014-11-14T11:49:28","guid":{"rendered":"http:\/\/www.golftravellers.com\/?page_id=1713"},"modified":"2023-10-06T13:30:15","modified_gmt":"2023-10-06T12:30:15","slug":"st-pierre","status":"publish","type":"page","link":"https:\/\/www.golftravellers.com\/fr\/destinations\/pays-de-galles\/parcours-de-golf-au-pays-de-galles\/region-sud-pays-de-galles\/st-pierre\/","title":{"rendered":"St Pierre Marriott Old Course"},"content":{"rendered":"<table border=\"0\">\n<tbody>\n<tr>\n<td><strong>Notre classement :<\/strong><\/td>\n<td><img loading=\"lazy\" decoding=\"async\" src=\"https:\/\/www.golftravellers.com\/wp-content\/uploads\/2014\/05\/5stars_rating_GolfCourse.png\" alt=\"Golf Travellers 5 star rating golf course\" width=\"147\" height=\"30\"><\/td>\n<td colspan=\"2\" rowspan=\"11\" align=\"center\" valign=\"top\" width=\"50%\"><img loading=\"lazy\" decoding=\"async\" class=\"alignnone wp-image-2744\" src=\"https:\/\/www.golftravellers.com\/wp-content\/uploads\/2014\/06\/wales-map.png\" alt=\"\" width=\"450\" height=\"543\" srcset=\"https:\/\/www.golftravellers.com\/wp-content\/uploads\/2014\/06\/wales-map.png 550w, https:\/\/www.golftravellers.com\/wp-content\/uploads\/2014\/06\/wales-map-248x300.png 248w\" sizes=\"auto, (max-width: 450px) 100vw, 450px\" \/><\/td>\n<\/tr>\n<tr>\n<td><strong>Classement Gallois :<\/strong><\/td>\n<td>16<\/td>\n<\/tr>\n<tr>\n<td width=\"30%\"><strong>Architecte :<\/strong><\/td>\n<td width=\"20%\">C.K. Cotton<\/td>\n<\/tr>\n<tr>\n<td><strong>Date d&rsquo;ouverture :<\/strong><\/td>\n<td>1961<\/td>\n<\/tr>\n<tr>\n<td><strong>Par :<\/strong><\/td>\n<td>71<\/td>\n<\/tr>\n<tr>\n<td><strong>Distance depuis Cardiff :<\/strong><\/td>\n<td>55 km<\/td>\n<\/tr>\n<tr>\n<td><strong>Distance depuis Swansea :<\/strong><\/td>\n<td>110 km<\/td>\n<\/tr>\n<tr>\n<td><strong>Distance depuis Newport :<\/strong><\/td>\n<td>30 km<\/td>\n<\/tr>\n<tr>\n<td><strong>Distance depuis Bangor :<\/strong><\/td>\n<td>280 km<\/td>\n<\/tr>\n<\/tbody>\n<\/table>\n<pre id=\"tw-target-text\" class=\"tw-data-text vk_txt tw-ta tw-text-small\" dir=\"ltr\" data-fulltext=\"\" data-placeholder=\"Traduction\">Construit autour d'un charmant manoir du 14e si\u00e8cle abritant son h\u00f4tel et d'une belle \u00e9glise du 11\u00e8me si\u00e8cle, le Golf Resort de Marriott St Pierre est reconnu comme l'un des plus beaux du Royaume-Uni, il dispose de deux parcours, le Old Course qui malgr\u00e9 son nom ne date que de 1961 et le Mathern Course plus court mais compl\u00e8tement remani\u00e9 depuis peu.\nLe Old Course est construit autour d'un lac de cinq hectares et parsem\u00e9 de nombreux arbres centenaires, dont un ch\u00e2taignier g\u00e9ant vieux de 400 ans qui domine le 2\u00e8me trou. C'est le plus exigeant des deux. Beaucoup d'arbres en jeu bien s\u00fbr et d'eau.\n<\/pre>\n<div class=\"one-third first\"><a class=\"button\" title=\"Nos s\u00e9jours de golf\" href=\"https:\/\/www.golftravellers.com\/fr\/destinations\/pays-de-galles\/sejours-de-golf-au-pays-de-galles\/\">Nos offres<\/a><\/div>\n<div class=\"one-third\"><a class=\"button\" title=\"Demande de devis\" href=\"https:\/\/www.golftravellers.com\/fr\/nous-contacter\/demande-de-devis\/\">Demande de devis<\/a><\/div>\n<div class=\"one-third\"><a class=\"button\" title=\"Nous contacter\" href=\"https:\/\/www.golftravellers.com\/fr\/nous-contacter\/\">Contactez-nous<\/a><\/div>\n","protected":false},"excerpt":{"rendered":"<p>Notre classement : Classement Gallois : 16 Architecte : C.K. Cotton Date d&rsquo;ouverture : 1961 Par : 71 Distance depuis Cardiff : 55 km Distance depuis Swansea : 110 km Distance depuis Newport : 30 km Distance depuis Bangor : 280 km Construit autour d&rsquo;un charmant manoir du 14e si\u00e8cle abritant son h\u00f4tel et d&rsquo;une [&hellip;]<\/p>\n","protected":false},"author":10,"featured_media":19229,"parent":2439,"menu_order":0,"comment_status":"open","ping_status":"open","template":"","meta":{"_genesis_hide_title":false,"_genesis_hide_breadcrumbs":false,"_genesis_hide_singular_image":false,"_genesis_hide_footer_widgets":false,"_genesis_custom_body_class":"","_genesis_custom_post_class":"","_genesis_layout":"","footnotes":""},"class_list":{"0":"post-1713","1":"page","2":"type-page","3":"status-publish","4":"has-post-thumbnail","6":"entry"},"_links":{"self":[{"href":"https:\/\/www.golftravellers.com\/fr\/wp-json\/wp\/v2\/pages\/1713","targetHints":{"allow":["GET"]}}],"collection":[{"href":"https:\/\/www.golftravellers.com\/fr\/wp-json\/wp\/v2\/pages"}],"about":[{"href":"https:\/\/www.golftravellers.com\/fr\/wp-json\/wp\/v2\/types\/page"}],"author":[{"embeddable":true,"href":"https:\/\/www.golftravellers.com\/fr\/wp-json\/wp\/v2\/users\/10"}],"replies":[{"embeddable":true,"href":"https:\/\/www.golftravellers.com\/fr\/wp-json\/wp\/v2\/comments?post=1713"}],"version-history":[{"count":16,"href":"https:\/\/www.golftravellers.com\/fr\/wp-json\/wp\/v2\/pages\/1713\/revisions"}],"predecessor-version":[{"id":42448,"href":"https:\/\/www.golftravellers.com\/fr\/wp-json\/wp\/v2\/pages\/1713\/revisions\/42448"}],"up":[{"embeddable":true,"href":"https:\/\/www.golftravellers.com\/fr\/wp-json\/wp\/v2\/pages\/2439"}],"wp:featuredmedia":[{"embeddable":true,"href":"https:\/\/www.golftravellers.com\/fr\/wp-json\/wp\/v2\/media\/19229"}],"wp:attachment":[{"href":"https:\/\/www.golftravellers.com\/fr\/wp-json\/wp\/v2\/media?parent=1713"}],"curies":[{"name":"wp","href":"https:\/\/api.w.org\/{rel}","templated":true}]}}