{"id":17109,"date":"2014-11-25T12:08:03","date_gmt":"2014-11-25T12:08:03","guid":{"rendered":"http:\/\/www.golftravellers.com\/?page_id=17109"},"modified":"2023-11-27T17:48:45","modified_gmt":"2023-11-27T17:48:45","slug":"trois-nuits-a-swansea-et-deux-magnifiques-parcours","status":"publish","type":"page","link":"https:\/\/www.golftravellers.com\/fr\/destinations\/pays-de-galles\/sejours-de-golf-au-pays-de-galles\/trois-nuits-a-swansea-et-deux-magnifiques-parcours\/","title":{"rendered":"Trois nuits \u00e0 Swansea et deux magnifiques parcours"},"content":{"rendered":"<div class=\"one-half first\"><img loading=\"lazy\" decoding=\"async\" class=\"alignnone size-full wp-image-42416\" src=\"https:\/\/www.golftravellers.com\/wp-content\/uploads\/2023\/10\/pennard-golfers-sea.jpg\" alt=\"Le Golf de Pennard au Pays de Galles\" width=\"540\" height=\"360\" srcset=\"https:\/\/www.golftravellers.com\/wp-content\/uploads\/2023\/10\/pennard-golfers-sea.jpg 540w, https:\/\/www.golftravellers.com\/wp-content\/uploads\/2023\/10\/pennard-golfers-sea-300x200.jpg 300w\" sizes=\"auto, (max-width: 540px) 100vw, 540px\" \/><\/div>\n<div class=\"one-half\">\n<p><span style=\"font-size: 36pt;\">930\u20ac<\/span><\/p>\n<h4>Ce tarif comprend :<\/h4>\n<ul style=\"list-style-type: square;\">\n<li>3 nuits \u00e0 l&rsquo;h\u00f4tel 4 \u00e9toiles Morgans \u00e0 Swansea<\/li>\n<li>Petits-d\u00e9jeuners<\/li>\n<li>2 green fees\n<ul style=\"list-style-type: circle;\">\n<li><a href=\"https:\/\/www.golftravellers.com\/fr\/destinations\/pays-de-galles\/parcours-de-golf-au-pays-de-galles\/region-sud-pays-de-galles\/royal-porthcawl\/\" target=\"_blank\" rel=\"noopener\">Royal Porthcawl<\/a><\/li>\n<li><a title=\"Pennard\" href=\"https:\/\/www.golftravellers.com\/fr\/destinations\/pays-de-galles\/parcours-de-golf-au-pays-de-galles\/region-sud-pays-de-galles\/pennard\/\" target=\"_blank\" rel=\"noopener\">Pennard<\/a><\/li>\n<\/ul>\n<\/li>\n<li><a title=\"Options de transport\" href=\"https:\/\/www.golftravellers.com\/fr\/options-de-transport\/\" target=\"_blank\" rel=\"noopener\">1 location de voiture pour 4 jours<\/a><\/li>\n<\/ul>\n<\/div>\n<div style=\"clear: both;\">&nbsp;<\/div>\n<div class=\"one-third first\"><a class=\"button \" title=\"R\u00e9server votre s\u00e9jour\" href=\"https:\/\/www.golftravellers.com\/fr\/nous-contacter\/reserver-votre-sejour\/\">R\u00e9server<\/a><\/div>\n<div class=\"one-third\"><a class=\"button\" title=\"Personnaliser votre s\u00e9jour\" href=\"https:\/\/www.golftravellers.com\/fr\/nous-contacter\/personnaliser-votre-sejour\/\">Personnaliser<\/a><\/div>\n<div class=\"one-third\"><a class=\"button\" title=\"Contactez-nous\" href=\"https:\/\/www.golftravellers.com\/fr\/nous-contacter\/\">Contactez-nous<\/a><\/div>\n<div id=\"details\">&nbsp;<\/div>\n<div>&nbsp;<\/div>\n<div class=\"one-half first\">\n<h4>Nous vous offrons :<\/h4>\n<ul>\n<li>Service &amp; Assistance client&nbsp;24\/7<\/li>\n<\/ul>\n<\/div>\n<div class=\"one-half\">\n<h4>En option :<\/h4>\n<ul>\n<li>Vols, que nous pouvons r\u00e9server pour vous<\/li>\n<li>Suppl\u00e9ment pour chambre individuelle<\/li>\n<li>Nuits &amp; parcours suppl\u00e9mentaires<\/li>\n<li>Transferts avec chauffeur<\/li>\n<li>Activit\u00e9s locales<\/li>\n<li>D\u00e9jeuners et d\u00eeners<\/li>\n<li>Assurance voyage<\/li>\n<\/ul>\n<\/div>\n<h2>Itin\u00e9raire :<\/h2>\n<table>\n<tbody>\n<tr>\n<td style=\"width: 25%;\"><b>Jour 1 :&nbsp;<\/b><\/td>\n<td>Arriv\u00e9e \u00e0 l&rsquo;a\u00e9roport de Cardiff<\/td>\n<td>H\u00f4tel Morgans****, Swansea<\/td>\n<td>50 minutes<\/td>\n<\/tr>\n<tr>\n<td style=\"width: 25%;\"><b>Jour 2 :&nbsp;<\/b><\/td>\n<td>Pennard<\/td>\n<td>H\u00f4tel Morgans****, Swansea<\/td>\n<td>20 minutes<\/td>\n<\/tr>\n<tr>\n<td style=\"width: 25%;\"><b>Jour 3 :&nbsp;<\/b><\/td>\n<td>Royal Porthcawl<\/td>\n<td>H\u00f4tel Morgans****, Swansea<\/td>\n<td>30 minutes<\/td>\n<\/tr>\n<tr>\n<td style=\"width: 25%;\"><b>Jour 4 :&nbsp;<\/b><\/td>\n<td>D\u00e9part pour l&rsquo;a\u00e9roport de Cardiff<\/td>\n<td>&nbsp;<\/td>\n<td>50 minutes<\/td>\n<\/tr>\n<\/tbody>\n<\/table>\n<h3>&nbsp;<\/h3>\n<div class=\"terms\">\n<h3>Conditions :<\/h3>\n<p>&#8211; Toutes nos offres au Royaume-Uni sont en livres sterling. Les tarifs indiqu\u00e9s en euros sont \u00e0 titre indicatif.<\/p>\n<p>&#8211; Offre valable pour 2 personnes minimum en chambre double.<\/p>\n<\/div>\n<div class=\"one-third first\">&nbsp;<\/div>\n<div class=\"one-third first\"><a class=\"button\" title=\"R\u00e9server votre s\u00e9jour\" href=\"https:\/\/www.golftravellers.com\/fr\/nous-contacter\/reserver-votre-sejour\/\">R\u00e9server<\/a><\/div>\n<div class=\"one-third\"><a class=\"button\" title=\"Personnaliser votre s\u00e9jour\" href=\"https:\/\/www.golftravellers.com\/fr\/nous-contacter\/personnaliser-votre-sejour\/\">Personnaliser<\/a><\/div>\n<div class=\"one-third\"><a class=\"button\" title=\"Contactez-nous\" href=\"https:\/\/www.golftravellers.com\/fr\/nous-contacter\/\">Contactez-nous<\/a><\/div>\n","protected":false},"excerpt":{"rendered":"<p>930\u20ac Ce tarif comprend : 3 nuits \u00e0 l&rsquo;h\u00f4tel 4 \u00e9toiles Morgans \u00e0 Swansea Petits-d\u00e9jeuners 2 green fees Royal Porthcawl Pennard 1 location de voiture pour 4 jours &nbsp; R\u00e9server Personnaliser Contactez-nous &nbsp; &nbsp; Nous vous offrons : Service &amp; Assistance client&nbsp;24\/7 En option : Vols, que nous pouvons r\u00e9server pour vous Suppl\u00e9ment pour chambre [&hellip;]<\/p>\n","protected":false},"author":6,"featured_media":41937,"parent":263,"menu_order":0,"comment_status":"open","ping_status":"closed","template":"","meta":{"_genesis_hide_title":false,"_genesis_hide_breadcrumbs":false,"_genesis_hide_singular_image":false,"_genesis_hide_footer_widgets":false,"_genesis_custom_body_class":"","_genesis_custom_post_class":"","_genesis_layout":"full-width-content","footnotes":""},"class_list":{"0":"post-17109","1":"page","2":"type-page","3":"status-publish","4":"has-post-thumbnail","6":"entry"},"_links":{"self":[{"href":"https:\/\/www.golftravellers.com\/fr\/wp-json\/wp\/v2\/pages\/17109","targetHints":{"allow":["GET"]}}],"collection":[{"href":"https:\/\/www.golftravellers.com\/fr\/wp-json\/wp\/v2\/pages"}],"about":[{"href":"https:\/\/www.golftravellers.com\/fr\/wp-json\/wp\/v2\/types\/page"}],"author":[{"embeddable":true,"href":"https:\/\/www.golftravellers.com\/fr\/wp-json\/wp\/v2\/users\/6"}],"replies":[{"embeddable":true,"href":"https:\/\/www.golftravellers.com\/fr\/wp-json\/wp\/v2\/comments?post=17109"}],"version-history":[{"count":13,"href":"https:\/\/www.golftravellers.com\/fr\/wp-json\/wp\/v2\/pages\/17109\/revisions"}],"predecessor-version":[{"id":42489,"href":"https:\/\/www.golftravellers.com\/fr\/wp-json\/wp\/v2\/pages\/17109\/revisions\/42489"}],"up":[{"embeddable":true,"href":"https:\/\/www.golftravellers.com\/fr\/wp-json\/wp\/v2\/pages\/263"}],"wp:featuredmedia":[{"embeddable":true,"href":"https:\/\/www.golftravellers.com\/fr\/wp-json\/wp\/v2\/media\/41937"}],"wp:attachment":[{"href":"https:\/\/www.golftravellers.com\/fr\/wp-json\/wp\/v2\/media?parent=17109"}],"curies":[{"name":"wp","href":"https:\/\/api.w.org\/{rel}","templated":true}]}}