{"id":17090,"date":"2014-11-25T10:18:17","date_gmt":"2014-11-25T10:18:17","guid":{"rendered":"http:\/\/www.golftravellers.com\/?page_id=17090"},"modified":"2023-12-02T11:24:25","modified_gmt":"2023-12-02T11:24:25","slug":"le-sud-est-et-ses-meilleurs-parcours","status":"publish","type":"page","link":"https:\/\/www.golftravellers.com\/fr\/destinations\/angleterre\/sejours-de-golf-en-angleterre\/le-sud-est-et-ses-meilleurs-parcours\/","title":{"rendered":"Le sud-est et ses meilleurs parcours"},"content":{"rendered":"<div class=\"one-half first\"><img loading=\"lazy\" decoding=\"async\" class=\"alignnone size-full wp-image-42169\" src=\"https:\/\/www.golftravellers.com\/wp-content\/uploads\/2023\/10\/sejour-golf-angleterre-royal-cinque-ports.jpg\" alt=\"Le Golf du Royal Cinque Ports en Angleterre\" width=\"540\" height=\"360\" srcset=\"https:\/\/www.golftravellers.com\/wp-content\/uploads\/2023\/10\/sejour-golf-angleterre-royal-cinque-ports.jpg 540w, https:\/\/www.golftravellers.com\/wp-content\/uploads\/2023\/10\/sejour-golf-angleterre-royal-cinque-ports-300x200.jpg 300w\" sizes=\"auto, (max-width: 540px) 100vw, 540px\" \/><\/div>\n<div class=\"one-half\">\n<p><span style=\"font-size: 36pt;\">2550\u20ac<br \/>\n<\/span><\/p>\n<h4>Ce tarif comprend :<\/h4>\n<ul style=\"list-style-type: square;\">\n<li>7 nuits \u00e0 l&rsquo;h\u00f4tel 4 \u00e9toiles Abode \u00e0 Canterbury<\/li>\n<li>Petits-d\u00e9jeuners Anglais<\/li>\n<li>5 green fees\n<ul style=\"list-style-type: circle;\">\n<li><a title=\"Royal St Georges\" href=\"https:\/\/www.golftravellers.com\/fr\/destinations\/angleterre\/parcours-de-golf-en-angleterre\/region-sud-est\/royal-st-georges\/\" target=\"_blank\" rel=\"noopener\">Royal St George&rsquo;s<\/a><\/li>\n<li><a title=\"Royal Cinque Ports\" href=\"https:\/\/www.golftravellers.com\/fr\/destinations\/angleterre\/parcours-de-golf-en-angleterre\/region-sud-est\/royal-cinque-ports\/\" target=\"_blank\" rel=\"noopener\">Royal Cinque Ports<\/a><\/li>\n<li><a title=\"West Sussex\" href=\"https:\/\/www.golftravellers.com\/fr\/destinations\/angleterre\/parcours-de-golf-en-angleterre\/region-sud-est\/west-sussex\/\" target=\"_blank\" rel=\"noopener\">West Sussex<\/a><\/li>\n<li><a href=\"https:\/\/www.golftravellers.com\/fr\/destinations\/angleterre\/parcours-de-golf-en-angleterre\/region-sud-est\/littlestone\/\" target=\"_blank\" rel=\"noopener\">Littlestone<\/a><\/li>\n<li><a title=\"Chart Hills\" href=\"https:\/\/www.golftravellers.com\/fr\/destinations\/angleterre\/parcours-de-golf-en-angleterre\/region-sud-est\/chart-hills\/\" target=\"_blank\" rel=\"noopener\">Chart Hills<\/a><\/li>\n<\/ul>\n<\/li>\n<li><a title=\"Options de transport\" href=\"https:\/\/www.golftravellers.com\/fr\/options-de-transport\/\" target=\"_blank\" rel=\"noopener\">1 location de voiture pour 8 jours<\/a><\/li>\n<\/ul>\n<\/div>\n<div style=\"clear: both;\">&nbsp;<\/div>\n<div class=\"one-third first\"><a class=\"button \" title=\"R\u00e9server votre s\u00e9jour\" href=\"https:\/\/www.golftravellers.com\/fr\/nous-contacter\/reserver-votre-sejour\/\">R\u00e9server<\/a><\/div>\n<div class=\"one-third\"><a class=\"button\" title=\"Personnaliser votre s\u00e9jour\" href=\"https:\/\/www.golftravellers.com\/fr\/nous-contacter\/personnaliser-votre-sejour\/\">Personnaliser<\/a><\/div>\n<div class=\"one-third\"><a class=\"button\" title=\"Contactez-nous\" href=\"https:\/\/www.golftravellers.com\/fr\/nous-contacter\/\">Contactez-nous<\/a><\/div>\n<div id=\"details\">&nbsp;<\/div>\n<div>&nbsp;<\/div>\n<div class=\"one-half first\">\n<h4>Nous vous offrons :&nbsp;<\/h4>\n<ul>\n<li>Service &amp; Assistance client&nbsp;24\/7<\/li>\n<\/ul>\n<\/div>\n<div class=\"one-half\">\n<h4>En option :<\/h4>\n<ul>\n<li>Vols, que nos pouvons r\u00e9server pour vous<\/li>\n<li>Suppl\u00e9ment en chambre individuelle<\/li>\n<li>Nuits &amp; parcours suppl\u00e9mentaires<\/li>\n<li>H\u00f4tel (3, 4 ou 5 \u00e9toiles)<\/li>\n<li>Transferts avec chauffeur<\/li>\n<li>Activit\u00e9s locales<\/li>\n<li>D\u00e9jeuners et d\u00eeners<\/li>\n<li>Assurance voyage<\/li>\n<\/ul>\n<\/div>\n<h2>Itin\u00e9raire :<\/h2>\n<table>\n<tbody>\n<tr>\n<td style=\"width: 25%;\"><b>Jour 1 :&nbsp;<\/b><\/td>\n<td>Arriv\u00e9e \u00e0 l&rsquo;a\u00e9roport de Londres Gatwick<\/td>\n<td>H\u00f4tel Abode****, Canterbury<\/td>\n<td>1h10<\/td>\n<\/tr>\n<tr>\n<td style=\"width: 25%;\"><b>Jour 2 :&nbsp;<\/b><\/td>\n<td>Chart Hills<\/td>\n<td>H\u00f4tel Abode****, Canterbury<\/td>\n<td>45 minutes<\/td>\n<\/tr>\n<tr>\n<td style=\"width: 25%;\"><b>Jour 3 :&nbsp;<\/b><\/td>\n<td>Littlestone<\/td>\n<td>H\u00f4tel Abode****, Canterbury<\/td>\n<td>45 minutes<\/td>\n<\/tr>\n<tr>\n<td style=\"width: 25%;\"><b>Jour 4 :&nbsp;<\/b><\/td>\n<td>West Sussex<\/td>\n<td>H\u00f4tel Abode****, Canterbury<\/td>\n<td>1h45<\/td>\n<\/tr>\n<tr>\n<td style=\"width: 25%;\"><b>Jour 5 :&nbsp;<\/b><\/td>\n<td>Visite de la r\u00e9gion<\/td>\n<td>H\u00f4tel Abode****, Canterbury<\/td>\n<td>&nbsp;<\/td>\n<\/tr>\n<tr>\n<td style=\"width: 25%;\"><b>Jour 6 :&nbsp;<\/b><\/td>\n<td>Royal Cinque Ports<\/td>\n<td>H\u00f4tel Abode****, Canterbury<\/td>\n<td>35 minutes<\/td>\n<\/tr>\n<tr>\n<td style=\"width: 25%;\"><b>Jour 7 :&nbsp;<\/b><\/td>\n<td>Royal St George&rsquo;s<\/td>\n<td>H\u00f4tel Abode****, Canterbury<\/td>\n<td>30 minutes<\/td>\n<\/tr>\n<tr>\n<td style=\"width: 25%;\"><b>Jour 8 :&nbsp;<\/b><\/td>\n<td>D\u00e9part pour l&rsquo;a\u00e9roprt de Londres Gatwick<\/td>\n<td>&nbsp;<\/td>\n<td>1h10<\/td>\n<\/tr>\n<\/tbody>\n<\/table>\n<h3>&nbsp;<\/h3>\n<div class=\"terms\">\n<h3>Conditions :<\/h3>\n<p>&#8211; Toutes nos offres au Royaume-Uni sont en livres sterling. Les tarifs indiqu\u00e9s en euros sont \u00e0 titre indicatif.<\/p>\n<p>&#8211; Offre valable pour 2 personnes minimum en chambre double.<\/p>\n<\/div>\n<div class=\"one-third first\">&nbsp;<\/div>\n<div class=\"one-third first\"><a class=\"button \" title=\"R\u00e9server votre s\u00e9jour\" href=\"https:\/\/www.golftravellers.com\/fr\/nous-contacter\/reserver-votre-sejour\/\">R\u00e9server<\/a><\/div>\n<div class=\"one-third\"><a class=\"button\" title=\"Personnaliser votre s\u00e9jour\" href=\"https:\/\/www.golftravellers.com\/fr\/nous-contacter\/personnaliser-votre-sejour\/\">Personnaliser<\/a><\/div>\n<div class=\"one-third\"><a class=\"button\" title=\"Contactez-nous\" href=\"https:\/\/www.golftravellers.com\/fr\/nous-contacter\/\">Contactez-nous<\/a><\/div>\n","protected":false},"excerpt":{"rendered":"<p>2550\u20ac Ce tarif comprend : 7 nuits \u00e0 l&rsquo;h\u00f4tel 4 \u00e9toiles Abode \u00e0 Canterbury Petits-d\u00e9jeuners Anglais 5 green fees Royal St George&rsquo;s Royal Cinque Ports West Sussex Littlestone Chart Hills 1 location de voiture pour 8 jours &nbsp; R\u00e9server Personnaliser Contactez-nous &nbsp; &nbsp; Nous vous offrons :&nbsp; Service &amp; Assistance client&nbsp;24\/7 En option : Vols, [&hellip;]<\/p>\n","protected":false},"author":6,"featured_media":41814,"parent":253,"menu_order":0,"comment_status":"open","ping_status":"closed","template":"","meta":{"_genesis_hide_title":false,"_genesis_hide_breadcrumbs":false,"_genesis_hide_singular_image":false,"_genesis_hide_footer_widgets":false,"_genesis_custom_body_class":"","_genesis_custom_post_class":"","_genesis_layout":"full-width-content","footnotes":""},"class_list":{"0":"post-17090","1":"page","2":"type-page","3":"status-publish","4":"has-post-thumbnail","6":"entry"},"_links":{"self":[{"href":"https:\/\/www.golftravellers.com\/fr\/wp-json\/wp\/v2\/pages\/17090","targetHints":{"allow":["GET"]}}],"collection":[{"href":"https:\/\/www.golftravellers.com\/fr\/wp-json\/wp\/v2\/pages"}],"about":[{"href":"https:\/\/www.golftravellers.com\/fr\/wp-json\/wp\/v2\/types\/page"}],"author":[{"embeddable":true,"href":"https:\/\/www.golftravellers.com\/fr\/wp-json\/wp\/v2\/users\/6"}],"replies":[{"embeddable":true,"href":"https:\/\/www.golftravellers.com\/fr\/wp-json\/wp\/v2\/comments?post=17090"}],"version-history":[{"count":20,"href":"https:\/\/www.golftravellers.com\/fr\/wp-json\/wp\/v2\/pages\/17090\/revisions"}],"predecessor-version":[{"id":42614,"href":"https:\/\/www.golftravellers.com\/fr\/wp-json\/wp\/v2\/pages\/17090\/revisions\/42614"}],"up":[{"embeddable":true,"href":"https:\/\/www.golftravellers.com\/fr\/wp-json\/wp\/v2\/pages\/253"}],"wp:featuredmedia":[{"embeddable":true,"href":"https:\/\/www.golftravellers.com\/fr\/wp-json\/wp\/v2\/media\/41814"}],"wp:attachment":[{"href":"https:\/\/www.golftravellers.com\/fr\/wp-json\/wp\/v2\/media?parent=17090"}],"curies":[{"name":"wp","href":"https:\/\/api.w.org\/{rel}","templated":true}]}}