{"id":17086,"date":"2014-11-25T10:01:07","date_gmt":"2014-11-25T10:01:07","guid":{"rendered":"http:\/\/www.golftravellers.com\/?page_id=17086"},"modified":"2023-12-02T12:22:03","modified_gmt":"2023-12-02T12:22:03","slug":"le-robin-des-bois-golf-tour","status":"publish","type":"page","link":"https:\/\/www.golftravellers.com\/fr\/destinations\/angleterre\/sejours-de-golf-en-angleterre\/le-robin-des-bois-golf-tour\/","title":{"rendered":"Le Robin des Bois Golf Tour"},"content":{"rendered":"<div class=\"one-half first\"><img loading=\"lazy\" decoding=\"async\" class=\"alignnone size-full wp-image-42095\" src=\"https:\/\/www.golftravellers.com\/wp-content\/uploads\/2023\/10\/sejour-golf-angleterre-woodhall-spa.jpg\" alt=\"Le golf de Woodhall Spa pour les s\u00e9jours de golf\" width=\"540\" height=\"360\" srcset=\"https:\/\/www.golftravellers.com\/wp-content\/uploads\/2023\/10\/sejour-golf-angleterre-woodhall-spa.jpg 540w, https:\/\/www.golftravellers.com\/wp-content\/uploads\/2023\/10\/sejour-golf-angleterre-woodhall-spa-300x200.jpg 300w\" sizes=\"auto, (max-width: 540px) 100vw, 540px\" \/><\/div>\n<div class=\"one-half\">\n<p><span style=\"font-size: 36pt;\">1450\u20ac<\/span><\/p>\n<h4>Ce tarif comprend :<\/h4>\n<ul style=\"list-style-type: square;\">\n<li>4 nuits en h\u00e9bergement Bed &amp; Breakfast 4 \u00e9toiles au nord de Nottingham<\/li>\n<li>Petits-d\u00e9jeuners Anglais<\/li>\n<li>3 green fees\n<ul style=\"list-style-type: circle;\">\n<li><a title=\"Woodhall-Spa \u201cHotchkin\u201d\" href=\"https:\/\/www.golftravellers.com\/fr\/destinations\/angleterre\/parcours-de-golf-en-angleterre\/region-des-midlands\/woodhall-spa-hotchkin\/\" target=\"_blank\" rel=\"noopener\">Woodhall Spa &lsquo;Hotchkin&rsquo;<\/a><\/li>\n<li><a title=\"Notts\" href=\"https:\/\/www.golftravellers.com\/fr\/destinations\/angleterre\/parcours-de-golf-en-angleterre\/region-des-midlands\/notts\/\" target=\"_blank\" rel=\"noopener\">Notts<\/a><\/li>\n<li><a title=\"Sherwood Forest\" href=\"https:\/\/www.golftravellers.com\/fr\/destinations\/angleterre\/parcours-de-golf-en-angleterre\/region-des-midlands\/sherwood-forest\/\" target=\"_blank\" rel=\"noopener\">Sherwood Forest<\/a><\/li>\n<\/ul>\n<\/li>\n<li><a title=\"Options de transport\" href=\"https:\/\/www.golftravellers.com\/fr\/options-de-transport\/\" target=\"_blank\" rel=\"noopener\">1 location de voiture pour 5 jours<\/a><\/li>\n<\/ul>\n<\/div>\n<div style=\"clear: both;\">&nbsp;<\/div>\n<div class=\"one-third first\"><a class=\"button \" title=\"R\u00e9server votre s\u00e9jour\" href=\"https:\/\/www.golftravellers.com\/fr\/nous-contacter\/reserver-votre-sejour\/\">R\u00e9server<\/a><\/div>\n<div class=\"one-third\"><a class=\"button\" title=\"Personnaliser votre s\u00e9jour\" href=\"https:\/\/www.golftravellers.com\/fr\/nous-contacter\/personnaliser-votre-sejour\/\">Personnaliser<\/a><\/div>\n<div class=\"one-third\"><a class=\"button\" title=\"Contactez-nous\" href=\"https:\/\/www.golftravellers.com\/fr\/nous-contacter\/\">Contactez-nous<\/a><\/div>\n<div id=\"details\">&nbsp;<\/div>\n<div>&nbsp;<\/div>\n<div class=\"one-half first\">\n<h4>Nous vous offrons :&nbsp;<\/h4>\n<ul>\n<li>Service &amp; Assistance client&nbsp;24\/7<\/li>\n<\/ul>\n<\/div>\n<div class=\"one-half\">\n<h4>En option :<\/h4>\n<ul>\n<li>Vols, que nous pouvons r\u00e9server pour vous<\/li>\n<li>Suppl\u00e9ment en chambre individuelle<\/li>\n<li>H\u00f4tel (3, 4 ou 5 \u00e9toiles)<\/li>\n<li>Nuits &amp; parcours suppl\u00e9mentaires<\/li>\n<li>Transferts avec chauffeur<\/li>\n<li>Activit\u00e9s locales<\/li>\n<li>D\u00e9jeuners et d\u00eeners<\/li>\n<li>Assurance voyage<\/li>\n<\/ul>\n<\/div>\n<h2>Itin\u00e9raire :<\/h2>\n<table>\n<tbody>\n<tr>\n<td style=\"width: 25%;\"><b>Jour 1 :<\/b><\/td>\n<td>Arriv\u00e9e \u00e0 l&rsquo;a\u00e9roport East Midlands<\/td>\n<td>Bed &amp; Breakfast,&nbsp;Nord de Nottingham<\/td>\n<td>40 minutes<\/td>\n<\/tr>\n<tr>\n<td style=\"width: 25%;\"><b>Jour 2 :&nbsp;<\/b><\/td>\n<td>Sherwood Forest<\/td>\n<td>Bed &amp; Breakfast,&nbsp;Nord de Nottingham<\/td>\n<td>15 minutes<\/td>\n<\/tr>\n<tr>\n<td style=\"width: 25%;\"><b>Jour 3 :&nbsp;<\/b><\/td>\n<td>Woodhall Spa<\/td>\n<td>Bed &amp; Breakfast,&nbsp;Nord de Nottingham<\/td>\n<td>1h20<\/td>\n<\/tr>\n<tr>\n<td style=\"width: 25%;\"><b>Jour 4 :&nbsp;<\/b><\/td>\n<td>Notts<\/td>\n<td>Bed &amp; Breakfast,&nbsp;Nord de Nottingham<\/td>\n<td>20 minutes<\/td>\n<\/tr>\n<tr>\n<td style=\"width: 25%;\"><b>Jour 5 :&nbsp;<\/b><\/td>\n<td>D\u00e9part pour l&rsquo;a\u00e9roport East Midlands<\/td>\n<td>&nbsp;<\/td>\n<td>1h15<\/td>\n<\/tr>\n<\/tbody>\n<\/table>\n<h3>&nbsp;<\/h3>\n<div class=\"terms\">\n<h3>Conditions :<\/h3>\n<p>&#8211; Toutes nos offres au Royaume-Uni sont en livres sterling. Les tarifs indiqu\u00e9s en euros sont \u00e0 titre indicatif.<\/p>\n<p>&#8211; Offre valable pour 2 personnes minimum en chambre double.<\/p>\n<\/div>\n<div class=\"one-third first\">&nbsp;<\/div>\n<div class=\"one-third first\"><a class=\"button \" title=\"R\u00e9server votre s\u00e9jour\" href=\"https:\/\/www.golftravellers.com\/fr\/nous-contacter\/reserver-votre-sejour\/\">R\u00e9server<\/a><\/div>\n<div class=\"one-third\"><a class=\"button\" title=\"Personnaliser votre s\u00e9jour\" href=\"https:\/\/www.golftravellers.com\/fr\/nous-contacter\/personnaliser-votre-sejour\/\">Personnaliser<\/a><\/div>\n<div class=\"one-third\"><a class=\"button\" title=\"Contactez-nous\" href=\"https:\/\/www.golftravellers.com\/fr\/nous-contacter\/\">Contactez-nous<\/a><\/div>\n","protected":false},"excerpt":{"rendered":"<p>1450\u20ac Ce tarif comprend : 4 nuits en h\u00e9bergement Bed &amp; Breakfast 4 \u00e9toiles au nord de Nottingham Petits-d\u00e9jeuners Anglais 3 green fees Woodhall Spa &lsquo;Hotchkin&rsquo; Notts Sherwood Forest 1 location de voiture pour 5 jours &nbsp; R\u00e9server Personnaliser Contactez-nous &nbsp; &nbsp; Nous vous offrons :&nbsp; Service &amp; Assistance client&nbsp;24\/7 En option : Vols, que [&hellip;]<\/p>\n","protected":false},"author":6,"featured_media":42676,"parent":253,"menu_order":0,"comment_status":"open","ping_status":"closed","template":"","meta":{"_genesis_hide_title":false,"_genesis_hide_breadcrumbs":false,"_genesis_hide_singular_image":false,"_genesis_hide_footer_widgets":false,"_genesis_custom_body_class":"","_genesis_custom_post_class":"","_genesis_layout":"full-width-content","footnotes":""},"class_list":{"0":"post-17086","1":"page","2":"type-page","3":"status-publish","4":"has-post-thumbnail","6":"entry"},"_links":{"self":[{"href":"https:\/\/www.golftravellers.com\/fr\/wp-json\/wp\/v2\/pages\/17086","targetHints":{"allow":["GET"]}}],"collection":[{"href":"https:\/\/www.golftravellers.com\/fr\/wp-json\/wp\/v2\/pages"}],"about":[{"href":"https:\/\/www.golftravellers.com\/fr\/wp-json\/wp\/v2\/types\/page"}],"author":[{"embeddable":true,"href":"https:\/\/www.golftravellers.com\/fr\/wp-json\/wp\/v2\/users\/6"}],"replies":[{"embeddable":true,"href":"https:\/\/www.golftravellers.com\/fr\/wp-json\/wp\/v2\/comments?post=17086"}],"version-history":[{"count":12,"href":"https:\/\/www.golftravellers.com\/fr\/wp-json\/wp\/v2\/pages\/17086\/revisions"}],"predecessor-version":[{"id":42704,"href":"https:\/\/www.golftravellers.com\/fr\/wp-json\/wp\/v2\/pages\/17086\/revisions\/42704"}],"up":[{"embeddable":true,"href":"https:\/\/www.golftravellers.com\/fr\/wp-json\/wp\/v2\/pages\/253"}],"wp:featuredmedia":[{"embeddable":true,"href":"https:\/\/www.golftravellers.com\/fr\/wp-json\/wp\/v2\/media\/42676"}],"wp:attachment":[{"href":"https:\/\/www.golftravellers.com\/fr\/wp-json\/wp\/v2\/media?parent=17086"}],"curies":[{"name":"wp","href":"https:\/\/api.w.org\/{rel}","templated":true}]}}