{"id":17074,"date":"2014-11-24T18:35:59","date_gmt":"2014-11-24T18:35:59","guid":{"rendered":"http:\/\/www.golftravellers.com\/?page_id=17074"},"modified":"2023-12-02T12:39:01","modified_gmt":"2023-12-02T12:39:01","slug":"le-london-golf-tour","status":"publish","type":"page","link":"https:\/\/www.golftravellers.com\/fr\/destinations\/angleterre\/sejours-de-golf-en-angleterre\/le-london-golf-tour\/","title":{"rendered":"Le London Golf Tour"},"content":{"rendered":"<div class=\"one-half first\"><img loading=\"lazy\" decoding=\"async\" class=\"alignnone size-full wp-image-42176\" src=\"https:\/\/www.golftravellers.com\/wp-content\/uploads\/2023\/10\/sejour-golf-angleterre-st-georges-hill.jpg\" alt=\"Le Golf de St Georges Hill en Angleterre\" width=\"540\" height=\"360\" srcset=\"https:\/\/www.golftravellers.com\/wp-content\/uploads\/2023\/10\/sejour-golf-angleterre-st-georges-hill.jpg 540w, https:\/\/www.golftravellers.com\/wp-content\/uploads\/2023\/10\/sejour-golf-angleterre-st-georges-hill-300x200.jpg 300w\" sizes=\"auto, (max-width: 540px) 100vw, 540px\" \/><\/div>\n<div class=\"one-half\">\n<p><span style=\"font-size: 48px;\">2590\u20ac<\/span><\/p>\n<h4>Ce tarif comprend :<\/h4>\n<ul style=\"list-style-type: square;\">\n<li>7 nuits en h\u00e9bergement Bed &amp; Breakfast 4 \u00e9toiles \u00e0 l&rsquo;ouest de Londres<\/li>\n<li>Petits-d\u00e9jeuners Anglais<\/li>\n<li>4 green fees\n<ul style=\"list-style-type: circle;\">\n<li><a title=\"Sunningdale \u201cNew Course\u201d\" href=\"https:\/\/www.golftravellers.com\/fr\/destinations\/angleterre\/parcours-de-golf-en-angleterre\/region-de-londres\/sunningdale-new-course\/\" target=\"_blank\" rel=\"noopener\">Sunningdale &lsquo;New&rsquo;<\/a><\/li>\n<li><a title=\"Walton Heath \u201cOld\u201d\" href=\"https:\/\/www.golftravellers.com\/fr\/destinations\/angleterre\/parcours-de-golf-en-angleterre\/region-de-londres\/walton-heath-old\/\" target=\"_blank\" rel=\"noopener\">Walton Heath &lsquo;Old&rsquo;<\/a><\/li>\n<li><a title=\"St George\u2019s Hill\" href=\"https:\/\/www.golftravellers.com\/fr\/destinations\/angleterre\/parcours-de-golf-en-angleterre\/region-de-londres\/st-georges-hill\/\" target=\"_blank\" rel=\"noopener\">St George&rsquo;s Hill<\/a><\/li>\n<li><a title=\"Berkshire \u201cRed Course\u201d\" href=\"https:\/\/www.golftravellers.com\/fr\/destinations\/angleterre\/parcours-de-golf-en-angleterre\/region-de-londres\/berkshire-red\/\" target=\"_blank\" rel=\"noopener\">The Berkshire &lsquo;Red&rsquo;<\/a><\/li>\n<\/ul>\n<\/li>\n<li><a title=\"Options de transport\" href=\"https:\/\/www.golftravellers.com\/fr\/options-de-transport\/\" target=\"_blank\" rel=\"noopener\">1 location de voiture pour 8 jours<\/a><\/li>\n<\/ul>\n<\/div>\n<div style=\"clear: both;\">&nbsp;<\/div>\n<div class=\"one-third first\"><a class=\"button \" title=\"R\u00e9server votre s\u00e9jour\" href=\"https:\/\/www.golftravellers.com\/fr\/nous-contacter\/reserver-votre-sejour\/\">R\u00e9server<\/a><\/div>\n<div class=\"one-third\"><a class=\"button\" title=\"Personnaliser votre s\u00e9jour\" href=\"https:\/\/www.golftravellers.com\/fr\/nous-contacter\/personnaliser-votre-sejour\/\">Personnaliser<\/a><\/div>\n<div class=\"one-third\"><a class=\"button\" title=\"Contactez-nous\" href=\"https:\/\/www.golftravellers.com\/fr\/nous-contacter\/\">Contactez-nous<\/a><\/div>\n<div id=\"details\">&nbsp;<\/div>\n<div>&nbsp;<\/div>\n<div class=\"one-half first\">\n<h4>Nous vous offrons :&nbsp;<\/h4>\n<ul>\n<li>Service &amp; Assistance client&nbsp;24\/7<\/li>\n<\/ul>\n<\/div>\n<div class=\"one-half\">\n<h4>En option :<\/h4>\n<ul>\n<li>Vols, que nous pouvons r\u00e9server pour vous<\/li>\n<li>Suppl\u00e9ment en chambre individuelle<\/li>\n<li>Nuits &amp; parcours suppl\u00e9mentaires<\/li>\n<li>H\u00f4tel (3, 4 ou 5 \u00e9toiles)<\/li>\n<li>Transferts avec chauffeur<\/li>\n<li>Activit\u00e9s locales<\/li>\n<li>D\u00e9jeuners et d\u00eeners<\/li>\n<li>Assurance voyage<\/li>\n<\/ul>\n<\/div>\n<h2>Itin\u00e9raire :<\/h2>\n<table>\n<tbody>\n<tr>\n<td style=\"width: 25%;\"><b>Jour 1 :&nbsp;<\/b><\/td>\n<td>Arriv\u00e9e \u00e0 l&rsquo;a\u00e9roport de Londres Heathrow<\/td>\n<td>Bed &amp; Breakfast, Ouest de Londres<\/td>\n<td>25 minutes<\/td>\n<\/tr>\n<tr>\n<td style=\"width: 25%;\"><b>Jour 2 :&nbsp;<\/b><\/td>\n<td>The Berkshire &lsquo;Red&rsquo;<\/td>\n<td>Bed &amp; Breakfast,&nbsp;Ouest de Londres<\/td>\n<td>5 minutes<\/td>\n<\/tr>\n<tr>\n<td style=\"width: 25%;\"><b>Jour 3 :<\/b><\/td>\n<td>Walton Heath &lsquo;Old&rsquo;<\/td>\n<td>Bed &amp; Breakfast,&nbsp;Ouest de Londres<\/td>\n<td>35 minutes<\/td>\n<\/tr>\n<tr>\n<td style=\"width: 25%;\"><b>Jour 4 :&nbsp;<\/b><\/td>\n<td>Visite de la ville de Londres<\/td>\n<td>Bed &amp; Breakfast,&nbsp;Ouest de Londres<\/td>\n<td>45 minutes<\/td>\n<\/tr>\n<tr>\n<td style=\"width: 25%;\"><b>Jour 5 :&nbsp;<\/b><\/td>\n<td>St George&rsquo;s Hill<\/td>\n<td>Bed &amp; Breakfast,&nbsp;Ouest de Londres<\/td>\n<td>25 minutes<\/td>\n<\/tr>\n<tr>\n<td style=\"width: 25%;\"><b>Jour 6 :&nbsp;<\/b><\/td>\n<td>Visite de la r\u00e9gion&nbsp;<\/td>\n<td>Bed &amp; Breakfast,&nbsp;Ouest de Londres<\/td>\n<td>&nbsp;<\/td>\n<\/tr>\n<tr>\n<td style=\"width: 25%;\"><b>Jour 7 :&nbsp;<\/b><\/td>\n<td>Sunningdale &lsquo;New&rsquo;<\/td>\n<td>Bed &amp; Breakfast,&nbsp;Ouest de Londres<\/td>\n<td>5 minutes<\/td>\n<\/tr>\n<tr>\n<td style=\"width: 25%;\"><b>Jour 8 :&nbsp;<\/b><\/td>\n<td>D\u00e9part pour l&rsquo;a\u00e9roport de Londres Heathrow<\/td>\n<td>&nbsp;<\/td>\n<td>25 minutes<\/td>\n<\/tr>\n<\/tbody>\n<\/table>\n<h3>&nbsp;<\/h3>\n<div class=\"terms\">\n<h3>Conditions :<\/h3>\n<p>&#8211; Toutes nos offres au Royaume-Uni sont en livres sterling. Les tarifs indiqu\u00e9s en euros sont \u00e0 titre indicatif.<\/p>\n<p>&#8211; Offre valable pour 2 personnes minimum en chambre double.<\/p>\n<\/div>\n<div class=\"one-third first\">&nbsp;<\/div>\n<div class=\"one-third first\"><a class=\"button \" title=\"R\u00e9server votre s\u00e9jour\" href=\"https:\/\/www.golftravellers.com\/fr\/nous-contacter\/reserver-votre-sejour\/\">R\u00e9server<\/a><\/div>\n<div class=\"one-third\"><a class=\"button\" title=\"Personnaliser votre s\u00e9jour\" href=\"https:\/\/www.golftravellers.com\/fr\/nous-contacter\/personnaliser-votre-sejour\/\">Personnaliser<\/a><\/div>\n<div class=\"one-third\"><a class=\"button\" title=\"Contactez-nous\" href=\"https:\/\/www.golftravellers.com\/fr\/nous-contacter\/\">Contactez-nous<\/a><\/div>\n","protected":false},"excerpt":{"rendered":"<p>2590\u20ac Ce tarif comprend : 7 nuits en h\u00e9bergement Bed &amp; Breakfast 4 \u00e9toiles \u00e0 l&rsquo;ouest de Londres Petits-d\u00e9jeuners Anglais 4 green fees Sunningdale &lsquo;New&rsquo; Walton Heath &lsquo;Old&rsquo; St George&rsquo;s Hill The Berkshire &lsquo;Red&rsquo; 1 location de voiture pour 8 jours &nbsp; R\u00e9server Personnaliser Contactez-nous &nbsp; &nbsp; Nous vous offrons :&nbsp; Service &amp; Assistance client&nbsp;24\/7 [&hellip;]<\/p>\n","protected":false},"author":6,"featured_media":42735,"parent":253,"menu_order":0,"comment_status":"open","ping_status":"closed","template":"","meta":{"_genesis_hide_title":false,"_genesis_hide_breadcrumbs":false,"_genesis_hide_singular_image":false,"_genesis_hide_footer_widgets":false,"_genesis_custom_body_class":"","_genesis_custom_post_class":"","_genesis_layout":"full-width-content","footnotes":""},"class_list":{"0":"post-17074","1":"page","2":"type-page","3":"status-publish","4":"has-post-thumbnail","6":"entry"},"_links":{"self":[{"href":"https:\/\/www.golftravellers.com\/fr\/wp-json\/wp\/v2\/pages\/17074","targetHints":{"allow":["GET"]}}],"collection":[{"href":"https:\/\/www.golftravellers.com\/fr\/wp-json\/wp\/v2\/pages"}],"about":[{"href":"https:\/\/www.golftravellers.com\/fr\/wp-json\/wp\/v2\/types\/page"}],"author":[{"embeddable":true,"href":"https:\/\/www.golftravellers.com\/fr\/wp-json\/wp\/v2\/users\/6"}],"replies":[{"embeddable":true,"href":"https:\/\/www.golftravellers.com\/fr\/wp-json\/wp\/v2\/comments?post=17074"}],"version-history":[{"count":14,"href":"https:\/\/www.golftravellers.com\/fr\/wp-json\/wp\/v2\/pages\/17074\/revisions"}],"predecessor-version":[{"id":42748,"href":"https:\/\/www.golftravellers.com\/fr\/wp-json\/wp\/v2\/pages\/17074\/revisions\/42748"}],"up":[{"embeddable":true,"href":"https:\/\/www.golftravellers.com\/fr\/wp-json\/wp\/v2\/pages\/253"}],"wp:featuredmedia":[{"embeddable":true,"href":"https:\/\/www.golftravellers.com\/fr\/wp-json\/wp\/v2\/media\/42735"}],"wp:attachment":[{"href":"https:\/\/www.golftravellers.com\/fr\/wp-json\/wp\/v2\/media?parent=17074"}],"curies":[{"name":"wp","href":"https:\/\/api.w.org\/{rel}","templated":true}]}}