{"id":1685,"date":"2014-11-13T13:44:11","date_gmt":"2014-11-13T13:44:11","guid":{"rendered":"http:\/\/www.golftravellers.com\/?page_id=1685"},"modified":"2023-11-30T14:15:17","modified_gmt":"2023-11-30T14:15:17","slug":"royal-st-davids","status":"publish","type":"page","link":"https:\/\/www.golftravellers.com\/fr\/destinations\/pays-de-galles\/parcours-de-golf-au-pays-de-galles\/region-nord-pays-de-galles\/royal-st-davids\/","title":{"rendered":"Royal St David&rsquo;s"},"content":{"rendered":"<table border=\"0\">\n<tbody>\n<tr>\n<td><strong>Notre classement :<\/strong><\/td>\n<td><img loading=\"lazy\" decoding=\"async\" class=\"alignnone size-full wp-image-991\" src=\"https:\/\/www.golftravellers.com\/wp-content\/uploads\/2014\/05\/5stars_rating_GolfCourse.png\" alt=\"Golf Travellers 5 star rating golf course\" width=\"147\" height=\"30\"><\/td>\n<td colspan=\"2\" rowspan=\"9\" align=\"center\" valign=\"top\" width=\"50%\"><img loading=\"lazy\" decoding=\"async\" class=\"alignnone size-full wp-image-2744\" src=\"https:\/\/www.golftravellers.com\/wp-content\/uploads\/2014\/06\/wales-map.png\" alt=\"\" width=\"550\" height=\"664\" srcset=\"https:\/\/www.golftravellers.com\/wp-content\/uploads\/2014\/06\/wales-map.png 550w, https:\/\/www.golftravellers.com\/wp-content\/uploads\/2014\/06\/wales-map-248x300.png 248w\" sizes=\"auto, (max-width: 550px) 100vw, 550px\" \/><\/td>\n<\/tr>\n<tr>\n<td><strong>Classement Gallois :<\/strong><\/td>\n<td>2<\/td>\n<\/tr>\n<tr>\n<td width=\"30%\"><strong>Architecte :<\/strong><\/td>\n<td width=\"20%\">H. Finch-Hatton \/ W.H. More<\/td>\n<\/tr>\n<tr>\n<td><strong>Date d&rsquo;ouverture :<\/strong><\/td>\n<td>1894<\/td>\n<\/tr>\n<tr>\n<td><strong>Par :<\/strong><\/td>\n<td>69<\/td>\n<\/tr>\n<tr>\n<td><strong>Distance depuis Cardiff :<\/strong><\/td>\n<td>260 km<\/td>\n<\/tr>\n<tr>\n<td><strong>Distance depuis Swansea :<\/strong><\/td>\n<td>220 km<\/td>\n<\/tr>\n<tr>\n<td><strong>Distance depuis Newport :<\/strong><\/td>\n<td>245 km<\/td>\n<\/tr>\n<tr>\n<td><strong>Distance depuis Bangor :<\/strong><\/td>\n<td>60 km<\/td>\n<\/tr>\n<tr>\n<td colspan=\"4\">C&rsquo;est l&rsquo;un des plus beaux terrains de golf du Pays de Galles dans un paysage tourment\u00e9 de dunes. Un parcours difficile dans un cadre \u00e0 couper le souffle proche du ch\u00e2teau m\u00e9di\u00e9val de Harlech qui le surplombe et un des plus beaux links traditionnels au monde. Vues sur le Mont Snowdon au loin. Des tournois du Ladies European Tour et de l&rsquo;European Senior Tour sont r\u00e9guli\u00e8rement organis\u00e9s sur ce grand parcours qui porte le nom du saint patron du Pays de Galles et auquel le roi accorda son royal patronage en 1908.<\/td>\n<\/tr>\n<\/tbody>\n<\/table>\n<div class=\"one-third first\"><a class=\"button\" title=\"Nos s\u00e9jours de golf\" href=\"https:\/\/www.golftravellers.com\/fr\/destinations\/pays-de-galles\/sejours-de-golf-au-pays-de-galles\/\">Nos offres<\/a><\/div>\n<div class=\"one-third\"><a class=\"button\" title=\"Demande de devis\" href=\"https:\/\/www.golftravellers.com\/fr\/nous-contacter\/demande-de-devis\/\">Demande de devis<\/a><\/div>\n<div class=\"one-third\"><a class=\"button\" title=\"Nous contacter\" href=\"https:\/\/www.golftravellers.com\/fr\/nous-contacter\/\">Contactez-nous<\/a><\/div>\n","protected":false},"excerpt":{"rendered":"<p>Notre classement : Classement Gallois : 2 Architecte : H. Finch-Hatton \/ W.H. More Date d&rsquo;ouverture : 1894 Par : 69 Distance depuis Cardiff : 260 km Distance depuis Swansea : 220 km Distance depuis Newport : 245 km Distance depuis Bangor : 60 km C&rsquo;est l&rsquo;un des plus beaux terrains de golf du Pays [&hellip;]<\/p>\n","protected":false},"author":10,"featured_media":19084,"parent":2437,"menu_order":0,"comment_status":"open","ping_status":"open","template":"","meta":{"_genesis_hide_title":false,"_genesis_hide_breadcrumbs":false,"_genesis_hide_singular_image":false,"_genesis_hide_footer_widgets":false,"_genesis_custom_body_class":"","_genesis_custom_post_class":"","_genesis_layout":"","footnotes":""},"class_list":{"0":"post-1685","1":"page","2":"type-page","3":"status-publish","4":"has-post-thumbnail","6":"entry"},"_links":{"self":[{"href":"https:\/\/www.golftravellers.com\/fr\/wp-json\/wp\/v2\/pages\/1685","targetHints":{"allow":["GET"]}}],"collection":[{"href":"https:\/\/www.golftravellers.com\/fr\/wp-json\/wp\/v2\/pages"}],"about":[{"href":"https:\/\/www.golftravellers.com\/fr\/wp-json\/wp\/v2\/types\/page"}],"author":[{"embeddable":true,"href":"https:\/\/www.golftravellers.com\/fr\/wp-json\/wp\/v2\/users\/10"}],"replies":[{"embeddable":true,"href":"https:\/\/www.golftravellers.com\/fr\/wp-json\/wp\/v2\/comments?post=1685"}],"version-history":[{"count":17,"href":"https:\/\/www.golftravellers.com\/fr\/wp-json\/wp\/v2\/pages\/1685\/revisions"}],"predecessor-version":[{"id":42569,"href":"https:\/\/www.golftravellers.com\/fr\/wp-json\/wp\/v2\/pages\/1685\/revisions\/42569"}],"up":[{"embeddable":true,"href":"https:\/\/www.golftravellers.com\/fr\/wp-json\/wp\/v2\/pages\/2437"}],"wp:featuredmedia":[{"embeddable":true,"href":"https:\/\/www.golftravellers.com\/fr\/wp-json\/wp\/v2\/media\/19084"}],"wp:attachment":[{"href":"https:\/\/www.golftravellers.com\/fr\/wp-json\/wp\/v2\/media?parent=1685"}],"curies":[{"name":"wp","href":"https:\/\/api.w.org\/{rel}","templated":true}]}}