{"id":16827,"date":"2014-11-21T18:16:46","date_gmt":"2014-11-21T18:16:46","guid":{"rendered":"http:\/\/www.golftravellers.com\/?page_id=16827"},"modified":"2023-12-02T10:52:16","modified_gmt":"2023-12-02T10:52:16","slug":"le-beatles-golf-tour","status":"publish","type":"page","link":"https:\/\/www.golftravellers.com\/fr\/destinations\/angleterre\/sejours-de-golf-en-angleterre\/le-beatles-golf-tour\/","title":{"rendered":"Le Beatles Golf Tour"},"content":{"rendered":"<div class=\"one-half first\"><img loading=\"lazy\" decoding=\"async\" class=\"alignnone size-full wp-image-42103\" src=\"https:\/\/www.golftravellers.com\/wp-content\/uploads\/2023\/10\/sejour-golf-angleterre-hillside.jpg\" alt=\"Le golf de Hillside en Angleterre\" width=\"540\" height=\"360\" srcset=\"https:\/\/www.golftravellers.com\/wp-content\/uploads\/2023\/10\/sejour-golf-angleterre-hillside.jpg 540w, https:\/\/www.golftravellers.com\/wp-content\/uploads\/2023\/10\/sejour-golf-angleterre-hillside-300x200.jpg 300w\" sizes=\"auto, (max-width: 540px) 100vw, 540px\" \/><\/div>\n<div class=\"one-half\">\n<p><span style=\"font-size: 36pt;\">1190\u20ac<br \/>\n<\/span><\/p>\n<h4>Ce tarif comprend :<\/h4>\n<ul style=\"list-style-type: square;\">\n<li>3 nuits \u00e0 l&rsquo;h\u00f4tel 3 \u00e9toiles Holiday Inn (Albert Dock) \u00e0 Liverpool<\/li>\n<li>Petits-d\u00e9jeuners Anglais<\/li>\n<li>2 green fees\n<ul style=\"list-style-type: circle;\">\n<li><a title=\"Hillside\" href=\"https:\/\/www.golftravellers.com\/fr\/destinations\/angleterre\/parcours-de-golf-en-angleterre\/region-nord-angleterre\/hillside\/\" target=\"_blank\" rel=\"noopener\">Hillside<\/a><\/li>\n<li><a title=\"Wallasey\" href=\"https:\/\/www.golftravellers.com\/fr\/destinations\/angleterre\/parcours-de-golf-en-angleterre\/region-nord-angleterre\/wallasey\/\" target=\"_blank\" rel=\"noopener\">Wallasey<\/a><\/li>\n<\/ul>\n<\/li>\n<li><a title=\"Options de transport\" href=\"https:\/\/www.golftravellers.com\/fr\/options-de-transport\/\" target=\"_blank\" rel=\"noopener\">1 location d&rsquo;une voiture pour&nbsp;4 jours<\/a><\/li>\n<li>Billets pour le mus\u00e9e The Beatles<\/li>\n<\/ul>\n<\/div>\n<div style=\"clear: both;\">&nbsp;<\/div>\n<div class=\"one-third first\"><a class=\"button \" title=\"R\u00e9server votre s\u00e9jour\" href=\"https:\/\/www.golftravellers.com\/fr\/nous-contacter\/reserver-votre-sejour\/\">R\u00e9server<\/a><\/div>\n<div class=\"one-third\"><a class=\"button\" title=\"Personnaliser votre s\u00e9jour\" href=\"https:\/\/www.golftravellers.com\/fr\/nous-contacter\/personnaliser-votre-sejour\/\">Personnaliser<\/a><\/div>\n<div class=\"one-third\"><a class=\"button\" title=\"Contactez-nous\" href=\"https:\/\/www.golftravellers.com\/fr\/nous-contacter\/\">Contactez-nous<\/a><\/div>\n<div id=\"details\">&nbsp;<\/div>\n<div>&nbsp;<\/div>\n<div class=\"one-half first\">\n<h4>Nous vous offrons :&nbsp;<\/h4>\n<ul>\n<li>Service &amp; Assistance client&nbsp;24\/7<\/li>\n<\/ul>\n<\/div>\n<div class=\"one-half\">\n<h4>En option :&nbsp;<\/h4>\n<ul>\n<li>Vols, que nous pouvons r\u00e9server pour vous<\/li>\n<li>Suppl\u00e9ment en chambre individuelle<\/li>\n<li>H\u00f4tel 4 ou 5 \u00e9toiles<\/li>\n<li>Nuits &amp; parcours suppl\u00e9mentaires<\/li>\n<li>Transferts avec chauffeur<\/li>\n<li>Activit\u00e9s locales<\/li>\n<li>D\u00e9jeuners et d\u00eeners<\/li>\n<li>Assurance voyage<\/li>\n<\/ul>\n<\/div>\n<h2>Itin\u00e9raire :<\/h2>\n<table>\n<tbody>\n<tr>\n<td style=\"width: 25%;\"><b>Jour 1 :&nbsp;<\/b><\/td>\n<td>Arriv\u00e9e \u00e0 l&rsquo;a\u00e9roport de Liverpool<\/td>\n<td>H\u00f4tel Holiday Inn (Albert Dock), Liverpool<\/td>\n<td>30 minutes<\/td>\n<\/tr>\n<tr>\n<td style=\"width: 25%;\"><b>Jour 2 :&nbsp;<\/b><\/td>\n<td>Wallasey<\/td>\n<td>H\u00f4tel Holiday Inn (Albert Dock), Liverpool<\/td>\n<td>15 minutes<\/td>\n<\/tr>\n<tr>\n<td style=\"width: 25%;\"><b>Jour 3 :<\/b><\/td>\n<td>Hillside<\/td>\n<td>H\u00f4tel Holiday Inn (Albert Dock), Liverpool<\/td>\n<td>50 minutes<\/td>\n<\/tr>\n<tr>\n<td style=\"width: 25%;\"><b>Jour 4 :&nbsp;<\/b><\/td>\n<td>D\u00e9part pour l&rsquo;a\u00e9roport de Liverpool<\/td>\n<td>&nbsp;<\/td>\n<td>30 minutes<\/td>\n<\/tr>\n<\/tbody>\n<\/table>\n<h3>&nbsp;<\/h3>\n<div class=\"terms\">\n<h3>Conditions :<\/h3>\n<p>&#8211; Toutes nos offres au Royaume-Uni sont en livres sterling. Les tarifs indiqu\u00e9s en euros sont \u00e0 titre indicatif.<\/p>\n<p>&#8211; Offre valable pour 2 personnes minimum en chambre double.<\/p>\n<\/div>\n<div class=\"one-third first\">&nbsp;<\/div>\n<div class=\"one-third first\"><a class=\"button \" title=\"R\u00e9server votre s\u00e9jour\" href=\"https:\/\/www.golftravellers.com\/fr\/nous-contacter\/reserver-votre-sejour\/\">R\u00e9server<\/a><\/div>\n<div class=\"one-third\"><a class=\"button\" title=\"Personnaliser votre s\u00e9jour\" href=\"https:\/\/www.golftravellers.com\/fr\/nous-contacter\/personnaliser-votre-sejour\/\">Personnaliser<\/a><\/div>\n<div class=\"one-third\"><a class=\"button\" title=\"Contactez-nous\" href=\"https:\/\/www.golftravellers.com\/fr\/nous-contacter\/\">Contactez-nous<\/a><\/div>\n","protected":false},"excerpt":{"rendered":"<p>1190\u20ac Ce tarif comprend : 3 nuits \u00e0 l&rsquo;h\u00f4tel 3 \u00e9toiles Holiday Inn (Albert Dock) \u00e0 Liverpool Petits-d\u00e9jeuners Anglais 2 green fees Hillside Wallasey 1 location d&rsquo;une voiture pour&nbsp;4 jours Billets pour le mus\u00e9e The Beatles &nbsp; R\u00e9server Personnaliser Contactez-nous &nbsp; &nbsp; Nous vous offrons :&nbsp; Service &amp; Assistance client&nbsp;24\/7 En option :&nbsp; Vols, que [&hellip;]<\/p>\n","protected":false},"author":6,"featured_media":41735,"parent":253,"menu_order":0,"comment_status":"open","ping_status":"closed","template":"","meta":{"_genesis_hide_title":false,"_genesis_hide_breadcrumbs":false,"_genesis_hide_singular_image":false,"_genesis_hide_footer_widgets":false,"_genesis_custom_body_class":"","_genesis_custom_post_class":"","_genesis_layout":"full-width-content","footnotes":""},"class_list":{"0":"post-16827","1":"page","2":"type-page","3":"status-publish","4":"has-post-thumbnail","6":"entry"},"_links":{"self":[{"href":"https:\/\/www.golftravellers.com\/fr\/wp-json\/wp\/v2\/pages\/16827","targetHints":{"allow":["GET"]}}],"collection":[{"href":"https:\/\/www.golftravellers.com\/fr\/wp-json\/wp\/v2\/pages"}],"about":[{"href":"https:\/\/www.golftravellers.com\/fr\/wp-json\/wp\/v2\/types\/page"}],"author":[{"embeddable":true,"href":"https:\/\/www.golftravellers.com\/fr\/wp-json\/wp\/v2\/users\/6"}],"replies":[{"embeddable":true,"href":"https:\/\/www.golftravellers.com\/fr\/wp-json\/wp\/v2\/comments?post=16827"}],"version-history":[{"count":15,"href":"https:\/\/www.golftravellers.com\/fr\/wp-json\/wp\/v2\/pages\/16827\/revisions"}],"predecessor-version":[{"id":42589,"href":"https:\/\/www.golftravellers.com\/fr\/wp-json\/wp\/v2\/pages\/16827\/revisions\/42589"}],"up":[{"embeddable":true,"href":"https:\/\/www.golftravellers.com\/fr\/wp-json\/wp\/v2\/pages\/253"}],"wp:featuredmedia":[{"embeddable":true,"href":"https:\/\/www.golftravellers.com\/fr\/wp-json\/wp\/v2\/media\/41735"}],"wp:attachment":[{"href":"https:\/\/www.golftravellers.com\/fr\/wp-json\/wp\/v2\/media?parent=16827"}],"curies":[{"name":"wp","href":"https:\/\/api.w.org\/{rel}","templated":true}]}}