{"id":1681,"date":"2014-11-13T13:01:51","date_gmt":"2014-11-13T13:01:51","guid":{"rendered":"http:\/\/www.golftravellers.com\/?page_id=1681"},"modified":"2023-11-27T19:16:27","modified_gmt":"2023-11-27T19:16:27","slug":"north-wales","status":"publish","type":"page","link":"https:\/\/www.golftravellers.com\/fr\/destinations\/pays-de-galles\/parcours-de-golf-au-pays-de-galles\/region-nord-pays-de-galles\/north-wales\/","title":{"rendered":"North Wales"},"content":{"rendered":"<table border=\"0\">\n<tbody>\n<tr>\n<td><strong>Notre Classement :<\/strong><\/td>\n<td><img loading=\"lazy\" decoding=\"async\" src=\"https:\/\/www.golftravellers.com\/wp-content\/uploads\/2014\/05\/5stars_rating_GolfCourse.png\" alt=\"Golf Travellers 5 star rating golf course\" width=\"147\" height=\"30\"><\/td>\n<td colspan=\"2\" rowspan=\"11\" align=\"center\" valign=\"top\" width=\"50%\"><img loading=\"lazy\" decoding=\"async\" class=\"alignnone wp-image-2744\" src=\"https:\/\/www.golftravellers.com\/wp-content\/uploads\/2014\/06\/wales-map.png\" alt=\"\" width=\"450\" height=\"543\" srcset=\"https:\/\/www.golftravellers.com\/wp-content\/uploads\/2014\/06\/wales-map.png 550w, https:\/\/www.golftravellers.com\/wp-content\/uploads\/2014\/06\/wales-map-248x300.png 248w\" sizes=\"auto, (max-width: 450px) 100vw, 450px\" \/><\/td>\n<\/tr>\n<tr>\n<td><strong>Classement Gallois :<\/strong><\/td>\n<td>12<\/td>\n<\/tr>\n<tr>\n<td width=\"30%\"><strong>Architecte :<\/strong><\/td>\n<td width=\"20%\">J. Ball \/ H. Hilton<\/td>\n<\/tr>\n<tr>\n<td><strong>Date d&rsquo;ouverture :<\/strong><\/td>\n<td>1894<\/td>\n<\/tr>\n<tr>\n<td><strong>Par :<\/strong><\/td>\n<td>71<\/td>\n<\/tr>\n<tr>\n<td><strong>Distance depuis Cardiff :<\/strong><\/td>\n<td>310 km<\/td>\n<\/tr>\n<tr>\n<td><strong>Distance depuis Swansea :<\/strong><\/td>\n<td>320 km<\/td>\n<\/tr>\n<tr>\n<td><strong>Distance depuis Newport :<\/strong><\/td>\n<td>290 km<\/td>\n<\/tr>\n<tr>\n<td><strong>Distance depuis Bangor :<\/strong><\/td>\n<td>40 km<\/td>\n<\/tr>\n<tr>\n<td>&nbsp;<\/td>\n<td>&nbsp;<\/td>\n<\/tr>\n<\/tbody>\n<\/table>\n<p>&nbsp;Ce parcours est situ\u00e9 dans la ville baln\u00e9aire ensoleill\u00e9e de Llandudno. Il offre une excellente vue sur l&rsquo;estuaire de Conwy \u00e0 Anglesey et sur la cha\u00eene de montagnes de Snowdonia. C&rsquo;est un vrai links plant\u00e9 de bruy\u00e8re et d&rsquo;ajoncs, sans arbres en jeu mais avec quelques&nbsp;profonds&nbsp;bunkers,&nbsp;ayant accueilli les championnats de l&rsquo;\u00e9quipe Galloise. Il offre une exp\u00e9rience agr\u00e9able pour tous les niveaux de joueurs .<\/p>\n<div class=\"one-third first\"><a class=\"button\" title=\"Nos s\u00e9jours de golf\" href=\"https:\/\/www.golftravellers.com\/fr\/destinations\/pays-de-galles\/sejours-de-golf-au-pays-de-galles\/\">Nos offres<\/a><\/div>\n<div class=\"one-third\"><a class=\"button\" title=\"Demande de devis\" href=\"https:\/\/www.golftravellers.com\/fr\/nous-contacter\/demande-de-devis\/\">Demande de devis<\/a><\/div>\n<div class=\"one-third\"><a class=\"button\" title=\"Nous contacter\" href=\"https:\/\/www.golftravellers.com\/fr\/nous-contacter\/\">Contactez-nous<\/a><\/div>\n","protected":false},"excerpt":{"rendered":"<p>Notre Classement : Classement Gallois : 12 Architecte : J. Ball \/ H. Hilton Date d&rsquo;ouverture : 1894 Par : 71 Distance depuis Cardiff : 310 km Distance depuis Swansea : 320 km Distance depuis Newport : 290 km Distance depuis Bangor : 40 km &nbsp; &nbsp; &nbsp;Ce parcours est situ\u00e9 dans la ville baln\u00e9aire [&hellip;]<\/p>\n","protected":false},"author":10,"featured_media":19116,"parent":2437,"menu_order":0,"comment_status":"open","ping_status":"open","template":"","meta":{"_genesis_hide_title":false,"_genesis_hide_breadcrumbs":false,"_genesis_hide_singular_image":false,"_genesis_hide_footer_widgets":false,"_genesis_custom_body_class":"","_genesis_custom_post_class":"","_genesis_layout":"","footnotes":""},"class_list":{"0":"post-1681","1":"page","2":"type-page","3":"status-publish","4":"has-post-thumbnail","6":"entry"},"_links":{"self":[{"href":"https:\/\/www.golftravellers.com\/fr\/wp-json\/wp\/v2\/pages\/1681","targetHints":{"allow":["GET"]}}],"collection":[{"href":"https:\/\/www.golftravellers.com\/fr\/wp-json\/wp\/v2\/pages"}],"about":[{"href":"https:\/\/www.golftravellers.com\/fr\/wp-json\/wp\/v2\/types\/page"}],"author":[{"embeddable":true,"href":"https:\/\/www.golftravellers.com\/fr\/wp-json\/wp\/v2\/users\/10"}],"replies":[{"embeddable":true,"href":"https:\/\/www.golftravellers.com\/fr\/wp-json\/wp\/v2\/comments?post=1681"}],"version-history":[{"count":12,"href":"https:\/\/www.golftravellers.com\/fr\/wp-json\/wp\/v2\/pages\/1681\/revisions"}],"predecessor-version":[{"id":42537,"href":"https:\/\/www.golftravellers.com\/fr\/wp-json\/wp\/v2\/pages\/1681\/revisions\/42537"}],"up":[{"embeddable":true,"href":"https:\/\/www.golftravellers.com\/fr\/wp-json\/wp\/v2\/pages\/2437"}],"wp:featuredmedia":[{"embeddable":true,"href":"https:\/\/www.golftravellers.com\/fr\/wp-json\/wp\/v2\/media\/19116"}],"wp:attachment":[{"href":"https:\/\/www.golftravellers.com\/fr\/wp-json\/wp\/v2\/media?parent=1681"}],"curies":[{"name":"wp","href":"https:\/\/api.w.org\/{rel}","templated":true}]}}