{"id":16770,"date":"2014-11-20T23:31:45","date_gmt":"2014-11-20T23:31:45","guid":{"rendered":"http:\/\/www.golftravellers.com\/?page_id=16770"},"modified":"2017-04-24T11:04:48","modified_gmt":"2017-04-24T10:04:48","slug":"sejours-de-golf-au-bresil","status":"publish","type":"page","link":"https:\/\/www.golftravellers.com\/fr\/destinations\/bresil\/sejours-de-golf-au-bresil\/","title":{"rendered":"S\u00e9jours de golf au Br\u00e9sil"},"content":{"rendered":"<p>Parcourez notre s\u00e9lection de s\u00e9jours de golf au Br\u00e9sil, et n&rsquo;oubliez pas que tous nos forfaits peuvent \u00eatre faits sur mesure pour r\u00e9pondre \u00e0 vos attentes pendant votre voyage.<br \/>\nNous vous conseillons de jouer quelques parcours de golf tout en vous laissant du temps pour d\u00e9couvrir ce magnifique pays.<\/p>\n<p>Contactez-nous pour discuter de cette destination.<\/p>\n<table class=\"highlight\">\n<tbody>\n<tr>\n<td class=\"border\">\n<p><a title=\"8 jours \u00e0 Rio de Janeiro\" href=\"https:\/\/www.golftravellers.com\/fr\/destinations\/bresil\/sejours-de-golf-au-bresil\/8-jours-a-rio-de-janeiro\/\"><img loading=\"lazy\" decoding=\"async\" class=\"alignnone wp-image-15183 size-full\" style=\"border-bottom: thick solid #fff;\" src=\"https:\/\/www.golftravellers.com\/wp-content\/uploads\/2014\/08\/Gavea-package-rio.jpg\" alt=\"Vue a\u00e9rienne du parcours de Gavea\" width=\"350\" height=\"208\" srcset=\"https:\/\/www.golftravellers.com\/wp-content\/uploads\/2014\/08\/Gavea-package-rio.jpg 350w, https:\/\/www.golftravellers.com\/wp-content\/uploads\/2014\/08\/Gavea-package-rio-300x178.jpg 300w\" sizes=\"auto, (max-width: 350px) 100vw, 350px\" \/><\/a><\/p>\n<p style=\"text-align: center;\"><a title=\"8 jours \u00e0 Rio de Janeiro\" href=\"https:\/\/www.golftravellers.com\/fr\/destinations\/bresil\/sejours-de-golf-au-bresil\/8-jours-a-rio-de-janeiro\/\"><span style=\"font-size: 12pt;\"><strong>8 jours \u00e0 Rio de Janeiro<\/strong><\/span><\/a><br \/>\n<a title=\"8 jours \u00e0 Rio de Janeiro\" href=\"https:\/\/www.golftravellers.com\/fr\/destinations\/bresil\/sejours-de-golf-au-bresil\/8-jours-a-rio-de-janeiro\/\"><span style=\"font-size: 10pt;\">Gavea, Itanhanga<\/span><\/a><br \/>\n<a title=\"8 jours \u00e0 Rio de Janeiro\" href=\"https:\/\/www.golftravellers.com\/fr\/destinations\/bresil\/sejours-de-golf-au-bresil\/8-jours-a-rio-de-janeiro\/\"><strong><span style=\"font-size: 16px;\">\u00a0A partir de<\/span>\u00a0<span style=\"font-size: 18pt;\">1670\u20ac<\/span><\/strong><\/a><\/p>\n<\/td>\n<td class=\"noborder\">\u00a0<\/td>\n<td class=\"border\">\n<p><a title=\"8 jours \u00e0 Rio de Janeiro et Buzios\" href=\"https:\/\/www.golftravellers.com\/fr\/destinations\/bresil\/sejours-de-golf-au-bresil\/8-jours-a-rio-de-janeiro-et-buzios\/\"><img loading=\"lazy\" decoding=\"async\" class=\"alignnone wp-image-17980 size-full\" style=\"border-bottom: thick solid #fff; margin-bottom: 0px;\" src=\"https:\/\/www.golftravellers.com\/wp-content\/uploads\/2014\/11\/Itanhanga-trou-7-package-rio-buzios.jpg\" alt=\"Trou 7 sur le parcours d'Itanhanga\" width=\"350\" height=\"208\" srcset=\"https:\/\/www.golftravellers.com\/wp-content\/uploads\/2014\/11\/Itanhanga-trou-7-package-rio-buzios.jpg 350w, https:\/\/www.golftravellers.com\/wp-content\/uploads\/2014\/11\/Itanhanga-trou-7-package-rio-buzios-300x178.jpg 300w\" sizes=\"auto, (max-width: 350px) 100vw, 350px\" \/><\/a><\/p>\n<p style=\"text-align: center;\"><a title=\"8 jours \u00e0 Rio de Janeiro et Buzios\" href=\"https:\/\/www.golftravellers.com\/fr\/destinations\/bresil\/sejours-de-golf-au-bresil\/8-jours-a-rio-de-janeiro-et-buzios\/\"><span style=\"font-size: 12pt;\"><strong>8 jours \u00e0 Rio et Buzios<\/strong><\/span><\/a><br \/>\n<a title=\"8 jours \u00e0 Rio de Janeiro et Buzios\" href=\"https:\/\/www.golftravellers.com\/fr\/destinations\/bresil\/sejours-de-golf-au-bresil\/8-jours-a-rio-de-janeiro-et-buzios\/\"><span style=\"font-size: 10pt;\">Gavea, Itanhanga, Buzios<\/span><\/a><br \/>\n<a title=\"8 jours \u00e0 Rio de Janeiro et Buzios\" href=\"https:\/\/www.golftravellers.com\/fr\/destinations\/bresil\/sejours-de-golf-au-bresil\/8-jours-a-rio-de-janeiro-et-buzios\/\"><strong><span style=\"font-size: 18pt;\">A partir de\u00a0<\/span><span style=\"font-size: 18pt;\">1795\u20ac<\/span><\/strong><\/a><\/p>\n<\/td>\n<td class=\"noborder\" style=\"border-bottom: 0;\">\u00a0<\/td>\n<td class=\"border\">\n<p><a title=\"8 jours \u00e0 Rio de Janeiro et Iguassu\" href=\"https:\/\/www.golftravellers.com\/fr\/destinations\/bresil\/sejours-de-golf-au-bresil\/8-jours-a-rio-de-janeiro-et-iguassu\/\"><img loading=\"lazy\" decoding=\"async\" class=\"alignnone wp-image-17989 size-full\" style=\"border-bottom: thick solid #fff;\" src=\"https:\/\/www.golftravellers.com\/wp-content\/uploads\/2014\/11\/chutes-Iguassu.jpg\" alt=\"Chutes d'eau d'Iguassu\" width=\"350\" height=\"208\" srcset=\"https:\/\/www.golftravellers.com\/wp-content\/uploads\/2014\/11\/chutes-Iguassu.jpg 350w, https:\/\/www.golftravellers.com\/wp-content\/uploads\/2014\/11\/chutes-Iguassu-300x178.jpg 300w\" sizes=\"auto, (max-width: 350px) 100vw, 350px\" \/><\/a><\/p>\n<p style=\"text-align: center;\"><a title=\"8 jours \u00e0 Rio de Janeiro et Iguassu\" href=\"https:\/\/www.golftravellers.com\/fr\/destinations\/bresil\/sejours-de-golf-au-bresil\/8-jours-a-rio-de-janeiro-et-iguassu\/\"><span style=\"font-size: 12pt;\"><strong>8 jours \u00e0 Rio et Iguassu<\/strong><\/span><\/a><br \/>\n<a title=\"8 jours \u00e0 Rio de Janeiro et Iguassu\" href=\"https:\/\/www.golftravellers.com\/fr\/destinations\/bresil\/sejours-de-golf-au-bresil\/8-jours-a-rio-de-janeiro-et-iguassu\/\"><span style=\"font-size: 10pt;\">Gavea, Itanhanga, Iguassu<\/span><\/a><br \/>\n<a title=\"8 jours \u00e0 Rio de Janeiro et Iguassu\" href=\"https:\/\/www.golftravellers.com\/fr\/destinations\/bresil\/sejours-de-golf-au-bresil\/8-jours-a-rio-de-janeiro-et-iguassu\/\"><strong><span style=\"font-size: 12pt;\">A partir de <\/span><span style=\"font-size: 18pt;\">1860\u20ac<\/span><\/strong><\/a><\/p>\n<\/td>\n<\/tr>\n<\/tbody>\n<\/table>\n<p>&nbsp;<\/p>\n<p>&nbsp;<\/p>\n<table class=\"highlight\">\n<tbody>\n<tr>\n<td class=\"border\">\n<p><a title=\"10 nuits \u00e0 Salvador et Trancoso\" href=\"https:\/\/www.golftravellers.com\/fr\/destinations\/bresil\/sejours-de-golf-au-bresil\/10-nuits-a-salvador-et-trancoso\/\"><img loading=\"lazy\" decoding=\"async\" class=\"alignnone wp-image-17997 size-full\" style=\"border-bottom: thick solid #fff;\" src=\"https:\/\/www.golftravellers.com\/wp-content\/uploads\/2014\/11\/Salvador-bahia-lacerda.jpg\" alt=\"Ville de Salvador la nuit\" width=\"350\" height=\"208\" srcset=\"https:\/\/www.golftravellers.com\/wp-content\/uploads\/2014\/11\/Salvador-bahia-lacerda.jpg 350w, https:\/\/www.golftravellers.com\/wp-content\/uploads\/2014\/11\/Salvador-bahia-lacerda-300x178.jpg 300w\" sizes=\"auto, (max-width: 350px) 100vw, 350px\" \/><\/a><\/p>\n<p style=\"text-align: center;\"><a title=\"10 nuits \u00e0 Salvador et Trancoso\" href=\"https:\/\/www.golftravellers.com\/fr\/destinations\/bresil\/sejours-de-golf-au-bresil\/10-nuits-a-salvador-et-trancoso\/\"><span style=\"font-size: 12pt;\"><strong>10 nuits \u00e0 Salvador et Trancoso<\/strong><\/span><\/a><br \/>\n<a title=\"10 nuits \u00e0 Salvador et Trancoso\" href=\"https:\/\/www.golftravellers.com\/fr\/destinations\/bresil\/sejours-de-golf-au-bresil\/10-nuits-a-salvador-et-trancoso\/\"><span style=\"font-size: 10pt;\">Terravista (36 trous)<\/span><\/a><br \/>\n<a title=\"10 nuits \u00e0 Salvador et Trancoso\" href=\"https:\/\/www.golftravellers.com\/fr\/destinations\/bresil\/sejours-de-golf-au-bresil\/10-nuits-a-salvador-et-trancoso\/\"><strong><span style=\"font-size: 16px;\">A partir de<\/span>\u00a0<span style=\"font-size: 18pt;\">1945\u20ac<\/span><\/strong><\/a><\/p>\n<\/td>\n<td class=\"noborder\">\u00a0<\/td>\n<td class=\"border\">\n<p><a title=\"12 nuits \u00e0 Rio de Janeiro et Trancoso\" href=\"https:\/\/www.golftravellers.com\/fr\/destinations\/bresil\/sejours-de-golf-au-bresil\/12-nuits-a-rio-de-janeiro-et-trancoso\/\"><img loading=\"lazy\" decoding=\"async\" class=\"alignnone wp-image-18005 size-full\" style=\"border-bottom: thick solid #fff; margin-bottom: 0px;\" src=\"https:\/\/www.golftravellers.com\/wp-content\/uploads\/2014\/11\/Terravista-Par3-trou-Signature.jpg\" alt=\"Par 3 signature sur le parcours de Terravista\" width=\"350\" height=\"208\" srcset=\"https:\/\/www.golftravellers.com\/wp-content\/uploads\/2014\/11\/Terravista-Par3-trou-Signature.jpg 350w, https:\/\/www.golftravellers.com\/wp-content\/uploads\/2014\/11\/Terravista-Par3-trou-Signature-300x178.jpg 300w\" sizes=\"auto, (max-width: 350px) 100vw, 350px\" \/><\/a><\/p>\n<p style=\"text-align: center;\"><a title=\"12 nuits \u00e0 Rio et Trancoso\" href=\"https:\/\/www.golftravellers.com\/fr\/destinations\/bresil\/sejours-de-golf-au-bresil\/12-nuits-a-rio-de-janeiro-et-trancoso\/\"><span style=\"font-size: 12pt;\"><strong>12 nuits \u00e0 Rio et Trancoso<\/strong><\/span><\/a><br \/>\n<a title=\"12 nuits \u00e0 Rio et Trancoso\" href=\"https:\/\/www.golftravellers.com\/fr\/destinations\/bresil\/sejours-de-golf-au-bresil\/12-nuits-a-rio-de-janeiro-et-trancoso\/\"><span style=\"font-size: 10pt;\">Gavea, Itanhanga, Terravista<\/span><\/a><br \/>\n<a title=\"12 nuits \u00e0 Rio et Trancoso\" href=\"https:\/\/www.golftravellers.com\/fr\/destinations\/bresil\/sejours-de-golf-au-bresil\/12-nuits-a-rio-de-janeiro-et-trancoso\/\"><strong><span style=\"font-size: 12pt;\">A partir de\u00a0<\/span><span style=\"font-size: 18pt;\">2620\u20ac<\/span><\/strong><\/a><\/p>\n<\/td>\n<td class=\"noborder\" style=\"border-bottom: 0;\">\u00a0<\/td>\n<td class=\"border\">\n<p><a title=\"10 nuits \u00e0 Rio de Janeiro et Comandatuba\" href=\"https:\/\/www.golftravellers.com\/fr\/destinations\/bresil\/sejours-de-golf-au-bresil\/10-nuits-a-rio-de-janeiro-et-comandatuba\/\"><img loading=\"lazy\" decoding=\"async\" class=\"alignnone wp-image-18013 size-full\" style=\"border-bottom: thick solid #fff;\" src=\"https:\/\/www.golftravellers.com\/wp-content\/uploads\/2014\/11\/Comandatuba-Ocean-vue-aerienne-parcours.jpg\" alt=\"Vue a\u00e9rienne du parcours de Commandatuba\" width=\"350\" height=\"208\" srcset=\"https:\/\/www.golftravellers.com\/wp-content\/uploads\/2014\/11\/Comandatuba-Ocean-vue-aerienne-parcours.jpg 350w, https:\/\/www.golftravellers.com\/wp-content\/uploads\/2014\/11\/Comandatuba-Ocean-vue-aerienne-parcours-300x178.jpg 300w\" sizes=\"auto, (max-width: 350px) 100vw, 350px\" \/><\/a><\/p>\n<p style=\"text-align: center;\"><a title=\"10 nuits \u00e0 Rio &amp; Comandatuba\" href=\"https:\/\/www.golftravellers.com\/fr\/destinations\/bresil\/sejours-de-golf-au-bresil\/10-nuits-a-rio-de-janeiro-et-comandatuba\/\"><span style=\"font-size: 12pt;\"><strong>10 nuits Rio et Comandatuba<\/strong><\/span><\/a><br \/>\n<a title=\"10 nuits \u00e0 Rio &amp; Comandatuba\" href=\"https:\/\/www.golftravellers.com\/fr\/destinations\/bresil\/sejours-de-golf-au-bresil\/10-nuits-a-rio-de-janeiro-et-comandatuba\/\"><span style=\"font-size: 10pt;\">Gavea, Itanhanga, Comandatuba Ocean Course<\/span><\/a><br \/>\n<a title=\"10 nuits \u00e0 Rio &amp; Comandatuba\" href=\"https:\/\/www.golftravellers.com\/fr\/destinations\/bresil\/sejours-de-golf-au-bresil\/10-nuits-a-rio-de-janeiro-et-comandatuba\/\"><strong><span style=\"font-size: 12pt;\">A partir de\u00a0<\/span><span style=\"font-size: 18pt;\">2750\u20ac<\/span><\/strong><\/a><\/p>\n<\/td>\n<\/tr>\n<\/tbody>\n<\/table>\n<p>&nbsp;<\/p>\n<p>&nbsp;<\/p>\n","protected":false},"excerpt":{"rendered":"<p>Parcourez notre s\u00e9lection de s\u00e9jours de golf au Br\u00e9sil, et n&rsquo;oubliez pas que tous nos forfaits peuvent \u00eatre faits sur mesure pour r\u00e9pondre \u00e0 vos attentes pendant votre voyage. Nous vous conseillons de jouer quelques parcours de golf tout en vous laissant du temps pour d\u00e9couvrir ce magnifique pays. Contactez-nous pour discuter de cette destination. [&hellip;]<\/p>\n","protected":false},"author":10,"featured_media":32646,"parent":267,"menu_order":5,"comment_status":"open","ping_status":"closed","template":"","meta":{"_genesis_hide_title":false,"_genesis_hide_breadcrumbs":false,"_genesis_hide_singular_image":false,"_genesis_hide_footer_widgets":false,"_genesis_custom_body_class":"","_genesis_custom_post_class":"","_genesis_layout":"","footnotes":""},"class_list":{"0":"post-16770","1":"page","2":"type-page","3":"status-publish","4":"has-post-thumbnail","6":"entry"},"_links":{"self":[{"href":"https:\/\/www.golftravellers.com\/fr\/wp-json\/wp\/v2\/pages\/16770","targetHints":{"allow":["GET"]}}],"collection":[{"href":"https:\/\/www.golftravellers.com\/fr\/wp-json\/wp\/v2\/pages"}],"about":[{"href":"https:\/\/www.golftravellers.com\/fr\/wp-json\/wp\/v2\/types\/page"}],"author":[{"embeddable":true,"href":"https:\/\/www.golftravellers.com\/fr\/wp-json\/wp\/v2\/users\/10"}],"replies":[{"embeddable":true,"href":"https:\/\/www.golftravellers.com\/fr\/wp-json\/wp\/v2\/comments?post=16770"}],"version-history":[{"count":22,"href":"https:\/\/www.golftravellers.com\/fr\/wp-json\/wp\/v2\/pages\/16770\/revisions"}],"predecessor-version":[{"id":36795,"href":"https:\/\/www.golftravellers.com\/fr\/wp-json\/wp\/v2\/pages\/16770\/revisions\/36795"}],"up":[{"embeddable":true,"href":"https:\/\/www.golftravellers.com\/fr\/wp-json\/wp\/v2\/pages\/267"}],"wp:featuredmedia":[{"embeddable":true,"href":"https:\/\/www.golftravellers.com\/fr\/wp-json\/wp\/v2\/media\/32646"}],"wp:attachment":[{"href":"https:\/\/www.golftravellers.com\/fr\/wp-json\/wp\/v2\/media?parent=16770"}],"curies":[{"name":"wp","href":"https:\/\/api.w.org\/{rel}","templated":true}]}}