{"id":15806,"date":"2014-11-14T14:42:44","date_gmt":"2014-11-14T14:42:44","guid":{"rendered":"http:\/\/www.golftravellers.com\/?page_id=15806"},"modified":"2017-04-24T11:01:27","modified_gmt":"2017-04-24T10:01:27","slug":"iberostar-praia-do-forte","status":"publish","type":"page","link":"https:\/\/www.golftravellers.com\/fr\/destinations\/bresil\/parcours-de-golf-au-bresil\/region-nord-bresil\/iberostar-praia-do-forte\/","title":{"rendered":"Iberostar (Praia do Forte)"},"content":{"rendered":"<table border=\"0\">\n<tbody>\n<tr>\n<td><strong>Notre classement :<\/strong><\/td>\n<td><img loading=\"lazy\" decoding=\"async\" src=\"https:\/\/www.golftravellers.com\/wp-content\/uploads\/2014\/05\/4stars1.png\" alt=\"Golf Travellers 4 star rating golf course\" width=\"118\" height=\"30\" \/><\/td>\n<td colspan=\"2\" rowspan=\"10\" align=\"center\" valign=\"top\" width=\"50%\"><div class=\"DOPThumbnailGalleryContainer\" id=\"DOPThumbnailGallery606\">\n                                <ul class=\"Settings\" style=\"display:none;\">\n                                    <li class=\"Width\">540<\/li>\n                                    <li class=\"Height\">360<\/li>\n                                    <li class=\"BgColor\">333333<\/li>\n                                    <li class=\"BgAlpha\">45<\/li>\n                                    <li class=\"ImagesOrder\">normal<\/li>\n                                    <li class=\"ResponsiveEnabled\">true<\/li>  \n                                    <li class=\"ThumbnailsPosition\">bottom<\/li>\n                                    <li class=\"ThumbnailsOverImage\">false<\/li>\n                                    <li class=\"ThumbnailsBgColor\">000000<\/li>\n                                    <li class=\"ThumbnailsBgAlpha\">50<\/li>\n                                    <li class=\"ThumbnailsSpacing\">5<\/li>\n                                    <li class=\"ThumbnailsPaddingTop\">0<\/li>\n                                    <li class=\"ThumbnailsPaddingRight\">5<\/li>\n                                    <li class=\"ThumbnailsPaddingBottom\">5<\/li>\n                                    <li class=\"ThumbnailsPaddingLeft\">5<\/li>\n                                    <li class=\"ThumbnailsNavigation\">mouse<\/li>\n                                    <li class=\"ThumbnailsNavigationPrev\">https:\/\/www.golftravellers.com\/wp-content\/plugins\/doptg\/uploads\/settings\/thumbnails-navigation-prev\/1-0.png<\/li>\n                                    <li class=\"ThumbnailsNavigationPrevHover\">https:\/\/www.golftravellers.com\/wp-content\/plugins\/doptg\/uploads\/settings\/thumbnails-navigation-prev-hover\/1-0.png<\/li>\n                                    <li class=\"ThumbnailsNavigationNext\">https:\/\/www.golftravellers.com\/wp-content\/plugins\/doptg\/uploads\/settings\/thumbnails-navigation-next\/1-0.png<\/li>\n                                    <li class=\"ThumbnailsNavigationNextHover\">https:\/\/www.golftravellers.com\/wp-content\/plugins\/doptg\/uploads\/settings\/thumbnails-navigation-next-hover\/1-0.png<\/li>\n                                    <li class=\"ThumbnailLoader\">https:\/\/www.golftravellers.com\/wp-content\/plugins\/doptg\/assets\/gui\/images\/ThumbnailLoader.gif<\/li>\n                                    <li class=\"ThumbnailWidth\">40<\/li>\n                                    <li class=\"ThumbnailHeight\">40<\/li>\n                                    <li class=\"ThumbnailWidthMobile\">30<\/li>\n                                    <li class=\"ThumbnailHeightMobile\">30<\/li>\n                                    <li class=\"ThumbnailAlpha\">50<\/li>\n                                    <li class=\"ThumbnailAlphaHover\">100<\/li>\n                                    <li class=\"ThumbnailAlphaSelected\">100<\/li>\n                                    <li class=\"ThumbnailBgColor\"><\/li>\n                                    <li class=\"ThumbnailBgColorHover\">000000<\/li>\n                                    <li class=\"ThumbnailBgColorSelected\">000000<\/li>\n                                    <li class=\"ThumbnailBorderSize\">2<\/li>\n                                    <li class=\"ThumbnailBorderColor\">f1f1f1<\/li>\n                                    <li class=\"ThumbnailBorderColorHover\">000000<\/li>\n                                    <li class=\"ThumbnailBorderColorSelected\">000000<\/li>\n                                    <li class=\"ThumbnailPaddingTop\">0<\/li>\n                                    <li class=\"ThumbnailPaddingRight\">0<\/li>\n                                    <li class=\"ThumbnailPaddingBottom\">0<\/li>\n                                    <li class=\"ThumbnailPaddingLeft\">0<\/li>\n                                    <li class=\"ImageLoader\">https:\/\/www.golftravellers.com\/wp-content\/plugins\/doptg\/assets\/gui\/images\/ImageLoader.gif<\/li>\n                                    <li class=\"ImageBgColor\">afafaf<\/li>\n                                    <li class=\"ImageBgAlpha\">100<\/li>\n                                    <li class=\"ImageDisplayType\">full<\/li>\n                                    <li class=\"ImageDisplayTime\">1000<\/li>\n                                    <li class=\"ImageMarginTop\">5<\/li>\n                                    <li class=\"ImageMarginRight\">5<\/li>\n                                    <li class=\"ImageMarginBottom\">5<\/li>\n                                    <li class=\"ImageMarginLeft\">5<\/li>\n                                    <li class=\"ImagePaddingTop\">5<\/li>\n                                    <li class=\"ImagePaddingRight\">5<\/li>\n                                    <li class=\"ImagePaddingBottom\">5<\/li>        \n                                    <li class=\"ImagePaddingLeft\">5<\/li>\n                                    <li class=\"NavigationEnabled\">true<\/li>\n                                    <li class=\"NavigationOverImage\">true<\/li>\n                                    <li class=\"NavigationPrev\">https:\/\/www.golftravellers.com\/wp-content\/plugins\/doptg\/uploads\/settings\/navigation-prev\/1-0.png<\/li>\n                                    <li class=\"NavigationPrevHover\">https:\/\/www.golftravellers.com\/wp-content\/plugins\/doptg\/uploads\/settings\/navigation-prev-hover\/1-0.png<\/li>\n                                    <li class=\"NavigationNext\">https:\/\/www.golftravellers.com\/wp-content\/plugins\/doptg\/uploads\/settings\/navigation-next\/1-0.png<\/li>\n                                    <li class=\"NavigationNextHover\">https:\/\/www.golftravellers.com\/wp-content\/plugins\/doptg\/uploads\/settings\/navigation-next-hover\/1-0.png<\/li>\n                                    <li class=\"NavigationLightbox\">https:\/\/www.golftravellers.com\/wp-content\/plugins\/doptg\/uploads\/settings\/navigation-lightbox\/1-0.png<\/li>\n                                    <li class=\"NavigationLightboxHover\">https:\/\/www.golftravellers.com\/wp-content\/plugins\/doptg\/uploads\/settings\/navigation-lightbox-hover\/1-0.png<\/li>\n                                    <li class=\"NavigationTouchDeviceSwipeEnabled\">true<\/li>\n                                    <li class=\"CaptionWidth\">0<\/li>\n                                    <li class=\"CaptionHeight\">0<\/li>\n                                    <li class=\"CaptionTitleColor\">fff<\/li>\n                                    <li class=\"CaptionTextColor\">fff<\/li>\n                                    <li class=\"CaptionBgColor\">000000<\/li>\n                                    <li class=\"CaptionBgAlpha\">30<\/li>\n                                    <li class=\"CaptionPosition\">bottom<\/li>\n                                    <li class=\"CaptionOverImage\">false<\/li>\n                                    <li class=\"CaptionScrollScrubColor\">777777<\/li>\n                                    <li class=\"CaptionScrollBgColor\">e0e0e0<\/li>    \n                                    <li class=\"CaptionMarginTop\">5<\/li>\n                                    <li class=\"CaptionMarginRight\">5<\/li>\n                                    <li class=\"CaptionMarginBottom\">5<\/li>\n                                    <li class=\"CaptionMarginLeft\">5<\/li>\n                                    <li class=\"CaptionPaddingTop\">5<\/li>\n                                    <li class=\"CaptionPaddingRight\">5<\/li>\n                                    <li class=\"CaptionPaddingBottom\">5<\/li>\n                                    <li class=\"CaptionPaddingLeft\">5<\/li>\n                                    <li class=\"LightboxEnabled\">true<\/li>\n                                    <li class=\"LightboxWindowColor\">000000<\/li>\n                                    <li class=\"LightboxWindowAlpha\">80<\/li>\n                                    <li class=\"LightboxLoader\">https:\/\/www.golftravellers.com\/wp-content\/plugins\/doptg\/assets\/gui\/images\/LightboxLoader.gif<\/li>\n                                    <li class=\"LightboxBgColor\">000000<\/li>\n                                    <li class=\"LightboxBgAlpha\">100<\/li>\n                                    <li class=\"LightboxMarginTop\">5<\/li>\n                                    <li class=\"LightboxMarginRight\">5<\/li>\n                                    <li class=\"LightboxMarginBottom\">5<\/li>\n                                    <li class=\"LightboxMarginLeft\">5<\/li>\n                                    <li class=\"LightboxPaddingTop\">5<\/li>\n                                    <li class=\"LightboxPaddingRight\">5<\/li>\n                                    <li class=\"LightboxPaddingBottom\">5<\/li>\n                                    <li class=\"LightboxPaddingLeft\">5<\/li>\n                                    <li class=\"LightboxNavigationPrev\">https:\/\/www.golftravellers.com\/wp-content\/plugins\/doptg\/uploads\/settings\/lightbox-navigation-prev\/1-0.png<\/li>\n                                    <li class=\"LightboxNavigationPrevHover\">https:\/\/www.golftravellers.com\/wp-content\/plugins\/doptg\/uploads\/settings\/lightbox-navigation-prev-hover\/1-0.png<\/li>\n                                    <li class=\"LightboxNavigationNext\">https:\/\/www.golftravellers.com\/wp-content\/plugins\/doptg\/uploads\/settings\/lightbox-navigation-next\/1-0.png<\/li>\n                                    <li class=\"LightboxNavigationNextHover\">https:\/\/www.golftravellers.com\/wp-content\/plugins\/doptg\/uploads\/settings\/lightbox-navigation-next-hover\/1-0.png<\/li>\n                                    <li class=\"LightboxNavigationClose\">https:\/\/www.golftravellers.com\/wp-content\/plugins\/doptg\/uploads\/settings\/lightbox-navigation-close\/1-0.png<\/li>\n                                    <li class=\"LightboxNavigationCloseHover\">https:\/\/www.golftravellers.com\/wp-content\/plugins\/doptg\/uploads\/settings\/lightbox-navigation-close-hover\/1-0.png<\/li>\n                                    <li class=\"LightboxNavigationInfoBgColor\">000000<\/li>\n                                    <li class=\"LightboxNavigationInfoTextColor\">dddddd<\/li>\n                                    <li class=\"LightboxNavigationTouchDeviceSwipeEnabled\">true<\/li>\n                                    <li class=\"SocialShareEnabled\">false<\/li>\n                                    <li class=\"SocialShare\">https:\/\/www.golftravellers.com\/wp-content\/plugins\/doptg\/assets\/gui\/images\/SocialShare.png<\/li>\n                                    <li class=\"SocialShareLightbox\">https:\/\/www.golftravellers.com\/wp-content\/plugins\/doptg\/assets\/gui\/images\/SocialShareLightbox.png<\/li>\n                                    <li class=\"TooltipEnabled\">false<\/li>\n                                    <li class=\"TooltipBgColor\">ffffff<\/li>\n                                    <li class=\"TooltipStrokeColor\">000000<\/li>\n                                    <li class=\"TooltipTextColor\">000000<\/li>\n                                    <li class=\"Slideshow\">true<\/li>\n                                    <li class=\"SlideshowTime\">3500<\/li>\n                                    <li class=\"SlideshowAutostart\">true<\/li>\n                                    <li class=\"SlideshowLoop\">true<\/li>\n                                    <li class=\"SlideshowPlay\">https:\/\/www.golftravellers.com\/wp-content\/plugins\/doptg\/uploads\/settings\/slideshow-play\/1-0.png<\/li>\n                                    <li class=\"SlideshowPlayHover\">https:\/\/www.golftravellers.com\/wp-content\/plugins\/doptg\/uploads\/settings\/slideshow-play-hover\/1-0.png<\/li>\n                                    <li class=\"SlideshowPause\">https:\/\/www.golftravellers.com\/wp-content\/plugins\/doptg\/uploads\/settings\/slideshow-pause\/1-0.png<\/li>\n                                    <li class=\"SlideshowPauseHover\">https:\/\/www.golftravellers.com\/wp-content\/plugins\/doptg\/uploads\/settings\/slideshow-pause-hover\/1-0.png<\/li>\n                                    <li class=\"AutoHide\">false<\/li>\n                                    <li class=\"AutoHideTime\">2000<\/li>\n                                <\/ul>\n                                <ul class=\"Content\" style=\"display:none;\"><li>\n                                                    <img decoding=\"async\" class=\"Image\" src=\"https:\/\/www.golftravellers.com\/wp-content\/plugins\/doptg\/uploads\/wEN479bbhDs7ptDDeWfKX91QfBTBFH4araHpNPyMZpf5AFTB3zjwaOOcCLRNqPM5T.jpg\" alt=\"Clubhouse sur le parcours de Iberostar\" title=\"Clubhouse sur le parcours de Iberostar\" \/>\n                                                    <img decoding=\"async\" class=\"Thumb\" src=\"https:\/\/www.golftravellers.com\/wp-content\/plugins\/doptg\/uploads\/thumbs\/wEN479bbhDs7ptDDeWfKX91QfBTBFH4araHpNPyMZpf5AFTB3zjwaOOcCLRNqPM5T.jpg\" alt=\"Clubhouse sur le parcours de Iberostar\" title=\"Clubhouse sur le parcours de Iberostar\" \/>\n                                                    <span class=\"CaptionTitle\">Clubhouse sur le parcours de Iberostar<\/span>\n                                                    <span class=\"CaptionText\"><\/span>\n                                                    <span class=\"Media\"><\/span>\n                                                    <span class=\"LightboxMedia\"><\/span>\n                                                 <\/li><li>\n                                                    <img decoding=\"async\" class=\"Image\" src=\"https:\/\/www.golftravellers.com\/wp-content\/plugins\/doptg\/uploads\/2Q6gRchfrOxn6zZa5ABXfsLFY8FQ24GA4NRXasPaQ85rMyCjWc5b9aBBER4ntzmkr.jpg\" alt=\"D\u00e9part sur le parcours de Iberostar\" title=\"D\u00e9part sur le parcours de Iberostar\" \/>\n                                                    <img decoding=\"async\" class=\"Thumb\" src=\"https:\/\/www.golftravellers.com\/wp-content\/plugins\/doptg\/uploads\/thumbs\/2Q6gRchfrOxn6zZa5ABXfsLFY8FQ24GA4NRXasPaQ85rMyCjWc5b9aBBER4ntzmkr.jpg\" alt=\"D\u00e9part sur le parcours de Iberostar\" title=\"D\u00e9part sur le parcours de Iberostar\" \/>\n                                                    <span class=\"CaptionTitle\">D\u00e9part sur le parcours de Iberostar<\/span>\n                                                    <span class=\"CaptionText\"><\/span>\n                                                    <span class=\"Media\"><\/span>\n                                                    <span class=\"LightboxMedia\"><\/span>\n                                                 <\/li><li>\n                                                    <img decoding=\"async\" class=\"Image\" src=\"https:\/\/www.golftravellers.com\/wp-content\/plugins\/doptg\/uploads\/wkGeOzYqM68ZgcKXSya8s2rKhmjc45DyhRQBnnpCECPpZWEbX1N8Fp9yGWyRcHyT9.jpg\" alt=\"Bunker sur le parcours de Iberostar\" title=\"Bunker sur le parcours de Iberostar\" \/>\n                                                    <img decoding=\"async\" class=\"Thumb\" src=\"https:\/\/www.golftravellers.com\/wp-content\/plugins\/doptg\/uploads\/thumbs\/wkGeOzYqM68ZgcKXSya8s2rKhmjc45DyhRQBnnpCECPpZWEbX1N8Fp9yGWyRcHyT9.jpg\" alt=\"Bunker sur le parcours de Iberostar\" title=\"Bunker sur le parcours de Iberostar\" \/>\n                                                    <span class=\"CaptionTitle\">Bunker sur le parcours de Iberostar<\/span>\n                                                    <span class=\"CaptionText\"><\/span>\n                                                    <span class=\"Media\"><\/span>\n                                                    <span class=\"LightboxMedia\"><\/span>\n                                                 <\/li><li>\n                                                    <img decoding=\"async\" class=\"Image\" src=\"https:\/\/www.golftravellers.com\/wp-content\/plugins\/doptg\/uploads\/6FjAFwSG7KFm8YPAbFH68D9C75ONjpPBXSfg1jeMBLadn6n5Cc5pq9WfYQ8qzagpy.jpg\" alt=\"Bunker et green sur le parcours de Iberostar\" title=\"Bunker et green sur le parcours de Iberostar\" \/>\n                                                    <img decoding=\"async\" class=\"Thumb\" src=\"https:\/\/www.golftravellers.com\/wp-content\/plugins\/doptg\/uploads\/thumbs\/6FjAFwSG7KFm8YPAbFH68D9C75ONjpPBXSfg1jeMBLadn6n5Cc5pq9WfYQ8qzagpy.jpg\" alt=\"Bunker et green sur le parcours de Iberostar\" title=\"Bunker et green sur le parcours de Iberostar\" \/>\n                                                    <span class=\"CaptionTitle\">Bunker et green sur le parcours de Iberostar<\/span>\n                                                    <span class=\"CaptionText\"><\/span>\n                                                    <span class=\"Media\"><\/span>\n                                                    <span class=\"LightboxMedia\"><\/span>\n                                                 <\/li><li>\n                                                    <img decoding=\"async\" class=\"Image\" src=\"https:\/\/www.golftravellers.com\/wp-content\/plugins\/doptg\/uploads\/8bhsrQQNYcSThtkm7W2PdrK4OzMzcYePZBS9Qp3EyZ4Rss75S5WYM73jfP85ZtPrS.jpg\" alt=\"Par 3 sur le parcours de Iberostar\" title=\"Par 3 sur le parcours de Iberostar\" \/>\n                                                    <img decoding=\"async\" class=\"Thumb\" src=\"https:\/\/www.golftravellers.com\/wp-content\/plugins\/doptg\/uploads\/thumbs\/8bhsrQQNYcSThtkm7W2PdrK4OzMzcYePZBS9Qp3EyZ4Rss75S5WYM73jfP85ZtPrS.jpg\" alt=\"Par 3 sur le parcours de Iberostar\" title=\"Par 3 sur le parcours de Iberostar\" \/>\n                                                    <span class=\"CaptionTitle\">Par 3 sur le parcours de Iberostar<\/span>\n                                                    <span class=\"CaptionText\"><\/span>\n                                                    <span class=\"Media\"><\/span>\n                                                    <span class=\"LightboxMedia\"><\/span>\n                                                 <\/li><li>\n                                                    <img decoding=\"async\" class=\"Image\" src=\"https:\/\/www.golftravellers.com\/wp-content\/plugins\/doptg\/uploads\/KCR3DCKtF6y68bq1cwNmMQxq3Nh2M3tx4XXHsy9ZxHN2Pe1N8xpQ6CKmr7dDwY87r.JPG\" alt=\"Vue aerienne du resort sur le parcours de Iberostar\" title=\"Vue aerienne du resort sur le parcours de Iberostar\" \/>\n                                                    <img decoding=\"async\" class=\"Thumb\" src=\"https:\/\/www.golftravellers.com\/wp-content\/plugins\/doptg\/uploads\/thumbs\/KCR3DCKtF6y68bq1cwNmMQxq3Nh2M3tx4XXHsy9ZxHN2Pe1N8xpQ6CKmr7dDwY87r.JPG\" alt=\"Vue aerienne du resort sur le parcours de Iberostar\" title=\"Vue aerienne du resort sur le parcours de Iberostar\" \/>\n                                                    <span class=\"CaptionTitle\">Vue aerienne du resort sur le parcours de Iberostar<\/span>\n                                                    <span class=\"CaptionText\"><\/span>\n                                                    <span class=\"Media\"><\/span>\n                                                    <span class=\"LightboxMedia\"><\/span>\n                                                 <\/li><\/ul>\n                            <\/div>\n                            <script type=\"text\/JavaScript\">\n                                jQuery(document).ready(function(){\n                                    jQuery('#DOPThumbnailGallery606').DOPThumbnailGallery({'ParseMethod': 'HTML'});\n                                });\n                            <\/script><\/td>\n<\/tr>\n<tr>\n<td><strong>Classement Br\u00e9silien :<\/strong><\/td>\n<td>16<\/td>\n<\/tr>\n<tr>\n<td width=\"30%\"><strong>Architecte :<\/strong><\/td>\n<td width=\"20%\">P.B. Dye<\/td>\n<\/tr>\n<tr>\n<td><strong>Date de cr\u00e9ation :<\/strong><\/td>\n<td>2008<\/td>\n<\/tr>\n<tr>\n<td><strong>Par :<\/strong><\/td>\n<td>72<\/td>\n<\/tr>\n<tr>\n<td><strong>Distance depuis Rio de Janeiro :<\/strong><\/td>\n<td>1650 km<\/td>\n<\/tr>\n<tr>\n<td><strong>Distance depuis Sao Paulo :<\/strong><\/td>\n<td>1900 km<\/td>\n<\/tr>\n<tr>\n<td><strong>Distance depuis Salvador :<\/strong><\/td>\n<td>60 km<\/td>\n<\/tr>\n<tr>\n<td><strong>Distance depuis Porto Alegre :<\/strong><\/td>\n<td>2990 km<\/td>\n<\/tr>\n<tr>\n<td colspan=\"4\">\n<pre id=\"tw-target-text\" class=\"tw-data-text vk_txt tw-ta tw-text-small\" dir=\"ltr\" data-placeholder=\"Traduction\" data-fulltext=\"\">C'est une tr\u00e8s belle conception qui peut \u00eatre compar\u00e9e \u00e0 un links \u00e9cossais avec son sol sablonneux et son terrain ondul\u00e9 mais sous le climat de Bahia! C'est le plus r\u00e9cent de la r\u00e9gion dans un complexe h\u00f4telier de luxe appartenant \u00e0 la cha\u00eene espagnole Iberostar. Son concepteur est P.B.Dye fils du c\u00e9l\u00e8bre cr\u00e9ateur de golfs am\u00e9ricain Pete Dye. Les trois derniers trous en bord de mer sont tr\u00e8s pittoresques avec des vues splendides et davantage de vent en jeu. Il dispose, d'autre part, de nombreux bunkers fort profonds.<\/pre>\n<\/td>\n<\/tr>\n<\/tbody>\n<\/table>\n<div class=\"one-third first\"><a class=\"button\" title=\"Nos s\u00e9jours de golf\" href=\"https:\/\/www.golftravellers.com\/fr\/destinations\/bresil\/sejours-de-golf-au-bresil\/\">Nos offres<\/a><\/div>\n<div class=\"one-third\"><a class=\"button\" title=\"Demande de devis\" href=\"https:\/\/www.golftravellers.com\/fr\/nous-contacter\/demande-de-devis\/\">Demande de devis<\/a><\/div>\n<div class=\"one-third\"><a class=\"button\" title=\"Nous contacter\" href=\"https:\/\/www.golftravellers.com\/fr\/nous-contacter\/\">Contactez-nous<\/a><\/div>\n<p>&nbsp;<\/p>\n<p><iframe loading=\"lazy\" width=\"640\" height=\"360\" src=\"https:\/\/www.youtube.com\/embed\/h4JmKEf4gqE?rel=0\" frameborder=\"0\" allowfullscreen><\/iframe><\/p>\n","protected":false},"excerpt":{"rendered":"<p>Notre classement : Classement Br\u00e9silien : 16 Architecte : P.B. Dye Date de cr\u00e9ation : 2008 Par : 72 Distance depuis Rio de Janeiro : 1650 km Distance depuis Sao Paulo : 1900 km Distance depuis Salvador : 60 km Distance depuis Porto Alegre : 2990 km C&rsquo;est une tr\u00e8s belle conception qui peut \u00eatre [&hellip;]<\/p>\n","protected":false},"author":6,"featured_media":0,"parent":2452,"menu_order":0,"comment_status":"open","ping_status":"closed","template":"","meta":{"_genesis_hide_title":false,"_genesis_hide_breadcrumbs":false,"_genesis_hide_singular_image":false,"_genesis_hide_footer_widgets":false,"_genesis_custom_body_class":"","_genesis_custom_post_class":"","_genesis_layout":"","footnotes":""},"class_list":{"0":"post-15806","1":"page","2":"type-page","3":"status-publish","5":"entry"},"_links":{"self":[{"href":"https:\/\/www.golftravellers.com\/fr\/wp-json\/wp\/v2\/pages\/15806","targetHints":{"allow":["GET"]}}],"collection":[{"href":"https:\/\/www.golftravellers.com\/fr\/wp-json\/wp\/v2\/pages"}],"about":[{"href":"https:\/\/www.golftravellers.com\/fr\/wp-json\/wp\/v2\/types\/page"}],"author":[{"embeddable":true,"href":"https:\/\/www.golftravellers.com\/fr\/wp-json\/wp\/v2\/users\/6"}],"replies":[{"embeddable":true,"href":"https:\/\/www.golftravellers.com\/fr\/wp-json\/wp\/v2\/comments?post=15806"}],"version-history":[{"count":11,"href":"https:\/\/www.golftravellers.com\/fr\/wp-json\/wp\/v2\/pages\/15806\/revisions"}],"predecessor-version":[{"id":36769,"href":"https:\/\/www.golftravellers.com\/fr\/wp-json\/wp\/v2\/pages\/15806\/revisions\/36769"}],"up":[{"embeddable":true,"href":"https:\/\/www.golftravellers.com\/fr\/wp-json\/wp\/v2\/pages\/2452"}],"wp:attachment":[{"href":"https:\/\/www.golftravellers.com\/fr\/wp-json\/wp\/v2\/media?parent=15806"}],"curies":[{"name":"wp","href":"https:\/\/api.w.org\/{rel}","templated":true}]}}