{"id":1579,"date":"2014-11-14T15:46:06","date_gmt":"2014-11-14T15:46:06","guid":{"rendered":"http:\/\/www.golftravellers.com\/?page_id=1579"},"modified":"2017-04-24T11:02:08","modified_gmt":"2017-04-24T10:02:08","slug":"itanhanga","status":"publish","type":"page","link":"https:\/\/www.golftravellers.com\/fr\/destinations\/bresil\/parcours-de-golf-au-bresil\/region-de-rio-de-janeiro\/itanhanga\/","title":{"rendered":"Itanhang\u00e1"},"content":{"rendered":"<table border=\"0\">\n<tbody>\n<tr>\n<td><strong>Notre classement :<\/strong><\/td>\n<td><img loading=\"lazy\" decoding=\"async\" src=\"https:\/\/www.golftravellers.com\/wp-content\/uploads\/2014\/05\/5stars_rating_GolfCourse.png\" alt=\"Golf Travellers 5 star rating golf course\" width=\"147\" height=\"30\" \/><\/td>\n<td colspan=\"2\" rowspan=\"10\" align=\"center\" valign=\"top\" width=\"50%\"><div class=\"DOPThumbnailGalleryContainer\" id=\"DOPThumbnailGallery611\">\n                                <ul class=\"Settings\" style=\"display:none;\">\n                                    <li class=\"Width\">540<\/li>\n                                    <li class=\"Height\">360<\/li>\n                                    <li class=\"BgColor\">333333<\/li>\n                                    <li class=\"BgAlpha\">45<\/li>\n                                    <li class=\"ImagesOrder\">normal<\/li>\n                                    <li class=\"ResponsiveEnabled\">true<\/li>  \n                                    <li class=\"ThumbnailsPosition\">bottom<\/li>\n                                    <li class=\"ThumbnailsOverImage\">false<\/li>\n                                    <li class=\"ThumbnailsBgColor\">000000<\/li>\n                                    <li class=\"ThumbnailsBgAlpha\">50<\/li>\n                                    <li class=\"ThumbnailsSpacing\">5<\/li>\n                                    <li class=\"ThumbnailsPaddingTop\">0<\/li>\n                                    <li class=\"ThumbnailsPaddingRight\">5<\/li>\n                                    <li class=\"ThumbnailsPaddingBottom\">5<\/li>\n                                    <li class=\"ThumbnailsPaddingLeft\">5<\/li>\n                                    <li class=\"ThumbnailsNavigation\">mouse<\/li>\n                                    <li class=\"ThumbnailsNavigationPrev\">https:\/\/www.golftravellers.com\/wp-content\/plugins\/doptg\/uploads\/settings\/thumbnails-navigation-prev\/1-0.png<\/li>\n                                    <li class=\"ThumbnailsNavigationPrevHover\">https:\/\/www.golftravellers.com\/wp-content\/plugins\/doptg\/uploads\/settings\/thumbnails-navigation-prev-hover\/1-0.png<\/li>\n                                    <li class=\"ThumbnailsNavigationNext\">https:\/\/www.golftravellers.com\/wp-content\/plugins\/doptg\/uploads\/settings\/thumbnails-navigation-next\/1-0.png<\/li>\n                                    <li class=\"ThumbnailsNavigationNextHover\">https:\/\/www.golftravellers.com\/wp-content\/plugins\/doptg\/uploads\/settings\/thumbnails-navigation-next-hover\/1-0.png<\/li>\n                                    <li class=\"ThumbnailLoader\">https:\/\/www.golftravellers.com\/wp-content\/plugins\/doptg\/assets\/gui\/images\/ThumbnailLoader.gif<\/li>\n                                    <li class=\"ThumbnailWidth\">40<\/li>\n                                    <li class=\"ThumbnailHeight\">40<\/li>\n                                    <li class=\"ThumbnailWidthMobile\">30<\/li>\n                                    <li class=\"ThumbnailHeightMobile\">30<\/li>\n                                    <li class=\"ThumbnailAlpha\">50<\/li>\n                                    <li class=\"ThumbnailAlphaHover\">100<\/li>\n                                    <li class=\"ThumbnailAlphaSelected\">100<\/li>\n                                    <li class=\"ThumbnailBgColor\"><\/li>\n                                    <li class=\"ThumbnailBgColorHover\">000000<\/li>\n                                    <li class=\"ThumbnailBgColorSelected\">000000<\/li>\n                                    <li class=\"ThumbnailBorderSize\">2<\/li>\n                                    <li class=\"ThumbnailBorderColor\">f1f1f1<\/li>\n                                    <li class=\"ThumbnailBorderColorHover\">000000<\/li>\n                                    <li class=\"ThumbnailBorderColorSelected\">000000<\/li>\n                                    <li class=\"ThumbnailPaddingTop\">0<\/li>\n                                    <li class=\"ThumbnailPaddingRight\">0<\/li>\n                                    <li class=\"ThumbnailPaddingBottom\">0<\/li>\n                                    <li class=\"ThumbnailPaddingLeft\">0<\/li>\n                                    <li class=\"ImageLoader\">https:\/\/www.golftravellers.com\/wp-content\/plugins\/doptg\/assets\/gui\/images\/ImageLoader.gif<\/li>\n                                    <li class=\"ImageBgColor\">afafaf<\/li>\n                                    <li class=\"ImageBgAlpha\">100<\/li>\n                                    <li class=\"ImageDisplayType\">full<\/li>\n                                    <li class=\"ImageDisplayTime\">1000<\/li>\n                                    <li class=\"ImageMarginTop\">5<\/li>\n                                    <li class=\"ImageMarginRight\">5<\/li>\n                                    <li class=\"ImageMarginBottom\">5<\/li>\n                                    <li class=\"ImageMarginLeft\">5<\/li>\n                                    <li class=\"ImagePaddingTop\">5<\/li>\n                                    <li class=\"ImagePaddingRight\">5<\/li>\n                                    <li class=\"ImagePaddingBottom\">5<\/li>        \n                                    <li class=\"ImagePaddingLeft\">5<\/li>\n                                    <li class=\"NavigationEnabled\">true<\/li>\n                                    <li class=\"NavigationOverImage\">true<\/li>\n                                    <li class=\"NavigationPrev\">https:\/\/www.golftravellers.com\/wp-content\/plugins\/doptg\/uploads\/settings\/navigation-prev\/1-0.png<\/li>\n                                    <li class=\"NavigationPrevHover\">https:\/\/www.golftravellers.com\/wp-content\/plugins\/doptg\/uploads\/settings\/navigation-prev-hover\/1-0.png<\/li>\n                                    <li class=\"NavigationNext\">https:\/\/www.golftravellers.com\/wp-content\/plugins\/doptg\/uploads\/settings\/navigation-next\/1-0.png<\/li>\n                                    <li class=\"NavigationNextHover\">https:\/\/www.golftravellers.com\/wp-content\/plugins\/doptg\/uploads\/settings\/navigation-next-hover\/1-0.png<\/li>\n                                    <li class=\"NavigationLightbox\">https:\/\/www.golftravellers.com\/wp-content\/plugins\/doptg\/uploads\/settings\/navigation-lightbox\/1-0.png<\/li>\n                                    <li class=\"NavigationLightboxHover\">https:\/\/www.golftravellers.com\/wp-content\/plugins\/doptg\/uploads\/settings\/navigation-lightbox-hover\/1-0.png<\/li>\n                                    <li class=\"NavigationTouchDeviceSwipeEnabled\">true<\/li>\n                                    <li class=\"CaptionWidth\">0<\/li>\n                                    <li class=\"CaptionHeight\">0<\/li>\n                                    <li class=\"CaptionTitleColor\">fff<\/li>\n                                    <li class=\"CaptionTextColor\">fff<\/li>\n                                    <li class=\"CaptionBgColor\">000000<\/li>\n                                    <li class=\"CaptionBgAlpha\">30<\/li>\n                                    <li class=\"CaptionPosition\">bottom<\/li>\n                                    <li class=\"CaptionOverImage\">false<\/li>\n                                    <li class=\"CaptionScrollScrubColor\">777777<\/li>\n                                    <li class=\"CaptionScrollBgColor\">e0e0e0<\/li>    \n                                    <li class=\"CaptionMarginTop\">5<\/li>\n                                    <li class=\"CaptionMarginRight\">5<\/li>\n                                    <li class=\"CaptionMarginBottom\">5<\/li>\n                                    <li class=\"CaptionMarginLeft\">5<\/li>\n                                    <li class=\"CaptionPaddingTop\">5<\/li>\n                                    <li class=\"CaptionPaddingRight\">5<\/li>\n                                    <li class=\"CaptionPaddingBottom\">5<\/li>\n                                    <li class=\"CaptionPaddingLeft\">5<\/li>\n                                    <li class=\"LightboxEnabled\">true<\/li>\n                                    <li class=\"LightboxWindowColor\">000000<\/li>\n                                    <li class=\"LightboxWindowAlpha\">80<\/li>\n                                    <li class=\"LightboxLoader\">https:\/\/www.golftravellers.com\/wp-content\/plugins\/doptg\/assets\/gui\/images\/LightboxLoader.gif<\/li>\n                                    <li class=\"LightboxBgColor\">000000<\/li>\n                                    <li class=\"LightboxBgAlpha\">100<\/li>\n                                    <li class=\"LightboxMarginTop\">5<\/li>\n                                    <li class=\"LightboxMarginRight\">5<\/li>\n                                    <li class=\"LightboxMarginBottom\">5<\/li>\n                                    <li class=\"LightboxMarginLeft\">5<\/li>\n                                    <li class=\"LightboxPaddingTop\">5<\/li>\n                                    <li class=\"LightboxPaddingRight\">5<\/li>\n                                    <li class=\"LightboxPaddingBottom\">5<\/li>\n                                    <li class=\"LightboxPaddingLeft\">5<\/li>\n                                    <li class=\"LightboxNavigationPrev\">https:\/\/www.golftravellers.com\/wp-content\/plugins\/doptg\/uploads\/settings\/lightbox-navigation-prev\/1-0.png<\/li>\n                                    <li class=\"LightboxNavigationPrevHover\">https:\/\/www.golftravellers.com\/wp-content\/plugins\/doptg\/uploads\/settings\/lightbox-navigation-prev-hover\/1-0.png<\/li>\n                                    <li class=\"LightboxNavigationNext\">https:\/\/www.golftravellers.com\/wp-content\/plugins\/doptg\/uploads\/settings\/lightbox-navigation-next\/1-0.png<\/li>\n                                    <li class=\"LightboxNavigationNextHover\">https:\/\/www.golftravellers.com\/wp-content\/plugins\/doptg\/uploads\/settings\/lightbox-navigation-next-hover\/1-0.png<\/li>\n                                    <li class=\"LightboxNavigationClose\">https:\/\/www.golftravellers.com\/wp-content\/plugins\/doptg\/uploads\/settings\/lightbox-navigation-close\/1-0.png<\/li>\n                                    <li class=\"LightboxNavigationCloseHover\">https:\/\/www.golftravellers.com\/wp-content\/plugins\/doptg\/uploads\/settings\/lightbox-navigation-close-hover\/1-0.png<\/li>\n                                    <li class=\"LightboxNavigationInfoBgColor\">000000<\/li>\n                                    <li class=\"LightboxNavigationInfoTextColor\">dddddd<\/li>\n                                    <li class=\"LightboxNavigationTouchDeviceSwipeEnabled\">true<\/li>\n                                    <li class=\"SocialShareEnabled\">false<\/li>\n                                    <li class=\"SocialShare\">https:\/\/www.golftravellers.com\/wp-content\/plugins\/doptg\/assets\/gui\/images\/SocialShare.png<\/li>\n                                    <li class=\"SocialShareLightbox\">https:\/\/www.golftravellers.com\/wp-content\/plugins\/doptg\/assets\/gui\/images\/SocialShareLightbox.png<\/li>\n                                    <li class=\"TooltipEnabled\">false<\/li>\n                                    <li class=\"TooltipBgColor\">ffffff<\/li>\n                                    <li class=\"TooltipStrokeColor\">000000<\/li>\n                                    <li class=\"TooltipTextColor\">000000<\/li>\n                                    <li class=\"Slideshow\">true<\/li>\n                                    <li class=\"SlideshowTime\">3500<\/li>\n                                    <li class=\"SlideshowAutostart\">true<\/li>\n                                    <li class=\"SlideshowLoop\">true<\/li>\n                                    <li class=\"SlideshowPlay\">https:\/\/www.golftravellers.com\/wp-content\/plugins\/doptg\/uploads\/settings\/slideshow-play\/1-0.png<\/li>\n                                    <li class=\"SlideshowPlayHover\">https:\/\/www.golftravellers.com\/wp-content\/plugins\/doptg\/uploads\/settings\/slideshow-play-hover\/1-0.png<\/li>\n                                    <li class=\"SlideshowPause\">https:\/\/www.golftravellers.com\/wp-content\/plugins\/doptg\/uploads\/settings\/slideshow-pause\/1-0.png<\/li>\n                                    <li class=\"SlideshowPauseHover\">https:\/\/www.golftravellers.com\/wp-content\/plugins\/doptg\/uploads\/settings\/slideshow-pause-hover\/1-0.png<\/li>\n                                    <li class=\"AutoHide\">false<\/li>\n                                    <li class=\"AutoHideTime\">2000<\/li>\n                                <\/ul>\n                                <ul class=\"Content\" style=\"display:none;\"><li>\n                                                    <img decoding=\"async\" class=\"Image\" src=\"https:\/\/www.golftravellers.com\/wp-content\/plugins\/doptg\/uploads\/4zdAYjbEyq3SQCe9LGn9TrBPLaRjFhTkz1NEybq3ZtBNFL7Zztf3QagyFKCcnSAzf.jpg\" alt=\"D\u00e9part sur le parcours de Itanhang\u00e1\" title=\"D\u00e9part sur le parcours de Itanhang\u00e1\" \/>\n                                                    <img decoding=\"async\" class=\"Thumb\" src=\"https:\/\/www.golftravellers.com\/wp-content\/plugins\/doptg\/uploads\/thumbs\/4zdAYjbEyq3SQCe9LGn9TrBPLaRjFhTkz1NEybq3ZtBNFL7Zztf3QagyFKCcnSAzf.jpg\" alt=\"D\u00e9part sur le parcours de Itanhang\u00e1\" title=\"D\u00e9part sur le parcours de Itanhang\u00e1\" \/>\n                                                    <span class=\"CaptionTitle\">D\u00e9part sur le parcours de Itanhang\u00e1<\/span>\n                                                    <span class=\"CaptionText\"><\/span>\n                                                    <span class=\"Media\"><\/span>\n                                                    <span class=\"LightboxMedia\"><\/span>\n                                                 <\/li><li>\n                                                    <img decoding=\"async\" class=\"Image\" src=\"https:\/\/www.golftravellers.com\/wp-content\/plugins\/doptg\/uploads\/Fph3NPwP2N41QtywH47Zr2dyC94YGaYtYyRc2XErf6EPAHc8r2KL6zkntXfxBeqQt.jpg\" alt=\"Green sur le parcours de Itanhang\u00e1\" title=\"Green sur le parcours de Itanhang\u00e1\" \/>\n                                                    <img decoding=\"async\" class=\"Thumb\" src=\"https:\/\/www.golftravellers.com\/wp-content\/plugins\/doptg\/uploads\/thumbs\/Fph3NPwP2N41QtywH47Zr2dyC94YGaYtYyRc2XErf6EPAHc8r2KL6zkntXfxBeqQt.jpg\" alt=\"Green sur le parcours de Itanhang\u00e1\" title=\"Green sur le parcours de Itanhang\u00e1\" \/>\n                                                    <span class=\"CaptionTitle\">Green sur le parcours de Itanhang\u00e1<\/span>\n                                                    <span class=\"CaptionText\"><\/span>\n                                                    <span class=\"Media\"><\/span>\n                                                    <span class=\"LightboxMedia\"><\/span>\n                                                 <\/li><li>\n                                                    <img decoding=\"async\" class=\"Image\" src=\"https:\/\/www.golftravellers.com\/wp-content\/plugins\/doptg\/uploads\/jkCTPSsMrCqQpkzgbMktKL2Rnr4fqtG6BYjnWZeWQ2TeeyWMAHdjB3MYHNxkgAC3B.jpg\" alt=\"Green sur le parcours de Itanhang\u00e1\" title=\"Green sur le parcours de Itanhang\u00e1\" \/>\n                                                    <img decoding=\"async\" class=\"Thumb\" src=\"https:\/\/www.golftravellers.com\/wp-content\/plugins\/doptg\/uploads\/thumbs\/jkCTPSsMrCqQpkzgbMktKL2Rnr4fqtG6BYjnWZeWQ2TeeyWMAHdjB3MYHNxkgAC3B.jpg\" alt=\"Green sur le parcours de Itanhang\u00e1\" title=\"Green sur le parcours de Itanhang\u00e1\" \/>\n                                                    <span class=\"CaptionTitle\">Green sur le parcours de Itanhang\u00e1<\/span>\n                                                    <span class=\"CaptionText\"><\/span>\n                                                    <span class=\"Media\"><\/span>\n                                                    <span class=\"LightboxMedia\"><\/span>\n                                                 <\/li><li>\n                                                    <img decoding=\"async\" class=\"Image\" src=\"https:\/\/www.golftravellers.com\/wp-content\/plugins\/doptg\/uploads\/2MZmW9pCjdxmxzgzWF3Q21TzW6Osf7OC2MC88rTK6cmd5tjj2HkjrcTw51R1fkQn2.jpg\" alt=\"Obstacle d'eau sur le parcours de Itanhang\u00e1\" title=\"Obstacle d'eau sur le parcours de Itanhang\u00e1\" \/>\n                                                    <img decoding=\"async\" class=\"Thumb\" src=\"https:\/\/www.golftravellers.com\/wp-content\/plugins\/doptg\/uploads\/thumbs\/2MZmW9pCjdxmxzgzWF3Q21TzW6Osf7OC2MC88rTK6cmd5tjj2HkjrcTw51R1fkQn2.jpg\" alt=\"Obstacle d'eau sur le parcours de Itanhang\u00e1\" title=\"Obstacle d'eau sur le parcours de Itanhang\u00e1\" \/>\n                                                    <span class=\"CaptionTitle\">Obstacle d'eau sur le parcours de Itanhang\u00e1<\/span>\n                                                    <span class=\"CaptionText\"><\/span>\n                                                    <span class=\"Media\"><\/span>\n                                                    <span class=\"LightboxMedia\"><\/span>\n                                                 <\/li><li>\n                                                    <img decoding=\"async\" class=\"Image\" src=\"https:\/\/www.golftravellers.com\/wp-content\/plugins\/doptg\/uploads\/qxBywwEnESzaGTtKLCtOjeWe3NHOOZSntQHHZ4GKDsas4xdLWZfX1tDh5B6TA9PhS.jpg\" alt=\"Fairway sur le parcours de Itanhang\u00e1\" title=\"Fairway sur le parcours de Itanhang\u00e1\" \/>\n                                                    <img decoding=\"async\" class=\"Thumb\" src=\"https:\/\/www.golftravellers.com\/wp-content\/plugins\/doptg\/uploads\/thumbs\/qxBywwEnESzaGTtKLCtOjeWe3NHOOZSntQHHZ4GKDsas4xdLWZfX1tDh5B6TA9PhS.jpg\" alt=\"Fairway sur le parcours de Itanhang\u00e1\" title=\"Fairway sur le parcours de Itanhang\u00e1\" \/>\n                                                    <span class=\"CaptionTitle\">Fairway sur le parcours de Itanhang\u00e1<\/span>\n                                                    <span class=\"CaptionText\"><\/span>\n                                                    <span class=\"Media\"><\/span>\n                                                    <span class=\"LightboxMedia\"><\/span>\n                                                 <\/li><\/ul>\n                            <\/div>\n                            <script type=\"text\/JavaScript\">\n                                jQuery(document).ready(function(){\n                                    jQuery('#DOPThumbnailGallery611').DOPThumbnailGallery({'ParseMethod': 'HTML'});\n                                });\n                            <\/script><\/td>\n<\/tr>\n<tr>\n<td><strong>Classement Br\u00e9silien :<\/strong><\/td>\n<td>4<\/td>\n<\/tr>\n<tr>\n<td width=\"30%\"><strong>Architecte :<\/strong><\/td>\n<td width=\"20%\">Stanley Thompson &amp; Robert Trent Jones<\/td>\n<\/tr>\n<tr>\n<td><strong>Date d&rsquo;ouverture :<\/strong><\/td>\n<td>1935<\/td>\n<\/tr>\n<tr>\n<td><strong>Par\u00a0:<\/strong><\/td>\n<td>\u00a072<\/td>\n<\/tr>\n<tr>\n<td><strong>Distance depuis Rio de Janeiro :<\/strong><\/td>\n<td>\u00a019 km<\/td>\n<\/tr>\n<tr>\n<td><strong>Distance depuis Sao Paulo :<\/strong><\/td>\n<td>\u00a0446 km<\/td>\n<\/tr>\n<tr>\n<td><strong>Distance depuis Salvador :<\/strong><\/td>\n<td>1630 km<\/td>\n<\/tr>\n<tr>\n<td><strong>Distance depuis Porto Alegre:<\/strong><\/td>\n<td>\u00a01548 km<\/td>\n<\/tr>\n<tr>\n<td colspan=\"4\">\n<p>Ce club prestigieux disposant de 18 et 9 trous fait partie d&rsquo;un grand ensemble sportif \u00e0 une courte distance du centre de Rio, domin\u00e9, comme celui de Gavea, par la montagne de Pedra da Gavea.<br \/><span id=\"tran1\">La cr\u00e9ation du complexe sportif d&rsquo;Itanhang\u00e1, le 16 mai 1933, est une date significative dans la vie de la capitale. Les 9 premiers trous furent ouverts en 1935. L&rsquo;Open du Br\u00e9sil des 500 ans comm\u00e9morant la d\u00e9couverte du pays en l&rsquo;an 1500 par le portugais Pedro Alvarez Cabral eut lieu \u00e0 Itanhanga en 2000, ainsi que la coupe f\u00e9minine du Br\u00e9sil en 2009. Magnifique beaut\u00e9 du site, une vall\u00e9e luxuriante aux nombreux ruisseaux et \u00e9tangs pr\u00e8s de la for\u00eat de Tijuca.<\/span><\/p>\n<\/td>\n<\/tr>\n<\/tbody>\n<\/table>\n<div class=\"one-third first\"><a class=\"button\" title=\"Nos s\u00e9jours de golf\" href=\"https:\/\/www.golftravellers.com\/fr\/destinations\/bresil\/sejours-de-golf-au-bresil\/\">Nos offres<\/a><\/div>\n<div class=\"one-third\"><a class=\"button\" title=\"Demande de devis\" href=\"https:\/\/www.golftravellers.com\/fr\/nous-contacter\/demande-de-devis\/\">Demande de devis<\/a><\/div>\n<div class=\"one-third\"><a class=\"button\" title=\"Nous contacter\" href=\"https:\/\/www.golftravellers.com\/fr\/nous-contacter\/\">Contactez-nous<\/a><\/div>\n","protected":false},"excerpt":{"rendered":"<p>Notre classement : Classement Br\u00e9silien : 4 Architecte : Stanley Thompson &amp; Robert Trent Jones Date d&rsquo;ouverture : 1935 Par\u00a0: \u00a072 Distance depuis Rio de Janeiro : \u00a019 km Distance depuis Sao Paulo : \u00a0446 km Distance depuis Salvador : 1630 km Distance depuis Porto Alegre: \u00a01548 km Ce club prestigieux disposant de 18 et [&hellip;]<\/p>\n","protected":false},"author":10,"featured_media":19293,"parent":2450,"menu_order":0,"comment_status":"open","ping_status":"closed","template":"","meta":{"_genesis_hide_title":false,"_genesis_hide_breadcrumbs":false,"_genesis_hide_singular_image":false,"_genesis_hide_footer_widgets":false,"_genesis_custom_body_class":"","_genesis_custom_post_class":"","_genesis_layout":"","footnotes":""},"class_list":{"0":"post-1579","1":"page","2":"type-page","3":"status-publish","4":"has-post-thumbnail","6":"entry"},"_links":{"self":[{"href":"https:\/\/www.golftravellers.com\/fr\/wp-json\/wp\/v2\/pages\/1579","targetHints":{"allow":["GET"]}}],"collection":[{"href":"https:\/\/www.golftravellers.com\/fr\/wp-json\/wp\/v2\/pages"}],"about":[{"href":"https:\/\/www.golftravellers.com\/fr\/wp-json\/wp\/v2\/types\/page"}],"author":[{"embeddable":true,"href":"https:\/\/www.golftravellers.com\/fr\/wp-json\/wp\/v2\/users\/10"}],"replies":[{"embeddable":true,"href":"https:\/\/www.golftravellers.com\/fr\/wp-json\/wp\/v2\/comments?post=1579"}],"version-history":[{"count":18,"href":"https:\/\/www.golftravellers.com\/fr\/wp-json\/wp\/v2\/pages\/1579\/revisions"}],"predecessor-version":[{"id":36777,"href":"https:\/\/www.golftravellers.com\/fr\/wp-json\/wp\/v2\/pages\/1579\/revisions\/36777"}],"up":[{"embeddable":true,"href":"https:\/\/www.golftravellers.com\/fr\/wp-json\/wp\/v2\/pages\/2450"}],"wp:featuredmedia":[{"embeddable":true,"href":"https:\/\/www.golftravellers.com\/fr\/wp-json\/wp\/v2\/media\/19293"}],"wp:attachment":[{"href":"https:\/\/www.golftravellers.com\/fr\/wp-json\/wp\/v2\/media?parent=1579"}],"curies":[{"name":"wp","href":"https:\/\/api.w.org\/{rel}","templated":true}]}}