{"id":15784,"date":"2014-11-14T11:28:03","date_gmt":"2014-11-14T11:28:03","guid":{"rendered":"http:\/\/www.golftravellers.com\/?page_id=15784"},"modified":"2023-10-06T13:24:56","modified_gmt":"2023-10-06T12:24:56","slug":"royal-porthcawl","status":"publish","type":"page","link":"https:\/\/www.golftravellers.com\/fr\/destinations\/pays-de-galles\/parcours-de-golf-au-pays-de-galles\/region-sud-pays-de-galles\/royal-porthcawl\/","title":{"rendered":"Royal Porthcawl"},"content":{"rendered":"<table border=\"0\">\n<tbody>\n<tr>\n<td><strong>Notre classement :<\/strong><\/td>\n<td><img loading=\"lazy\" decoding=\"async\" src=\"https:\/\/www.golftravellers.com\/wp-content\/uploads\/2014\/05\/5stars_rating_GolfCourse.png\" alt=\"Golf Travellers 5 star rating golf course\" width=\"147\" height=\"30\" \/><\/td>\n<td colspan=\"2\" rowspan=\"11\" align=\"center\" valign=\"top\" width=\"50%\"><img loading=\"lazy\" decoding=\"async\" class=\"alignnone wp-image-2744\" src=\"https:\/\/www.golftravellers.com\/wp-content\/uploads\/2014\/06\/wales-map.png\" alt=\"\" width=\"450\" height=\"543\" srcset=\"https:\/\/www.golftravellers.com\/wp-content\/uploads\/2014\/06\/wales-map.png 550w, https:\/\/www.golftravellers.com\/wp-content\/uploads\/2014\/06\/wales-map-248x300.png 248w\" sizes=\"auto, (max-width: 450px) 100vw, 450px\" \/><\/td>\n<\/tr>\n<tr>\n<td><strong>Classement Gallois :<\/strong><\/td>\n<td>1<\/td>\n<\/tr>\n<tr>\n<td><strong>Classement mondial :<\/strong><\/td>\n<td>86<\/td>\n<\/tr>\n<tr>\n<td width=\"30%\"><strong>Architectes :<\/strong><\/td>\n<td width=\"20%\">Charles Gibson \/ Harry Colt \/ Tom Simpson<\/td>\n<\/tr>\n<tr>\n<td><strong>Date de cr\u00e9ation :<\/strong><\/td>\n<td>1891<\/td>\n<\/tr>\n<tr>\n<td><strong>Par :<\/strong><\/td>\n<td>72<\/td>\n<\/tr>\n<tr>\n<td><strong>Distance depuis Cardiff :<\/strong><\/td>\n<td>45 km<\/td>\n<\/tr>\n<tr>\n<td><strong>Distance depuis Swansea :<\/strong><\/td>\n<td>30 km<\/td>\n<\/tr>\n<tr>\n<td><strong>Distance depuis Newport\u00a0:<\/strong><\/td>\n<td>60 km<\/td>\n<\/tr>\n<tr>\n<td><strong>Distance depuis Bangor :<\/strong><\/td>\n<td>345 km<\/td>\n<\/tr>\n<\/tbody>\n<\/table>\n<pre class=\"tw-data-text vk_txt tw-ta tw-text-small\" dir=\"ltr\" data-placeholder=\"Traduction\" data-fulltext=\"\">Tout simplement le meilleur parcours de golf du Pays de Galles, qui a accueilli de nombreux tournois prestigieux : Curtis Cup, Walker Cup, British Amateur Championship... Tiger Woods a jou\u00e9 la Walker Cup sur ce parcours en 1995.<\/pre>\n<pre class=\"tw-data-text vk_txt tw-ta tw-text-small\" dir=\"ltr\" data-placeholder=\"Traduction\" data-fulltext=\"\">Son titre royal lui fut accord\u00e9 par le roi en 1909. Ouvert en 1891, son dessin a \u00e9t\u00e9 modifi\u00e9 au fil des ann\u00e9es, en particulier par Harry Colt en 1913 et Tom Simpson en 1933. C'est un links offrant des vues imprenables sur la mer et le Canal de Bristol depuis chaque trou. Le vent, s'engouffrant dans le canal, y est puissant, d'autant que les arbres et les dunes sont absents, et que ses trous sont orient\u00e9s dans toutes les directions. Ceci complique vraiment le choix des clubs.<\/pre>\n<pre class=\"tw-data-text vk_txt tw-ta tw-text-small\" dir=\"ltr\" data-placeholder=\"Traduction\" data-fulltext=\"\">Son entretien est remarquable. Une grande exp\u00e9rience de golf.\n<\/pre>\n<div class=\"one-third first\"><a class=\"button\" title=\"Nos s\u00e9jours de golf\" href=\"https:\/\/www.golftravellers.com\/fr\/destinations\/pays-de-galles\/sejours-de-golf-au-pays-de-galles\/\">Nos offres<\/a><\/div>\n<div class=\"one-third\"><a class=\"button\" title=\"Demande de devis\" href=\"https:\/\/www.golftravellers.com\/fr\/nous-contacter\/demande-de-devis\/\">Demande de devis<\/a><\/div>\n<div class=\"one-third\"><a class=\"button\" title=\"Nous contacter\" href=\"https:\/\/www.golftravellers.com\/fr\/nous-contacter\/\">Contactez-nous<\/a><\/div>\n","protected":false},"excerpt":{"rendered":"<p>Notre classement : Classement Gallois : 1 Classement mondial : 86 Architectes : Charles Gibson \/ Harry Colt \/ Tom Simpson Date de cr\u00e9ation : 1891 Par : 72 Distance depuis Cardiff : 45 km Distance depuis Swansea : 30 km Distance depuis Newport\u00a0: 60 km Distance depuis Bangor : 345 km Tout simplement le [&hellip;]<\/p>\n","protected":false},"author":6,"featured_media":19123,"parent":2439,"menu_order":0,"comment_status":"open","ping_status":"open","template":"","meta":{"_genesis_hide_title":false,"_genesis_hide_breadcrumbs":false,"_genesis_hide_singular_image":false,"_genesis_hide_footer_widgets":false,"_genesis_custom_body_class":"","_genesis_custom_post_class":"","_genesis_layout":"","footnotes":""},"class_list":{"0":"post-15784","1":"page","2":"type-page","3":"status-publish","4":"has-post-thumbnail","6":"entry"},"_links":{"self":[{"href":"https:\/\/www.golftravellers.com\/fr\/wp-json\/wp\/v2\/pages\/15784","targetHints":{"allow":["GET"]}}],"collection":[{"href":"https:\/\/www.golftravellers.com\/fr\/wp-json\/wp\/v2\/pages"}],"about":[{"href":"https:\/\/www.golftravellers.com\/fr\/wp-json\/wp\/v2\/types\/page"}],"author":[{"embeddable":true,"href":"https:\/\/www.golftravellers.com\/fr\/wp-json\/wp\/v2\/users\/6"}],"replies":[{"embeddable":true,"href":"https:\/\/www.golftravellers.com\/fr\/wp-json\/wp\/v2\/comments?post=15784"}],"version-history":[{"count":14,"href":"https:\/\/www.golftravellers.com\/fr\/wp-json\/wp\/v2\/pages\/15784\/revisions"}],"predecessor-version":[{"id":42435,"href":"https:\/\/www.golftravellers.com\/fr\/wp-json\/wp\/v2\/pages\/15784\/revisions\/42435"}],"up":[{"embeddable":true,"href":"https:\/\/www.golftravellers.com\/fr\/wp-json\/wp\/v2\/pages\/2439"}],"wp:featuredmedia":[{"embeddable":true,"href":"https:\/\/www.golftravellers.com\/fr\/wp-json\/wp\/v2\/media\/19123"}],"wp:attachment":[{"href":"https:\/\/www.golftravellers.com\/fr\/wp-json\/wp\/v2\/media?parent=15784"}],"curies":[{"name":"wp","href":"https:\/\/api.w.org\/{rel}","templated":true}]}}