{"id":15713,"date":"2014-10-27T09:23:49","date_gmt":"2014-10-27T09:23:49","guid":{"rendered":"http:\/\/www.golftravellers.com\/associations-of-golf-tour-operators-2\/"},"modified":"2017-04-24T10:05:04","modified_gmt":"2017-04-24T09:05:04","slug":"accreditation","status":"publish","type":"page","link":"https:\/\/www.golftravellers.com\/fr\/accreditation\/","title":{"rendered":"Accr\u00e9ditation"},"content":{"rendered":"<p>&nbsp;<\/p>\n<p><img loading=\"lazy\" decoding=\"async\" class=\"alignleft size-medium wp-image-14434\" src=\"https:\/\/www.golftravellers.com\/wp-content\/uploads\/2014\/10\/iagto-logo-300x103.jpg\" alt=\"International Association of Golf Tour Operator Logo\" width=\"300\" height=\"103\" srcset=\"https:\/\/www.golftravellers.com\/wp-content\/uploads\/2014\/10\/iagto-logo-300x103.jpg 300w, https:\/\/www.golftravellers.com\/wp-content\/uploads\/2014\/10\/iagto-logo-1024x354.jpg 1024w\" sizes=\"auto, (max-width: 300px) 100vw, 300px\" \/>Notre agence est membre (n\u00b0 3291) de la plus importante organisation regroupant les sp\u00e9cialistes du tourisme golfique, l&rsquo;Association Internationale des Tours-Op\u00e9rateurs de Golf. De ce fait, nous offrons une garantie (assurances, normes) \u00e0 notre client\u00e8le entre le d\u00e9but des r\u00e9servations et la fin de leur s\u00e9jour.<br \/>Nous nous engageons \u00e0 fournir un excellent service, une s\u00e9curit\u00e9 financi\u00e8re et le meilleur rapport qualit\u00e9\/prix.<\/p>\n<p>&nbsp;<\/p>\n<p>&nbsp;<\/p>\n<p><img loading=\"lazy\" decoding=\"async\" class=\"alignleft size-medium wp-image-14442\" src=\"https:\/\/www.golftravellers.com\/wp-content\/uploads\/2014\/10\/gts-logo-300x141.jpg\" alt=\"Golf Tourism Scotland Logo\" width=\"300\" height=\"141\" srcset=\"https:\/\/www.golftravellers.com\/wp-content\/uploads\/2014\/10\/gts-logo-300x141.jpg 300w, https:\/\/www.golftravellers.com\/wp-content\/uploads\/2014\/10\/gts-logo-1024x483.jpg 1024w\" sizes=\"auto, (max-width: 300px) 100vw, 300px\" \/><\/p>\n<p>Nous sommes aussi membre de \u00ab\u00a0Golf Tourism Scotland\u00a0\u00bb qui est l&rsquo;organisation repr\u00e9sentant les acteurs du tourisme golfique en Ecosse. Sont inclus les tour-op\u00e9rateurs, les h\u00e9bergements, les parcours et les soci\u00e9t\u00e9s de transport.<\/p>\n","protected":false},"excerpt":{"rendered":"<p>&nbsp; Notre agence est membre (n\u00b0 3291) de la plus importante organisation regroupant les sp\u00e9cialistes du tourisme golfique, l&rsquo;Association Internationale des Tours-Op\u00e9rateurs de Golf. De ce fait, nous offrons une garantie (assurances, normes) \u00e0 notre client\u00e8le entre le d\u00e9but des r\u00e9servations et la fin de leur s\u00e9jour.Nous nous engageons \u00e0 fournir un excellent service, une [&hellip;]<\/p>\n","protected":false},"author":10,"featured_media":0,"parent":0,"menu_order":0,"comment_status":"open","ping_status":"open","template":"","meta":{"_genesis_hide_title":false,"_genesis_hide_breadcrumbs":false,"_genesis_hide_singular_image":false,"_genesis_hide_footer_widgets":false,"_genesis_custom_body_class":"","_genesis_custom_post_class":"","_genesis_layout":"full-width-content","footnotes":""},"class_list":{"0":"post-15713","1":"page","2":"type-page","3":"status-publish","5":"entry"},"_links":{"self":[{"href":"https:\/\/www.golftravellers.com\/fr\/wp-json\/wp\/v2\/pages\/15713","targetHints":{"allow":["GET"]}}],"collection":[{"href":"https:\/\/www.golftravellers.com\/fr\/wp-json\/wp\/v2\/pages"}],"about":[{"href":"https:\/\/www.golftravellers.com\/fr\/wp-json\/wp\/v2\/types\/page"}],"author":[{"embeddable":true,"href":"https:\/\/www.golftravellers.com\/fr\/wp-json\/wp\/v2\/users\/10"}],"replies":[{"embeddable":true,"href":"https:\/\/www.golftravellers.com\/fr\/wp-json\/wp\/v2\/comments?post=15713"}],"version-history":[{"count":9,"href":"https:\/\/www.golftravellers.com\/fr\/wp-json\/wp\/v2\/pages\/15713\/revisions"}],"predecessor-version":[{"id":36485,"href":"https:\/\/www.golftravellers.com\/fr\/wp-json\/wp\/v2\/pages\/15713\/revisions\/36485"}],"wp:attachment":[{"href":"https:\/\/www.golftravellers.com\/fr\/wp-json\/wp\/v2\/media?parent=15713"}],"curies":[{"name":"wp","href":"https:\/\/api.w.org\/{rel}","templated":true}]}}