{"id":15533,"date":"2014-11-12T15:03:42","date_gmt":"2014-11-12T15:03:42","guid":{"rendered":"http:\/\/www.golftravellers.com\/?page_id=15533"},"modified":"2023-10-05T18:30:17","modified_gmt":"2023-10-05T17:30:17","slug":"st-enodoc-church","status":"publish","type":"page","link":"https:\/\/www.golftravellers.com\/fr\/destinations\/angleterre\/parcours-de-golf-en-angleterre\/region-sud-ouest\/st-enodoc-church\/","title":{"rendered":"St Enodoc (Church)"},"content":{"rendered":"<table style=\"height: 370px;\" border=\"0\" width=\"1127\">\n<tbody>\n<tr>\n<td><strong>Notre Classement :<\/strong><\/td>\n<td>&nbsp;<img loading=\"lazy\" decoding=\"async\" src=\"https:\/\/www.golftravellers.com\/wp-content\/uploads\/2014\/05\/5stars_rating_GolfCourse.png\" alt=\"Golf Travellers 5 star rating golf course\" width=\"147\" height=\"30\"><\/td>\n<td colspan=\"2\" rowspan=\"9\" align=\"center\" valign=\"top\" width=\"50%\"><img loading=\"lazy\" decoding=\"async\" class=\"alignnone wp-image-13236\" src=\"https:\/\/www.golftravellers.com\/wp-content\/uploads\/2014\/09\/England-Map1.png\" alt=\"\" width=\"450\" height=\"560\" srcset=\"https:\/\/www.golftravellers.com\/wp-content\/uploads\/2014\/09\/England-Map1.png 550w, https:\/\/www.golftravellers.com\/wp-content\/uploads\/2014\/09\/England-Map1-240x300.png 240w\" sizes=\"auto, (max-width: 450px) 100vw, 450px\" \/><\/td>\n<\/tr>\n<tr>\n<td><strong>Classement Angleterre :<\/strong><\/td>\n<td>14<\/td>\n<\/tr>\n<tr>\n<td width=\"30%\"><strong>Architecte :<\/strong><\/td>\n<td width=\"20%\">James Braid<\/td>\n<\/tr>\n<tr>\n<td><strong>Date de cr\u00e9ation :<\/strong><\/td>\n<td>1907<\/td>\n<\/tr>\n<tr>\n<td><strong>Par :<\/strong><\/td>\n<td>69<\/td>\n<\/tr>\n<tr>\n<td><strong>Distance depuis Londres :<\/strong><\/td>\n<td>400 km<\/td>\n<\/tr>\n<tr>\n<td><strong>Distance depuis Birmingham :<\/strong><\/td>\n<td>370 km<\/td>\n<\/tr>\n<tr>\n<td><strong>Distance depuis Liverpool :<\/strong><\/td>\n<td>520 km<\/td>\n<\/tr>\n<tr>\n<td><strong>Distance depuis Bristol :<\/strong><\/td>\n<td>240 km<\/td>\n<\/tr>\n<tr>\n<td colspan=\"4\">\n<pre id=\"tw-target-text\" class=\"tw-data-text vk_txt tw-ta tw-text-small\" dir=\"ltr\" data-placeholder=\"Traduction\" data-fulltext=\"\">Ce parcours est l'un des meilleurs de type links d'Angleterre sur un terrain enti\u00e8rement naturel. Le premier trou est un par 5 qui est relativement facile comparativement au reste du parcours.\nIl poss\u00e8de de grandes dunes, des greens et des fairways ondul\u00e9s surplombant un estuaire et le pittoresque port de Padstow. Il tire son nom d'une petite \u00e9glise -church- du 13e si\u00e8cle ensevelie sous le sable par une temp\u00eate au milieu du 19e puis finalement d\u00e9gag\u00e9e en 1863. Elle est toujours pr\u00e9sente depuis, sur la droite du 10e green. Une autre curiosit\u00e9 est le gigantesque bunker-dune surnomm\u00e9 l'Himalaya, sorte de promontoire de 25 m de haut gardant l'acc\u00e9s au green cach\u00e9 du 6e trou. Superbes vues sur la c\u00f4te de Cornouailles.<\/pre>\n<\/td>\n<\/tr>\n<tr>\n<td colspan=\"4\">&nbsp;<\/td>\n<\/tr>\n<\/tbody>\n<\/table>\n<div class=\"one-third first\"><a class=\"button\" title=\"Nos s\u00e9jours de golf\" href=\"https:\/\/www.golftravellers.com\/fr\/destinations\/angleterre\/sejours-de-golf-en-angleterre\/\">Nos offres<\/a><\/div>\n<div class=\"one-third\"><a class=\"button\" title=\"Demande de devis\" href=\"https:\/\/www.golftravellers.com\/fr\/nous-contacter\/demande-de-devis\/\">Demande de devis<\/a><\/div>\n<div class=\"one-third\"><a class=\"button\" title=\"Nous contacter\" href=\"https:\/\/www.golftravellers.com\/fr\/nous-contacter\/\">Contactez-nous<\/a><\/div>\n","protected":false},"excerpt":{"rendered":"<p>Notre Classement : &nbsp; Classement Angleterre : 14 Architecte : James Braid Date de cr\u00e9ation : 1907 Par : 69 Distance depuis Londres : 400 km Distance depuis Birmingham : 370 km Distance depuis Liverpool : 520 km Distance depuis Bristol : 240 km Ce parcours est l&rsquo;un des meilleurs de type links d&rsquo;Angleterre sur [&hellip;]<\/p>\n","protected":false},"author":6,"featured_media":19014,"parent":2432,"menu_order":0,"comment_status":"open","ping_status":"open","template":"","meta":{"_genesis_hide_title":false,"_genesis_hide_breadcrumbs":false,"_genesis_hide_singular_image":false,"_genesis_hide_footer_widgets":false,"_genesis_custom_body_class":"","_genesis_custom_post_class":"","_genesis_layout":"","footnotes":""},"class_list":{"0":"post-15533","1":"page","2":"type-page","3":"status-publish","4":"has-post-thumbnail","6":"entry"},"_links":{"self":[{"href":"https:\/\/www.golftravellers.com\/fr\/wp-json\/wp\/v2\/pages\/15533","targetHints":{"allow":["GET"]}}],"collection":[{"href":"https:\/\/www.golftravellers.com\/fr\/wp-json\/wp\/v2\/pages"}],"about":[{"href":"https:\/\/www.golftravellers.com\/fr\/wp-json\/wp\/v2\/types\/page"}],"author":[{"embeddable":true,"href":"https:\/\/www.golftravellers.com\/fr\/wp-json\/wp\/v2\/users\/6"}],"replies":[{"embeddable":true,"href":"https:\/\/www.golftravellers.com\/fr\/wp-json\/wp\/v2\/comments?post=15533"}],"version-history":[{"count":9,"href":"https:\/\/www.golftravellers.com\/fr\/wp-json\/wp\/v2\/pages\/15533\/revisions"}],"predecessor-version":[{"id":42340,"href":"https:\/\/www.golftravellers.com\/fr\/wp-json\/wp\/v2\/pages\/15533\/revisions\/42340"}],"up":[{"embeddable":true,"href":"https:\/\/www.golftravellers.com\/fr\/wp-json\/wp\/v2\/pages\/2432"}],"wp:featuredmedia":[{"embeddable":true,"href":"https:\/\/www.golftravellers.com\/fr\/wp-json\/wp\/v2\/media\/19014"}],"wp:attachment":[{"href":"https:\/\/www.golftravellers.com\/fr\/wp-json\/wp\/v2\/media?parent=15533"}],"curies":[{"name":"wp","href":"https:\/\/api.w.org\/{rel}","templated":true}]}}