{"id":15422,"date":"2014-11-12T11:28:11","date_gmt":"2014-11-12T11:28:11","guid":{"rendered":"http:\/\/www.golftravellers.com\/?page_id=15422"},"modified":"2023-10-05T18:09:38","modified_gmt":"2023-10-05T17:09:38","slug":"woburn-dukes","status":"publish","type":"page","link":"https:\/\/www.golftravellers.com\/fr\/destinations\/angleterre\/parcours-de-golf-en-angleterre\/region-de-londres\/woburn-dukes\/","title":{"rendered":"Woburn \u00ab\u00a0Duke&rsquo;s\u00a0\u00bb"},"content":{"rendered":"<table border=\"0\">\n<tbody>\n<tr>\n<td><strong>Notre Classement :<\/strong><\/td>\n<td>&nbsp;<img loading=\"lazy\" decoding=\"async\" class=\"alignnone size-full wp-image-1020\" src=\"https:\/\/www.golftravellers.com\/wp-content\/uploads\/2014\/05\/4stars1.png\" alt=\"Golf Travellers 4 star rating golf course\" width=\"118\" height=\"30\"><\/td>\n<td colspan=\"2\" rowspan=\"9\" align=\"center\" valign=\"top\" width=\"50%\"><img loading=\"lazy\" decoding=\"async\" class=\"alignnone wp-image-13236\" src=\"https:\/\/www.golftravellers.com\/wp-content\/uploads\/2014\/09\/England-Map1.png\" alt=\"\" width=\"450\" height=\"560\" srcset=\"https:\/\/www.golftravellers.com\/wp-content\/uploads\/2014\/09\/England-Map1.png 550w, https:\/\/www.golftravellers.com\/wp-content\/uploads\/2014\/09\/England-Map1-240x300.png 240w\" sizes=\"auto, (max-width: 450px) 100vw, 450px\" \/><\/td>\n<\/tr>\n<tr>\n<td><strong>Classement Angleterre :<\/strong><\/td>\n<td>76<\/td>\n<\/tr>\n<tr>\n<td width=\"30%\"><strong>Architecte :<\/strong><\/td>\n<td width=\"20%\">Charles Lawrie<\/td>\n<\/tr>\n<tr>\n<td><strong>Date de cr\u00e9ation :<\/strong><\/td>\n<td>1976<\/td>\n<\/tr>\n<tr>\n<td><strong>Par :<\/strong><\/td>\n<td>72<\/td>\n<\/tr>\n<tr>\n<td><strong>Distance depuis Londres :<\/strong><\/td>\n<td>75 km<\/td>\n<\/tr>\n<tr>\n<td><strong>Distance depuis Birmingham :<\/strong><\/td>\n<td>120 km<\/td>\n<\/tr>\n<tr>\n<td><strong>Distance depuis Liverpool :<\/strong><\/td>\n<td>270 km<\/td>\n<\/tr>\n<tr>\n<td><strong>Distance depuis Bristol :<\/strong><\/td>\n<td>185 km<\/td>\n<\/tr>\n<tr>\n<td colspan=\"4\">Ce parcours con\u00e7u par Charles Lawrie a ouvert en 1976 et fut le premier des trois parcours de Woburn \u00e0 \u00eatre cr\u00e9\u00e9. Les 6385 m\u00e8tres de fairway sont bord\u00e9s par des pins, des bouleaux et des ch\u00e2taigniers. Lieu d&rsquo;accueil du British Masters pendant 20 ans, il a \u00e9galement accueilli le Women&rsquo;s British Open Championship et, plus r\u00e9cemment, le Travis Perkins PLC Senior Masters.<\/td>\n<\/tr>\n<\/tbody>\n<\/table>\n<div class=\"one-third first\"><a class=\"button\" title=\"Nos s\u00e9jours de golf\" href=\"https:\/\/www.golftravellers.com\/fr\/destinations\/angleterre\/sejours-de-golf-en-angleterre\/\">Nos offres<\/a><\/div>\n<div class=\"one-third\"><a class=\"button\" title=\"Demande de devis\" href=\"https:\/\/www.golftravellers.com\/fr\/nous-contacter\/demande-de-devis\/\">Demande de devis<\/a><\/div>\n<div class=\"one-third\"><a class=\"button\" title=\"Nous contacter\" href=\"https:\/\/www.golftravellers.com\/fr\/nous-contacter\/\">Contactez-nous<\/a><\/div>\n","protected":false},"excerpt":{"rendered":"<p>Notre Classement : &nbsp; Classement Angleterre : 76 Architecte : Charles Lawrie Date de cr\u00e9ation : 1976 Par : 72 Distance depuis Londres : 75 km Distance depuis Birmingham : 120 km Distance depuis Liverpool : 270 km Distance depuis Bristol : 185 km Ce parcours con\u00e7u par Charles Lawrie a ouvert en 1976 et [&hellip;]<\/p>\n","protected":false},"author":6,"featured_media":41297,"parent":2424,"menu_order":0,"comment_status":"open","ping_status":"closed","template":"","meta":{"_genesis_hide_title":false,"_genesis_hide_breadcrumbs":false,"_genesis_hide_singular_image":false,"_genesis_hide_footer_widgets":false,"_genesis_custom_body_class":"","_genesis_custom_post_class":"","_genesis_layout":"","footnotes":""},"class_list":{"0":"post-15422","1":"page","2":"type-page","3":"status-publish","4":"has-post-thumbnail","6":"entry"},"_links":{"self":[{"href":"https:\/\/www.golftravellers.com\/fr\/wp-json\/wp\/v2\/pages\/15422","targetHints":{"allow":["GET"]}}],"collection":[{"href":"https:\/\/www.golftravellers.com\/fr\/wp-json\/wp\/v2\/pages"}],"about":[{"href":"https:\/\/www.golftravellers.com\/fr\/wp-json\/wp\/v2\/types\/page"}],"author":[{"embeddable":true,"href":"https:\/\/www.golftravellers.com\/fr\/wp-json\/wp\/v2\/users\/6"}],"replies":[{"embeddable":true,"href":"https:\/\/www.golftravellers.com\/fr\/wp-json\/wp\/v2\/comments?post=15422"}],"version-history":[{"count":8,"href":"https:\/\/www.golftravellers.com\/fr\/wp-json\/wp\/v2\/pages\/15422\/revisions"}],"predecessor-version":[{"id":42247,"href":"https:\/\/www.golftravellers.com\/fr\/wp-json\/wp\/v2\/pages\/15422\/revisions\/42247"}],"up":[{"embeddable":true,"href":"https:\/\/www.golftravellers.com\/fr\/wp-json\/wp\/v2\/pages\/2424"}],"wp:featuredmedia":[{"embeddable":true,"href":"https:\/\/www.golftravellers.com\/fr\/wp-json\/wp\/v2\/media\/41297"}],"wp:attachment":[{"href":"https:\/\/www.golftravellers.com\/fr\/wp-json\/wp\/v2\/media?parent=15422"}],"curies":[{"name":"wp","href":"https:\/\/api.w.org\/{rel}","templated":true}]}}