{"id":13803,"date":"2014-09-21T19:50:59","date_gmt":"2014-09-21T18:50:59","guid":{"rendered":"http:\/\/www.golftravellers.com\/coaching-2\/"},"modified":"2017-04-24T11:10:27","modified_gmt":"2017-04-24T10:10:27","slug":"stages-de-golf","status":"publish","type":"page","link":"https:\/\/www.golftravellers.com\/fr\/stages-de-golf\/","title":{"rendered":"Stages de golf"},"content":{"rendered":"<p>Nous offrons de nombreux forfaits pour des stages de golf avec un Pro dans plusieurs pays et diff\u00e9rents programmes d&rsquo;enseignement du golf et de l&rsquo;anglais \u00e0 St Andrews pour les adultes ou pour les jeunes. Toutes ces offres peuvent \u00eatre modifi\u00e9es selon vos souhaits.<\/p>\n<section>\n<div class=\"one-third first\">\n<h4 style=\"text-align: center;\">~ STAGE DE GOLF ~<\/h4>\n<\/div>\n<div class=\"one-third\">\n<h4 style=\"text-align: center;\">~ GOLF &amp; ANGLAIS ~<\/h4>\n<\/div>\n<div class=\"one-third\" style=\"text-align: center;\">\n<h4>~ SEJOUR POUR JEUNES ~<\/h4>\n<\/div>\n<div class=\"one-third first destinations\"><a href=\"https:\/\/www.golftravellers.com\/fr\/stages-de-golf\/stages-de-golf-avec-un-pro\/\" target=\"_blank\"><img loading=\"lazy\" decoding=\"async\" class=\"alignnone wp-image-18285 size-full\" title=\"Cliquez pour voir Stage de golf \" src=\"https:\/\/www.golftravellers.com\/wp-content\/uploads\/2014\/09\/stage-de-golf-lecons-de-golf.jpg\" alt=\"Cours de golf \u00e0 l'acad\u00e9mie de golf de St Andrews\" width=\"380\" height=\"380\" srcset=\"https:\/\/www.golftravellers.com\/wp-content\/uploads\/2014\/09\/stage-de-golf-lecons-de-golf.jpg 380w, https:\/\/www.golftravellers.com\/wp-content\/uploads\/2014\/09\/stage-de-golf-lecons-de-golf-150x150.jpg 150w, https:\/\/www.golftravellers.com\/wp-content\/uploads\/2014\/09\/stage-de-golf-lecons-de-golf-300x300.jpg 300w\" sizes=\"auto, (max-width: 380px) 100vw, 380px\" \/><\/a><\/div>\n<div class=\"one-third destinations\"><a title=\"Golf et Anglais \u00e0 St Andrews en Ecosse\" href=\"https:\/\/www.golftravellers.com\/fr\/stages-de-golf\/golf-et-anglais-a-st-andrews-en-ecosse\/\"><img loading=\"lazy\" decoding=\"async\" class=\"alignnone wp-image-18293 size-full\" title=\"Cliquez pour voir Golf &amp; Anglais\" src=\"https:\/\/www.golftravellers.com\/wp-content\/uploads\/2014\/09\/stage-de-golf-lecons-de-golf-et-anglais.jpg\" alt=\"Cours de chipping \u00e0 l'acad\u00e9mie de golf de St Andrews\" width=\"380\" height=\"380\" srcset=\"https:\/\/www.golftravellers.com\/wp-content\/uploads\/2014\/09\/stage-de-golf-lecons-de-golf-et-anglais.jpg 380w, https:\/\/www.golftravellers.com\/wp-content\/uploads\/2014\/09\/stage-de-golf-lecons-de-golf-et-anglais-150x150.jpg 150w, https:\/\/www.golftravellers.com\/wp-content\/uploads\/2014\/09\/stage-de-golf-lecons-de-golf-et-anglais-300x300.jpg 300w\" sizes=\"auto, (max-width: 380px) 100vw, 380px\" \/><\/a><\/div>\n<div class=\"one-third destinations\"><a title=\"Stage de golf pour les jeunes \u00e0 St Andrews\" href=\"https:\/\/www.golftravellers.com\/fr\/stages-de-golf\/stage-de-golf-pour-les-jeunes-a-st-andrews\/\"><img loading=\"lazy\" decoding=\"async\" class=\"alignnone wp-image-18301 size-full\" title=\"Cliquez pour voir S\u00e9jour pour jeunes\" src=\"https:\/\/www.golftravellers.com\/wp-content\/uploads\/2014\/09\/stage-de-golf-Stage-de-golf-pour-les-jeunes.jpg\" alt=\"Practice de l'acad\u00e9mie de golf de St Andrews\" width=\"380\" height=\"380\" srcset=\"https:\/\/www.golftravellers.com\/wp-content\/uploads\/2014\/09\/stage-de-golf-Stage-de-golf-pour-les-jeunes.jpg 380w, https:\/\/www.golftravellers.com\/wp-content\/uploads\/2014\/09\/stage-de-golf-Stage-de-golf-pour-les-jeunes-150x150.jpg 150w, https:\/\/www.golftravellers.com\/wp-content\/uploads\/2014\/09\/stage-de-golf-Stage-de-golf-pour-les-jeunes-300x300.jpg 300w\" sizes=\"auto, (max-width: 380px) 100vw, 380px\" \/><\/a><\/div>\n<\/section>\n<div class=\"clear: both;\">\u00a0<\/div>\n","protected":false},"excerpt":{"rendered":"<p>Nous offrons de nombreux forfaits pour des stages de golf avec un Pro dans plusieurs pays et diff\u00e9rents programmes d&rsquo;enseignement du golf et de l&rsquo;anglais \u00e0 St Andrews pour les adultes ou pour les jeunes. Toutes ces offres peuvent \u00eatre modifi\u00e9es selon vos souhaits. ~ STAGE DE GOLF ~ ~ GOLF &amp; ANGLAIS ~ ~ [&hellip;]<\/p>\n","protected":false},"author":10,"featured_media":18031,"parent":0,"menu_order":0,"comment_status":"open","ping_status":"open","template":"","meta":{"_genesis_hide_title":false,"_genesis_hide_breadcrumbs":false,"_genesis_hide_singular_image":false,"_genesis_hide_footer_widgets":false,"_genesis_custom_body_class":"","_genesis_custom_post_class":"","_genesis_layout":"","footnotes":""},"class_list":{"0":"post-13803","1":"page","2":"type-page","3":"status-publish","4":"has-post-thumbnail","6":"entry"},"_links":{"self":[{"href":"https:\/\/www.golftravellers.com\/fr\/wp-json\/wp\/v2\/pages\/13803","targetHints":{"allow":["GET"]}}],"collection":[{"href":"https:\/\/www.golftravellers.com\/fr\/wp-json\/wp\/v2\/pages"}],"about":[{"href":"https:\/\/www.golftravellers.com\/fr\/wp-json\/wp\/v2\/types\/page"}],"author":[{"embeddable":true,"href":"https:\/\/www.golftravellers.com\/fr\/wp-json\/wp\/v2\/users\/10"}],"replies":[{"embeddable":true,"href":"https:\/\/www.golftravellers.com\/fr\/wp-json\/wp\/v2\/comments?post=13803"}],"version-history":[{"count":23,"href":"https:\/\/www.golftravellers.com\/fr\/wp-json\/wp\/v2\/pages\/13803\/revisions"}],"predecessor-version":[{"id":36810,"href":"https:\/\/www.golftravellers.com\/fr\/wp-json\/wp\/v2\/pages\/13803\/revisions\/36810"}],"wp:featuredmedia":[{"embeddable":true,"href":"https:\/\/www.golftravellers.com\/fr\/wp-json\/wp\/v2\/media\/18031"}],"wp:attachment":[{"href":"https:\/\/www.golftravellers.com\/fr\/wp-json\/wp\/v2\/media?parent=13803"}],"curies":[{"name":"wp","href":"https:\/\/api.w.org\/{rel}","templated":true}]}}