{"id":39908,"date":"2014-04-04T08:33:53","date_gmt":"2014-04-04T07:33:53","guid":{"rendered":"https:\/\/www.golftravellers.com\/?page_id=39908"},"modified":"2018-01-07T09:46:27","modified_gmt":"2018-01-07T09:46:27","slug":"nuestros-viajes-de-golf-en-gales","status":"publish","type":"page","link":"https:\/\/www.golftravellers.com\/es\/destinos\/gales\/nuestros-viajes-de-golf-en-gales\/","title":{"rendered":"Viajes de golf en Gales"},"content":{"rendered":"<p>Todos nuestros viajes son personalizados. Las propuestas que le ofrecemos a continuaci\u00f3n han sido creadas s\u00f3lo para darle una idea, por lo que puede reservarlas tal y como est\u00e1n o adaptarlas a sus propias necesidades o presupuesto. Por favor, contacte con nosotros para m\u00e1s informaci\u00f3n.<\/p>\n<table class=\"highlight\">\n<tbody>\n<tr>\n<td class=\"border\">\n<p><a href=\"https:\/\/www.golftravellers.com\/es\/destinos\/gales\/nuestros-viajes-de-golf-en-gales\/3-noches-en-swansea-y-2-campos-magnificos\/\"><img loading=\"lazy\" decoding=\"async\" class=\"aligncenter wp-image-14636 size-full\" style=\"border-bottom: thick solid #fff;\" src=\"http:\/\/www.golftravellers.com\/wp-content\/uploads\/2014\/04\/pennard-package-swansea.png\" alt=\"Golfers playing Pennard golf course in Wales\" width=\"350\" height=\"208\" srcset=\"https:\/\/www.golftravellers.com\/wp-content\/uploads\/2014\/04\/pennard-package-swansea.png 350w, https:\/\/www.golftravellers.com\/wp-content\/uploads\/2014\/04\/pennard-package-swansea-300x178.png 300w\" sizes=\"auto, (max-width: 350px) 100vw, 350px\" \/><\/a><\/p>\n<p style=\"text-align: center;\"><a title=\"3 nights in Swansea and 2 great courses\" href=\"https:\/\/www.golftravellers.com\/es\/destinos\/gales\/nuestros-viajes-de-golf-en-gales\/3-noches-en-swansea-y-2-campos-magnificos\/\"><span style=\"font-size: 12pt;\"><strong>3 noches en Swansea<\/strong><\/span><\/a><br \/>\n <a title=\"3 nights in Swansea and 2 great courses\" href=\"https:\/\/www.golftravellers.com\/es\/destinos\/gales\/nuestros-viajes-de-golf-en-gales\/3-noches-en-swansea-y-2-campos-magnificos\/\"><span style=\"font-size: 10pt;\">Pennard, Ashburnham<\/span><\/a><br \/>\n <a title=\"3 nights in Swansea and 2 great courses\" href=\"https:\/\/www.golftravellers.com\/es\/destinos\/gales\/nuestros-viajes-de-golf-en-gales\/3-noches-en-swansea-y-2-campos-magnificos\/\"><strong>A partir de <span style=\"font-size: 18pt;\">420\u20ac<\/span><\/strong><\/a><\/p>\n<\/td>\n<td class=\"noborder\" style=\"border-bottom: 0;\">\u00a0<\/td>\n<td class=\"border\">\n<p><a href=\"https:\/\/www.golftravellers.com\/es\/destinos\/gales\/nuestros-viajes-de-golf-en-gales\/los-3-mejores-campos-del-sur-de-gales\/\"><img loading=\"lazy\" decoding=\"async\" class=\"aligncenter wp-image-14661 size-full\" style=\"border-bottom: thick solid #fff; margin-bottom: 0px;\" src=\"http:\/\/www.golftravellers.com\/wp-content\/uploads\/2014\/04\/royalporthcawl-package-best-courses-south.png\" alt=\"Green and Sea at Royal Porthcawl Golf Club\" width=\"350\" height=\"208\" srcset=\"https:\/\/www.golftravellers.com\/wp-content\/uploads\/2014\/04\/royalporthcawl-package-best-courses-south.png 350w, https:\/\/www.golftravellers.com\/wp-content\/uploads\/2014\/04\/royalporthcawl-package-best-courses-south-300x178.png 300w\" sizes=\"auto, (max-width: 350px) 100vw, 350px\" \/><\/a><\/p>\n<p style=\"text-align: center;\"><a title=\"The 3 best courses in the South\" href=\"https:\/\/www.golftravellers.com\/es\/destinos\/gales\/nuestros-viajes-de-golf-en-gales\/los-3-mejores-campos-del-sur-de-gales\/\"><span style=\"font-size: 12pt;\"><strong>Los mejores campos del sur<\/strong><\/span><\/a><br \/>\n <a title=\"The 3 best courses in the South\" href=\"https:\/\/www.golftravellers.com\/es\/destinos\/gales\/nuestros-viajes-de-golf-en-gales\/los-3-mejores-campos-del-sur-de-gales\/\"><span style=\"font-size: 10pt;\">Royal Porthcawl, Pennard, Tenby<\/span><\/a><br \/>\n <a title=\"The 3 best courses in the South\" href=\"https:\/\/www.golftravellers.com\/es\/destinos\/gales\/nuestros-viajes-de-golf-en-gales\/los-3-mejores-campos-del-sur-de-gales\/\"><strong><span style=\"font-size: 12pt;\">A partir de <\/span><span style=\"font-size: 18pt;\">650\u20ac<\/span><\/strong><\/a><\/p>\n<\/td>\n<td class=\"noborder\">\u00a0<\/td>\n<td class=\"border\"><a href=\"https:\/\/www.golftravellers.com\/es\/destinos\/gales\/nuestros-viajes-de-golf-en-gales\/3-noches-en-el-celtic-manor-resort\/\"><img loading=\"lazy\" decoding=\"async\" class=\"aligncenter wp-image-14692 size-full\" style=\"border-bottom: thick solid #fff;\" src=\"http:\/\/www.golftravellers.com\/wp-content\/uploads\/2014\/04\/celticmanor-romanroad-package.png\" alt=\"Undulated green on the Roman Road golf course\" width=\"350\" height=\"208\" srcset=\"https:\/\/www.golftravellers.com\/wp-content\/uploads\/2014\/04\/celticmanor-romanroad-package.png 350w, https:\/\/www.golftravellers.com\/wp-content\/uploads\/2014\/04\/celticmanor-romanroad-package-300x178.png 300w\" sizes=\"auto, (max-width: 350px) 100vw, 350px\" \/><\/a><\/p>\n<p style=\"text-align: center;\"><a title=\"3 nights at the 5 star Celtic Manor resort\" href=\"https:\/\/www.golftravellers.com\/es\/destinos\/gales\/nuestros-viajes-de-golf-en-gales\/3-noches-en-el-celtic-manor-resort\/\"><span style=\"font-size: 12pt;\"><strong>3 noches en The Celtic Manor<\/strong><\/span><\/a><br \/>\n <a title=\"3 nights at the 5 star Celtic Manor resort\" href=\"https:\/\/www.golftravellers.com\/es\/destinos\/gales\/nuestros-viajes-de-golf-en-gales\/3-noches-en-el-celtic-manor-resort\/\"><span style=\"font-size: 10pt;\">Roman Road, Montgomerie<\/span><\/a><br \/>\n <a title=\"3 nights at the 5 star Celtic Manor resort\" href=\"https:\/\/www.golftravellers.com\/es\/destinos\/gales\/nuestros-viajes-de-golf-en-gales\/3-noches-en-el-celtic-manor-resort\/\"><strong><span style=\"font-size: 12pt;\">A partir de <\/span><span style=\"font-size: 18pt;\">780\u20ac<\/span><\/strong><\/a><\/p>\n<\/td>\n<\/tr>\n<\/tbody>\n<\/table>\n<p>&nbsp;<\/p>\n<p>&nbsp;<\/p>\n<table class=\"highlight\">\n<tbody>\n<tr>\n<td class=\"border\">\n<p><a href=\"https:\/\/www.golftravellers.com\/es\/destinos\/gales\/nuestros-viajes-de-golf-en-gales\/los-mejores-campos-al-norte-de-gales\/\"><img loading=\"lazy\" decoding=\"async\" class=\"aligncenter wp-image-14709 size-full\" style=\"border-bottom: thick solid #fff; margin-bottom: 0px;\" src=\"http:\/\/www.golftravellers.com\/wp-content\/uploads\/2014\/04\/nefyndistrict-package.png\" alt=\"Peninsula of Nefyn and District golf course\" width=\"350\" height=\"208\" srcset=\"https:\/\/www.golftravellers.com\/wp-content\/uploads\/2014\/04\/nefyndistrict-package.png 350w, https:\/\/www.golftravellers.com\/wp-content\/uploads\/2014\/04\/nefyndistrict-package-300x178.png 300w\" sizes=\"auto, (max-width: 350px) 100vw, 350px\" \/><\/a><\/p>\n<p style=\"text-align: center;\"><a title=\"Play the best courses in the North\" href=\"https:\/\/www.golftravellers.com\/es\/destinos\/gales\/nuestros-viajes-de-golf-en-gales\/los-mejores-campos-al-norte-de-gales\/\"><span style=\"font-size: 12pt;\"><strong>Los mejores campos del norte<\/strong><\/span><\/a><br \/>\n <a title=\"Play the best courses in the North\" href=\"https:\/\/www.golftravellers.com\/es\/destinos\/gales\/nuestros-viajes-de-golf-en-gales\/los-mejores-campos-al-norte-de-gales\/\"><span style=\"font-size: 10pt;\">St David&#8217;s, Aberdovey, Conwy, Nefyn, North W.<\/span><\/a><br \/>\n <a title=\"Play the best courses in the North\" href=\"https:\/\/www.golftravellers.com\/es\/destinos\/gales\/nuestros-viajes-de-golf-en-gales\/los-mejores-campos-al-norte-de-gales\/\"><strong><span style=\"font-size: 12pt;\">A partir de <\/span><span style=\"font-size: 18pt;\">830\u20ac<\/span><\/strong><\/a><\/p>\n<\/td>\n<td class=\"noborder\" style=\"border-bottom: 0;\">\u00a0<\/td>\n<td class=\"border\">\n<p><a href=\"https:\/\/www.golftravellers.com\/es\/destinos\/gales\/nuestros-viajes-de-golf-en-gales\/juegue-en-los-4-mejores-campos-de-gales\/\"><img loading=\"lazy\" decoding=\"async\" class=\"aligncenter wp-image-14722 size-full\" style=\"border-bottom: thick solid #fff; margin-bottom: 0px;\" src=\"http:\/\/www.golftravellers.com\/wp-content\/uploads\/2014\/04\/royalstdavids-package.png\" alt=\"Royal St David's golf course and its dunes\" width=\"350\" height=\"208\" srcset=\"https:\/\/www.golftravellers.com\/wp-content\/uploads\/2014\/04\/royalstdavids-package.png 350w, https:\/\/www.golftravellers.com\/wp-content\/uploads\/2014\/04\/royalstdavids-package-300x178.png 300w\" sizes=\"auto, (max-width: 350px) 100vw, 350px\" \/><\/a><\/p>\n<p style=\"text-align: center;\"><a title=\"Play the 4 best courses in Wales\" href=\"https:\/\/www.golftravellers.com\/es\/destinos\/gales\/nuestros-viajes-de-golf-en-gales\/juegue-en-los-4-mejores-campos-de-gales\/\"><span style=\"font-size: 12pt;\"><strong>Los mejores campos de Gales<\/strong><\/span><\/a><br \/>\n <a title=\"Play the 4 best courses in Wales\" href=\"https:\/\/www.golftravellers.com\/es\/destinos\/gales\/nuestros-viajes-de-golf-en-gales\/juegue-en-los-4-mejores-campos-de-gales\/\"><span style=\"font-size: 10pt;\">Porthcawl, Royal St David&#8217;s, Aberdovey, Pennard<\/span><\/a><br \/>\n <a title=\"Play the 4 best courses in Wales\" href=\"https:\/\/www.golftravellers.com\/es\/destinos\/gales\/nuestros-viajes-de-golf-en-gales\/juegue-en-los-4-mejores-campos-de-gales\/\"><strong><span style=\"font-size: 12pt;\">A partir de <\/span><span style=\"font-size: 18pt;\">920\u20ac<\/span><\/strong><\/a><\/p>\n<\/td>\n<td class=\"noborder\">\u00a0<\/td>\n<td class=\"border\"><a href=\"https:\/\/www.golftravellers.com\/es\/destinos\/gales\/nuestros-viajes-de-golf-en-gales\/los-mejores-campos-de-la-region-sur\/\"><img loading=\"lazy\" decoding=\"async\" class=\"aligncenter wp-image-14733 size-full\" style=\"border-bottom: thick solid #fff;\" src=\"http:\/\/www.golftravellers.com\/wp-content\/uploads\/2014\/04\/royalporthcawl-package-best-courses.png\" alt=\"Green and sea at Royal Porthcawl\" width=\"350\" height=\"208\" srcset=\"https:\/\/www.golftravellers.com\/wp-content\/uploads\/2014\/04\/royalporthcawl-package-best-courses.png 350w, https:\/\/www.golftravellers.com\/wp-content\/uploads\/2014\/04\/royalporthcawl-package-best-courses-300x178.png 300w\" sizes=\"auto, (max-width: 350px) 100vw, 350px\" \/><\/a><\/p>\n<p style=\"text-align: center;\"><a title=\"The best courses in the South region\" href=\"https:\/\/www.golftravellers.com\/es\/destinos\/gales\/nuestros-viajes-de-golf-en-gales\/los-mejores-campos-de-la-region-sur\/\"><span style=\"font-size: 12pt;\"><strong>Los mejores campos del sur<\/strong><\/span><\/a><br \/>\n <a title=\"The best courses in the South region\" href=\"https:\/\/www.golftravellers.com\/es\/destinos\/gales\/nuestros-viajes-de-golf-en-gales\/los-mejores-campos-de-la-region-sur\/\"><span style=\"font-size: 10pt;\">Porthcawl, Pennard, Tenby, Ashburn., Southern.<\/span><\/a><br \/>\n <a title=\"The best courses in the South region\" href=\"https:\/\/www.golftravellers.com\/es\/destinos\/gales\/nuestros-viajes-de-golf-en-gales\/los-mejores-campos-de-la-region-sur\/\"><strong><span style=\"font-size: 12pt;\">A partir de <\/span><span style=\"font-size: 18pt;\">970\u20ac<\/span><\/strong><\/a><\/p>\n<\/td>\n<\/tr>\n<\/tbody>\n<\/table>\n<p>&nbsp;<\/p>\n<p>&nbsp;<\/p>\n","protected":false},"excerpt":{"rendered":"<p>Todos nuestros viajes son personalizados. Las propuestas que le ofrecemos a continuaci\u00f3n han sido creadas s\u00f3lo para darle una idea, por lo que puede reservarlas tal y como est\u00e1n o adaptarlas a sus propias necesidades o presupuesto. Por favor, contacte con nosotros para m\u00e1s informaci\u00f3n. 3 noches en Swansea Pennard, Ashburnham A partir de 420\u20ac [&hellip;]<\/p>\n","protected":false},"author":10,"featured_media":32893,"parent":17170,"menu_order":20,"comment_status":"open","ping_status":"closed","template":"","meta":{"_genesis_hide_title":false,"_genesis_hide_breadcrumbs":false,"_genesis_hide_singular_image":false,"_genesis_hide_footer_widgets":false,"_genesis_custom_body_class":"","_genesis_custom_post_class":"","_genesis_layout":"","footnotes":""},"class_list":{"0":"post-39908","1":"page","2":"type-page","3":"status-publish","4":"has-post-thumbnail","6":"entry"},"_links":{"self":[{"href":"https:\/\/www.golftravellers.com\/es\/wp-json\/wp\/v2\/pages\/39908","targetHints":{"allow":["GET"]}}],"collection":[{"href":"https:\/\/www.golftravellers.com\/es\/wp-json\/wp\/v2\/pages"}],"about":[{"href":"https:\/\/www.golftravellers.com\/es\/wp-json\/wp\/v2\/types\/page"}],"author":[{"embeddable":true,"href":"https:\/\/www.golftravellers.com\/es\/wp-json\/wp\/v2\/users\/10"}],"replies":[{"embeddable":true,"href":"https:\/\/www.golftravellers.com\/es\/wp-json\/wp\/v2\/comments?post=39908"}],"version-history":[{"count":7,"href":"https:\/\/www.golftravellers.com\/es\/wp-json\/wp\/v2\/pages\/39908\/revisions"}],"predecessor-version":[{"id":40714,"href":"https:\/\/www.golftravellers.com\/es\/wp-json\/wp\/v2\/pages\/39908\/revisions\/40714"}],"up":[{"embeddable":true,"href":"https:\/\/www.golftravellers.com\/es\/wp-json\/wp\/v2\/pages\/17170"}],"wp:featuredmedia":[{"embeddable":true,"href":"https:\/\/www.golftravellers.com\/es\/wp-json\/wp\/v2\/media\/32893"}],"wp:attachment":[{"href":"https:\/\/www.golftravellers.com\/es\/wp-json\/wp\/v2\/media?parent=39908"}],"curies":[{"name":"wp","href":"https:\/\/api.w.org\/{rel}","templated":true}]}}