{"id":25236,"date":"2017-11-15T09:28:12","date_gmt":"2017-11-15T09:28:12","guid":{"rendered":"http:\/\/www.golftravellers.com\/?page_id=25236"},"modified":"2018-01-07T09:51:21","modified_gmt":"2018-01-07T09:51:21","slug":"3-noches-en-el-celtic-manor-resort","status":"publish","type":"page","link":"https:\/\/www.golftravellers.com\/es\/destinos\/gales\/nuestros-viajes-de-golf-en-gales\/3-noches-en-el-celtic-manor-resort\/","title":{"rendered":"3 noches en el Celtic Manor resort*****"},"content":{"rendered":"<div class=\"one-half first\"><div class=\"DOPThumbnailGalleryContainer\" id=\"DOPThumbnailGallery471\">\n                                <ul class=\"Settings\" style=\"display:none;\">\n                                    <li class=\"Width\">540<\/li>\n                                    <li class=\"Height\">360<\/li>\n                                    <li class=\"BgColor\">333333<\/li>\n                                    <li class=\"BgAlpha\">45<\/li>\n                                    <li class=\"ImagesOrder\">normal<\/li>\n                                    <li class=\"ResponsiveEnabled\">true<\/li>  \n                                    <li class=\"ThumbnailsPosition\">bottom<\/li>\n                                    <li class=\"ThumbnailsOverImage\">false<\/li>\n                                    <li class=\"ThumbnailsBgColor\">000000<\/li>\n                                    <li class=\"ThumbnailsBgAlpha\">50<\/li>\n                                    <li class=\"ThumbnailsSpacing\">5<\/li>\n                                    <li class=\"ThumbnailsPaddingTop\">0<\/li>\n                                    <li class=\"ThumbnailsPaddingRight\">5<\/li>\n                                    <li class=\"ThumbnailsPaddingBottom\">5<\/li>\n                                    <li class=\"ThumbnailsPaddingLeft\">5<\/li>\n                                    <li class=\"ThumbnailsNavigation\">mouse<\/li>\n                                    <li class=\"ThumbnailsNavigationPrev\">https:\/\/www.golftravellers.com\/wp-content\/plugins\/doptg\/uploads\/settings\/thumbnails-navigation-prev\/1-0.png<\/li>\n                                    <li class=\"ThumbnailsNavigationPrevHover\">https:\/\/www.golftravellers.com\/wp-content\/plugins\/doptg\/uploads\/settings\/thumbnails-navigation-prev-hover\/1-0.png<\/li>\n                                    <li class=\"ThumbnailsNavigationNext\">https:\/\/www.golftravellers.com\/wp-content\/plugins\/doptg\/uploads\/settings\/thumbnails-navigation-next\/1-0.png<\/li>\n                                    <li class=\"ThumbnailsNavigationNextHover\">https:\/\/www.golftravellers.com\/wp-content\/plugins\/doptg\/uploads\/settings\/thumbnails-navigation-next-hover\/1-0.png<\/li>\n                                    <li class=\"ThumbnailLoader\">https:\/\/www.golftravellers.com\/wp-content\/plugins\/doptg\/assets\/gui\/images\/ThumbnailLoader.gif<\/li>\n                                    <li class=\"ThumbnailWidth\">40<\/li>\n                                    <li class=\"ThumbnailHeight\">40<\/li>\n                                    <li class=\"ThumbnailWidthMobile\">30<\/li>\n                                    <li class=\"ThumbnailHeightMobile\">30<\/li>\n                                    <li class=\"ThumbnailAlpha\">50<\/li>\n                                    <li class=\"ThumbnailAlphaHover\">100<\/li>\n                                    <li class=\"ThumbnailAlphaSelected\">100<\/li>\n                                    <li class=\"ThumbnailBgColor\"><\/li>\n                                    <li class=\"ThumbnailBgColorHover\">000000<\/li>\n                                    <li class=\"ThumbnailBgColorSelected\">000000<\/li>\n                                    <li class=\"ThumbnailBorderSize\">2<\/li>\n                                    <li class=\"ThumbnailBorderColor\">f1f1f1<\/li>\n                                    <li class=\"ThumbnailBorderColorHover\">000000<\/li>\n                                    <li class=\"ThumbnailBorderColorSelected\">000000<\/li>\n                                    <li class=\"ThumbnailPaddingTop\">0<\/li>\n                                    <li class=\"ThumbnailPaddingRight\">0<\/li>\n                                    <li class=\"ThumbnailPaddingBottom\">0<\/li>\n                                    <li class=\"ThumbnailPaddingLeft\">0<\/li>\n                                    <li class=\"ImageLoader\">https:\/\/www.golftravellers.com\/wp-content\/plugins\/doptg\/assets\/gui\/images\/ImageLoader.gif<\/li>\n                                    <li class=\"ImageBgColor\">afafaf<\/li>\n                                    <li class=\"ImageBgAlpha\">100<\/li>\n                                    <li class=\"ImageDisplayType\">full<\/li>\n                                    <li class=\"ImageDisplayTime\">1000<\/li>\n                                    <li class=\"ImageMarginTop\">5<\/li>\n                                    <li class=\"ImageMarginRight\">5<\/li>\n                                    <li class=\"ImageMarginBottom\">5<\/li>\n                                    <li class=\"ImageMarginLeft\">5<\/li>\n                                    <li class=\"ImagePaddingTop\">5<\/li>\n                                    <li class=\"ImagePaddingRight\">5<\/li>\n                                    <li class=\"ImagePaddingBottom\">5<\/li>        \n                                    <li class=\"ImagePaddingLeft\">5<\/li>\n                                    <li class=\"NavigationEnabled\">true<\/li>\n                                    <li class=\"NavigationOverImage\">true<\/li>\n                                    <li class=\"NavigationPrev\">https:\/\/www.golftravellers.com\/wp-content\/plugins\/doptg\/uploads\/settings\/navigation-prev\/1-0.png<\/li>\n                                    <li class=\"NavigationPrevHover\">https:\/\/www.golftravellers.com\/wp-content\/plugins\/doptg\/uploads\/settings\/navigation-prev-hover\/1-0.png<\/li>\n                                    <li class=\"NavigationNext\">https:\/\/www.golftravellers.com\/wp-content\/plugins\/doptg\/uploads\/settings\/navigation-next\/1-0.png<\/li>\n                                    <li class=\"NavigationNextHover\">https:\/\/www.golftravellers.com\/wp-content\/plugins\/doptg\/uploads\/settings\/navigation-next-hover\/1-0.png<\/li>\n                                    <li class=\"NavigationLightbox\">https:\/\/www.golftravellers.com\/wp-content\/plugins\/doptg\/uploads\/settings\/navigation-lightbox\/1-0.png<\/li>\n                                    <li class=\"NavigationLightboxHover\">https:\/\/www.golftravellers.com\/wp-content\/plugins\/doptg\/uploads\/settings\/navigation-lightbox-hover\/1-0.png<\/li>\n                                    <li class=\"NavigationTouchDeviceSwipeEnabled\">true<\/li>\n                                    <li class=\"CaptionWidth\">0<\/li>\n                                    <li class=\"CaptionHeight\">0<\/li>\n                                    <li class=\"CaptionTitleColor\">fff<\/li>\n                                    <li class=\"CaptionTextColor\">fff<\/li>\n                                    <li class=\"CaptionBgColor\">000000<\/li>\n                                    <li class=\"CaptionBgAlpha\">30<\/li>\n                                    <li class=\"CaptionPosition\">bottom<\/li>\n                                    <li class=\"CaptionOverImage\">false<\/li>\n                                    <li class=\"CaptionScrollScrubColor\">777777<\/li>\n                                    <li class=\"CaptionScrollBgColor\">e0e0e0<\/li>    \n                                    <li class=\"CaptionMarginTop\">5<\/li>\n                                    <li class=\"CaptionMarginRight\">5<\/li>\n                                    <li class=\"CaptionMarginBottom\">5<\/li>\n                                    <li class=\"CaptionMarginLeft\">5<\/li>\n                                    <li class=\"CaptionPaddingTop\">5<\/li>\n                                    <li class=\"CaptionPaddingRight\">5<\/li>\n                                    <li class=\"CaptionPaddingBottom\">5<\/li>\n                                    <li class=\"CaptionPaddingLeft\">5<\/li>\n                                    <li class=\"LightboxEnabled\">true<\/li>\n                                    <li class=\"LightboxWindowColor\">000000<\/li>\n                                    <li class=\"LightboxWindowAlpha\">80<\/li>\n                                    <li class=\"LightboxLoader\">https:\/\/www.golftravellers.com\/wp-content\/plugins\/doptg\/assets\/gui\/images\/LightboxLoader.gif<\/li>\n                                    <li class=\"LightboxBgColor\">000000<\/li>\n                                    <li class=\"LightboxBgAlpha\">100<\/li>\n                                    <li class=\"LightboxMarginTop\">5<\/li>\n                                    <li class=\"LightboxMarginRight\">5<\/li>\n                                    <li class=\"LightboxMarginBottom\">5<\/li>\n                                    <li class=\"LightboxMarginLeft\">5<\/li>\n                                    <li class=\"LightboxPaddingTop\">5<\/li>\n                                    <li class=\"LightboxPaddingRight\">5<\/li>\n                                    <li class=\"LightboxPaddingBottom\">5<\/li>\n                                    <li class=\"LightboxPaddingLeft\">5<\/li>\n                                    <li class=\"LightboxNavigationPrev\">https:\/\/www.golftravellers.com\/wp-content\/plugins\/doptg\/uploads\/settings\/lightbox-navigation-prev\/1-0.png<\/li>\n                                    <li class=\"LightboxNavigationPrevHover\">https:\/\/www.golftravellers.com\/wp-content\/plugins\/doptg\/uploads\/settings\/lightbox-navigation-prev-hover\/1-0.png<\/li>\n                                    <li class=\"LightboxNavigationNext\">https:\/\/www.golftravellers.com\/wp-content\/plugins\/doptg\/uploads\/settings\/lightbox-navigation-next\/1-0.png<\/li>\n                                    <li class=\"LightboxNavigationNextHover\">https:\/\/www.golftravellers.com\/wp-content\/plugins\/doptg\/uploads\/settings\/lightbox-navigation-next-hover\/1-0.png<\/li>\n                                    <li class=\"LightboxNavigationClose\">https:\/\/www.golftravellers.com\/wp-content\/plugins\/doptg\/uploads\/settings\/lightbox-navigation-close\/1-0.png<\/li>\n                                    <li class=\"LightboxNavigationCloseHover\">https:\/\/www.golftravellers.com\/wp-content\/plugins\/doptg\/uploads\/settings\/lightbox-navigation-close-hover\/1-0.png<\/li>\n                                    <li class=\"LightboxNavigationInfoBgColor\">000000<\/li>\n                                    <li class=\"LightboxNavigationInfoTextColor\">dddddd<\/li>\n                                    <li class=\"LightboxNavigationTouchDeviceSwipeEnabled\">true<\/li>\n                                    <li class=\"SocialShareEnabled\">false<\/li>\n                                    <li class=\"SocialShare\">https:\/\/www.golftravellers.com\/wp-content\/plugins\/doptg\/assets\/gui\/images\/SocialShare.png<\/li>\n                                    <li class=\"SocialShareLightbox\">https:\/\/www.golftravellers.com\/wp-content\/plugins\/doptg\/assets\/gui\/images\/SocialShareLightbox.png<\/li>\n                                    <li class=\"TooltipEnabled\">false<\/li>\n                                    <li class=\"TooltipBgColor\">ffffff<\/li>\n                                    <li class=\"TooltipStrokeColor\">000000<\/li>\n                                    <li class=\"TooltipTextColor\">000000<\/li>\n                                    <li class=\"Slideshow\">true<\/li>\n                                    <li class=\"SlideshowTime\">3500<\/li>\n                                    <li class=\"SlideshowAutostart\">true<\/li>\n                                    <li class=\"SlideshowLoop\">true<\/li>\n                                    <li class=\"SlideshowPlay\">https:\/\/www.golftravellers.com\/wp-content\/plugins\/doptg\/uploads\/settings\/slideshow-play\/1-0.png<\/li>\n                                    <li class=\"SlideshowPlayHover\">https:\/\/www.golftravellers.com\/wp-content\/plugins\/doptg\/uploads\/settings\/slideshow-play-hover\/1-0.png<\/li>\n                                    <li class=\"SlideshowPause\">https:\/\/www.golftravellers.com\/wp-content\/plugins\/doptg\/uploads\/settings\/slideshow-pause\/1-0.png<\/li>\n                                    <li class=\"SlideshowPauseHover\">https:\/\/www.golftravellers.com\/wp-content\/plugins\/doptg\/uploads\/settings\/slideshow-pause-hover\/1-0.png<\/li>\n                                    <li class=\"AutoHide\">false<\/li>\n                                    <li class=\"AutoHideTime\">2000<\/li>\n                                <\/ul>\n                                <ul class=\"Content\" style=\"display:none;\"><li>\n                                                    <img decoding=\"async\" class=\"Image\" src=\"https:\/\/www.golftravellers.com\/wp-content\/plugins\/doptg\/uploads\/jSsFH11QG75aNgzTrhNm5dZSZt7ch1aM19CcnXG3c81OqXCC9MNZptgSqwexwSk56.jpg\" alt=\"Downhill hole on the Roman road at Celtic Manor\" title=\"Downhill hole on the Roman road at Celtic Manor\" \/>\n                                                    <img decoding=\"async\" class=\"Thumb\" src=\"https:\/\/www.golftravellers.com\/wp-content\/plugins\/doptg\/uploads\/thumbs\/jSsFH11QG75aNgzTrhNm5dZSZt7ch1aM19CcnXG3c81OqXCC9MNZptgSqwexwSk56.jpg\" alt=\"Downhill hole on the Roman road at Celtic Manor\" title=\"Downhill hole on the Roman road at Celtic Manor\" \/>\n                                                    <span class=\"CaptionTitle\">Downhill hole on the Roman road at Celtic Manor<\/span>\n                                                    <span class=\"CaptionText\"><\/span>\n                                                    <span class=\"Media\"><\/span>\n                                                    <span class=\"LightboxMedia\"><\/span>\n                                                 <\/li><li>\n                                                    <img decoding=\"async\" class=\"Image\" src=\"https:\/\/www.golftravellers.com\/wp-content\/plugins\/doptg\/uploads\/L7ME8bByYkR4OXeK4fqjy2B4XZ1bY2d8TdPF1q9tsDcrgnKy1rQ7ndst4QZWNryYB.jpg\" alt=\"Undulated green and trees on the Roman road at Celtic Manor\" title=\"Undulated green and trees on the Roman road at Celtic Manor\" \/>\n                                                    <img decoding=\"async\" class=\"Thumb\" src=\"https:\/\/www.golftravellers.com\/wp-content\/plugins\/doptg\/uploads\/thumbs\/L7ME8bByYkR4OXeK4fqjy2B4XZ1bY2d8TdPF1q9tsDcrgnKy1rQ7ndst4QZWNryYB.jpg\" alt=\"Undulated green and trees on the Roman road at Celtic Manor\" title=\"Undulated green and trees on the Roman road at Celtic Manor\" \/>\n                                                    <span class=\"CaptionTitle\">Undulated green and trees on the Roman road at Celtic Manor<\/span>\n                                                    <span class=\"CaptionText\"><\/span>\n                                                    <span class=\"Media\"><\/span>\n                                                    <span class=\"LightboxMedia\"><\/span>\n                                                 <\/li><li>\n                                                    <img decoding=\"async\" class=\"Image\" src=\"https:\/\/www.golftravellers.com\/wp-content\/plugins\/doptg\/uploads\/GLcs987FP8b9AEQXeXkn9kW1rtgs5MaEmNGTw1d79w7tTG3k3Xq5PDt7nq4eF8p5S.jpg\" alt=\"Elevated green on the Roman Road at Celtic Manor\" title=\"Elevated green on the Roman Road at Celtic Manor\" \/>\n                                                    <img decoding=\"async\" class=\"Thumb\" src=\"https:\/\/www.golftravellers.com\/wp-content\/plugins\/doptg\/uploads\/thumbs\/GLcs987FP8b9AEQXeXkn9kW1rtgs5MaEmNGTw1d79w7tTG3k3Xq5PDt7nq4eF8p5S.jpg\" alt=\"Elevated green on the Roman Road at Celtic Manor\" title=\"Elevated green on the Roman Road at Celtic Manor\" \/>\n                                                    <span class=\"CaptionTitle\">Elevated green on the Roman Road at Celtic Manor<\/span>\n                                                    <span class=\"CaptionText\"><\/span>\n                                                    <span class=\"Media\"><\/span>\n                                                    <span class=\"LightboxMedia\"><\/span>\n                                                 <\/li><li>\n                                                    <img decoding=\"async\" class=\"Image\" src=\"https:\/\/www.golftravellers.com\/wp-content\/plugins\/doptg\/uploads\/D2K4LGBcLNDYHkXAyHFKtpsX8P38fgQ4taCDjLaerkCNmEGa912GEGNG6N8xK7jxT.jpg\" alt=\"Elevated Tee on the Montgomerie course at Celtic Manor\" title=\"Elevated Tee on the Montgomerie course at Celtic Manor\" \/>\n                                                    <img decoding=\"async\" class=\"Thumb\" src=\"https:\/\/www.golftravellers.com\/wp-content\/plugins\/doptg\/uploads\/thumbs\/D2K4LGBcLNDYHkXAyHFKtpsX8P38fgQ4taCDjLaerkCNmEGa912GEGNG6N8xK7jxT.jpg\" alt=\"Elevated Tee on the Montgomerie course at Celtic Manor\" title=\"Elevated Tee on the Montgomerie course at Celtic Manor\" \/>\n                                                    <span class=\"CaptionTitle\">Elevated Tee on the Montgomerie course at Celtic Manor<\/span>\n                                                    <span class=\"CaptionText\"><\/span>\n                                                    <span class=\"Media\"><\/span>\n                                                    <span class=\"LightboxMedia\"><\/span>\n                                                 <\/li><li>\n                                                    <img decoding=\"async\" class=\"Image\" src=\"https:\/\/www.golftravellers.com\/wp-content\/plugins\/doptg\/uploads\/21qpXhCzRTHq6xyYPA7Ltrmr37OZfADP8cBHCFYa46eQeRtYDq6Yg5KLAgWsg9Dmk.jpg\" alt=\"Golfer putting on the Montgomerie course at Celtic Manor\" title=\"Golfer putting on the Montgomerie course at Celtic Manor\" \/>\n                                                    <img decoding=\"async\" class=\"Thumb\" src=\"https:\/\/www.golftravellers.com\/wp-content\/plugins\/doptg\/uploads\/thumbs\/21qpXhCzRTHq6xyYPA7Ltrmr37OZfADP8cBHCFYa46eQeRtYDq6Yg5KLAgWsg9Dmk.jpg\" alt=\"Golfer putting on the Montgomerie course at Celtic Manor\" title=\"Golfer putting on the Montgomerie course at Celtic Manor\" \/>\n                                                    <span class=\"CaptionTitle\">Golfer putting on the Montgomerie course at Celtic Manor<\/span>\n                                                    <span class=\"CaptionText\"><\/span>\n                                                    <span class=\"Media\"><\/span>\n                                                    <span class=\"LightboxMedia\"><\/span>\n                                                 <\/li><li>\n                                                    <img decoding=\"async\" class=\"Image\" src=\"https:\/\/www.golftravellers.com\/wp-content\/plugins\/doptg\/uploads\/WfQTcOwdganKgjCfYeNXRS4hYR7yYZmdRxweqgpFP5feZ5sQF5G5DgwctYCTOpWgc.jpg\" alt=\"Large green bunkers on the Montgomerie course at Celtic Manor\" title=\"Large green bunkers on the Montgomerie course at Celtic Manor\" \/>\n                                                    <img decoding=\"async\" class=\"Thumb\" src=\"https:\/\/www.golftravellers.com\/wp-content\/plugins\/doptg\/uploads\/thumbs\/WfQTcOwdganKgjCfYeNXRS4hYR7yYZmdRxweqgpFP5feZ5sQF5G5DgwctYCTOpWgc.jpg\" alt=\"Large green bunkers on the Montgomerie course at Celtic Manor\" title=\"Large green bunkers on the Montgomerie course at Celtic Manor\" \/>\n                                                    <span class=\"CaptionTitle\">Large green bunkers on the Montgomerie course at Celtic Manor<\/span>\n                                                    <span class=\"CaptionText\"><\/span>\n                                                    <span class=\"Media\"><\/span>\n                                                    <span class=\"LightboxMedia\"><\/span>\n                                                 <\/li><\/ul>\n                            <\/div>\n                            <script type=\"text\/JavaScript\">\n                                jQuery(document).ready(function(){\n                                    jQuery('#DOPThumbnailGallery471').DOPThumbnailGallery({'ParseMethod': 'HTML'});\n                                });\n                            <\/script><\/div>\n<div class=\"one-half\">\n<p><span style=\"font-size: 36pt;\">780\u20ac<br \/>\n <\/span><\/p>\n<h4>El precio del paquete incluye:<\/h4>\n<ul style=\"list-style-type: square;\">\n<li>3 noches en el Celtic Manor\u00a0resort*****<\/li>\n<li>2 Green Fees\n<ul style=\"list-style-type: circle;\">\n<li><a title=\"Roman Road (Celtic Manor)\" href=\"https:\/\/www.golftravellers.com\/destinations\/wales\/golf-courses-in-wales\/south-region-wales\/roman-road-celtic-manor\/\" target=\"_blank\" rel=\"noopener\">Roman Road (Celtic Manor)<\/a><\/li>\n<li><a title=\"Montgomerie (Celtic Manor)\" href=\"https:\/\/www.golftravellers.com\/destinations\/wales\/golf-courses-in-wales\/south-region-wales\/montgomerie-celtic-manor\/\" target=\"_blank\" rel=\"noopener\">Montgomerie<\/a><\/li>\n<\/ul>\n<\/li>\n<li><a title=\"Transport Options\" href=\"https:\/\/www.golftravellers.com\/transport-options\/\" target=\"_blank\" rel=\"noopener\">Traslados desde y hacia el aeropuerto con conductor<\/a><\/li>\n<\/ul>\n<\/div>\n<div style=\"clear: both;\">\u00a0<\/div>\n<div class=\"one-third first\"><a class=\"button \" title=\"Book your Holiday now\" href=\"https:\/\/www.golftravellers.com\/contact-us\/book-now\/\">Reserve<\/a><\/div>\n<div class=\"one-third\"><a class=\"button\" title=\"Customise your Holiday\" href=\"https:\/\/www.golftravellers.com\/contact-us\/customise-your-holiday\/\">Personalice<\/a><\/div>\n<div class=\"one-third\"><a class=\"button\" title=\"Contact Us\" href=\"https:\/\/www.golftravellers.com\/contact-us\/\">Contacto<\/a><\/div>\n<div id=\"details\">\u00a0<\/div>\n<div>\u00a0<\/div>\n<div class=\"one-half first\">\n<h4>Extras complementarios:<\/h4>\n<ul>\n<li>24\/7 Servicio y asistencia al cliente<\/li>\n<\/ul>\n<\/div>\n<div class=\"one-half\">\n<h4>Extras opcionales:<\/h4>\n<ul>\n<li>Reserva de vuelos<\/li>\n<li>Suplemento de habitaci\u00f3n individual<\/li>\n<li>Noches y campos de golf adicionales<\/li>\n<li>Actividades y atracciones locales<\/li>\n<li>Almuerzos y cenas<\/li>\n<li>Seguro de viaje<\/li>\n<\/ul>\n<\/div>\n<h2>Itinerario de muestra:<\/h2>\n<table>\n<tbody>\n<tr>\n<td style=\"width: 25%;\"><strong>D\u00eda 1:<\/strong><\/td>\n<td>Llegada a Cardiff Airport<\/td>\n<td>Celtic Manor*****, Newport<\/td>\n<td>50 minutos<\/td>\n<\/tr>\n<tr>\n<td style=\"width: 25%;\"><strong>D\u00eda 2:<\/strong><\/td>\n<td>Montgomerie<\/td>\n<td>Celtic Manor*****, Newport<\/td>\n<td>&nbsp;<\/td>\n<\/tr>\n<tr>\n<td style=\"width: 25%;\"><strong>D\u00eda 3:<\/strong><\/td>\n<td>Roman Road<\/td>\n<td>Celtic Manor*****, Newport<\/td>\n<td>&nbsp;<\/td>\n<\/tr>\n<tr>\n<td style=\"width: 25%;\"><strong>D\u00eda 4:<\/strong><\/td>\n<td>Salida de Cardiff Airport<\/td>\n<td>&nbsp;<\/td>\n<td>50 minutos<\/td>\n<\/tr>\n<\/tbody>\n<\/table>\n<div class=\"terms\"><img loading=\"lazy\" decoding=\"async\" class=\"alignleft wp-image-3871\" src=\"https:\/\/www.golftravellers.com\/wp-content\/uploads\/2014\/06\/ExclamationPoint.png\" alt=\"Black exclamation point within box with black border\" width=\"50\" height=\"50\" \/><\/p>\n<h3>Condiciones del paquete:<\/h3>\n<p>\u00a0<br \/>\n &#8211; Todos nuestros paquetes en Reino Unido son en libras esterlinas.<\/p>\n<p>&#8211; Oferta v\u00e1lida entre el 1 de abril y el 31 de octubre para un m\u00ednimo de 2 personas en habitaci\u00f3n doble\/twin con desayuno gal\u00e9s. Tarifas especiales de noviembre a marzo.<\/p>\n<\/div>\n<p>&nbsp;<\/p>\n<div class=\"one-third first\"><a class=\"button \" title=\"Book your Holiday now\" href=\"https:\/\/www.golftravellers.com\/contact-us\/book-now\/\">Reserve<\/a><\/div>\n<div class=\"one-third\"><a class=\"button\" title=\"Customise your Holiday\" href=\"https:\/\/www.golftravellers.com\/contact-us\/customise-your-holiday\/\">Personalice<\/a><\/div>\n<div class=\"one-third\"><a class=\"button\" title=\"Contact Us\" href=\"https:\/\/www.golftravellers.com\/contact-us\/\">Contacto<\/a><\/div>\n","protected":false},"excerpt":{"rendered":"<p>780\u20ac El precio del paquete incluye: 3 noches en el Celtic Manor\u00a0resort***** 2 Green Fees Roman Road (Celtic Manor) Montgomerie Traslados desde y hacia el aeropuerto con conductor \u00a0 Reserve Personalice Contacto \u00a0 \u00a0 Extras complementarios: 24\/7 Servicio y asistencia al cliente Extras opcionales: Reserva de vuelos Suplemento de habitaci\u00f3n individual Noches y campos de [&hellip;]<\/p>\n","protected":false},"author":6,"featured_media":0,"parent":39908,"menu_order":0,"comment_status":"open","ping_status":"closed","template":"","meta":{"_genesis_hide_title":false,"_genesis_hide_breadcrumbs":false,"_genesis_hide_singular_image":false,"_genesis_hide_footer_widgets":false,"_genesis_custom_body_class":"","_genesis_custom_post_class":"","_genesis_layout":"full-width-content","footnotes":""},"class_list":{"0":"post-25236","1":"page","2":"type-page","3":"status-publish","5":"entry"},"_links":{"self":[{"href":"https:\/\/www.golftravellers.com\/es\/wp-json\/wp\/v2\/pages\/25236","targetHints":{"allow":["GET"]}}],"collection":[{"href":"https:\/\/www.golftravellers.com\/es\/wp-json\/wp\/v2\/pages"}],"about":[{"href":"https:\/\/www.golftravellers.com\/es\/wp-json\/wp\/v2\/types\/page"}],"author":[{"embeddable":true,"href":"https:\/\/www.golftravellers.com\/es\/wp-json\/wp\/v2\/users\/6"}],"replies":[{"embeddable":true,"href":"https:\/\/www.golftravellers.com\/es\/wp-json\/wp\/v2\/comments?post=25236"}],"version-history":[{"count":6,"href":"https:\/\/www.golftravellers.com\/es\/wp-json\/wp\/v2\/pages\/25236\/revisions"}],"predecessor-version":[{"id":40717,"href":"https:\/\/www.golftravellers.com\/es\/wp-json\/wp\/v2\/pages\/25236\/revisions\/40717"}],"up":[{"embeddable":true,"href":"https:\/\/www.golftravellers.com\/es\/wp-json\/wp\/v2\/pages\/39908"}],"wp:attachment":[{"href":"https:\/\/www.golftravellers.com\/es\/wp-json\/wp\/v2\/media?parent=25236"}],"curies":[{"name":"wp","href":"https:\/\/api.w.org\/{rel}","templated":true}]}}