{"id":25063,"date":"2017-11-08T09:29:14","date_gmt":"2017-11-08T09:29:14","guid":{"rendered":"http:\/\/www.golftravellers.com\/?page_id=25063"},"modified":"2024-02-15T09:48:11","modified_gmt":"2024-02-15T09:48:11","slug":"the-beatles-golf-tour","status":"publish","type":"page","link":"https:\/\/www.golftravellers.com\/es\/destinos\/inglaterra\/paquetes\/the-beatles-golf-tour\/","title":{"rendered":"The Beatles Golf Tour"},"content":{"rendered":"<div class=\"one-half first\"><\/div>\n<div class=\"one-half\">\n<p><span style=\"font-size: 36pt;\">1190\u20ac<br \/>\n<\/span><\/p>\n<h4>El paquete incluye:<\/h4>\n<ul style=\"list-style-type: square;\">\n<li>3 noches en el hotel Holiday Inn*** (Albert Dock) en Liverpool<\/li>\n<li>2 Green Fees\n<ul style=\"list-style-type: circle;\">\n<li><a href=\"https:\/\/www.golftravellers.com\/es\/destinos\/inglaterra\/campos-de-golf-en-inglaterra\/region-norte\/hillside\/\">Hillside<\/a><\/li>\n<li><a href=\"https:\/\/www.golftravellers.com\/es\/destinos\/inglaterra\/campos-de-golf-en-inglaterra\/region-norte\/wallasey\/\">Wallasey<\/a><\/li>\n<\/ul>\n<\/li>\n<li><a href=\"https:\/\/www.golftravellers.com\/es\/opciones-de-transporte\/\">1 alquiler de coche durante 4 d\u00edas<\/a><\/li>\n<li>Tickets para el museo The Beatles<\/li>\n<\/ul>\n<\/div>\n<div style=\"clear: both;\"><\/div>\n<div class=\"one-third first\"><a class=\"button \" title=\"Book your Holiday now\" href=\"https:\/\/www.golftravellers.com\/contact-us\/book-now\/\">Reserve<\/a><\/div>\n<div class=\"one-third\"><a class=\"button\" title=\"Customise your Holiday\" href=\"https:\/\/www.golftravellers.com\/contact-us\/customise-your-holiday\/\">Personalice<\/a><\/div>\n<div class=\"one-third\"><a class=\"button\" title=\"Contact Us\" href=\"https:\/\/www.golftravellers.com\/contact-us\/\">Contacte<\/a><\/div>\n<div id=\"details\"><\/div>\n<div>\n<div><\/div>\n<div class=\"one-half first\">\n<h4>Extras complementarios:<\/h4>\n<ul>\n<li>Asistencia y atenci\u00f3n al cliente 24\/7<\/li>\n<\/ul>\n<\/div>\n<div class=\"one-half\">\n<h4>Extras opcionales:<\/h4>\n<ul>\n<li>Reserva de vuelos<\/li>\n<li>Suplemento de habitaci\u00f3n individual<\/li>\n<li>Modificar la categor\u00eda del hotel a 4 \u00f3 5 estrellas<\/li>\n<li>Noches y campos de golf adicionales<\/li>\n<li>Traslados con conductor<\/li>\n<li>Actividades y atracciones locales<\/li>\n<li>Almuerzos y cenas<\/li>\n<li>Seguro de viajes<\/li>\n<\/ul>\n<\/div>\n<h2>Itinerario de muestra:<\/h2>\n<table>\n<tbody>\n<tr>\n<td style=\"width: 25%;\"><strong>D\u00eda 1:<\/strong><\/td>\n<td>Llegada a Liverpool Airport<\/td>\n<td>Holiday Inn (Albert Dock), Liverpool<\/td>\n<td>30 minutos<\/td>\n<\/tr>\n<tr>\n<td style=\"width: 25%;\"><strong>D\u00eda 2:<\/strong><\/td>\n<td>Wallasey<\/td>\n<td>Holiday Inn (Albert Dock), Liverpool<\/td>\n<td>15 minutos<\/td>\n<\/tr>\n<tr>\n<td style=\"width: 25%;\"><strong>D\u00eda 3:<\/strong><\/td>\n<td>Hillside<\/td>\n<td>Holiday Inn (Albert Dock), Liverpool<\/td>\n<td>50 minutos<\/td>\n<\/tr>\n<tr>\n<td style=\"width: 25%;\"><strong>D\u00eda 4:<\/strong><\/td>\n<td>Salida de Liverpool Airport<\/td>\n<td><\/td>\n<td>30 minutos<\/td>\n<\/tr>\n<\/tbody>\n<\/table>\n<div class=\"terms\"><img loading=\"lazy\" decoding=\"async\" class=\"alignleft wp-image-3871\" src=\"https:\/\/www.golftravellers.com\/wp-content\/uploads\/2014\/06\/ExclamationPoint.png\" alt=\"Black exclamation point within box with black border\" width=\"50\" height=\"50\" \/><\/p>\n<h3>Condiciones del paquete:<\/h3>\n<p>&#8211; Todos nuestros paquetes en Reino Unido son en libras esterlinas.<\/p>\n<p>&#8211; Oferta v\u00e1lida entre el 1 de abril y el 31 de octubre para un m\u00ednimo de 2 personas en habitaci\u00f3n doble\/twin con desayuno ingl\u00e9s inclu\u00eddo. Tarifas especiales de noviembre a marzo.<\/p>\n<\/div>\n<div class=\"one-third first\"><a class=\"button \" title=\"Book your Holiday now\" href=\"https:\/\/www.golftravellers.com\/contact-us\/book-now\/\">Reserve<\/a><\/div>\n<div class=\"one-third\"><a class=\"button\" title=\"Customise your Holiday\" href=\"https:\/\/www.golftravellers.com\/contact-us\/customise-your-holiday\/\">Personalice<\/a><\/div>\n<div class=\"one-third\"><a class=\"button\" title=\"Contact Us\" href=\"https:\/\/www.golftravellers.com\/contact-us\/\">Contacte<\/a><\/div>\n<\/div>\n","protected":false},"excerpt":{"rendered":"<p>1190\u20ac El paquete incluye: 3 noches en el hotel Holiday Inn*** (Albert Dock) en Liverpool 2 Green Fees Hillside Wallasey 1 alquiler de coche durante 4 d\u00edas Tickets para el museo The Beatles Reserve Personalice Contacte Extras complementarios: Asistencia y atenci\u00f3n al cliente 24\/7 Extras opcionales: Reserva de vuelos Suplemento de habitaci\u00f3n individual Modificar la [&hellip;]<\/p>\n","protected":false},"author":6,"featured_media":0,"parent":22579,"menu_order":0,"comment_status":"open","ping_status":"closed","template":"","meta":{"_genesis_hide_title":false,"_genesis_hide_breadcrumbs":false,"_genesis_hide_singular_image":false,"_genesis_hide_footer_widgets":false,"_genesis_custom_body_class":"","_genesis_custom_post_class":"","_genesis_layout":"full-width-content","footnotes":""},"class_list":{"0":"post-25063","1":"page","2":"type-page","3":"status-publish","5":"entry"},"_links":{"self":[{"href":"https:\/\/www.golftravellers.com\/es\/wp-json\/wp\/v2\/pages\/25063","targetHints":{"allow":["GET"]}}],"collection":[{"href":"https:\/\/www.golftravellers.com\/es\/wp-json\/wp\/v2\/pages"}],"about":[{"href":"https:\/\/www.golftravellers.com\/es\/wp-json\/wp\/v2\/types\/page"}],"author":[{"embeddable":true,"href":"https:\/\/www.golftravellers.com\/es\/wp-json\/wp\/v2\/users\/6"}],"replies":[{"embeddable":true,"href":"https:\/\/www.golftravellers.com\/es\/wp-json\/wp\/v2\/comments?post=25063"}],"version-history":[{"count":11,"href":"https:\/\/www.golftravellers.com\/es\/wp-json\/wp\/v2\/pages\/25063\/revisions"}],"predecessor-version":[{"id":43557,"href":"https:\/\/www.golftravellers.com\/es\/wp-json\/wp\/v2\/pages\/25063\/revisions\/43557"}],"up":[{"embeddable":true,"href":"https:\/\/www.golftravellers.com\/es\/wp-json\/wp\/v2\/pages\/22579"}],"wp:attachment":[{"href":"https:\/\/www.golftravellers.com\/es\/wp-json\/wp\/v2\/media?parent=25063"}],"curies":[{"name":"wp","href":"https:\/\/api.w.org\/{rel}","templated":true}]}}