{"id":25062,"date":"2017-11-08T09:21:35","date_gmt":"2017-11-08T09:21:35","guid":{"rendered":"http:\/\/www.golftravellers.com\/?page_id=25062"},"modified":"2018-01-06T19:36:45","modified_gmt":"2018-01-06T19:36:45","slug":"2-campos-de-prestigio-en-el-sudeste","status":"publish","type":"page","link":"https:\/\/www.golftravellers.com\/es\/destinos\/inglaterra\/paquetes\/2-campos-de-prestigio-en-el-sudeste\/","title":{"rendered":"2 campos de prestigio en el Sudeste"},"content":{"rendered":"<div class=\"one-half first\"><div class=\"DOPThumbnailGalleryContainer\" id=\"DOPThumbnailGallery478\">\n                                <ul class=\"Settings\" style=\"display:none;\">\n                                    <li class=\"Width\">540<\/li>\n                                    <li class=\"Height\">360<\/li>\n                                    <li class=\"BgColor\">333333<\/li>\n                                    <li class=\"BgAlpha\">45<\/li>\n                                    <li class=\"ImagesOrder\">normal<\/li>\n                                    <li class=\"ResponsiveEnabled\">true<\/li>  \n                                    <li class=\"ThumbnailsPosition\">bottom<\/li>\n                                    <li class=\"ThumbnailsOverImage\">false<\/li>\n                                    <li class=\"ThumbnailsBgColor\">000000<\/li>\n                                    <li class=\"ThumbnailsBgAlpha\">50<\/li>\n                                    <li class=\"ThumbnailsSpacing\">5<\/li>\n                                    <li class=\"ThumbnailsPaddingTop\">0<\/li>\n                                    <li class=\"ThumbnailsPaddingRight\">5<\/li>\n                                    <li class=\"ThumbnailsPaddingBottom\">5<\/li>\n                                    <li class=\"ThumbnailsPaddingLeft\">5<\/li>\n                                    <li class=\"ThumbnailsNavigation\">mouse<\/li>\n                                    <li class=\"ThumbnailsNavigationPrev\">https:\/\/www.golftravellers.com\/wp-content\/plugins\/doptg\/uploads\/settings\/thumbnails-navigation-prev\/1-0.png<\/li>\n                                    <li class=\"ThumbnailsNavigationPrevHover\">https:\/\/www.golftravellers.com\/wp-content\/plugins\/doptg\/uploads\/settings\/thumbnails-navigation-prev-hover\/1-0.png<\/li>\n                                    <li class=\"ThumbnailsNavigationNext\">https:\/\/www.golftravellers.com\/wp-content\/plugins\/doptg\/uploads\/settings\/thumbnails-navigation-next\/1-0.png<\/li>\n                                    <li class=\"ThumbnailsNavigationNextHover\">https:\/\/www.golftravellers.com\/wp-content\/plugins\/doptg\/uploads\/settings\/thumbnails-navigation-next-hover\/1-0.png<\/li>\n                                    <li class=\"ThumbnailLoader\">https:\/\/www.golftravellers.com\/wp-content\/plugins\/doptg\/assets\/gui\/images\/ThumbnailLoader.gif<\/li>\n                                    <li class=\"ThumbnailWidth\">40<\/li>\n                                    <li class=\"ThumbnailHeight\">40<\/li>\n                                    <li class=\"ThumbnailWidthMobile\">30<\/li>\n                                    <li class=\"ThumbnailHeightMobile\">30<\/li>\n                                    <li class=\"ThumbnailAlpha\">50<\/li>\n                                    <li class=\"ThumbnailAlphaHover\">100<\/li>\n                                    <li class=\"ThumbnailAlphaSelected\">100<\/li>\n                                    <li class=\"ThumbnailBgColor\"><\/li>\n                                    <li class=\"ThumbnailBgColorHover\">000000<\/li>\n                                    <li class=\"ThumbnailBgColorSelected\">000000<\/li>\n                                    <li class=\"ThumbnailBorderSize\">2<\/li>\n                                    <li class=\"ThumbnailBorderColor\">f1f1f1<\/li>\n                                    <li class=\"ThumbnailBorderColorHover\">000000<\/li>\n                                    <li class=\"ThumbnailBorderColorSelected\">000000<\/li>\n                                    <li class=\"ThumbnailPaddingTop\">0<\/li>\n                                    <li class=\"ThumbnailPaddingRight\">0<\/li>\n                                    <li class=\"ThumbnailPaddingBottom\">0<\/li>\n                                    <li class=\"ThumbnailPaddingLeft\">0<\/li>\n                                    <li class=\"ImageLoader\">https:\/\/www.golftravellers.com\/wp-content\/plugins\/doptg\/assets\/gui\/images\/ImageLoader.gif<\/li>\n                                    <li class=\"ImageBgColor\">afafaf<\/li>\n                                    <li class=\"ImageBgAlpha\">100<\/li>\n                                    <li class=\"ImageDisplayType\">full<\/li>\n                                    <li class=\"ImageDisplayTime\">1000<\/li>\n                                    <li class=\"ImageMarginTop\">5<\/li>\n                                    <li class=\"ImageMarginRight\">5<\/li>\n                                    <li class=\"ImageMarginBottom\">5<\/li>\n                                    <li class=\"ImageMarginLeft\">5<\/li>\n                                    <li class=\"ImagePaddingTop\">5<\/li>\n                                    <li class=\"ImagePaddingRight\">5<\/li>\n                                    <li class=\"ImagePaddingBottom\">5<\/li>        \n                                    <li class=\"ImagePaddingLeft\">5<\/li>\n                                    <li class=\"NavigationEnabled\">true<\/li>\n                                    <li class=\"NavigationOverImage\">true<\/li>\n                                    <li class=\"NavigationPrev\">https:\/\/www.golftravellers.com\/wp-content\/plugins\/doptg\/uploads\/settings\/navigation-prev\/1-0.png<\/li>\n                                    <li class=\"NavigationPrevHover\">https:\/\/www.golftravellers.com\/wp-content\/plugins\/doptg\/uploads\/settings\/navigation-prev-hover\/1-0.png<\/li>\n                                    <li class=\"NavigationNext\">https:\/\/www.golftravellers.com\/wp-content\/plugins\/doptg\/uploads\/settings\/navigation-next\/1-0.png<\/li>\n                                    <li class=\"NavigationNextHover\">https:\/\/www.golftravellers.com\/wp-content\/plugins\/doptg\/uploads\/settings\/navigation-next-hover\/1-0.png<\/li>\n                                    <li class=\"NavigationLightbox\">https:\/\/www.golftravellers.com\/wp-content\/plugins\/doptg\/uploads\/settings\/navigation-lightbox\/1-0.png<\/li>\n                                    <li class=\"NavigationLightboxHover\">https:\/\/www.golftravellers.com\/wp-content\/plugins\/doptg\/uploads\/settings\/navigation-lightbox-hover\/1-0.png<\/li>\n                                    <li class=\"NavigationTouchDeviceSwipeEnabled\">true<\/li>\n                                    <li class=\"CaptionWidth\">0<\/li>\n                                    <li class=\"CaptionHeight\">0<\/li>\n                                    <li class=\"CaptionTitleColor\">fff<\/li>\n                                    <li class=\"CaptionTextColor\">fff<\/li>\n                                    <li class=\"CaptionBgColor\">000000<\/li>\n                                    <li class=\"CaptionBgAlpha\">30<\/li>\n                                    <li class=\"CaptionPosition\">bottom<\/li>\n                                    <li class=\"CaptionOverImage\">false<\/li>\n                                    <li class=\"CaptionScrollScrubColor\">777777<\/li>\n                                    <li class=\"CaptionScrollBgColor\">e0e0e0<\/li>    \n                                    <li class=\"CaptionMarginTop\">5<\/li>\n                                    <li class=\"CaptionMarginRight\">5<\/li>\n                                    <li class=\"CaptionMarginBottom\">5<\/li>\n                                    <li class=\"CaptionMarginLeft\">5<\/li>\n                                    <li class=\"CaptionPaddingTop\">5<\/li>\n                                    <li class=\"CaptionPaddingRight\">5<\/li>\n                                    <li class=\"CaptionPaddingBottom\">5<\/li>\n                                    <li class=\"CaptionPaddingLeft\">5<\/li>\n                                    <li class=\"LightboxEnabled\">true<\/li>\n                                    <li class=\"LightboxWindowColor\">000000<\/li>\n                                    <li class=\"LightboxWindowAlpha\">80<\/li>\n                                    <li class=\"LightboxLoader\">https:\/\/www.golftravellers.com\/wp-content\/plugins\/doptg\/assets\/gui\/images\/LightboxLoader.gif<\/li>\n                                    <li class=\"LightboxBgColor\">000000<\/li>\n                                    <li class=\"LightboxBgAlpha\">100<\/li>\n                                    <li class=\"LightboxMarginTop\">5<\/li>\n                                    <li class=\"LightboxMarginRight\">5<\/li>\n                                    <li class=\"LightboxMarginBottom\">5<\/li>\n                                    <li class=\"LightboxMarginLeft\">5<\/li>\n                                    <li class=\"LightboxPaddingTop\">5<\/li>\n                                    <li class=\"LightboxPaddingRight\">5<\/li>\n                                    <li class=\"LightboxPaddingBottom\">5<\/li>\n                                    <li class=\"LightboxPaddingLeft\">5<\/li>\n                                    <li class=\"LightboxNavigationPrev\">https:\/\/www.golftravellers.com\/wp-content\/plugins\/doptg\/uploads\/settings\/lightbox-navigation-prev\/1-0.png<\/li>\n                                    <li class=\"LightboxNavigationPrevHover\">https:\/\/www.golftravellers.com\/wp-content\/plugins\/doptg\/uploads\/settings\/lightbox-navigation-prev-hover\/1-0.png<\/li>\n                                    <li class=\"LightboxNavigationNext\">https:\/\/www.golftravellers.com\/wp-content\/plugins\/doptg\/uploads\/settings\/lightbox-navigation-next\/1-0.png<\/li>\n                                    <li class=\"LightboxNavigationNextHover\">https:\/\/www.golftravellers.com\/wp-content\/plugins\/doptg\/uploads\/settings\/lightbox-navigation-next-hover\/1-0.png<\/li>\n                                    <li class=\"LightboxNavigationClose\">https:\/\/www.golftravellers.com\/wp-content\/plugins\/doptg\/uploads\/settings\/lightbox-navigation-close\/1-0.png<\/li>\n                                    <li class=\"LightboxNavigationCloseHover\">https:\/\/www.golftravellers.com\/wp-content\/plugins\/doptg\/uploads\/settings\/lightbox-navigation-close-hover\/1-0.png<\/li>\n                                    <li class=\"LightboxNavigationInfoBgColor\">000000<\/li>\n                                    <li class=\"LightboxNavigationInfoTextColor\">dddddd<\/li>\n                                    <li class=\"LightboxNavigationTouchDeviceSwipeEnabled\">true<\/li>\n                                    <li class=\"SocialShareEnabled\">false<\/li>\n                                    <li class=\"SocialShare\">https:\/\/www.golftravellers.com\/wp-content\/plugins\/doptg\/assets\/gui\/images\/SocialShare.png<\/li>\n                                    <li class=\"SocialShareLightbox\">https:\/\/www.golftravellers.com\/wp-content\/plugins\/doptg\/assets\/gui\/images\/SocialShareLightbox.png<\/li>\n                                    <li class=\"TooltipEnabled\">false<\/li>\n                                    <li class=\"TooltipBgColor\">ffffff<\/li>\n                                    <li class=\"TooltipStrokeColor\">000000<\/li>\n                                    <li class=\"TooltipTextColor\">000000<\/li>\n                                    <li class=\"Slideshow\">true<\/li>\n                                    <li class=\"SlideshowTime\">3500<\/li>\n                                    <li class=\"SlideshowAutostart\">true<\/li>\n                                    <li class=\"SlideshowLoop\">true<\/li>\n                                    <li class=\"SlideshowPlay\">https:\/\/www.golftravellers.com\/wp-content\/plugins\/doptg\/uploads\/settings\/slideshow-play\/1-0.png<\/li>\n                                    <li class=\"SlideshowPlayHover\">https:\/\/www.golftravellers.com\/wp-content\/plugins\/doptg\/uploads\/settings\/slideshow-play-hover\/1-0.png<\/li>\n                                    <li class=\"SlideshowPause\">https:\/\/www.golftravellers.com\/wp-content\/plugins\/doptg\/uploads\/settings\/slideshow-pause\/1-0.png<\/li>\n                                    <li class=\"SlideshowPauseHover\">https:\/\/www.golftravellers.com\/wp-content\/plugins\/doptg\/uploads\/settings\/slideshow-pause-hover\/1-0.png<\/li>\n                                    <li class=\"AutoHide\">false<\/li>\n                                    <li class=\"AutoHideTime\">2000<\/li>\n                                <\/ul>\n                                <ul class=\"Content\" style=\"display:none;\"><li>\n                                                    <img decoding=\"async\" class=\"Image\" src=\"https:\/\/www.golftravellers.com\/wp-content\/plugins\/doptg\/uploads\/pQFSDTRZazxYgzgLW5pxKGg2FBAmActSx8KpyyELcjcHYjXsEhxnZm77qMjpx1cdL.jpg\" alt=\"1st tee and starter hut at Royal St George's\" title=\"1st tee and starter hut at Royal St George's\" \/>\n                                                    <img decoding=\"async\" class=\"Thumb\" src=\"https:\/\/www.golftravellers.com\/wp-content\/plugins\/doptg\/uploads\/thumbs\/pQFSDTRZazxYgzgLW5pxKGg2FBAmActSx8KpyyELcjcHYjXsEhxnZm77qMjpx1cdL.jpg\" alt=\"1st tee and starter hut at Royal St George's\" title=\"1st tee and starter hut at Royal St George's\" \/>\n                                                    <span class=\"CaptionTitle\">1st tee and starter hut at Royal St George's<\/span>\n                                                    <span class=\"CaptionText\"><\/span>\n                                                    <span class=\"Media\"><\/span>\n                                                    <span class=\"LightboxMedia\"><\/span>\n                                                 <\/li><li>\n                                                    <img decoding=\"async\" class=\"Image\" src=\"https:\/\/www.golftravellers.com\/wp-content\/plugins\/doptg\/uploads\/GR5F5TM7cLcnHZkx9QRLryLGNefTjcb66NMhD9CnRTYejs1WDGaA2ySdzd28sKK9O.jpg\" alt=\"Dunes and sea at Royal St George's\" title=\"Dunes and sea at Royal St George's\" \/>\n                                                    <img decoding=\"async\" class=\"Thumb\" src=\"https:\/\/www.golftravellers.com\/wp-content\/plugins\/doptg\/uploads\/thumbs\/GR5F5TM7cLcnHZkx9QRLryLGNefTjcb66NMhD9CnRTYejs1WDGaA2ySdzd28sKK9O.jpg\" alt=\"Dunes and sea at Royal St George's\" title=\"Dunes and sea at Royal St George's\" \/>\n                                                    <span class=\"CaptionTitle\">Dunes and sea at Royal St George's<\/span>\n                                                    <span class=\"CaptionText\"><\/span>\n                                                    <span class=\"Media\"><\/span>\n                                                    <span class=\"LightboxMedia\"><\/span>\n                                                 <\/li><li>\n                                                    <img decoding=\"async\" class=\"Image\" src=\"https:\/\/www.golftravellers.com\/wp-content\/plugins\/doptg\/uploads\/jAq8edFqxOFyKpFGzHRknk2PBWNC1r7ym9z3pePOrbHTOE3YHgqn6Xys6E2TXgxXq.jpg\" alt=\"Wide green and its bunkers at Royal St George's\" title=\"Wide green and its bunkers at Royal St George's\" \/>\n                                                    <img decoding=\"async\" class=\"Thumb\" src=\"https:\/\/www.golftravellers.com\/wp-content\/plugins\/doptg\/uploads\/thumbs\/jAq8edFqxOFyKpFGzHRknk2PBWNC1r7ym9z3pePOrbHTOE3YHgqn6Xys6E2TXgxXq.jpg\" alt=\"Wide green and its bunkers at Royal St George's\" title=\"Wide green and its bunkers at Royal St George's\" \/>\n                                                    <span class=\"CaptionTitle\">Wide green and its bunkers at Royal St George's<\/span>\n                                                    <span class=\"CaptionText\"><\/span>\n                                                    <span class=\"Media\"><\/span>\n                                                    <span class=\"LightboxMedia\"><\/span>\n                                                 <\/li><li>\n                                                    <img decoding=\"async\" class=\"Image\" src=\"https:\/\/www.golftravellers.com\/wp-content\/plugins\/doptg\/uploads\/MxM6YmOcFTspXtESKLFP7AafDdTgLH2FS8ZmQ8d9H3hZgaGn55DagRQZyb2tfLTDN.jpg\" alt=\"Green and Club-House at Royal Cinque Ports\" title=\"Green and Club-House at Royal Cinque Ports\" \/>\n                                                    <img decoding=\"async\" class=\"Thumb\" src=\"https:\/\/www.golftravellers.com\/wp-content\/plugins\/doptg\/uploads\/thumbs\/MxM6YmOcFTspXtESKLFP7AafDdTgLH2FS8ZmQ8d9H3hZgaGn55DagRQZyb2tfLTDN.jpg\" alt=\"Green and Club-House at Royal Cinque Ports\" title=\"Green and Club-House at Royal Cinque Ports\" \/>\n                                                    <span class=\"CaptionTitle\">Green and Club-House at Royal Cinque Ports<\/span>\n                                                    <span class=\"CaptionText\"><\/span>\n                                                    <span class=\"Media\"><\/span>\n                                                    <span class=\"LightboxMedia\"><\/span>\n                                                 <\/li><li>\n                                                    <img decoding=\"async\" class=\"Image\" src=\"https:\/\/www.golftravellers.com\/wp-content\/plugins\/doptg\/uploads\/2MEGsfq8Yat4RsHGZZ2zHtHDWfMD7Ekp5W9qNKPWGhs3mNcqtWhwPSZYpPTCFapGa.jpg\" alt=\"Large undulated green at Royal Cinque Ports\" title=\"Large undulated green at Royal Cinque Ports\" \/>\n                                                    <img decoding=\"async\" class=\"Thumb\" src=\"https:\/\/www.golftravellers.com\/wp-content\/plugins\/doptg\/uploads\/thumbs\/2MEGsfq8Yat4RsHGZZ2zHtHDWfMD7Ekp5W9qNKPWGhs3mNcqtWhwPSZYpPTCFapGa.jpg\" alt=\"Large undulated green at Royal Cinque Ports\" title=\"Large undulated green at Royal Cinque Ports\" \/>\n                                                    <span class=\"CaptionTitle\">Large undulated green at Royal Cinque Ports<\/span>\n                                                    <span class=\"CaptionText\"><\/span>\n                                                    <span class=\"Media\"><\/span>\n                                                    <span class=\"LightboxMedia\"><\/span>\n                                                 <\/li><li>\n                                                    <img decoding=\"async\" class=\"Image\" src=\"https:\/\/www.golftravellers.com\/wp-content\/plugins\/doptg\/uploads\/112qkgZnZQsW6TZNLk3hGFMxy5LKxpctsxSxkZH7AAf2Xsrce2djs8EwWLNqrH7Dn.jpg\" alt=\"Tiny undulated green at Royal Cinque Ports\" title=\"Tiny undulated green at Royal Cinque Ports\" \/>\n                                                    <img decoding=\"async\" class=\"Thumb\" src=\"https:\/\/www.golftravellers.com\/wp-content\/plugins\/doptg\/uploads\/thumbs\/112qkgZnZQsW6TZNLk3hGFMxy5LKxpctsxSxkZH7AAf2Xsrce2djs8EwWLNqrH7Dn.jpg\" alt=\"Tiny undulated green at Royal Cinque Ports\" title=\"Tiny undulated green at Royal Cinque Ports\" \/>\n                                                    <span class=\"CaptionTitle\">Tiny undulated green at Royal Cinque Ports<\/span>\n                                                    <span class=\"CaptionText\"><\/span>\n                                                    <span class=\"Media\"><\/span>\n                                                    <span class=\"LightboxMedia\"><\/span>\n                                                 <\/li><\/ul>\n                            <\/div>\n                            <script type=\"text\/JavaScript\">\n                                jQuery(document).ready(function(){\n                                    jQuery('#DOPThumbnailGallery478').DOPThumbnailGallery({'ParseMethod': 'HTML'});\n                                });\n                            <\/script><\/div>\n<div class=\"one-half\">\n<p><span style=\"font-size: 36pt;\">590\u20ac<br \/>\n <\/span><\/p>\n<h4>El paquete incluye:<\/h4>\n<ul style=\"list-style-type: square;\">\n<li>2 noches en el hotel King&#8217;s Head*** en Deal<\/li>\n<li>2 Green Fees\n<ul style=\"list-style-type: circle;\">\n<li><a href=\"https:\/\/www.golftravellers.com\/es\/destinos\/inglaterra\/campos-de-golf-en-inglaterra\/region-sudeste\/royal-st-georges\/\">Royal St George&#8217;s<\/a><\/li>\n<li><a href=\"https:\/\/www.golftravellers.com\/es\/destinos\/inglaterra\/campos-de-golf-en-inglaterra\/region-sudeste\/royal-cinque-ports\/\">Royal Cinque Ports<\/a><\/li>\n<\/ul>\n<\/li>\n<li><a href=\"https:\/\/www.golftravellers.com\/es\/opciones-de-transporte\/\">1 alquiler de coche durante 3\u00a0d\u00edas<\/a><\/li>\n<\/ul>\n<\/div>\n<div style=\"clear: both;\">\u00a0<\/div>\n<div class=\"one-third first\"><a class=\"button \" title=\"Book your Holiday now\" href=\"https:\/\/www.golftravellers.com\/contact-us\/book-now\/\">Reserve<\/a><\/div>\n<div class=\"one-third\"><a class=\"button\" title=\"Customise your Holiday\" href=\"https:\/\/www.golftravellers.com\/contact-us\/customise-your-holiday\/\">Personalice<\/a><\/div>\n<div class=\"one-third\"><a class=\"button\" title=\"Contact Us\" href=\"https:\/\/www.golftravellers.com\/contact-us\/\">Contacte<\/a><\/div>\n<div id=\"details\">\u00a0<\/div>\n<div>\u00a0<\/p>\n<div>\u00a0<\/div>\n<div class=\"one-half first\">\n<h4>Extras complementarios:<\/h4>\n<ul>\n<li>Asistencia y atenci\u00f3n al cliente 24\/7<\/li>\n<\/ul>\n<\/div>\n<div class=\"one-half\">\n<h4>Extras opcionales:<\/h4>\n<ul>\n<li>Reserva de vuelos<\/li>\n<li>Suplemento de habitaci\u00f3n individual<\/li>\n<li>Modificar la categor\u00eda del hotel a 4 \u00f3 5 estrellas<\/li>\n<li>Noches y campos de golf adicionales<\/li>\n<li>Traslados con conductor<\/li>\n<li>Actividades y atracciones locales<\/li>\n<li>Almuerzos y cenas<\/li>\n<li>Seguro de viajes<\/li>\n<\/ul>\n<\/div>\n<h2>Itinerario de muestra:<\/h2>\n<table>\n<tbody>\n<tr>\n<td style=\"width: 25%;\"><strong>D\u00eda 1:<\/strong><\/td>\n<td>Llegada a Heathrow o Gatwick Airport<\/td>\n<td>King&#8217;s Head Hotel***, Deal<\/td>\n<td>1h30<\/td>\n<\/tr>\n<tr>\n<td style=\"width: 25%;\"><strong>D\u00eda 2:<\/strong><\/td>\n<td>Royal St George&#8217;s<\/td>\n<td>King&#8217;s Head Hotel***, Deal<\/td>\n<td>15 minutos<\/td>\n<\/tr>\n<tr>\n<td style=\"width: 25%;\"><strong>D\u00eda 3:<\/strong><\/td>\n<td>Royal Cinque Ports<br \/>\n Salida de Heathrow o Gatwick\u00a0Airport<\/td>\n<td>&nbsp;<\/td>\n<td>5 minutos<br \/>\n 1h30<\/td>\n<\/tr>\n<\/tbody>\n<\/table>\n<div class=\"terms\"><img loading=\"lazy\" decoding=\"async\" class=\"alignleft wp-image-3871\" src=\"https:\/\/www.golftravellers.com\/wp-content\/uploads\/2014\/06\/ExclamationPoint.png\" alt=\"Black exclamation point within box with black border\" width=\"50\" height=\"50\" \/><\/p>\n<h3>Condiciones del paquete:<\/h3>\n<p>\u00a0<br \/>\n &#8211; Todos nuestros paquetes en Reino Unido son en libras esterlinas.<\/p>\n<p>&#8211; Oferta v\u00e1lida entre el 1 de abril y el 31 de octubre para un m\u00ednimo de 2 personas en habitaci\u00f3n doble\/twin con desayuno ingl\u00e9s inclu\u00eddo. Tarifas especiales de noviembre a marzo.<\/p>\n<\/div>\n<p>&nbsp;<\/p>\n<div class=\"one-third first\"><a class=\"button \" title=\"Book your Holiday now\" href=\"https:\/\/www.golftravellers.com\/contact-us\/book-now\/\">Reserve<\/a><\/div>\n<div class=\"one-third\"><a class=\"button\" title=\"Customise your Holiday\" href=\"https:\/\/www.golftravellers.com\/contact-us\/customise-your-holiday\/\">Personalice<\/a><\/div>\n<div class=\"one-third\"><a class=\"button\" title=\"Contact Us\" href=\"https:\/\/www.golftravellers.com\/contact-us\/\">Contacte<\/a><\/div>\n<\/div>\n","protected":false},"excerpt":{"rendered":"<p>590\u20ac El paquete incluye: 2 noches en el hotel King&#8217;s Head*** en Deal 2 Green Fees Royal St George&#8217;s Royal Cinque Ports 1 alquiler de coche durante 3\u00a0d\u00edas \u00a0 Reserve Personalice Contacte \u00a0 \u00a0 \u00a0 Extras complementarios: Asistencia y atenci\u00f3n al cliente 24\/7 Extras opcionales: Reserva de vuelos Suplemento de habitaci\u00f3n individual Modificar la categor\u00eda [&hellip;]<\/p>\n","protected":false},"author":6,"featured_media":0,"parent":22579,"menu_order":0,"comment_status":"open","ping_status":"closed","template":"","meta":{"_genesis_hide_title":false,"_genesis_hide_breadcrumbs":false,"_genesis_hide_singular_image":false,"_genesis_hide_footer_widgets":false,"_genesis_custom_body_class":"","_genesis_custom_post_class":"","_genesis_layout":"full-width-content","footnotes":""},"class_list":{"0":"post-25062","1":"page","2":"type-page","3":"status-publish","5":"entry"},"_links":{"self":[{"href":"https:\/\/www.golftravellers.com\/es\/wp-json\/wp\/v2\/pages\/25062","targetHints":{"allow":["GET"]}}],"collection":[{"href":"https:\/\/www.golftravellers.com\/es\/wp-json\/wp\/v2\/pages"}],"about":[{"href":"https:\/\/www.golftravellers.com\/es\/wp-json\/wp\/v2\/types\/page"}],"author":[{"embeddable":true,"href":"https:\/\/www.golftravellers.com\/es\/wp-json\/wp\/v2\/users\/6"}],"replies":[{"embeddable":true,"href":"https:\/\/www.golftravellers.com\/es\/wp-json\/wp\/v2\/comments?post=25062"}],"version-history":[{"count":19,"href":"https:\/\/www.golftravellers.com\/es\/wp-json\/wp\/v2\/pages\/25062\/revisions"}],"predecessor-version":[{"id":40637,"href":"https:\/\/www.golftravellers.com\/es\/wp-json\/wp\/v2\/pages\/25062\/revisions\/40637"}],"up":[{"embeddable":true,"href":"https:\/\/www.golftravellers.com\/es\/wp-json\/wp\/v2\/pages\/22579"}],"wp:attachment":[{"href":"https:\/\/www.golftravellers.com\/es\/wp-json\/wp\/v2\/media?parent=25062"}],"curies":[{"name":"wp","href":"https:\/\/api.w.org\/{rel}","templated":true}]}}