{"id":23360,"date":"2015-03-04T05:58:12","date_gmt":"2015-03-04T05:58:12","guid":{"rendered":"http:\/\/www.golftravellers.com\/?page_id=23360"},"modified":"2017-11-10T09:08:43","modified_gmt":"2017-11-10T09:08:43","slug":"st-enodoc-church","status":"publish","type":"page","link":"https:\/\/www.golftravellers.com\/es\/destinos\/inglaterra\/campos-de-golf-en-inglaterra\/region-sudoeste\/st-enodoc-church\/","title":{"rendered":"St Enodoc (Church)"},"content":{"rendered":"<table style=\"height: 546px; width: 1106px;\" border=\"0\">\n<tbody>\n<tr>\n<td style=\"width: 199px;\">Nuestra clasificaci\u00f3n:<\/td>\n<td style=\"width: 131px;\">\u00a0<img loading=\"lazy\" decoding=\"async\" src=\"http:\/\/www.golftravellers.com\/wp-content\/uploads\/2014\/05\/5stars_rating_GolfCourse.png\" alt=\"Golf Travellers 5 star rating golf course\" width=\"147\" height=\"30\" \/><\/td>\n<td style=\"width: 754px;\" colspan=\"2\" rowspan=\"9\" align=\"center\" valign=\"top\"><div class=\"DOPThumbnailGalleryContainer\" id=\"DOPThumbnailGallery381\">\n                                <ul class=\"Settings\" style=\"display:none;\">\n                                    <li class=\"Width\">540<\/li>\n                                    <li class=\"Height\">360<\/li>\n                                    <li class=\"BgColor\">333333<\/li>\n                                    <li class=\"BgAlpha\">45<\/li>\n                                    <li class=\"ImagesOrder\">normal<\/li>\n                                    <li class=\"ResponsiveEnabled\">true<\/li>  \n                                    <li class=\"ThumbnailsPosition\">bottom<\/li>\n                                    <li class=\"ThumbnailsOverImage\">false<\/li>\n                                    <li class=\"ThumbnailsBgColor\">000000<\/li>\n                                    <li class=\"ThumbnailsBgAlpha\">50<\/li>\n                                    <li class=\"ThumbnailsSpacing\">5<\/li>\n                                    <li class=\"ThumbnailsPaddingTop\">0<\/li>\n                                    <li class=\"ThumbnailsPaddingRight\">5<\/li>\n                                    <li class=\"ThumbnailsPaddingBottom\">5<\/li>\n                                    <li class=\"ThumbnailsPaddingLeft\">5<\/li>\n                                    <li class=\"ThumbnailsNavigation\">mouse<\/li>\n                                    <li class=\"ThumbnailsNavigationPrev\">https:\/\/www.golftravellers.com\/wp-content\/plugins\/doptg\/uploads\/settings\/thumbnails-navigation-prev\/1-0.png<\/li>\n                                    <li class=\"ThumbnailsNavigationPrevHover\">https:\/\/www.golftravellers.com\/wp-content\/plugins\/doptg\/uploads\/settings\/thumbnails-navigation-prev-hover\/1-0.png<\/li>\n                                    <li class=\"ThumbnailsNavigationNext\">https:\/\/www.golftravellers.com\/wp-content\/plugins\/doptg\/uploads\/settings\/thumbnails-navigation-next\/1-0.png<\/li>\n                                    <li class=\"ThumbnailsNavigationNextHover\">https:\/\/www.golftravellers.com\/wp-content\/plugins\/doptg\/uploads\/settings\/thumbnails-navigation-next-hover\/1-0.png<\/li>\n                                    <li class=\"ThumbnailLoader\">https:\/\/www.golftravellers.com\/wp-content\/plugins\/doptg\/assets\/gui\/images\/ThumbnailLoader.gif<\/li>\n                                    <li class=\"ThumbnailWidth\">40<\/li>\n                                    <li class=\"ThumbnailHeight\">40<\/li>\n                                    <li class=\"ThumbnailWidthMobile\">30<\/li>\n                                    <li class=\"ThumbnailHeightMobile\">30<\/li>\n                                    <li class=\"ThumbnailAlpha\">50<\/li>\n                                    <li class=\"ThumbnailAlphaHover\">100<\/li>\n                                    <li class=\"ThumbnailAlphaSelected\">100<\/li>\n                                    <li class=\"ThumbnailBgColor\"><\/li>\n                                    <li class=\"ThumbnailBgColorHover\">000000<\/li>\n                                    <li class=\"ThumbnailBgColorSelected\">000000<\/li>\n                                    <li class=\"ThumbnailBorderSize\">2<\/li>\n                                    <li class=\"ThumbnailBorderColor\">f1f1f1<\/li>\n                                    <li class=\"ThumbnailBorderColorHover\">000000<\/li>\n                                    <li class=\"ThumbnailBorderColorSelected\">000000<\/li>\n                                    <li class=\"ThumbnailPaddingTop\">0<\/li>\n                                    <li class=\"ThumbnailPaddingRight\">0<\/li>\n                                    <li class=\"ThumbnailPaddingBottom\">0<\/li>\n                                    <li class=\"ThumbnailPaddingLeft\">0<\/li>\n                                    <li class=\"ImageLoader\">https:\/\/www.golftravellers.com\/wp-content\/plugins\/doptg\/assets\/gui\/images\/ImageLoader.gif<\/li>\n                                    <li class=\"ImageBgColor\">afafaf<\/li>\n                                    <li class=\"ImageBgAlpha\">100<\/li>\n                                    <li class=\"ImageDisplayType\">full<\/li>\n                                    <li class=\"ImageDisplayTime\">1000<\/li>\n                                    <li class=\"ImageMarginTop\">5<\/li>\n                                    <li class=\"ImageMarginRight\">5<\/li>\n                                    <li class=\"ImageMarginBottom\">5<\/li>\n                                    <li class=\"ImageMarginLeft\">5<\/li>\n                                    <li class=\"ImagePaddingTop\">5<\/li>\n                                    <li class=\"ImagePaddingRight\">5<\/li>\n                                    <li class=\"ImagePaddingBottom\">5<\/li>        \n                                    <li class=\"ImagePaddingLeft\">5<\/li>\n                                    <li class=\"NavigationEnabled\">true<\/li>\n                                    <li class=\"NavigationOverImage\">true<\/li>\n                                    <li class=\"NavigationPrev\">https:\/\/www.golftravellers.com\/wp-content\/plugins\/doptg\/uploads\/settings\/navigation-prev\/1-0.png<\/li>\n                                    <li class=\"NavigationPrevHover\">https:\/\/www.golftravellers.com\/wp-content\/plugins\/doptg\/uploads\/settings\/navigation-prev-hover\/1-0.png<\/li>\n                                    <li class=\"NavigationNext\">https:\/\/www.golftravellers.com\/wp-content\/plugins\/doptg\/uploads\/settings\/navigation-next\/1-0.png<\/li>\n                                    <li class=\"NavigationNextHover\">https:\/\/www.golftravellers.com\/wp-content\/plugins\/doptg\/uploads\/settings\/navigation-next-hover\/1-0.png<\/li>\n                                    <li class=\"NavigationLightbox\">https:\/\/www.golftravellers.com\/wp-content\/plugins\/doptg\/uploads\/settings\/navigation-lightbox\/1-0.png<\/li>\n                                    <li class=\"NavigationLightboxHover\">https:\/\/www.golftravellers.com\/wp-content\/plugins\/doptg\/uploads\/settings\/navigation-lightbox-hover\/1-0.png<\/li>\n                                    <li class=\"NavigationTouchDeviceSwipeEnabled\">true<\/li>\n                                    <li class=\"CaptionWidth\">0<\/li>\n                                    <li class=\"CaptionHeight\">0<\/li>\n                                    <li class=\"CaptionTitleColor\">fff<\/li>\n                                    <li class=\"CaptionTextColor\">fff<\/li>\n                                    <li class=\"CaptionBgColor\">000000<\/li>\n                                    <li class=\"CaptionBgAlpha\">30<\/li>\n                                    <li class=\"CaptionPosition\">bottom<\/li>\n                                    <li class=\"CaptionOverImage\">false<\/li>\n                                    <li class=\"CaptionScrollScrubColor\">777777<\/li>\n                                    <li class=\"CaptionScrollBgColor\">e0e0e0<\/li>    \n                                    <li class=\"CaptionMarginTop\">5<\/li>\n                                    <li class=\"CaptionMarginRight\">5<\/li>\n                                    <li class=\"CaptionMarginBottom\">5<\/li>\n                                    <li class=\"CaptionMarginLeft\">5<\/li>\n                                    <li class=\"CaptionPaddingTop\">5<\/li>\n                                    <li class=\"CaptionPaddingRight\">5<\/li>\n                                    <li class=\"CaptionPaddingBottom\">5<\/li>\n                                    <li class=\"CaptionPaddingLeft\">5<\/li>\n                                    <li class=\"LightboxEnabled\">true<\/li>\n                                    <li class=\"LightboxWindowColor\">000000<\/li>\n                                    <li class=\"LightboxWindowAlpha\">80<\/li>\n                                    <li class=\"LightboxLoader\">https:\/\/www.golftravellers.com\/wp-content\/plugins\/doptg\/assets\/gui\/images\/LightboxLoader.gif<\/li>\n                                    <li class=\"LightboxBgColor\">000000<\/li>\n                                    <li class=\"LightboxBgAlpha\">100<\/li>\n                                    <li class=\"LightboxMarginTop\">5<\/li>\n                                    <li class=\"LightboxMarginRight\">5<\/li>\n                                    <li class=\"LightboxMarginBottom\">5<\/li>\n                                    <li class=\"LightboxMarginLeft\">5<\/li>\n                                    <li class=\"LightboxPaddingTop\">5<\/li>\n                                    <li class=\"LightboxPaddingRight\">5<\/li>\n                                    <li class=\"LightboxPaddingBottom\">5<\/li>\n                                    <li class=\"LightboxPaddingLeft\">5<\/li>\n                                    <li class=\"LightboxNavigationPrev\">https:\/\/www.golftravellers.com\/wp-content\/plugins\/doptg\/uploads\/settings\/lightbox-navigation-prev\/1-0.png<\/li>\n                                    <li class=\"LightboxNavigationPrevHover\">https:\/\/www.golftravellers.com\/wp-content\/plugins\/doptg\/uploads\/settings\/lightbox-navigation-prev-hover\/1-0.png<\/li>\n                                    <li class=\"LightboxNavigationNext\">https:\/\/www.golftravellers.com\/wp-content\/plugins\/doptg\/uploads\/settings\/lightbox-navigation-next\/1-0.png<\/li>\n                                    <li class=\"LightboxNavigationNextHover\">https:\/\/www.golftravellers.com\/wp-content\/plugins\/doptg\/uploads\/settings\/lightbox-navigation-next-hover\/1-0.png<\/li>\n                                    <li class=\"LightboxNavigationClose\">https:\/\/www.golftravellers.com\/wp-content\/plugins\/doptg\/uploads\/settings\/lightbox-navigation-close\/1-0.png<\/li>\n                                    <li class=\"LightboxNavigationCloseHover\">https:\/\/www.golftravellers.com\/wp-content\/plugins\/doptg\/uploads\/settings\/lightbox-navigation-close-hover\/1-0.png<\/li>\n                                    <li class=\"LightboxNavigationInfoBgColor\">000000<\/li>\n                                    <li class=\"LightboxNavigationInfoTextColor\">dddddd<\/li>\n                                    <li class=\"LightboxNavigationTouchDeviceSwipeEnabled\">true<\/li>\n                                    <li class=\"SocialShareEnabled\">false<\/li>\n                                    <li class=\"SocialShare\">https:\/\/www.golftravellers.com\/wp-content\/plugins\/doptg\/assets\/gui\/images\/SocialShare.png<\/li>\n                                    <li class=\"SocialShareLightbox\">https:\/\/www.golftravellers.com\/wp-content\/plugins\/doptg\/assets\/gui\/images\/SocialShareLightbox.png<\/li>\n                                    <li class=\"TooltipEnabled\">false<\/li>\n                                    <li class=\"TooltipBgColor\">ffffff<\/li>\n                                    <li class=\"TooltipStrokeColor\">000000<\/li>\n                                    <li class=\"TooltipTextColor\">000000<\/li>\n                                    <li class=\"Slideshow\">true<\/li>\n                                    <li class=\"SlideshowTime\">3500<\/li>\n                                    <li class=\"SlideshowAutostart\">true<\/li>\n                                    <li class=\"SlideshowLoop\">true<\/li>\n                                    <li class=\"SlideshowPlay\">https:\/\/www.golftravellers.com\/wp-content\/plugins\/doptg\/uploads\/settings\/slideshow-play\/1-0.png<\/li>\n                                    <li class=\"SlideshowPlayHover\">https:\/\/www.golftravellers.com\/wp-content\/plugins\/doptg\/uploads\/settings\/slideshow-play-hover\/1-0.png<\/li>\n                                    <li class=\"SlideshowPause\">https:\/\/www.golftravellers.com\/wp-content\/plugins\/doptg\/uploads\/settings\/slideshow-pause\/1-0.png<\/li>\n                                    <li class=\"SlideshowPauseHover\">https:\/\/www.golftravellers.com\/wp-content\/plugins\/doptg\/uploads\/settings\/slideshow-pause-hover\/1-0.png<\/li>\n                                    <li class=\"AutoHide\">false<\/li>\n                                    <li class=\"AutoHideTime\">2000<\/li>\n                                <\/ul>\n                                <ul class=\"Content\" style=\"display:none;\"><li>\n                                                    <img decoding=\"async\" class=\"Image\" src=\"https:\/\/www.golftravellers.com\/wp-content\/plugins\/doptg\/uploads\/OjSCh3rXjYHb4h3YrqTZW6y6K6z38bden4NPpH7bZD5ZtBp8zzAhtEBrdqMdmk3ad.jpg\" alt=\"Downhill hole on the Church course at St Enodoc golf club\" title=\"Downhill hole on the Church course at St Enodoc golf club\" \/>\n                                                    <img decoding=\"async\" class=\"Thumb\" src=\"https:\/\/www.golftravellers.com\/wp-content\/plugins\/doptg\/uploads\/thumbs\/OjSCh3rXjYHb4h3YrqTZW6y6K6z38bden4NPpH7bZD5ZtBp8zzAhtEBrdqMdmk3ad.jpg\" alt=\"Downhill hole on the Church course at St Enodoc golf club\" title=\"Downhill hole on the Church course at St Enodoc golf club\" \/>\n                                                    <span class=\"CaptionTitle\">Downhill hole on the Church course at St Enodoc golf club<\/span>\n                                                    <span class=\"CaptionText\"><\/span>\n                                                    <span class=\"Media\"><\/span>\n                                                    <span class=\"LightboxMedia\"><\/span>\n                                                 <\/li><li>\n                                                    <img decoding=\"async\" class=\"Image\" src=\"https:\/\/www.golftravellers.com\/wp-content\/plugins\/doptg\/uploads\/aT45kWr5cGw7s8W4wRzfKzBsDwqNS335KfTXkWZMpjkHyWsxHZzrNtxhrjgMgKbtp.jpg\" alt=\"Elevated green on the Church course at St Enodoc golf club\" title=\"Elevated green on the Church course at St Enodoc golf club\" \/>\n                                                    <img decoding=\"async\" class=\"Thumb\" src=\"https:\/\/www.golftravellers.com\/wp-content\/plugins\/doptg\/uploads\/thumbs\/aT45kWr5cGw7s8W4wRzfKzBsDwqNS335KfTXkWZMpjkHyWsxHZzrNtxhrjgMgKbtp.jpg\" alt=\"Elevated green on the Church course at St Enodoc golf club\" title=\"Elevated green on the Church course at St Enodoc golf club\" \/>\n                                                    <span class=\"CaptionTitle\">Elevated green on the Church course at St Enodoc golf club<\/span>\n                                                    <span class=\"CaptionText\"><\/span>\n                                                    <span class=\"Media\"><\/span>\n                                                    <span class=\"LightboxMedia\"><\/span>\n                                                 <\/li><li>\n                                                    <img decoding=\"async\" class=\"Image\" src=\"https:\/\/www.golftravellers.com\/wp-content\/plugins\/doptg\/uploads\/pn2YjMSw5ay1wpc2P9RGDDGH3OsfeLmW8H9hA5O6fQMcmaz6883PBpyDtmZdSzb5G.jpg\" alt=\"Fairway on the Church course at St Enodoc golf club\" title=\"Fairway on the Church course at St Enodoc golf club\" \/>\n                                                    <img decoding=\"async\" class=\"Thumb\" src=\"https:\/\/www.golftravellers.com\/wp-content\/plugins\/doptg\/uploads\/thumbs\/pn2YjMSw5ay1wpc2P9RGDDGH3OsfeLmW8H9hA5O6fQMcmaz6883PBpyDtmZdSzb5G.jpg\" alt=\"Fairway on the Church course at St Enodoc golf club\" title=\"Fairway on the Church course at St Enodoc golf club\" \/>\n                                                    <span class=\"CaptionTitle\">Fairway on the Church course at St Enodoc golf club<\/span>\n                                                    <span class=\"CaptionText\"><\/span>\n                                                    <span class=\"Media\"><\/span>\n                                                    <span class=\"LightboxMedia\"><\/span>\n                                                 <\/li><li>\n                                                    <img decoding=\"async\" class=\"Image\" src=\"https:\/\/www.golftravellers.com\/wp-content\/plugins\/doptg\/uploads\/7B5Hrd8KXfqpp97gCqeObYCPPKtLE7ddHCpAnnqt7cm1B7cN49LNWwAX3RffODQyN.jpg\" alt=\"Par 3 on the Church course at St Enodoc golf club\" title=\"Par 3 on the Church course at St Enodoc golf club\" \/>\n                                                    <img decoding=\"async\" class=\"Thumb\" src=\"https:\/\/www.golftravellers.com\/wp-content\/plugins\/doptg\/uploads\/thumbs\/7B5Hrd8KXfqpp97gCqeObYCPPKtLE7ddHCpAnnqt7cm1B7cN49LNWwAX3RffODQyN.jpg\" alt=\"Par 3 on the Church course at St Enodoc golf club\" title=\"Par 3 on the Church course at St Enodoc golf club\" \/>\n                                                    <span class=\"CaptionTitle\">Par 3 on the Church course at St Enodoc golf club<\/span>\n                                                    <span class=\"CaptionText\"><\/span>\n                                                    <span class=\"Media\"><\/span>\n                                                    <span class=\"LightboxMedia\"><\/span>\n                                                 <\/li><li>\n                                                    <img decoding=\"async\" class=\"Image\" src=\"https:\/\/www.golftravellers.com\/wp-content\/plugins\/doptg\/uploads\/Y7sYRcnNtC1cwgRwEWZzP3XnfRBtg84c5gLXbS3s27BfGAahpOMbAwB6pWSmAX1C6.jpg\" alt=\"Large undulated green on the Church course at St Enodoc golf club\" title=\"Large undulated green on the Church course at St Enodoc golf club\" \/>\n                                                    <img decoding=\"async\" class=\"Thumb\" src=\"https:\/\/www.golftravellers.com\/wp-content\/plugins\/doptg\/uploads\/thumbs\/Y7sYRcnNtC1cwgRwEWZzP3XnfRBtg84c5gLXbS3s27BfGAahpOMbAwB6pWSmAX1C6.jpg\" alt=\"Large undulated green on the Church course at St Enodoc golf club\" title=\"Large undulated green on the Church course at St Enodoc golf club\" \/>\n                                                    <span class=\"CaptionTitle\">Large undulated green on the Church course at St Enodoc golf club<\/span>\n                                                    <span class=\"CaptionText\"><\/span>\n                                                    <span class=\"Media\"><\/span>\n                                                    <span class=\"LightboxMedia\"><\/span>\n                                                 <\/li><li>\n                                                    <img decoding=\"async\" class=\"Image\" src=\"https:\/\/www.golftravellers.com\/wp-content\/plugins\/doptg\/uploads\/ByaXbtDqePcAWQRnAgGHrEqysQNT4cXdXrsMNnmObmD3D52RseYepCRaWWEQzPExX.jpg\" alt=\"Green and sea on the Church course at St Enodoc golf club\" title=\"Green and sea on the Church course at St Enodoc golf club\" \/>\n                                                    <img decoding=\"async\" class=\"Thumb\" src=\"https:\/\/www.golftravellers.com\/wp-content\/plugins\/doptg\/uploads\/thumbs\/ByaXbtDqePcAWQRnAgGHrEqysQNT4cXdXrsMNnmObmD3D52RseYepCRaWWEQzPExX.jpg\" alt=\"Green and sea on the Church course at St Enodoc golf club\" title=\"Green and sea on the Church course at St Enodoc golf club\" \/>\n                                                    <span class=\"CaptionTitle\">Green and sea on the Church course at St Enodoc golf club<\/span>\n                                                    <span class=\"CaptionText\"><\/span>\n                                                    <span class=\"Media\"><\/span>\n                                                    <span class=\"LightboxMedia\"><\/span>\n                                                 <\/li><li>\n                                                    <img decoding=\"async\" class=\"Image\" src=\"https:\/\/www.golftravellers.com\/wp-content\/plugins\/doptg\/uploads\/6YWtEZnerOh9EkC93OfamT3ymP7KcfsO9jnQaSMb3Dm952mRyBRkakXGwHePsxhjf.jpg\" alt=\"Rough on the Church course at St Enodoc golf club\" title=\"Rough on the Church course at St Enodoc golf club\" \/>\n                                                    <img decoding=\"async\" class=\"Thumb\" src=\"https:\/\/www.golftravellers.com\/wp-content\/plugins\/doptg\/uploads\/thumbs\/6YWtEZnerOh9EkC93OfamT3ymP7KcfsO9jnQaSMb3Dm952mRyBRkakXGwHePsxhjf.jpg\" alt=\"Rough on the Church course at St Enodoc golf club\" title=\"Rough on the Church course at St Enodoc golf club\" \/>\n                                                    <span class=\"CaptionTitle\">Rough on the Church course at St Enodoc golf club<\/span>\n                                                    <span class=\"CaptionText\"><\/span>\n                                                    <span class=\"Media\"><\/span>\n                                                    <span class=\"LightboxMedia\"><\/span>\n                                                 <\/li><li>\n                                                    <img decoding=\"async\" class=\"Image\" src=\"https:\/\/www.golftravellers.com\/wp-content\/plugins\/doptg\/uploads\/qRdaN1b2g8p8r8zjGqQCBxwetb96KpFbnOAj51GmRZCB8ACf4eNbYhKqMayKmg3sH.jpg\" alt=\"Undulated fairway on the Church course at St Enodoc golf club\" title=\"Undulated fairway on the Church course at St Enodoc golf club\" \/>\n                                                    <img decoding=\"async\" class=\"Thumb\" src=\"https:\/\/www.golftravellers.com\/wp-content\/plugins\/doptg\/uploads\/thumbs\/qRdaN1b2g8p8r8zjGqQCBxwetb96KpFbnOAj51GmRZCB8ACf4eNbYhKqMayKmg3sH.jpg\" alt=\"Undulated fairway on the Church course at St Enodoc golf club\" title=\"Undulated fairway on the Church course at St Enodoc golf club\" \/>\n                                                    <span class=\"CaptionTitle\">Undulated fairway on the Church course at St Enodoc golf club<\/span>\n                                                    <span class=\"CaptionText\"><\/span>\n                                                    <span class=\"Media\"><\/span>\n                                                    <span class=\"LightboxMedia\"><\/span>\n                                                 <\/li><\/ul>\n                            <\/div>\n                            <script type=\"text\/JavaScript\">\n                                jQuery(document).ready(function(){\n                                    jQuery('#DOPThumbnailGallery381').DOPThumbnailGallery({'ParseMethod': 'HTML'});\n                                });\n                            <\/script><\/td>\n<\/tr>\n<tr>\n<td style=\"width: 199px;\">Ranking ingl\u00e9s:<\/td>\n<td style=\"width: 131px;\">14<\/td>\n<\/tr>\n<tr>\n<td style=\"width: 199px;\">Arquitecto:<\/td>\n<td style=\"width: 131px;\">James Braid<\/td>\n<\/tr>\n<tr>\n<td style=\"width: 199px;\">A\u00f1o de inauguraci\u00f3n:<\/td>\n<td style=\"width: 131px;\">1891<\/td>\n<\/tr>\n<tr>\n<td style=\"width: 199px;\">Par:<\/td>\n<td style=\"width: 131px;\">69<\/td>\n<\/tr>\n<tr>\n<td style=\"width: 199px;\">Distancia de Londres:<\/td>\n<td style=\"width: 131px;\">400 km<\/td>\n<\/tr>\n<tr>\n<td style=\"width: 199px;\">Distancia de Birmingham:<\/td>\n<td style=\"width: 131px;\">370 km<\/td>\n<\/tr>\n<tr>\n<td style=\"width: 199px;\">Distancia de\u00a0Liverpool:<\/td>\n<td style=\"width: 131px;\">520 km<\/td>\n<\/tr>\n<tr>\n<td style=\"width: 199px;\">Distancia de Bristol:<\/td>\n<td style=\"width: 131px;\">240 km<\/td>\n<\/tr>\n<tr>\n<td style=\"width: 1096px;\" colspan=\"4\">\n<p>Es uno de los campos de links\u00a0m\u00e1s memorables de Inglaterra. El primer hoyo se trata de un par 5, relat\u00edvamente f\u00e1cil en comparaci\u00f3n con\u00a0el resto del campo. Tiene hoyos excelentes, pero el sexto es realmente incomparable. El campo tiene grandes dunas, greens ondulados y est\u00e1 rodeado de un campo silvestre.<\/p>\n<\/td>\n<\/tr>\n<\/tbody>\n<\/table>\n<div class=\"one-third first\" style=\"text-align: center;\"><a class=\"button\" title=\"Sample Packages\" href=\"https:\/\/www.golftravellers.com\/destinations\/england\/sample-packages-england\/\">Paquetes de Muestra<\/a><\/div>\n<div class=\"one-third\" style=\"text-align: center;\"><a class=\"button\" title=\"Get a Quote\" href=\"https:\/\/www.golftravellers.com\/contact-us\/get-a-quote\/\">\u00a0Obtener una Cotizaci\u00f3n<\/a><\/div>\n<div class=\"one-third\" style=\"text-align: center;\"><a class=\"button\" title=\"Contact Us\" href=\"https:\/\/www.golftravellers.com\/contact-us\/\">Cont\u00e1ctenos<\/a><\/div>\n<p>&nbsp;<\/p>\n","protected":false},"excerpt":{"rendered":"<p>Nuestra clasificaci\u00f3n: \u00a0 Ranking ingl\u00e9s: 14 Arquitecto: James Braid A\u00f1o de inauguraci\u00f3n: 1891 Par: 69 Distancia de Londres: 400 km Distancia de Birmingham: 370 km Distancia de\u00a0Liverpool: 520 km Distancia de Bristol: 240 km Es uno de los campos de links\u00a0m\u00e1s memorables de Inglaterra. El primer hoyo se trata de un par 5, relat\u00edvamente f\u00e1cil [&hellip;]<\/p>\n","protected":false},"author":6,"featured_media":0,"parent":22577,"menu_order":0,"comment_status":"open","ping_status":"open","template":"","meta":{"_genesis_hide_title":false,"_genesis_hide_breadcrumbs":false,"_genesis_hide_singular_image":false,"_genesis_hide_footer_widgets":false,"_genesis_custom_body_class":"","_genesis_custom_post_class":"","_genesis_layout":"","footnotes":""},"class_list":{"0":"post-23360","1":"page","2":"type-page","3":"status-publish","5":"entry"},"_links":{"self":[{"href":"https:\/\/www.golftravellers.com\/es\/wp-json\/wp\/v2\/pages\/23360","targetHints":{"allow":["GET"]}}],"collection":[{"href":"https:\/\/www.golftravellers.com\/es\/wp-json\/wp\/v2\/pages"}],"about":[{"href":"https:\/\/www.golftravellers.com\/es\/wp-json\/wp\/v2\/types\/page"}],"author":[{"embeddable":true,"href":"https:\/\/www.golftravellers.com\/es\/wp-json\/wp\/v2\/users\/6"}],"replies":[{"embeddable":true,"href":"https:\/\/www.golftravellers.com\/es\/wp-json\/wp\/v2\/comments?post=23360"}],"version-history":[{"count":6,"href":"https:\/\/www.golftravellers.com\/es\/wp-json\/wp\/v2\/pages\/23360\/revisions"}],"predecessor-version":[{"id":39664,"href":"https:\/\/www.golftravellers.com\/es\/wp-json\/wp\/v2\/pages\/23360\/revisions\/39664"}],"up":[{"embeddable":true,"href":"https:\/\/www.golftravellers.com\/es\/wp-json\/wp\/v2\/pages\/22577"}],"wp:attachment":[{"href":"https:\/\/www.golftravellers.com\/es\/wp-json\/wp\/v2\/media?parent=23360"}],"curies":[{"name":"wp","href":"https:\/\/api.w.org\/{rel}","templated":true}]}}