{"id":22947,"date":"2017-11-06T17:35:19","date_gmt":"2017-11-06T17:35:19","guid":{"rendered":"http:\/\/www.golftravellers.com\/?page_id=22947"},"modified":"2017-11-07T11:47:30","modified_gmt":"2017-11-07T11:47:30","slug":"walton-heath-new-course","status":"publish","type":"page","link":"https:\/\/www.golftravellers.com\/es\/destinos\/inglaterra\/campos-de-golf-en-inglaterra\/region-londres\/walton-heath-new-course\/","title":{"rendered":"Walton Heath (New course)"},"content":{"rendered":"<table border=\"0\">\n<tbody>\n<tr>\n<td>Nuestra clasificaci\u00f3n:<\/td>\n<td>\u00a0<img loading=\"lazy\" decoding=\"async\" src=\"http:\/\/www.golftravellers.com\/wp-content\/uploads\/2014\/05\/4stars1.png\" alt=\"Golf Travellers 4 star rating golf course\" width=\"118\" height=\"30\" \/><\/td>\n<td colspan=\"2\" rowspan=\"9\" align=\"center\" valign=\"top\" width=\"50%\"><div class=\"DOPThumbnailGalleryContainer\" id=\"DOPThumbnailGallery329\">\n                                <ul class=\"Settings\" style=\"display:none;\">\n                                    <li class=\"Width\">540<\/li>\n                                    <li class=\"Height\">360<\/li>\n                                    <li class=\"BgColor\">333333<\/li>\n                                    <li class=\"BgAlpha\">45<\/li>\n                                    <li class=\"ImagesOrder\">normal<\/li>\n                                    <li class=\"ResponsiveEnabled\">true<\/li>  \n                                    <li class=\"ThumbnailsPosition\">bottom<\/li>\n                                    <li class=\"ThumbnailsOverImage\">false<\/li>\n                                    <li class=\"ThumbnailsBgColor\">000000<\/li>\n                                    <li class=\"ThumbnailsBgAlpha\">50<\/li>\n                                    <li class=\"ThumbnailsSpacing\">5<\/li>\n                                    <li class=\"ThumbnailsPaddingTop\">0<\/li>\n                                    <li class=\"ThumbnailsPaddingRight\">5<\/li>\n                                    <li class=\"ThumbnailsPaddingBottom\">5<\/li>\n                                    <li class=\"ThumbnailsPaddingLeft\">5<\/li>\n                                    <li class=\"ThumbnailsNavigation\">mouse<\/li>\n                                    <li class=\"ThumbnailsNavigationPrev\">https:\/\/www.golftravellers.com\/wp-content\/plugins\/doptg\/uploads\/settings\/thumbnails-navigation-prev\/1-0.png<\/li>\n                                    <li class=\"ThumbnailsNavigationPrevHover\">https:\/\/www.golftravellers.com\/wp-content\/plugins\/doptg\/uploads\/settings\/thumbnails-navigation-prev-hover\/1-0.png<\/li>\n                                    <li class=\"ThumbnailsNavigationNext\">https:\/\/www.golftravellers.com\/wp-content\/plugins\/doptg\/uploads\/settings\/thumbnails-navigation-next\/1-0.png<\/li>\n                                    <li class=\"ThumbnailsNavigationNextHover\">https:\/\/www.golftravellers.com\/wp-content\/plugins\/doptg\/uploads\/settings\/thumbnails-navigation-next-hover\/1-0.png<\/li>\n                                    <li class=\"ThumbnailLoader\">https:\/\/www.golftravellers.com\/wp-content\/plugins\/doptg\/assets\/gui\/images\/ThumbnailLoader.gif<\/li>\n                                    <li class=\"ThumbnailWidth\">40<\/li>\n                                    <li class=\"ThumbnailHeight\">40<\/li>\n                                    <li class=\"ThumbnailWidthMobile\">30<\/li>\n                                    <li class=\"ThumbnailHeightMobile\">30<\/li>\n                                    <li class=\"ThumbnailAlpha\">50<\/li>\n                                    <li class=\"ThumbnailAlphaHover\">100<\/li>\n                                    <li class=\"ThumbnailAlphaSelected\">100<\/li>\n                                    <li class=\"ThumbnailBgColor\"><\/li>\n                                    <li class=\"ThumbnailBgColorHover\">000000<\/li>\n                                    <li class=\"ThumbnailBgColorSelected\">000000<\/li>\n                                    <li class=\"ThumbnailBorderSize\">2<\/li>\n                                    <li class=\"ThumbnailBorderColor\">f1f1f1<\/li>\n                                    <li class=\"ThumbnailBorderColorHover\">000000<\/li>\n                                    <li class=\"ThumbnailBorderColorSelected\">000000<\/li>\n                                    <li class=\"ThumbnailPaddingTop\">0<\/li>\n                                    <li class=\"ThumbnailPaddingRight\">0<\/li>\n                                    <li class=\"ThumbnailPaddingBottom\">0<\/li>\n                                    <li class=\"ThumbnailPaddingLeft\">0<\/li>\n                                    <li class=\"ImageLoader\">https:\/\/www.golftravellers.com\/wp-content\/plugins\/doptg\/assets\/gui\/images\/ImageLoader.gif<\/li>\n                                    <li class=\"ImageBgColor\">afafaf<\/li>\n                                    <li class=\"ImageBgAlpha\">100<\/li>\n                                    <li class=\"ImageDisplayType\">full<\/li>\n                                    <li class=\"ImageDisplayTime\">1000<\/li>\n                                    <li class=\"ImageMarginTop\">5<\/li>\n                                    <li class=\"ImageMarginRight\">5<\/li>\n                                    <li class=\"ImageMarginBottom\">5<\/li>\n                                    <li class=\"ImageMarginLeft\">5<\/li>\n                                    <li class=\"ImagePaddingTop\">5<\/li>\n                                    <li class=\"ImagePaddingRight\">5<\/li>\n                                    <li class=\"ImagePaddingBottom\">5<\/li>        \n                                    <li class=\"ImagePaddingLeft\">5<\/li>\n                                    <li class=\"NavigationEnabled\">true<\/li>\n                                    <li class=\"NavigationOverImage\">true<\/li>\n                                    <li class=\"NavigationPrev\">https:\/\/www.golftravellers.com\/wp-content\/plugins\/doptg\/uploads\/settings\/navigation-prev\/1-0.png<\/li>\n                                    <li class=\"NavigationPrevHover\">https:\/\/www.golftravellers.com\/wp-content\/plugins\/doptg\/uploads\/settings\/navigation-prev-hover\/1-0.png<\/li>\n                                    <li class=\"NavigationNext\">https:\/\/www.golftravellers.com\/wp-content\/plugins\/doptg\/uploads\/settings\/navigation-next\/1-0.png<\/li>\n                                    <li class=\"NavigationNextHover\">https:\/\/www.golftravellers.com\/wp-content\/plugins\/doptg\/uploads\/settings\/navigation-next-hover\/1-0.png<\/li>\n                                    <li class=\"NavigationLightbox\">https:\/\/www.golftravellers.com\/wp-content\/plugins\/doptg\/uploads\/settings\/navigation-lightbox\/1-0.png<\/li>\n                                    <li class=\"NavigationLightboxHover\">https:\/\/www.golftravellers.com\/wp-content\/plugins\/doptg\/uploads\/settings\/navigation-lightbox-hover\/1-0.png<\/li>\n                                    <li class=\"NavigationTouchDeviceSwipeEnabled\">true<\/li>\n                                    <li class=\"CaptionWidth\">0<\/li>\n                                    <li class=\"CaptionHeight\">0<\/li>\n                                    <li class=\"CaptionTitleColor\">fff<\/li>\n                                    <li class=\"CaptionTextColor\">fff<\/li>\n                                    <li class=\"CaptionBgColor\">000000<\/li>\n                                    <li class=\"CaptionBgAlpha\">30<\/li>\n                                    <li class=\"CaptionPosition\">bottom<\/li>\n                                    <li class=\"CaptionOverImage\">false<\/li>\n                                    <li class=\"CaptionScrollScrubColor\">777777<\/li>\n                                    <li class=\"CaptionScrollBgColor\">e0e0e0<\/li>    \n                                    <li class=\"CaptionMarginTop\">5<\/li>\n                                    <li class=\"CaptionMarginRight\">5<\/li>\n                                    <li class=\"CaptionMarginBottom\">5<\/li>\n                                    <li class=\"CaptionMarginLeft\">5<\/li>\n                                    <li class=\"CaptionPaddingTop\">5<\/li>\n                                    <li class=\"CaptionPaddingRight\">5<\/li>\n                                    <li class=\"CaptionPaddingBottom\">5<\/li>\n                                    <li class=\"CaptionPaddingLeft\">5<\/li>\n                                    <li class=\"LightboxEnabled\">true<\/li>\n                                    <li class=\"LightboxWindowColor\">000000<\/li>\n                                    <li class=\"LightboxWindowAlpha\">80<\/li>\n                                    <li class=\"LightboxLoader\">https:\/\/www.golftravellers.com\/wp-content\/plugins\/doptg\/assets\/gui\/images\/LightboxLoader.gif<\/li>\n                                    <li class=\"LightboxBgColor\">000000<\/li>\n                                    <li class=\"LightboxBgAlpha\">100<\/li>\n                                    <li class=\"LightboxMarginTop\">5<\/li>\n                                    <li class=\"LightboxMarginRight\">5<\/li>\n                                    <li class=\"LightboxMarginBottom\">5<\/li>\n                                    <li class=\"LightboxMarginLeft\">5<\/li>\n                                    <li class=\"LightboxPaddingTop\">5<\/li>\n                                    <li class=\"LightboxPaddingRight\">5<\/li>\n                                    <li class=\"LightboxPaddingBottom\">5<\/li>\n                                    <li class=\"LightboxPaddingLeft\">5<\/li>\n                                    <li class=\"LightboxNavigationPrev\">https:\/\/www.golftravellers.com\/wp-content\/plugins\/doptg\/uploads\/settings\/lightbox-navigation-prev\/1-0.png<\/li>\n                                    <li class=\"LightboxNavigationPrevHover\">https:\/\/www.golftravellers.com\/wp-content\/plugins\/doptg\/uploads\/settings\/lightbox-navigation-prev-hover\/1-0.png<\/li>\n                                    <li class=\"LightboxNavigationNext\">https:\/\/www.golftravellers.com\/wp-content\/plugins\/doptg\/uploads\/settings\/lightbox-navigation-next\/1-0.png<\/li>\n                                    <li class=\"LightboxNavigationNextHover\">https:\/\/www.golftravellers.com\/wp-content\/plugins\/doptg\/uploads\/settings\/lightbox-navigation-next-hover\/1-0.png<\/li>\n                                    <li class=\"LightboxNavigationClose\">https:\/\/www.golftravellers.com\/wp-content\/plugins\/doptg\/uploads\/settings\/lightbox-navigation-close\/1-0.png<\/li>\n                                    <li class=\"LightboxNavigationCloseHover\">https:\/\/www.golftravellers.com\/wp-content\/plugins\/doptg\/uploads\/settings\/lightbox-navigation-close-hover\/1-0.png<\/li>\n                                    <li class=\"LightboxNavigationInfoBgColor\">000000<\/li>\n                                    <li class=\"LightboxNavigationInfoTextColor\">dddddd<\/li>\n                                    <li class=\"LightboxNavigationTouchDeviceSwipeEnabled\">true<\/li>\n                                    <li class=\"SocialShareEnabled\">false<\/li>\n                                    <li class=\"SocialShare\">https:\/\/www.golftravellers.com\/wp-content\/plugins\/doptg\/assets\/gui\/images\/SocialShare.png<\/li>\n                                    <li class=\"SocialShareLightbox\">https:\/\/www.golftravellers.com\/wp-content\/plugins\/doptg\/assets\/gui\/images\/SocialShareLightbox.png<\/li>\n                                    <li class=\"TooltipEnabled\">false<\/li>\n                                    <li class=\"TooltipBgColor\">ffffff<\/li>\n                                    <li class=\"TooltipStrokeColor\">000000<\/li>\n                                    <li class=\"TooltipTextColor\">000000<\/li>\n                                    <li class=\"Slideshow\">true<\/li>\n                                    <li class=\"SlideshowTime\">3500<\/li>\n                                    <li class=\"SlideshowAutostart\">true<\/li>\n                                    <li class=\"SlideshowLoop\">true<\/li>\n                                    <li class=\"SlideshowPlay\">https:\/\/www.golftravellers.com\/wp-content\/plugins\/doptg\/uploads\/settings\/slideshow-play\/1-0.png<\/li>\n                                    <li class=\"SlideshowPlayHover\">https:\/\/www.golftravellers.com\/wp-content\/plugins\/doptg\/uploads\/settings\/slideshow-play-hover\/1-0.png<\/li>\n                                    <li class=\"SlideshowPause\">https:\/\/www.golftravellers.com\/wp-content\/plugins\/doptg\/uploads\/settings\/slideshow-pause\/1-0.png<\/li>\n                                    <li class=\"SlideshowPauseHover\">https:\/\/www.golftravellers.com\/wp-content\/plugins\/doptg\/uploads\/settings\/slideshow-pause-hover\/1-0.png<\/li>\n                                    <li class=\"AutoHide\">false<\/li>\n                                    <li class=\"AutoHideTime\">2000<\/li>\n                                <\/ul>\n                                <ul class=\"Content\" style=\"display:none;\"><li>\n                                                    <img decoding=\"async\" class=\"Image\" src=\"https:\/\/www.golftravellers.com\/wp-content\/plugins\/doptg\/uploads\/6bQd7qFtG9OGwq74X9rwyZNtktt9YFyECsOaLwYS5SOACSPC3FkRRYMMQr4Mr62C1.jpg\" alt=\"Large fairway bunker with heather on the New Course of the Walton Heath golf club\" title=\"Large fairway bunker with heather on the New Course of the Walton Heath golf club\" \/>\n                                                    <img decoding=\"async\" class=\"Thumb\" src=\"https:\/\/www.golftravellers.com\/wp-content\/plugins\/doptg\/uploads\/thumbs\/6bQd7qFtG9OGwq74X9rwyZNtktt9YFyECsOaLwYS5SOACSPC3FkRRYMMQr4Mr62C1.jpg\" alt=\"Large fairway bunker with heather on the New Course of the Walton Heath golf club\" title=\"Large fairway bunker with heather on the New Course of the Walton Heath golf club\" \/>\n                                                    <span class=\"CaptionTitle\">Large fairway bunker with heather on the New Course of the Walton Heath golf club<\/span>\n                                                    <span class=\"CaptionText\"><\/span>\n                                                    <span class=\"Media\"><\/span>\n                                                    <span class=\"LightboxMedia\"><\/span>\n                                                 <\/li><li>\n                                                    <img decoding=\"async\" class=\"Image\" src=\"https:\/\/www.golftravellers.com\/wp-content\/plugins\/doptg\/uploads\/dc7g7xPqZTHYts9FQF3hZdccKxBrewtshhseWQAtQNEFOH1hn1WRHBq14Wb99TYrz.jpg\" alt=\"Narrow fairway on the New Course of the Walton Heath golf club\" title=\"Narrow fairway on the New Course of the Walton Heath golf club\" \/>\n                                                    <img decoding=\"async\" class=\"Thumb\" src=\"https:\/\/www.golftravellers.com\/wp-content\/plugins\/doptg\/uploads\/thumbs\/dc7g7xPqZTHYts9FQF3hZdccKxBrewtshhseWQAtQNEFOH1hn1WRHBq14Wb99TYrz.jpg\" alt=\"Narrow fairway on the New Course of the Walton Heath golf club\" title=\"Narrow fairway on the New Course of the Walton Heath golf club\" \/>\n                                                    <span class=\"CaptionTitle\">Narrow fairway on the New Course of the Walton Heath golf club<\/span>\n                                                    <span class=\"CaptionText\"><\/span>\n                                                    <span class=\"Media\"><\/span>\n                                                    <span class=\"LightboxMedia\"><\/span>\n                                                 <\/li><li>\n                                                    <img decoding=\"async\" class=\"Image\" src=\"https:\/\/www.golftravellers.com\/wp-content\/plugins\/doptg\/uploads\/byfZMFO1wPA3XdQAsskjwGMsBXfB5jMnRGyW6Fz2CzeQeE1naNnesMTaS2c9xhZBD.jpg\" alt=\"Bunkers on the New Course of the Walton Heath golf club\" title=\"Bunkers on the New Course of the Walton Heath golf club\" \/>\n                                                    <img decoding=\"async\" class=\"Thumb\" src=\"https:\/\/www.golftravellers.com\/wp-content\/plugins\/doptg\/uploads\/thumbs\/byfZMFO1wPA3XdQAsskjwGMsBXfB5jMnRGyW6Fz2CzeQeE1naNnesMTaS2c9xhZBD.jpg\" alt=\"Bunkers on the New Course of the Walton Heath golf club\" title=\"Bunkers on the New Course of the Walton Heath golf club\" \/>\n                                                    <span class=\"CaptionTitle\">Bunkers on the New Course of the Walton Heath golf club<\/span>\n                                                    <span class=\"CaptionText\"><\/span>\n                                                    <span class=\"Media\"><\/span>\n                                                    <span class=\"LightboxMedia\"><\/span>\n                                                 <\/li><li>\n                                                    <img decoding=\"async\" class=\"Image\" src=\"https:\/\/www.golftravellers.com\/wp-content\/plugins\/doptg\/uploads\/4ps49DTfkBKQ1X9SxmjaF3qktcF2jWEbXY7wWPbFtgO2swL3QCD77ZpkxMm3fLM4d.jpg\" alt=\"Green bunkers on the New Course of the Walton Heath golf club\" title=\"Green bunkers on the New Course of the Walton Heath golf club\" \/>\n                                                    <img decoding=\"async\" class=\"Thumb\" src=\"https:\/\/www.golftravellers.com\/wp-content\/plugins\/doptg\/uploads\/thumbs\/4ps49DTfkBKQ1X9SxmjaF3qktcF2jWEbXY7wWPbFtgO2swL3QCD77ZpkxMm3fLM4d.jpg\" alt=\"Green bunkers on the New Course of the Walton Heath golf club\" title=\"Green bunkers on the New Course of the Walton Heath golf club\" \/>\n                                                    <span class=\"CaptionTitle\">Green bunkers on the New Course of the Walton Heath golf club<\/span>\n                                                    <span class=\"CaptionText\"><\/span>\n                                                    <span class=\"Media\"><\/span>\n                                                    <span class=\"LightboxMedia\"><\/span>\n                                                 <\/li><li>\n                                                    <img decoding=\"async\" class=\"Image\" src=\"https:\/\/www.golftravellers.com\/wp-content\/plugins\/doptg\/uploads\/rkhtqztRsc3Yjpp8FCZG5mZA72ZKAssgEWHDQ1KKgYxqfR5aCmNbs7tXSsSNW2bpc.jpg\" alt=\"Golf hole on the New Course of the Walton Heath golf club\" title=\"Golf hole on the New Course of the Walton Heath golf club\" \/>\n                                                    <img decoding=\"async\" class=\"Thumb\" src=\"https:\/\/www.golftravellers.com\/wp-content\/plugins\/doptg\/uploads\/thumbs\/rkhtqztRsc3Yjpp8FCZG5mZA72ZKAssgEWHDQ1KKgYxqfR5aCmNbs7tXSsSNW2bpc.jpg\" alt=\"Golf hole on the New Course of the Walton Heath golf club\" title=\"Golf hole on the New Course of the Walton Heath golf club\" \/>\n                                                    <span class=\"CaptionTitle\">Golf hole on the New Course of the Walton Heath golf club<\/span>\n                                                    <span class=\"CaptionText\"><\/span>\n                                                    <span class=\"Media\"><\/span>\n                                                    <span class=\"LightboxMedia\"><\/span>\n                                                 <\/li><li>\n                                                    <img decoding=\"async\" class=\"Image\" src=\"https:\/\/www.golftravellers.com\/wp-content\/plugins\/doptg\/uploads\/WC1Gjxnj5QYkxArZa8XN2ty7AxNQKfxMg8b1HRYzhNLWfhejZw4DKKXS974Wph93K.jpg\" alt=\"High rough on the New Course of the Walton Heath golf club\" title=\"High rough on the New Course of the Walton Heath golf club\" \/>\n                                                    <img decoding=\"async\" class=\"Thumb\" src=\"https:\/\/www.golftravellers.com\/wp-content\/plugins\/doptg\/uploads\/thumbs\/WC1Gjxnj5QYkxArZa8XN2ty7AxNQKfxMg8b1HRYzhNLWfhejZw4DKKXS974Wph93K.jpg\" alt=\"High rough on the New Course of the Walton Heath golf club\" title=\"High rough on the New Course of the Walton Heath golf club\" \/>\n                                                    <span class=\"CaptionTitle\">High rough on the New Course of the Walton Heath golf club<\/span>\n                                                    <span class=\"CaptionText\"><\/span>\n                                                    <span class=\"Media\"><\/span>\n                                                    <span class=\"LightboxMedia\"><\/span>\n                                                 <\/li><li>\n                                                    <img decoding=\"async\" class=\"Image\" src=\"https:\/\/www.golftravellers.com\/wp-content\/plugins\/doptg\/uploads\/GnyppqNnRKbMLeQcL6G1Y73ztheFXphQ1XS6pBPY1fGTFKAzLdGZaZneHSB7HptAT.jpg\" alt=\"Tee on the New Course of the Walton Heath golf club\" title=\"Tee on the New Course of the Walton Heath golf club\" \/>\n                                                    <img decoding=\"async\" class=\"Thumb\" src=\"https:\/\/www.golftravellers.com\/wp-content\/plugins\/doptg\/uploads\/thumbs\/GnyppqNnRKbMLeQcL6G1Y73ztheFXphQ1XS6pBPY1fGTFKAzLdGZaZneHSB7HptAT.jpg\" alt=\"Tee on the New Course of the Walton Heath golf club\" title=\"Tee on the New Course of the Walton Heath golf club\" \/>\n                                                    <span class=\"CaptionTitle\">Tee on the New Course of the Walton Heath golf club<\/span>\n                                                    <span class=\"CaptionText\"><\/span>\n                                                    <span class=\"Media\"><\/span>\n                                                    <span class=\"LightboxMedia\"><\/span>\n                                                 <\/li><\/ul>\n                            <\/div>\n                            <script type=\"text\/JavaScript\">\n                                jQuery(document).ready(function(){\n                                    jQuery('#DOPThumbnailGallery329').DOPThumbnailGallery({'ParseMethod': 'HTML'});\n                                });\n                            <\/script><\/td>\n<\/tr>\n<tr>\n<td>Ranking ingl\u00e9s:<\/td>\n<td>29<\/td>\n<\/tr>\n<tr>\n<td width=\"30%\">Arquitecto:<\/td>\n<td width=\"20%\">Herbert Fowler<\/td>\n<\/tr>\n<tr>\n<td>A\u00f1o\u00a0de inauguraci\u00f3n:<\/td>\n<td>1907<\/td>\n<\/tr>\n<tr>\n<td>Par:<\/td>\n<td>72<\/td>\n<\/tr>\n<tr>\n<td>Distancia de\u00a0London:<\/td>\n<td>35 km<\/td>\n<\/tr>\n<tr>\n<td>Distancia de\u00a0Birmingham:<\/td>\n<td>225 km<\/td>\n<\/tr>\n<tr>\n<td>Distancia de\u00a0Liverpool:<\/td>\n<td>375 km<\/td>\n<\/tr>\n<tr>\n<td>Distancia de\u00a0Bristol:<\/td>\n<td>195 km<\/td>\n<\/tr>\n<tr>\n<td colspan=\"4\">\n<p>Como Sunningdale, Walton Heath tiene 36 hoyos soberbios, inclu\u00eddos los 18 hoyos nuevos del New Course. Es relativamente plano, con hoyos que cambian bruscamente de direcci\u00f3n (doglegs), abundancia de brezo y fairways y greens ondulados. El New Course se extendi\u00f3 a 18 hoyos en medio de una historia pol\u00edtica y aristocr\u00e1tica.\u00a0Winston Churchill, as\u00ed como otras figuras pol\u00edticas, y el Pr\u00edcipe de Gales se encuentran entre los miembros\u00a0m\u00e1s ilustres del club.<\/p>\n<\/td>\n<\/tr>\n<\/tbody>\n<\/table>\n<div class=\"one-third first\" style=\"text-align: center;\"><a class=\"button\" title=\"Sample Packages\" href=\"https:\/\/www.golftravellers.com\/destinations\/england\/sample-packages-england\/\">Paquetes de Muestra<\/a><\/div>\n<div class=\"one-third\" style=\"text-align: center;\"><a class=\"button\" title=\"Get a Quote\" href=\"https:\/\/www.golftravellers.com\/contact-us\/get-a-quote\/\">Obtener una Cotizaci\u00f3n<\/a><\/div>\n<div class=\"one-third\" style=\"text-align: center;\"><a class=\"button\" title=\"Contact Us\" href=\"https:\/\/www.golftravellers.com\/contact-us\/\">Cont\u00e1ctenos<\/a><\/div>\n<p>&nbsp;<\/p>\n","protected":false},"excerpt":{"rendered":"<p>Nuestra clasificaci\u00f3n: \u00a0 Ranking ingl\u00e9s: 29 Arquitecto: Herbert Fowler A\u00f1o\u00a0de inauguraci\u00f3n: 1907 Par: 72 Distancia de\u00a0London: 35 km Distancia de\u00a0Birmingham: 225 km Distancia de\u00a0Liverpool: 375 km Distancia de\u00a0Bristol: 195 km Como Sunningdale, Walton Heath tiene 36 hoyos soberbios, inclu\u00eddos los 18 hoyos nuevos del New Course. Es relativamente plano, con hoyos que cambian bruscamente de [&hellip;]<\/p>\n","protected":false},"author":10,"featured_media":0,"parent":22569,"menu_order":0,"comment_status":"open","ping_status":"open","template":"","meta":{"_genesis_hide_title":false,"_genesis_hide_breadcrumbs":false,"_genesis_hide_singular_image":false,"_genesis_hide_footer_widgets":false,"_genesis_custom_body_class":"","_genesis_custom_post_class":"","_genesis_layout":"","footnotes":""},"class_list":{"0":"post-22947","1":"page","2":"type-page","3":"status-publish","5":"entry"},"_links":{"self":[{"href":"https:\/\/www.golftravellers.com\/es\/wp-json\/wp\/v2\/pages\/22947","targetHints":{"allow":["GET"]}}],"collection":[{"href":"https:\/\/www.golftravellers.com\/es\/wp-json\/wp\/v2\/pages"}],"about":[{"href":"https:\/\/www.golftravellers.com\/es\/wp-json\/wp\/v2\/types\/page"}],"author":[{"embeddable":true,"href":"https:\/\/www.golftravellers.com\/es\/wp-json\/wp\/v2\/users\/10"}],"replies":[{"embeddable":true,"href":"https:\/\/www.golftravellers.com\/es\/wp-json\/wp\/v2\/comments?post=22947"}],"version-history":[{"count":7,"href":"https:\/\/www.golftravellers.com\/es\/wp-json\/wp\/v2\/pages\/22947\/revisions"}],"predecessor-version":[{"id":39339,"href":"https:\/\/www.golftravellers.com\/es\/wp-json\/wp\/v2\/pages\/22947\/revisions\/39339"}],"up":[{"embeddable":true,"href":"https:\/\/www.golftravellers.com\/es\/wp-json\/wp\/v2\/pages\/22569"}],"wp:attachment":[{"href":"https:\/\/www.golftravellers.com\/es\/wp-json\/wp\/v2\/media?parent=22947"}],"curies":[{"name":"wp","href":"https:\/\/api.w.org\/{rel}","templated":true}]}}