{"id":22579,"date":"2015-03-09T01:21:50","date_gmt":"2015-03-09T01:21:50","guid":{"rendered":"http:\/\/www.golftravellers.com\/?page_id=22579"},"modified":"2018-01-07T09:44:09","modified_gmt":"2018-01-07T09:44:09","slug":"paquetes","status":"publish","type":"page","link":"https:\/\/www.golftravellers.com\/es\/destinos\/inglaterra\/paquetes\/","title":{"rendered":"Viajes de golf en Inglaterra"},"content":{"rendered":"<p>A continuaci\u00f3n le ofrecemos una\u00a0selecci\u00f3n de paquetes para todos los intereses y presupuestos. Todos nuestros tours de golf pueden ser personalizados. Para m\u00e1s informaci\u00f3n, puede ponerse en contacto con nosotros para organizar su viaje de golf perfecto en Inglaterra.\u00a0<\/p>\n<table class=\"highlight\">\n<tbody>\n<tr>\n<td class=\"border\">\n<p><a href=\"https:\/\/www.golftravellers.com\/destinations\/england\/sample-packages-england\/the-beatles-golf-tour\/\"><img loading=\"lazy\" decoding=\"async\" class=\"aligncenter wp-image-15005 size-full\" style=\"border-bottom: thick solid #fff;\" src=\"http:\/\/www.golftravellers.com\/wp-content\/uploads\/2014\/04\/hillside-package-liverpool.jpg\" alt=\"Golfers playing at Hillside North of Liverpool\" width=\"350\" height=\"208\" srcset=\"https:\/\/www.golftravellers.com\/wp-content\/uploads\/2014\/04\/hillside-package-liverpool.jpg 350w, https:\/\/www.golftravellers.com\/wp-content\/uploads\/2014\/04\/hillside-package-liverpool-300x178.jpg 300w\" sizes=\"auto, (max-width: 350px) 100vw, 350px\" \/><\/a><\/p>\n<p style=\"text-align: center;\"><a title=\"The Beatles Golf Tour\" href=\"https:\/\/www.golftravellers.com\/destinations\/england\/sample-packages-england\/the-beatles-golf-tour\/\"><span style=\"font-size: 12pt;\"><strong>Tour de Golf\u00a0 The Beatles<\/strong><\/span><\/a><br \/>\n <a title=\"The Beatles Golf Tour\" href=\"https:\/\/www.golftravellers.com\/destinations\/england\/sample-packages-england\/the-beatles-golf-tour\/\"><span style=\"font-size: 10pt;\">Hillside, Wallasey<\/span><\/a><br \/>\n <a title=\"The Beatles Golf Tour\" href=\"https:\/\/www.golftravellers.com\/destinations\/england\/sample-packages-england\/the-beatles-golf-tour\/\"><strong>Desde <span style=\"font-size: 18pt;\">550\u20ac<\/span><\/strong><\/a><\/p>\n<\/td>\n<td class=\"noborder\" style=\"border-bottom: 0;\">\u00a0<\/td>\n<td class=\"border\">\n<p><a href=\"https:\/\/www.golftravellers.com\/destinations\/england\/sample-packages-england\/the-2-prestigious-courses-in-the-south-east\/\"><img loading=\"lazy\" decoding=\"async\" class=\"aligncenter wp-image-15017 size-full\" style=\"border-bottom: thick solid #fff; margin-bottom: 0px;\" src=\"http:\/\/www.golftravellers.com\/wp-content\/uploads\/2014\/04\/royalstgeorges-package-bunkers.jpg\" alt=\"Aerial view of signature hole at Royal St Geaorge's\" width=\"350\" height=\"208\" srcset=\"https:\/\/www.golftravellers.com\/wp-content\/uploads\/2014\/04\/royalstgeorges-package-bunkers.jpg 350w, https:\/\/www.golftravellers.com\/wp-content\/uploads\/2014\/04\/royalstgeorges-package-bunkers-300x178.jpg 300w\" sizes=\"auto, (max-width: 350px) 100vw, 350px\" \/><\/a><\/p>\n<p style=\"text-align: center;\"><a title=\"The 2 prestigious courses in the South East\" href=\"https:\/\/www.golftravellers.com\/destinations\/england\/sample-packages-england\/the-2-prestigious-courses-in-the-south-east\/\"><span style=\"font-size: 12pt;\"><strong>2 noches en\u00a0Kent<\/strong><\/span><\/a><br \/>\n <a title=\"The 2 prestigious courses in the South East\" href=\"https:\/\/www.golftravellers.com\/destinations\/england\/sample-packages-england\/the-2-prestigious-courses-in-the-south-east\/\"><span style=\"font-size: 10pt;\">Royal St George&#8217;s, Royal Cinque Ports<\/span><\/a><br \/>\n <a title=\"The 2 prestigious courses in the South East\" href=\"https:\/\/www.golftravellers.com\/destinations\/england\/sample-packages-england\/the-2-prestigious-courses-in-the-south-east\/\"><strong><span style=\"font-size: 12pt;\">\u00a0Desde <\/span><span style=\"font-size: 18pt;\">590\u20ac<\/span><\/strong><\/a><\/p>\n<\/td>\n<td class=\"noborder\">\u00a0<\/td>\n<td class=\"border\"><a href=\"https:\/\/www.golftravellers.com\/destinations\/england\/sample-packages-england\/the-east-of-england-and-its-best-courses\/\"><img loading=\"lazy\" decoding=\"async\" class=\"aligncenter wp-image-15027 size-full\" style=\"border-bottom: thick solid #fff;\" src=\"http:\/\/www.golftravellers.com\/wp-content\/uploads\/2014\/04\/royalwestnorfolk-9th-hole.jpg\" alt=\"Signature hole at Royal West Norfolk\" width=\"350\" height=\"208\" srcset=\"https:\/\/www.golftravellers.com\/wp-content\/uploads\/2014\/04\/royalwestnorfolk-9th-hole.jpg 350w, https:\/\/www.golftravellers.com\/wp-content\/uploads\/2014\/04\/royalwestnorfolk-9th-hole-300x178.jpg 300w\" sizes=\"auto, (max-width: 350px) 100vw, 350px\" \/><\/a><\/p>\n<p style=\"text-align: center;\"><a title=\"The East of England and its best courses\" href=\"https:\/\/www.golftravellers.com\/destinations\/england\/sample-packages-england\/the-east-of-england-and-its-best-courses\/\"><span style=\"font-size: 12pt;\"><strong>Los mejores campos del este<\/strong><\/span><\/a><br \/>\n <a title=\"The East of England and its best courses\" href=\"https:\/\/www.golftravellers.com\/destinations\/england\/sample-packages-england\/the-east-of-england-and-its-best-courses\/\"><span style=\"font-size: 10pt;\">Royal West Norfolk, Hunstanton, Sheringham<\/span><\/a><br \/>\n <a title=\"The East of England and its best courses\" href=\"https:\/\/www.golftravellers.com\/destinations\/england\/sample-packages-england\/the-east-of-england-and-its-best-courses\/\"><strong><span style=\"font-size: 12pt;\">Desde <\/span><span style=\"font-size: 18pt;\">620\u20ac<\/span><\/strong><\/a><\/p>\n<\/td>\n<\/tr>\n<\/tbody>\n<\/table>\n<p>&nbsp;<\/p>\n<p>&nbsp;<\/p>\n<table class=\"highlight\">\n<tbody>\n<tr>\n<td class=\"noborder\" style=\"border-bottom: 0;\">\u00a0<\/td>\n<td class=\"border\">\n<p><a href=\"https:\/\/www.golftravellers.com\/destinations\/england\/sample-packages-england\/the-robin-hood-golf-tour\/\"><img loading=\"lazy\" decoding=\"async\" class=\"aligncenter wp-image-15037 size-full\" style=\"border-bottom: thick solid #fff; margin-bottom: 0px;\" src=\"http:\/\/www.golftravellers.com\/wp-content\/uploads\/2014\/04\/woodhallspa-hotchkin-course.jpg\" alt=\"Sunset on the Wood Hall Spa Golf Course\" width=\"350\" height=\"208\" srcset=\"https:\/\/www.golftravellers.com\/wp-content\/uploads\/2014\/04\/woodhallspa-hotchkin-course.jpg 350w, https:\/\/www.golftravellers.com\/wp-content\/uploads\/2014\/04\/woodhallspa-hotchkin-course-300x178.jpg 300w\" sizes=\"auto, (max-width: 350px) 100vw, 350px\" \/><\/a><\/p>\n<p style=\"text-align: center;\"><a title=\"The Robin Hood Golf Tour\" href=\"https:\/\/www.golftravellers.com\/destinations\/england\/sample-packages-england\/the-robin-hood-golf-tour\/\"><span style=\"font-size: 12pt;\"><strong>Tour de golf Robin Hood<\/strong><\/span><\/a><br \/>\n <a title=\"The Robin Hood Golf Tour\" href=\"https:\/\/www.golftravellers.com\/destinations\/england\/sample-packages-england\/the-robin-hood-golf-tour\/\"><span style=\"font-size: 10pt;\">Woodhall Spa, Notts, Sherwood Forest<\/span><\/a><br \/>\n <a title=\"The Robin Hood Golf Tour\" href=\"https:\/\/www.golftravellers.com\/destinations\/england\/sample-packages-england\/the-robin-hood-golf-tour\/\"><strong><span style=\"font-size: 12pt;\">Desde <\/span><span style=\"font-size: 18pt;\">670\u20ac<\/span><\/strong><\/a><\/p>\n<\/td>\n<td class=\"noborder\" style=\"border-bottom: 0;\">\u00a0<\/td>\n<td class=\"border\">\n<p><a href=\"https:\/\/www.golftravellers.com\/destinations\/england\/sample-packages-england\/5-nights-in-london-with-4-great-courses\/\"><img loading=\"lazy\" decoding=\"async\" class=\"aligncenter wp-image-15048 size-full\" style=\"border-bottom: thick solid #fff; margin-bottom: 0px;\" src=\"http:\/\/www.golftravellers.com\/wp-content\/uploads\/2014\/04\/addington-london-region.jpg\" alt=\"Large green at Addington near London\" width=\"350\" height=\"208\" srcset=\"https:\/\/www.golftravellers.com\/wp-content\/uploads\/2014\/04\/addington-london-region.jpg 350w, https:\/\/www.golftravellers.com\/wp-content\/uploads\/2014\/04\/addington-london-region-300x178.jpg 300w\" sizes=\"auto, (max-width: 350px) 100vw, 350px\" \/><\/a><\/p>\n<p style=\"text-align: center;\"><span style=\"font-size: 12pt;\"><strong><a title=\"5 nights in London with 4 Great Courses\" href=\"https:\/\/www.golftravellers.com\/destinations\/england\/sample-packages-england\/5-nights-in-london-with-4-great-courses\/\">5 noches cerca de Londres<\/a><\/strong><\/span><br \/>\n <a title=\"5 nights in London with 4 Great Courses\" href=\"https:\/\/www.golftravellers.com\/destinations\/england\/sample-packages-england\/5-nights-in-london-with-4-great-courses\/\"><span style=\"font-size: 10pt;\">Addington, Wokidng, Worplesdon, West Hill<\/span><\/a><br \/>\n <a title=\"5 nights in London with 4 Great Courses\" href=\"https:\/\/www.golftravellers.com\/destinations\/england\/sample-packages-england\/5-nights-in-london-with-4-great-courses\/\"><strong><span style=\"font-size: 12pt;\">Desde <\/span><span style=\"font-size: 18pt;\">830\u20ac<\/span><\/strong><\/a><\/p>\n<\/td>\n<td class=\"noborder\">\u00a0<\/td>\n<td class=\"border\"><a href=\"https:\/\/www.golftravellers.com\/destinations\/england\/sample-packages-england\/4-nights-west-of-london-with-3-prestigious-courses\/\"><img loading=\"lazy\" decoding=\"async\" class=\"aligncenter wp-image-15066 size-full\" style=\"border-bottom: thick solid #fff;\" src=\"http:\/\/www.golftravellers.com\/wp-content\/uploads\/2014\/04\/sunningdale-newcourse-package1.jpg\" alt=\"Long hole on the New Course at Sunningdale\" width=\"350\" height=\"208\" srcset=\"https:\/\/www.golftravellers.com\/wp-content\/uploads\/2014\/04\/sunningdale-newcourse-package1.jpg 350w, https:\/\/www.golftravellers.com\/wp-content\/uploads\/2014\/04\/sunningdale-newcourse-package1-300x178.jpg 300w\" sizes=\"auto, (max-width: 350px) 100vw, 350px\" \/><\/a><\/p>\n<p style=\"text-align: center;\"><a title=\"4 nights West of London with 3 prestigious courses\" href=\"https:\/\/www.golftravellers.com\/destinations\/england\/sample-packages-england\/4-nights-west-of-london-with-3-prestigious-courses\/\"><span style=\"font-size: 12pt;\"><strong>Campos prestigiosos en Londres<\/strong><\/span><\/a><br \/>\n <a title=\"4 nights West of London with 3 prestigious courses\" href=\"https:\/\/www.golftravellers.com\/destinations\/england\/sample-packages-england\/4-nights-west-of-london-with-3-prestigious-courses\/\"><span style=\"font-size: 10pt;\">Sunningdale &#8216;New&#8217;, St George&#8217;s Hill, Hankley C.<\/span><\/a><br \/>\n <a title=\"4 nights West of London with 3 prestigious courses\" href=\"https:\/\/www.golftravellers.com\/destinations\/england\/sample-packages-england\/4-nights-west-of-london-with-3-prestigious-courses\/\"><strong><span style=\"font-size: 12pt;\">Desde <\/span><span style=\"font-size: 18pt;\">880\u20ac<\/span><\/strong><\/a><\/p>\n<\/td>\n<\/tr>\n<\/tbody>\n<\/table>\n<p>&nbsp;<\/p>\n<p>&nbsp;<\/p>\n<table class=\"highlight\">\n<tbody>\n<tr>\n<td class=\"border\">\n<p><a href=\"https:\/\/www.golftravellers.com\/destinations\/england\/sample-packages-england\/three-prestigious-courses-north-of-liverpool\/\"><img loading=\"lazy\" decoding=\"async\" class=\"aligncenter wp-image-15086 size-full\" style=\"border-bottom: thick solid #fff;\" src=\"http:\/\/www.golftravellers.com\/wp-content\/uploads\/2014\/04\/royalbirkdale-par3-package.jpg\" alt=\"Stunning hole in the dunes at Royal Birkdale\" width=\"350\" height=\"208\" srcset=\"https:\/\/www.golftravellers.com\/wp-content\/uploads\/2014\/04\/royalbirkdale-par3-package.jpg 350w, https:\/\/www.golftravellers.com\/wp-content\/uploads\/2014\/04\/royalbirkdale-par3-package-300x178.jpg 300w\" sizes=\"auto, (max-width: 350px) 100vw, 350px\" \/><\/a><\/p>\n<p style=\"text-align: center;\"><a title=\"Three prestigious courses North of Liverpool\" href=\"https:\/\/www.golftravellers.com\/destinations\/england\/sample-packages-england\/three-prestigious-courses-north-of-liverpool\/\"><span style=\"font-size: 12pt;\"><strong>Campos prestigiosos cerca de\u00a0Liverpool<\/strong><\/span><\/a><br \/>\n <a title=\"Three prestigious courses North of Liverpool\" href=\"https:\/\/www.golftravellers.com\/destinations\/england\/sample-packages-england\/three-prestigious-courses-north-of-liverpool\/\"><span style=\"font-size: 10pt;\">Royal Birkdale, Hillside, Formby<\/span><\/a><br \/>\n <a title=\"Three prestigious courses North of Liverpool\" href=\"https:\/\/www.golftravellers.com\/destinations\/england\/sample-packages-england\/three-prestigious-courses-north-of-liverpool\/\"><strong>Desde <span style=\"font-size: 18pt;\">940\u20ac<\/span><\/strong><\/a><\/p>\n<\/td>\n<td class=\"noborder\" style=\"border-bottom: 0;\">\u00a0<\/td>\n<td class=\"border\">\n<p><a href=\"https:\/\/www.golftravellers.com\/destinations\/england\/sample-packages-england\/36-holes-at-sunningdale-and-walton-heath\/\"><img loading=\"lazy\" decoding=\"async\" class=\"aligncenter wp-image-15096 size-full\" style=\"border-bottom: thick solid #fff; margin-bottom: 0px;\" src=\"http:\/\/www.golftravellers.com\/wp-content\/uploads\/2014\/04\/waltonheath-newcourse-green-bunkers.jpg\" alt=\"Large green bunkers on the New Course at Walton Heath\" width=\"350\" height=\"208\" srcset=\"https:\/\/www.golftravellers.com\/wp-content\/uploads\/2014\/04\/waltonheath-newcourse-green-bunkers.jpg 350w, https:\/\/www.golftravellers.com\/wp-content\/uploads\/2014\/04\/waltonheath-newcourse-green-bunkers-300x178.jpg 300w\" sizes=\"auto, (max-width: 350px) 100vw, 350px\" \/><\/a><\/p>\n<p style=\"text-align: center;\"><a title=\"36 holes at Sunningdale &amp; 36 holes at Walton Heath\" href=\"https:\/\/www.golftravellers.com\/destinations\/england\/sample-packages-england\/36-holes-at-sunningdale-and-walton-heath\/\"><span style=\"font-size: 12pt;\"><strong>Los mejores 36 hoyos de Inglaterra<\/strong><\/span><\/a><br \/>\n <a title=\"36 holes at Sunningdale &amp; 36 holes at Walton Heath\" href=\"https:\/\/www.golftravellers.com\/destinations\/england\/sample-packages-england\/36-holes-at-sunningdale-and-walton-heath\/\"><span style=\"font-size: 10pt;\">Sunningdale, Walton Heath<\/span><\/a><br \/>\n <a title=\"36 holes at Sunningdale &amp; 36 holes at Walton Heath\" href=\"https:\/\/www.golftravellers.com\/destinations\/england\/sample-packages-england\/36-holes-at-sunningdale-and-walton-heath\/\"><strong><span style=\"font-size: 12pt;\">Desde <\/span><span style=\"font-size: 18pt;\">950\u20ac<\/span><\/strong><\/a><\/p>\n<\/td>\n<td class=\"noborder\">\u00a0<\/td>\n<td class=\"border\"><a href=\"https:\/\/www.golftravellers.com\/destinations\/england\/sample-packages-england\/the-south-west-and-its-best-golf-courses\/\"><img loading=\"lazy\" decoding=\"async\" class=\"aligncenter wp-image-15106 size-full\" style=\"border-bottom: thick solid #fff;\" src=\"http:\/\/www.golftravellers.com\/wp-content\/uploads\/2014\/04\/stenodoc-churchcourse-elevated-green.jpg\" alt=\"Par 3 hole at St Enodoc on the Church Course\" width=\"350\" height=\"208\" srcset=\"https:\/\/www.golftravellers.com\/wp-content\/uploads\/2014\/04\/stenodoc-churchcourse-elevated-green.jpg 350w, https:\/\/www.golftravellers.com\/wp-content\/uploads\/2014\/04\/stenodoc-churchcourse-elevated-green-300x178.jpg 300w\" sizes=\"auto, (max-width: 350px) 100vw, 350px\" \/><\/a><\/p>\n<p style=\"text-align: center;\"><a title=\"The South West and its best golf courses\" href=\"https:\/\/www.golftravellers.com\/destinations\/england\/sample-packages-england\/the-south-west-and-its-best-golf-courses\/\"><span style=\"font-size: 12pt;\"><strong>Los mejores campos en el Sudoeste\u00a0<\/strong><\/span><\/a><br \/>\n <a title=\"The South West and its best golf courses\" href=\"https:\/\/www.golftravellers.com\/destinations\/england\/sample-packages-england\/the-south-west-and-its-best-golf-courses\/\"><span style=\"font-size: 10pt;\">Royal ND, Saunton, St Enodoc, Trevose, Burnham<\/span><\/a><br \/>\n <a title=\"The South West and its best golf courses\" href=\"https:\/\/www.golftravellers.com\/destinations\/england\/sample-packages-england\/the-south-west-and-its-best-golf-courses\/\"><strong><span style=\"font-size: 12pt;\">Desde <\/span><span style=\"font-size: 18pt;\">1050\u20ac<\/span><\/strong><\/a><\/p>\n<\/td>\n<\/tr>\n<\/tbody>\n<\/table>\n<p>&nbsp;<\/p>\n<p>&nbsp;<\/p>\n<table class=\"highlight\">\n<tbody>\n<tr>\n<td class=\"border\">\n<p><a href=\"https:\/\/www.golftravellers.com\/destinations\/england\/sample-packages-england\/the-south-east-with-its-best-courses\/\"><img loading=\"lazy\" decoding=\"async\" class=\"aligncenter wp-image-15118 size-full\" style=\"border-bottom: thick solid #fff;\" src=\"http:\/\/www.golftravellers.com\/wp-content\/uploads\/2014\/04\/royalcinqueports-hole.jpg\" alt=\"Hole by the sea at Royal Cinque Ports\" width=\"350\" height=\"208\" srcset=\"https:\/\/www.golftravellers.com\/wp-content\/uploads\/2014\/04\/royalcinqueports-hole.jpg 350w, https:\/\/www.golftravellers.com\/wp-content\/uploads\/2014\/04\/royalcinqueports-hole-300x178.jpg 300w\" sizes=\"auto, (max-width: 350px) 100vw, 350px\" \/><\/a><\/p>\n<p style=\"text-align: center;\"><span style=\"font-size: 12pt;\"><strong><a title=\"The South East with its Best Courses\" href=\"https:\/\/www.golftravellers.com\/destinations\/england\/sample-packages-england\/the-south-east-with-its-best-courses\/\">Los mejores campos del Sudeste<\/a><\/strong><\/span><br \/>\n <a title=\"The South East with its Best Courses\" href=\"https:\/\/www.golftravellers.com\/destinations\/england\/sample-packages-england\/the-south-east-with-its-best-courses\/\"><span style=\"font-size: 10pt;\">Royal SG, Royal CP, West S, Chart H, Royal AF<\/span><\/a><br \/>\n <a title=\"The South East with its Best Courses\" href=\"https:\/\/www.golftravellers.com\/destinations\/england\/sample-packages-england\/the-south-east-with-its-best-courses\/\"><strong>Desde <span style=\"font-size: 18pt;\">1250\u20ac<\/span><\/strong><\/a><\/p>\n<\/td>\n<td class=\"noborder\" style=\"border-bottom: 0;\">\u00a0<\/td>\n<td class=\"border\">\n<p><a href=\"https:\/\/www.golftravellers.com\/destinations\/england\/sample-packages-england\/the-london-golf-tour\/\"><img loading=\"lazy\" decoding=\"async\" class=\"aligncenter wp-image-15128 size-full\" style=\"border-bottom: thick solid #fff; margin-bottom: 0px;\" src=\"http:\/\/www.golftravellers.com\/wp-content\/uploads\/2014\/04\/waltonheath-oldcourse-large-green.jpg\" alt=\"Green and heather on the Old Course at Walton Heath\" width=\"350\" height=\"208\" srcset=\"https:\/\/www.golftravellers.com\/wp-content\/uploads\/2014\/04\/waltonheath-oldcourse-large-green.jpg 350w, https:\/\/www.golftravellers.com\/wp-content\/uploads\/2014\/04\/waltonheath-oldcourse-large-green-300x178.jpg 300w\" sizes=\"auto, (max-width: 350px) 100vw, 350px\" \/><\/a><\/p>\n<p style=\"text-align: center;\"><a title=\"The London Golf Tour\" href=\"https:\/\/www.golftravellers.com\/destinations\/england\/sample-packages-england\/the-london-golf-tour\/\"><span style=\"font-size: 12pt;\"><strong>Tour de golf de Londres\u00a0<\/strong><\/span><\/a><br \/>\n <a title=\"The London Golf Tour\" href=\"https:\/\/www.golftravellers.com\/destinations\/england\/sample-packages-england\/the-london-golf-tour\/\"><span style=\"font-size: 10pt;\">Sunningdale, Walton H, St George&#8217;s Hill, Berkshire<\/span><\/a><br \/>\n <a title=\"The London Golf Tour\" href=\"https:\/\/www.golftravellers.com\/destinations\/england\/sample-packages-england\/the-london-golf-tour\/\"><strong><span style=\"font-size: 12pt;\">Desde <\/span><span style=\"font-size: 18pt;\">1350\u20ac<\/span><\/strong><\/a><\/p>\n<\/td>\n<td class=\"noborder\">\u00a0<\/td>\n<td class=\"border\"><a href=\"https:\/\/www.golftravellers.com\/destinations\/england\/sample-packages-england\/the-best-courses-in-the-north-west\/\"><img loading=\"lazy\" decoding=\"async\" class=\"aligncenter wp-image-15138 size-full\" style=\"border-bottom: thick solid #fff;\" src=\"http:\/\/www.golftravellers.com\/wp-content\/uploads\/2014\/04\/royallythamandstannes-clubhouse.jpg\" alt=\"18th green and clubhouse at Royal Lytham and St Annes\" width=\"350\" height=\"208\" srcset=\"https:\/\/www.golftravellers.com\/wp-content\/uploads\/2014\/04\/royallythamandstannes-clubhouse.jpg 350w, https:\/\/www.golftravellers.com\/wp-content\/uploads\/2014\/04\/royallythamandstannes-clubhouse-300x178.jpg 300w\" sizes=\"auto, (max-width: 350px) 100vw, 350px\" \/><\/a><\/p>\n<p style=\"text-align: center;\"><a title=\"The Best Courses in the North West\" href=\"https:\/\/www.golftravellers.com\/destinations\/england\/sample-packages-england\/the-best-courses-in-the-north-west\/\"><span style=\"font-size: 12pt;\"><strong>Los mejores campos del Norte<\/strong><\/span><\/a><br \/>\n <a title=\"The Best Courses in the North West\" href=\"https:\/\/www.golftravellers.com\/destinations\/england\/sample-packages-england\/the-best-courses-in-the-north-west\/\"><span style=\"font-size: 10pt;\">Royal B, Royal LST, Royal L, Hillside, Formby<\/span><\/a><br \/>\n <a title=\"The Best Courses in the North West\" href=\"https:\/\/www.golftravellers.com\/destinations\/england\/sample-packages-england\/the-best-courses-in-the-north-west\/\"><strong><span style=\"font-size: 12pt;\">Desde <\/span><span style=\"font-size: 18pt;\">1590\u20ac<\/span><\/strong><\/a><\/p>\n<\/td>\n<\/tr>\n<\/tbody>\n<\/table>\n<p>&nbsp;<\/p>\n<p>&nbsp;<\/p>\n","protected":false},"excerpt":{"rendered":"<p>A continuaci\u00f3n le ofrecemos una\u00a0selecci\u00f3n de paquetes para todos los intereses y presupuestos. Todos nuestros tours de golf pueden ser personalizados. Para m\u00e1s informaci\u00f3n, puede ponerse en contacto con nosotros para organizar su viaje de golf perfecto en Inglaterra.\u00a0 Tour de Golf\u00a0 The Beatles Hillside, Wallasey Desde 550\u20ac \u00a0 2 noches en\u00a0Kent Royal St George&#8217;s, [&hellip;]<\/p>\n","protected":false},"author":10,"featured_media":40628,"parent":17167,"menu_order":20,"comment_status":"open","ping_status":"closed","template":"","meta":{"_genesis_hide_title":false,"_genesis_hide_breadcrumbs":false,"_genesis_hide_singular_image":false,"_genesis_hide_footer_widgets":false,"_genesis_custom_body_class":"","_genesis_custom_post_class":"","_genesis_layout":"","footnotes":""},"class_list":{"0":"post-22579","1":"page","2":"type-page","3":"status-publish","4":"has-post-thumbnail","6":"entry"},"_links":{"self":[{"href":"https:\/\/www.golftravellers.com\/es\/wp-json\/wp\/v2\/pages\/22579","targetHints":{"allow":["GET"]}}],"collection":[{"href":"https:\/\/www.golftravellers.com\/es\/wp-json\/wp\/v2\/pages"}],"about":[{"href":"https:\/\/www.golftravellers.com\/es\/wp-json\/wp\/v2\/types\/page"}],"author":[{"embeddable":true,"href":"https:\/\/www.golftravellers.com\/es\/wp-json\/wp\/v2\/users\/10"}],"replies":[{"embeddable":true,"href":"https:\/\/www.golftravellers.com\/es\/wp-json\/wp\/v2\/comments?post=22579"}],"version-history":[{"count":11,"href":"https:\/\/www.golftravellers.com\/es\/wp-json\/wp\/v2\/pages\/22579\/revisions"}],"predecessor-version":[{"id":40712,"href":"https:\/\/www.golftravellers.com\/es\/wp-json\/wp\/v2\/pages\/22579\/revisions\/40712"}],"up":[{"embeddable":true,"href":"https:\/\/www.golftravellers.com\/es\/wp-json\/wp\/v2\/pages\/17167"}],"wp:featuredmedia":[{"embeddable":true,"href":"https:\/\/www.golftravellers.com\/es\/wp-json\/wp\/v2\/media\/40628"}],"wp:attachment":[{"href":"https:\/\/www.golftravellers.com\/es\/wp-json\/wp\/v2\/media?parent=22579"}],"curies":[{"name":"wp","href":"https:\/\/api.w.org\/{rel}","templated":true}]}}