{"id":22577,"date":"2015-02-16T17:26:08","date_gmt":"2015-02-16T17:26:08","guid":{"rendered":"http:\/\/www.golftravellers.com\/?page_id=22577"},"modified":"2018-01-06T19:25:16","modified_gmt":"2018-01-06T19:25:16","slug":"region-sudoeste","status":"publish","type":"page","link":"https:\/\/www.golftravellers.com\/es\/destinos\/inglaterra\/campos-de-golf-en-inglaterra\/region-sudoeste\/","title":{"rendered":"Regi\u00f3n Sudoeste"},"content":{"rendered":"<div class=\"two-thirds first\">\n<p>\u00a0<br \/>\n Una bella zona\u00a0de Inglaterra, incluyendo el hermoso condado de Cornwall. El \u00e1rea tiene mucho que ofrecer y suficientes campos de links para organizar un tour de 7 d\u00edas con Royal North Devon, Saunton y St Enodoc, los\u00a0m\u00e1s prestigiosos.<\/p>\n<p>&nbsp;<\/p>\n<p>&nbsp;<\/p>\n<p class=\"error\"> Marcas de sitios B\u00e1sicos de Google Maps error: no se cargan JavaScript y\/o archivos CSS. Si est\u00e1 utilizando do_shortcode () es necesario agregar filtros a su tema primero. Vea <a href=\"http:\/\/wordpress.org\/extend\/plugins\/basic-google-maps-placemarks\/faq\/\"> la FAQ <\/a> para obtener m\u00e1s informaci\u00f3n. <\/p>\n<\/div>\n<div class=\"one-third\">\n<h2>Regiones de campos de golf<\/h2>\n<ul>\n<li><a title=\"London Region\" href=\"https:\/\/www.golftravellers.com\/destinations\/england\/golf-courses-in-england\/london-region\/#london\">Regi\u00f3n Londres<\/a><\/li>\n<li><a title=\"Midlands Region\" href=\"https:\/\/www.golftravellers.com\/destinations\/england\/golf-courses-in-england\/midlands-region\/#midlands\">Regi\u00f3n Midlands<\/a><\/li>\n<li><a title=\"North Region\" href=\"https:\/\/www.golftravellers.com\/destinations\/england\/golf-courses-in-england\/north-region\/#north\">Regi\u00f3n Norte<\/a><\/li>\n<li><a title=\"South East Region\" href=\"https:\/\/www.golftravellers.com\/destinations\/england\/golf-courses-in-england\/south-east-region\/#southeast\">Regi\u00f3n Sudeste<\/a><\/li>\n<li><a title=\"South West Region\" href=\"https:\/\/www.golftravellers.com\/destinations\/england\/golf-courses-in-england\/south-west-region\/#southwest\">Regi\u00f3n Sudoeste<\/a><\/li>\n<\/ul>\n<h2>Golf Campos de Golf<\/h2>\n<ul id=\"bgmp_list\" class=\"bgmp_list\"><li id=\"bgmp_list-item-22977\" class=\"bgmp_list-item\">\n\t<h3 class=\"bgmp_list-placemark-title\">\n\t\tBroadstone\n\t\t\t\t\t<span class=\"bgmp_view-on-map-container\">\n\t\t\t\t[<a href=\"javascript:;\" data-marker-id=\"22977\" class=\"bgmp_view-on-map\">\n\t\t\t\t\tVer en el mapa\t\t\t\t<\/a>]\n\t\t\t<\/span>\n\t\t\t<\/h3>\n\n\t<div class=\"bgmp_list-description\">\n\t\t\t\t<p><a href=\"https:\/\/www.golftravellers.com\/destinations\/england\/golf-courses-in-england\/south-west-region\/broadstone\/\"><img loading=\"lazy\" decoding=\"async\" class=\"aligncenter wp-image-7083 size-full\" src=\"http:\/\/www.golftravellers.com\/wp-content\/uploads\/2014\/08\/18th-hole-and-clubhouse-of-the-Broadstone-golf-course.jpg\" alt=\"Hoyo 18 y el clubhouse sobre el campo de golf de Broadstone \" width=\"150\" height=\"96\" \/><\/a><\/p>\n<p><a href=\"https:\/\/www.golftravellers.com\/es\/destinos\/inglaterra\/campos-de-golf-en-inglaterra\/region-sudoeste\/broadstone\/\">Presione aqu\u00ed para ver im\u00e1genes y detalles del campo de golf<\/a><\/p>\n\t<\/div>\n\n\t<p class=\"bgmp_list-link\">\n\t\t<a href=\"http:\/\/google.com\/maps?q=\">\n\t\t\t\t\t<\/a>\n\t<\/p>\n<\/li>\n<li id=\"bgmp_list-item-22983\" class=\"bgmp_list-item\">\n\t<h3 class=\"bgmp_list-placemark-title\">\n\t\tBurnham and Berrow\n\t\t\t\t\t<span class=\"bgmp_view-on-map-container\">\n\t\t\t\t[<a href=\"javascript:;\" data-marker-id=\"22983\" class=\"bgmp_view-on-map\">\n\t\t\t\t\tVer en el mapa\t\t\t\t<\/a>]\n\t\t\t<\/span>\n\t\t\t<\/h3>\n\n\t<div class=\"bgmp_list-description\">\n\t\t\t\t<p><a title=\"Burnham &amp; Berrow (Championship)\" href=\"https:\/\/www.golftravellers.com\/destinations\/england\/golf-courses-in-england\/south-west-region\/burnham-berrow\/\"><img loading=\"lazy\" decoding=\"async\" class=\"aligncenter wp-image-16667 size-full\" src=\"http:\/\/www.golftravellers.com\/wp-content\/uploads\/2014\/11\/Elevated-green-and-tower-on-the-Burnham-and-Berrow-golf-course.jpg\" alt=\"Green and Torre sobre el campo de golf de Berham y Berrow \" width=\"150\" height=\"80\" \/><\/a><\/p>\n<p><a href=\"https:\/\/www.golftravellers.com\/destinations\/england\/golf-courses-in-england\/south-west-region\/burnham-berrow\/\">Presione aqu\u00ed para ver im\u00e1genes y detalles del campo de golf<\/a><\/p>\n\t<\/div>\n\n\t<p class=\"bgmp_list-link\">\n\t\t<a href=\"http:\/\/google.com\/maps?q=\">\n\t\t\t\t\t<\/a>\n\t<\/p>\n<\/li>\n<li id=\"bgmp_list-item-23127\" class=\"bgmp_list-item\">\n\t<h3 class=\"bgmp_list-placemark-title\">\n\t\tFerndown \u00abOld\u00bb\n\t\t\t\t\t<span class=\"bgmp_view-on-map-container\">\n\t\t\t\t[<a href=\"javascript:;\" data-marker-id=\"23127\" class=\"bgmp_view-on-map\">\n\t\t\t\t\tVer en el mapa\t\t\t\t<\/a>]\n\t\t\t<\/span>\n\t\t\t<\/h3>\n\n\t<div class=\"bgmp_list-description\">\n\t\t\t\t<p><a title=\"Ferndown (Old course)\" href=\"https:\/\/www.golftravellers.com\/destinations\/england\/golf-courses-in-england\/south-west-region\/ferndown-old-course\/\"><img loading=\"lazy\" decoding=\"async\" class=\"alignnone wp-image-16688 size-full\" src=\"http:\/\/www.golftravellers.com\/wp-content\/uploads\/2014\/11\/Green-on-the-Ferndown-golf-course.jpg\" alt=\"Green-sobre-el-campo-de-golf-de-Ferndown\" width=\"150\" height=\"108\" \/><\/a><\/p>\n<p><a href=\"https:\/\/www.golftravellers.com\/es\/destinos\/inglaterra\/campos-de-golf-en-inglaterra\/region-sudoeste\/ferndown-old-course\/\">Presione aqu\u00ed para ver im\u00e1genes y detalles del campo de golf<\/a><\/p>\n\t<\/div>\n\n\t<p class=\"bgmp_list-link\">\n\t\t<a href=\"http:\/\/google.com\/maps?q=\">\n\t\t\t\t\t<\/a>\n\t<\/p>\n<\/li>\n<li id=\"bgmp_list-item-23414\" class=\"bgmp_list-item\">\n\t<h3 class=\"bgmp_list-placemark-title\">\n\t\tIsle of Purbeck\n\t\t\t\t\t<span class=\"bgmp_view-on-map-container\">\n\t\t\t\t[<a href=\"javascript:;\" data-marker-id=\"23414\" class=\"bgmp_view-on-map\">\n\t\t\t\t\tVer en el mapa\t\t\t\t<\/a>]\n\t\t\t<\/span>\n\t\t\t<\/h3>\n\n\t<div class=\"bgmp_list-description\">\n\t\t\t\t<p><a href=\"https:\/\/www.golftravellers.com\/destinations\/england\/golf-courses-in-england\/south-west-region\/isle-of-purbeck\/\"><img loading=\"lazy\" decoding=\"async\" class=\"aligncenter wp-image-7110 size-full\" src=\"http:\/\/www.golftravellers.com\/wp-content\/uploads\/2014\/08\/18th-hole-at-the-Isle-of-Purbeck-golf-course.jpg\" alt=\"Hoyo 18 del campo de golf de Isle of Purbeck \" width=\"150\" height=\"100\" \/><\/a><\/p>\n<p><a href=\"https:\/\/www.golftravellers.com\/es\/destinos\/inglaterra\/campos-de-golf-en-inglaterra\/region-sudoeste\/isle-of-purbeck\/\">Presione aqu\u00ed para ver im\u00e1genes y detalles del campo de golf<\/a><\/p>\n\t<\/div>\n\n\t<p class=\"bgmp_list-link\">\n\t\t<a href=\"http:\/\/google.com\/maps?q=\">\n\t\t\t\t\t<\/a>\n\t<\/p>\n<\/li>\n<li id=\"bgmp_list-item-23517\" class=\"bgmp_list-item\">\n\t<h3 class=\"bgmp_list-placemark-title\">\n\t\tParkstone\n\t\t\t\t\t<span class=\"bgmp_view-on-map-container\">\n\t\t\t\t[<a href=\"javascript:;\" data-marker-id=\"23517\" class=\"bgmp_view-on-map\">\n\t\t\t\t\tVer en el mapa\t\t\t\t<\/a>]\n\t\t\t<\/span>\n\t\t\t<\/h3>\n\n\t<div class=\"bgmp_list-description\">\n\t\t\t\t<p><a href=\"https:\/\/www.golftravellers.com\/destinations\/england\/golf-courses-in-england\/south-west-region\/parkstone\/\"><img loading=\"lazy\" decoding=\"async\" class=\"aligncenter wp-image-7119 size-full\" src=\"http:\/\/www.golftravellers.com\/wp-content\/uploads\/2014\/08\/Elevated-green-on-the-Parkstone-golf-course.jpg\" alt=\"Elevado green sobre el campo de golf de Parkstone \" width=\"150\" height=\"100\" \/><\/a><\/p>\n<p><a href=\"https:\/\/www.golftravellers.com\/es\/destinos\/inglaterra\/campos-de-golf-en-inglaterra\/region-sudoeste\/parkstone\/\">Presione aqu\u00ed para ver im\u00e1genes y detalles del campo de golf<\/a><\/p>\n\t<\/div>\n\n\t<p class=\"bgmp_list-link\">\n\t\t<a href=\"http:\/\/google.com\/maps?q=\">\n\t\t\t\t\t<\/a>\n\t<\/p>\n<\/li>\n<li id=\"bgmp_list-item-23584\" class=\"bgmp_list-item\">\n\t<h3 class=\"bgmp_list-placemark-title\">\n\t\tRoyal North Devon\n\t\t\t\t\t<span class=\"bgmp_view-on-map-container\">\n\t\t\t\t[<a href=\"javascript:;\" data-marker-id=\"23584\" class=\"bgmp_view-on-map\">\n\t\t\t\t\tVer en el mapa\t\t\t\t<\/a>]\n\t\t\t<\/span>\n\t\t\t<\/h3>\n\n\t<div class=\"bgmp_list-description\">\n\t\t\t\t<p><a href=\"https:\/\/www.golftravellers.com\/es\/destinos\/inglaterra\/campos-de-golf-en-inglaterra\/region-sudoeste\/royal-north-devon\/\"><img loading=\"lazy\" decoding=\"async\" class=\"aligncenter wp-image-7128 size-full\" src=\"http:\/\/www.golftravellers.com\/wp-content\/uploads\/2014\/08\/Clubhouse-at-the-Royal-North-Devon-golf-club.jpg\" alt=\"Clubhouse del campo de golf de Royal North Devon \" width=\"150\" height=\"100\" \/><\/a><\/p>\n<p><a href=\"https:\/\/www.golftravellers.com\/es\/destinos\/inglaterra\/campos-de-golf-en-inglaterra\/region-sudoeste\/royal-north-devon\/\">Presione aqu\u00ed para ver im\u00e1genes y detalles del campo de golf<\/a><\/p>\n\t<\/div>\n\n\t<p class=\"bgmp_list-link\">\n\t\t<a href=\"http:\/\/google.com\/maps?q=\">\n\t\t\t\t\t<\/a>\n\t<\/p>\n<\/li>\n<li id=\"bgmp_list-item-23606\" class=\"bgmp_list-item\">\n\t<h3 class=\"bgmp_list-placemark-title\">\n\t\tSaunton (East)\n\t\t\t\t\t<span class=\"bgmp_view-on-map-container\">\n\t\t\t\t[<a href=\"javascript:;\" data-marker-id=\"23606\" class=\"bgmp_view-on-map\">\n\t\t\t\t\tVer en el mapa\t\t\t\t<\/a>]\n\t\t\t<\/span>\n\t\t\t<\/h3>\n\n\t<div class=\"bgmp_list-description\">\n\t\t\t\t<p><a href=\"https:\/\/www.golftravellers.com\/es\/destinos\/inglaterra\/campos-de-golf-en-inglaterra\/region-sudoeste\/saunton-east-course\/\"><img loading=\"lazy\" decoding=\"async\" class=\"aligncenter wp-image-7137 size-full\" src=\"http:\/\/www.golftravellers.com\/wp-content\/uploads\/2014\/08\/18th-green-of-the-East-course-at-Saunton-golf-club.jpg\" alt=\"Green 18 sobre el campo de golf East de Saunton \" width=\"150\" height=\"100\" \/><\/a><\/p>\n<p><a href=\"https:\/\/www.golftravellers.com\/es\/destinos\/inglaterra\/campos-de-golf-en-inglaterra\/region-sudoeste\/saunton-east-course\/\">Presione aqu\u00ed para ver im\u00e1genes y detalles del campo de golf<\/a><\/p>\n\t<\/div>\n\n\t<p class=\"bgmp_list-link\">\n\t\t<a href=\"http:\/\/google.com\/maps?q=\">\n\t\t\t\t\t<\/a>\n\t<\/p>\n<\/li>\n<li id=\"bgmp_list-item-23608\" class=\"bgmp_list-item\">\n\t<h3 class=\"bgmp_list-placemark-title\">\n\t\tSaunton (West)\n\t\t\t\t\t<span class=\"bgmp_view-on-map-container\">\n\t\t\t\t[<a href=\"javascript:;\" data-marker-id=\"23608\" class=\"bgmp_view-on-map\">\n\t\t\t\t\tVer en el mapa\t\t\t\t<\/a>]\n\t\t\t<\/span>\n\t\t\t<\/h3>\n\n\t<div class=\"bgmp_list-description\">\n\t\t\t\t<p><a href=\"https:\/\/www.golftravellers.com\/destinations\/england\/golf-courses-in-england\/south-west-region\/saunton-west-course\/\"><img loading=\"lazy\" decoding=\"async\" class=\"aligncenter wp-image-7146 size-full\" src=\"http:\/\/www.golftravellers.com\/wp-content\/uploads\/2014\/08\/Green-and-dunes-on-the-West-course-at-Saunton-golf-club.jpg\" alt=\"Green y dunas sobre el campo de golf West de Saunton \" width=\"150\" height=\"98\" \/><\/a><\/p>\n<p><a href=\"https:\/\/www.golftravellers.com\/es\/destinos\/inglaterra\/campos-de-golf-en-inglaterra\/region-sudoeste\/saunton-west-course\/\">Presione aqu\u00ed para ver im\u00e1genes y detalles del campo de golf<\/a><\/p>\n\t<\/div>\n\n\t<p class=\"bgmp_list-link\">\n\t\t<a href=\"http:\/\/google.com\/maps?q=\">\n\t\t\t\t\t<\/a>\n\t<\/p>\n<\/li>\n<li id=\"bgmp_list-item-23634\" class=\"bgmp_list-item\">\n\t<h3 class=\"bgmp_list-placemark-title\">\n\t\tSt Enodoc (Church)\n\t\t\t\t\t<span class=\"bgmp_view-on-map-container\">\n\t\t\t\t[<a href=\"javascript:;\" data-marker-id=\"23634\" class=\"bgmp_view-on-map\">\n\t\t\t\t\tVer en el mapa\t\t\t\t<\/a>]\n\t\t\t<\/span>\n\t\t\t<\/h3>\n\n\t<div class=\"bgmp_list-description\">\n\t\t\t\t<p><a href=\"https:\/\/www.golftravellers.com\/destinations\/england\/golf-courses-in-england\/south-west-region\/st-enodoc-church\/\"><img loading=\"lazy\" decoding=\"async\" class=\"aligncenter wp-image-7155 size-full\" src=\"http:\/\/www.golftravellers.com\/wp-content\/uploads\/2014\/08\/Downhill-hole-on-the-Church-course-at-St-Enodoc-golf-club.jpg\" alt=\"Hoyo descenso sobre el campo de golf de St Enodoc (Church) \" width=\"150\" height=\"100\" \/><\/a><\/p>\n<p><a href=\"https:\/\/www.golftravellers.com\/es\/destinos\/inglaterra\/campos-de-golf-en-inglaterra\/region-sudoeste\/st-enodoc-church\/\">Presione aqu\u00ed para ver im\u00e1genes y detalles del campo de golf<\/a><\/p>\n\t<\/div>\n\n\t<p class=\"bgmp_list-link\">\n\t\t<a href=\"http:\/\/google.com\/maps?q=\">\n\t\t\t\t\t<\/a>\n\t<\/p>\n<\/li>\n<li id=\"bgmp_list-item-23638\" class=\"bgmp_list-item\">\n\t<h3 class=\"bgmp_list-placemark-title\">\n\t\tSt Mellion (Nicklaus)\n\t\t\t\t\t<span class=\"bgmp_view-on-map-container\">\n\t\t\t\t[<a href=\"javascript:;\" data-marker-id=\"23638\" class=\"bgmp_view-on-map\">\n\t\t\t\t\tVer en el mapa\t\t\t\t<\/a>]\n\t\t\t<\/span>\n\t\t\t<\/h3>\n\n\t<div class=\"bgmp_list-description\">\n\t\t\t\t<p><a href=\"https:\/\/www.golftravellers.com\/destinations\/england\/golf-courses-in-england\/south-west-region\/st-mellion\/\"><img loading=\"lazy\" decoding=\"async\" class=\"aligncenter wp-image-7164 size-full\" src=\"http:\/\/www.golftravellers.com\/wp-content\/uploads\/2014\/08\/Green-and-river-on-the-St-Mellion-golf-course.jpg\" alt=\"Green y r\u00eco sobre el campo de golf de St Mellion \" width=\"150\" height=\"108\" \/><\/a><\/p>\n<p><a href=\"https:\/\/www.golftravellers.com\/es\/destinos\/inglaterra\/campos-de-golf-en-inglaterra\/region-sudoeste\/st-mellion-nicklaus\/\">Presione aqu\u00ed para ver im\u00e1genes y detalles del campo de golf<\/a><\/p>\n\t<\/div>\n\n\t<p class=\"bgmp_list-link\">\n\t\t<a href=\"http:\/\/google.com\/maps?q=\">\n\t\t\t\t\t<\/a>\n\t<\/p>\n<\/li>\n<li id=\"bgmp_list-item-23683\" class=\"bgmp_list-item\">\n\t<h3 class=\"bgmp_list-placemark-title\">\n\t\tTrevose\n\t\t\t\t\t<span class=\"bgmp_view-on-map-container\">\n\t\t\t\t[<a href=\"javascript:;\" data-marker-id=\"23683\" class=\"bgmp_view-on-map\">\n\t\t\t\t\tVer en el mapa\t\t\t\t<\/a>]\n\t\t\t<\/span>\n\t\t\t<\/h3>\n\n\t<div class=\"bgmp_list-description\">\n\t\t\t\t<p><a href=\"https:\/\/www.golftravellers.com\/es\/destinos\/inglaterra\/campos-de-golf-en-inglaterra\/region-sudoeste\/trevose\/\"><img loading=\"lazy\" decoding=\"async\" class=\"aligncenter wp-image-7173 size-full\" src=\"http:\/\/www.golftravellers.com\/wp-content\/uploads\/2014\/08\/Waves-of-the-Atlantic-Ocean-in-the-background-on-the-Championship-golf-course-at-Trevose-golf-club.jpg\" alt=\" Las olas del Oc\u00e9ano Atl\u00e1ntico en el fondo del campo de golf de Trevose \" width=\"150\" height=\"106\" \/><\/a><\/p>\n<p><a href=\"https:\/\/www.golftravellers.com\/es\/destinos\/inglaterra\/campos-de-golf-en-inglaterra\/region-sudoeste\/trevose\/\">Presione aqu\u00ed para ver im\u00e1genes y detalles del campo de golf<\/a><\/p>\n\t<\/div>\n\n\t<p class=\"bgmp_list-link\">\n\t\t<a href=\"http:\/\/google.com\/maps?q=\">\n\t\t\t\t\t<\/a>\n\t<\/p>\n<\/li>\n<\/ul>\n<\/div>\n","protected":false},"excerpt":{"rendered":"<p>\u00a0 Una bella zona\u00a0de Inglaterra, incluyendo el hermoso condado de Cornwall. El \u00e1rea tiene mucho que ofrecer y suficientes campos de links para organizar un tour de 7 d\u00edas con Royal North Devon, Saunton y St Enodoc, los\u00a0m\u00e1s prestigiosos. &nbsp; &nbsp; Regiones de campos de golf Regi\u00f3n Londres Regi\u00f3n Midlands Regi\u00f3n Norte Regi\u00f3n Sudeste Regi\u00f3n [&hellip;]<\/p>\n","protected":false},"author":10,"featured_media":40598,"parent":22567,"menu_order":50,"comment_status":"open","ping_status":"closed","template":"","meta":{"_genesis_hide_title":false,"_genesis_hide_breadcrumbs":false,"_genesis_hide_singular_image":false,"_genesis_hide_footer_widgets":false,"_genesis_custom_body_class":"","_genesis_custom_post_class":"","_genesis_layout":"full-width-content","footnotes":""},"class_list":{"0":"post-22577","1":"page","2":"type-page","3":"status-publish","4":"has-post-thumbnail","6":"entry"},"_links":{"self":[{"href":"https:\/\/www.golftravellers.com\/es\/wp-json\/wp\/v2\/pages\/22577","targetHints":{"allow":["GET"]}}],"collection":[{"href":"https:\/\/www.golftravellers.com\/es\/wp-json\/wp\/v2\/pages"}],"about":[{"href":"https:\/\/www.golftravellers.com\/es\/wp-json\/wp\/v2\/types\/page"}],"author":[{"embeddable":true,"href":"https:\/\/www.golftravellers.com\/es\/wp-json\/wp\/v2\/users\/10"}],"replies":[{"embeddable":true,"href":"https:\/\/www.golftravellers.com\/es\/wp-json\/wp\/v2\/comments?post=22577"}],"version-history":[{"count":12,"href":"https:\/\/www.golftravellers.com\/es\/wp-json\/wp\/v2\/pages\/22577\/revisions"}],"predecessor-version":[{"id":40026,"href":"https:\/\/www.golftravellers.com\/es\/wp-json\/wp\/v2\/pages\/22577\/revisions\/40026"}],"up":[{"embeddable":true,"href":"https:\/\/www.golftravellers.com\/es\/wp-json\/wp\/v2\/pages\/22567"}],"wp:featuredmedia":[{"embeddable":true,"href":"https:\/\/www.golftravellers.com\/es\/wp-json\/wp\/v2\/media\/40598"}],"wp:attachment":[{"href":"https:\/\/www.golftravellers.com\/es\/wp-json\/wp\/v2\/media?parent=22577"}],"curies":[{"name":"wp","href":"https:\/\/api.w.org\/{rel}","templated":true}]}}