{"id":22575,"date":"2015-02-16T17:12:48","date_gmt":"2015-02-16T17:12:48","guid":{"rendered":"http:\/\/www.golftravellers.com\/?page_id=22575"},"modified":"2018-01-06T19:23:46","modified_gmt":"2018-01-06T19:23:46","slug":"region-sudeste","status":"publish","type":"page","link":"https:\/\/www.golftravellers.com\/es\/destinos\/inglaterra\/campos-de-golf-en-inglaterra\/region-sudeste\/","title":{"rendered":"Regi\u00f3n Sudeste"},"content":{"rendered":"<div class=\"two-thirds first\">\n<p>Muchos golfistas acuden a esta regi\u00f3n por sus notables campos de links y de tierra adentro y su ubicaci\u00f3n ideal, ya que est\u00e1 cerca de Londres y de las terminales de ferry que conectan el pa\u00eds con el continente. El campo m\u00e1s prestigioso es el Royal St George&#8217;s, que ha sido sede del British Open varias veces.\u00a0\u00a0<\/p>\n<p>&nbsp;<\/p>\n<p>&nbsp;<\/p>\n<p class=\"error\"> Marcas de sitios B\u00e1sicos de Google Maps error: no se cargan JavaScript y\/o archivos CSS. Si est\u00e1 utilizando do_shortcode () es necesario agregar filtros a su tema primero. Vea <a href=\"http:\/\/wordpress.org\/extend\/plugins\/basic-google-maps-placemarks\/faq\/\"> la FAQ <\/a> para obtener m\u00e1s informaci\u00f3n. <\/p>\n<\/div>\n<div class=\"one-third\">\n<h2>Regiones de Campos de Golf<\/h2>\n<ul>\n<li><a title=\"London Region\" href=\"https:\/\/www.golftravellers.com\/destinations\/england\/golf-courses-in-england\/london-region\/#london\">Regi\u00f3n Londres<\/a><\/li>\n<li><a title=\"Midlands Region\" href=\"https:\/\/www.golftravellers.com\/destinations\/england\/golf-courses-in-england\/midlands-region\/#midlands\">Regi\u00f3n Midlands<\/a><\/li>\n<li><a title=\"North Region\" href=\"https:\/\/www.golftravellers.com\/destinations\/england\/golf-courses-in-england\/north-region\/#north\">Regi\u00f3n Norte<\/a><\/li>\n<li><a title=\"South East Region\" href=\"https:\/\/www.golftravellers.com\/destinations\/england\/golf-courses-in-england\/south-east-region\/#southeast\">Regi\u00f3n Sudeste<\/a><\/li>\n<li><a title=\"South West Region\" href=\"https:\/\/www.golftravellers.com\/destinations\/england\/golf-courses-in-england\/south-west-region\/#southwest\">Regi\u00f3n Sudoeste<\/a><\/li>\n<\/ul>\n<h2>Campos de Golf<\/h2>\n<ul id=\"bgmp_list\" class=\"bgmp_list\"><li id=\"bgmp_list-item-23067\" class=\"bgmp_list-item\">\n\t<h3 class=\"bgmp_list-placemark-title\">\n\t\tChart Hills\n\t\t\t\t\t<span class=\"bgmp_view-on-map-container\">\n\t\t\t\t[<a href=\"javascript:;\" data-marker-id=\"23067\" class=\"bgmp_view-on-map\">\n\t\t\t\t\tVer en el mapa\t\t\t\t<\/a>]\n\t\t\t<\/span>\n\t\t\t<\/h3>\n\n\t<div class=\"bgmp_list-description\">\n\t\t\t\t<p><a href=\"https:\/\/www.golftravellers.com\/destinations\/england\/golf-courses-in-england\/south-east-region\/chart-hills\/\"><img loading=\"lazy\" decoding=\"async\" class=\"aligncenter wp-image-7254 size-full\" src=\"http:\/\/www.golftravellers.com\/wp-content\/uploads\/2014\/08\/Lake-and-hole-on-the-Chart-Hills-golf-course.jpg\" alt=\"Lago y hoyo sobre el campo de golf de Chart Hills\" width=\"150\" height=\"111\" \/><\/a><\/p>\n<p><a href=\"https:\/\/www.golftravellers.com\/es\/destinos\/inglaterra\/campos-de-golf-en-inglaterra\/region-sudeste\/chart-hills\/\">Presione aqu\u00ed para ver im\u00e1genes y detalles del campo de golf<\/a><\/p>\n\t<\/div>\n\n\t<p class=\"bgmp_list-link\">\n\t\t<a href=\"http:\/\/google.com\/maps?q=\">\n\t\t\t\t\t<\/a>\n\t<\/p>\n<\/li>\n<li id=\"bgmp_list-item-23117\" class=\"bgmp_list-item\">\n\t<h3 class=\"bgmp_list-placemark-title\">\n\t\tEast Sussex National\n\t\t\t\t\t<span class=\"bgmp_view-on-map-container\">\n\t\t\t\t[<a href=\"javascript:;\" data-marker-id=\"23117\" class=\"bgmp_view-on-map\">\n\t\t\t\t\tVer en el mapa\t\t\t\t<\/a>]\n\t\t\t<\/span>\n\t\t\t<\/h3>\n\n\t<div class=\"bgmp_list-description\">\n\t\t\t\t<p><a href=\"https:\/\/www.golftravellers.com\/es\/destinos\/inglaterra\/campos-de-golf-en-inglaterra\/region-sudeste\/east-sussex-national\/\"><img loading=\"lazy\" decoding=\"async\" class=\"alignnone wp-image-7245 size-full\" src=\"http:\/\/www.golftravellers.com\/wp-content\/uploads\/2014\/08\/Lake-green-and-clubhouse-on-the-East-Sussex-National-golf-course-e1410861801659.jpg\" alt=\"Lago green y clubhouse sobre el campo de golf de East Sussex National\" width=\"150\" height=\"80\" \/><\/a><\/p>\n<p><a href=\"https:\/\/www.golftravellers.com\/es\/destinos\/inglaterra\/campos-de-golf-en-inglaterra\/region-sudeste\/east-sussex-national\/\">Presione aqu\u00ed para ver im\u00e1genes y detalles del campo de golf<\/a><\/p>\n\t<\/div>\n\n\t<p class=\"bgmp_list-link\">\n\t\t<a href=\"http:\/\/google.com\/maps?q=\">\n\t\t\t\t\t<\/a>\n\t<\/p>\n<\/li>\n<li id=\"bgmp_list-item-23446\" class=\"bgmp_list-item\">\n\t<h3 class=\"bgmp_list-placemark-title\">\n\t\tLittlestone\n\t\t\t\t\t<span class=\"bgmp_view-on-map-container\">\n\t\t\t\t[<a href=\"javascript:;\" data-marker-id=\"23446\" class=\"bgmp_view-on-map\">\n\t\t\t\t\tVer en el mapa\t\t\t\t<\/a>]\n\t\t\t<\/span>\n\t\t\t<\/h3>\n\n\t<div class=\"bgmp_list-description\">\n\t\t\t\t<p><a href=\"https:\/\/www.golftravellers.com\/destinations\/england\/golf-courses-in-england\/south-east-region\/littlestone\/\"><img loading=\"lazy\" decoding=\"async\" class=\"aligncenter wp-image-7227 size-full\" src=\"http:\/\/www.golftravellers.com\/wp-content\/uploads\/2014\/08\/Uphill-hole-on-the-Littlestone-golf-course.jpg\" alt=\"Hoyo en subida sobre el campo de golf de Littlestone \" width=\"150\" height=\"117\" \/><\/a><\/p>\n<p><a href=\"https:\/\/www.golftravellers.com\/es\/destinos\/inglaterra\/campos-de-golf-en-inglaterra\/region-sudeste\/littlestone\/\">Presione aqu\u00ed para ver im\u00e1genes y detalles del campo de golf<\/a><\/p>\n\t<\/div>\n\n\t<p class=\"bgmp_list-link\">\n\t\t<a href=\"http:\/\/google.com\/maps?q=\">\n\t\t\t\t\t<\/a>\n\t<\/p>\n<\/li>\n<li id=\"bgmp_list-item-23543\" class=\"bgmp_list-item\">\n\t<h3 class=\"bgmp_list-placemark-title\">\n\t\tPrince\u2019s\n\t\t\t\t\t<span class=\"bgmp_view-on-map-container\">\n\t\t\t\t[<a href=\"javascript:;\" data-marker-id=\"23543\" class=\"bgmp_view-on-map\">\n\t\t\t\t\tVer en el mapa\t\t\t\t<\/a>]\n\t\t\t<\/span>\n\t\t\t<\/h3>\n\n\t<div class=\"bgmp_list-description\">\n\t\t\t\t<p><a href=\"https:\/\/www.golftravellers.com\/destinations\/england\/golf-courses-in-england\/south-east-region\/princes\/\"><img loading=\"lazy\" decoding=\"async\" class=\"aligncenter wp-image-6935 size-full\" src=\"http:\/\/www.golftravellers.com\/wp-content\/uploads\/2014\/08\/Undulated-fairway-and-green-on-the-Princes-golf-course.jpg\" alt=\"Ondulado fairway y green sobre el campo de golf de Princes\" width=\"150\" height=\"100\" \/><\/a><\/p>\n<p><a href=\"https:\/\/www.golftravellers.com\/es\/destinos\/inglaterra\/campos-de-golf-en-inglaterra\/region-sudeste\/princes\/\">Presione aqu\u00ed para ver im\u00e1genes y detalles del campo de golf<\/a><\/p>\n\t<\/div>\n\n\t<p class=\"bgmp_list-link\">\n\t\t<a href=\"http:\/\/google.com\/maps?q=\">\n\t\t\t\t\t<\/a>\n\t<\/p>\n<\/li>\n<li id=\"bgmp_list-item-23562\" class=\"bgmp_list-item\">\n\t<h3 class=\"bgmp_list-placemark-title\">\n\t\tRoyal Ashdown Forest (Old)\n\t\t\t\t\t<span class=\"bgmp_view-on-map-container\">\n\t\t\t\t[<a href=\"javascript:;\" data-marker-id=\"23562\" class=\"bgmp_view-on-map\">\n\t\t\t\t\tVer en el mapa\t\t\t\t<\/a>]\n\t\t\t<\/span>\n\t\t\t<\/h3>\n\n\t<div class=\"bgmp_list-description\">\n\t\t\t\t<p><a href=\"https:\/\/www.golftravellers.com\/destinations\/england\/golf-courses-in-england\/south-east-region\/royal-ashdown-forest-old-course\/\"><img loading=\"lazy\" decoding=\"async\" class=\"aligncenter wp-image-7218 size-full\" src=\"http:\/\/www.golftravellers.com\/wp-content\/uploads\/2014\/08\/1st-tee-of-the-Old-Course-at-the-Royal-Ashdown-Forest-golf-club.jpg\" alt=\"Hoyo 1 del campo de golf de Royal Ashdown Forest (Old)\" width=\"150\" height=\"100\" \/><\/a><\/p>\n<p><a href=\"https:\/\/www.golftravellers.com\/es\/destinos\/inglaterra\/campos-de-golf-en-inglaterra\/region-sudeste\/royal-ashdown-forest-old-course\/\">Presione aqu\u00ed para ver im\u00e1genes y detalles del campo de golf<\/a><\/p>\n\t<\/div>\n\n\t<p class=\"bgmp_list-link\">\n\t\t<a href=\"http:\/\/google.com\/maps?q=\">\n\t\t\t\t\t<\/a>\n\t<\/p>\n<\/li>\n<li id=\"bgmp_list-item-23570\" class=\"bgmp_list-item\">\n\t<h3 class=\"bgmp_list-placemark-title\">\n\t\tRoyal Cinque Ports\n\t\t\t\t\t<span class=\"bgmp_view-on-map-container\">\n\t\t\t\t[<a href=\"javascript:;\" data-marker-id=\"23570\" class=\"bgmp_view-on-map\">\n\t\t\t\t\tVer en el mapa\t\t\t\t<\/a>]\n\t\t\t<\/span>\n\t\t\t<\/h3>\n\n\t<div class=\"bgmp_list-description\">\n\t\t\t\t<p><a href=\"https:\/\/www.golftravellers.com\/es\/destinos\/inglaterra\/campos-de-golf-en-inglaterra\/region-sudeste\/royal-cinque-ports\/\"><img loading=\"lazy\" decoding=\"async\" class=\"aligncenter wp-image-7209 size-full\" src=\"http:\/\/www.golftravellers.com\/wp-content\/uploads\/2014\/08\/Green-and-clubhouse-at-the-Royal-Cinque-Ports-golf-course.jpg\" alt=\"Green y clubhouse del campo de golf de Royal Cinque Ports \" width=\"150\" height=\"100\" \/><\/a><\/p>\n<p><a href=\"https:\/\/www.golftravellers.com\/es\/destinos\/inglaterra\/campos-de-golf-en-inglaterra\/region-sudeste\/royal-cinque-ports\/\">Presione aqu\u00ed para ver im\u00e1genes y detalles del campo de golf<\/a><\/p>\n\t<\/div>\n\n\t<p class=\"bgmp_list-link\">\n\t\t<a href=\"http:\/\/google.com\/maps?q=\">\n\t\t\t\t\t<\/a>\n\t<\/p>\n<\/li>\n<li id=\"bgmp_list-item-23592\" class=\"bgmp_list-item\">\n\t<h3 class=\"bgmp_list-placemark-title\">\n\t\tRoyal St. George\u2019s\n\t\t\t\t\t<span class=\"bgmp_view-on-map-container\">\n\t\t\t\t[<a href=\"javascript:;\" data-marker-id=\"23592\" class=\"bgmp_view-on-map\">\n\t\t\t\t\tVer en el mapa\t\t\t\t<\/a>]\n\t\t\t<\/span>\n\t\t\t<\/h3>\n\n\t<div class=\"bgmp_list-description\">\n\t\t\t\t<p><a href=\"https:\/\/www.golftravellers.com\/es\/destinos\/inglaterra\/campos-de-golf-en-inglaterra\/region-sudeste\/royal-st-georges\/\"><img loading=\"lazy\" decoding=\"async\" class=\"aligncenter wp-image-7200 size-full\" src=\"http:\/\/www.golftravellers.com\/wp-content\/uploads\/2014\/08\/1st-tee-on-the-Royal-St-Georges-golf-course.jpg\" alt=\" Tee 1 sobre el campo de golf de Royal St George's \" width=\"150\" height=\"101\" \/><\/a><\/p>\n<p><a href=\"https:\/\/www.golftravellers.com\/es\/destinos\/inglaterra\/campos-de-golf-en-inglaterra\/region-sudeste\/royal-st-georges\/\">Presione aqu\u00ed para ver im\u00e1genes y detalles del campo de golf<\/a><\/p>\n\t<\/div>\n\n\t<p class=\"bgmp_list-link\">\n\t\t<a href=\"http:\/\/google.com\/maps?q=\">\n\t\t\t\t\t<\/a>\n\t<\/p>\n<\/li>\n<li id=\"bgmp_list-item-23600\" class=\"bgmp_list-item\">\n\t<h3 class=\"bgmp_list-placemark-title\">\n\t\tRye\n\t\t\t\t\t<span class=\"bgmp_view-on-map-container\">\n\t\t\t\t[<a href=\"javascript:;\" data-marker-id=\"23600\" class=\"bgmp_view-on-map\">\n\t\t\t\t\tVer en el mapa\t\t\t\t<\/a>]\n\t\t\t<\/span>\n\t\t\t<\/h3>\n\n\t<div class=\"bgmp_list-description\">\n\t\t\t\t<p><a href=\"https:\/\/www.golftravellers.com\/es\/destinos\/inglaterra\/campos-de-golf-en-inglaterra\/region-sudeste\/rye\/\"><img loading=\"lazy\" decoding=\"async\" class=\"aligncenter wp-image-7191 size-full\" src=\"http:\/\/www.golftravellers.com\/wp-content\/uploads\/2014\/08\/Green-and-tee-on-the-Rye-golf-course.jpg\" alt=\"Green y tee sobre el campo de golf de Rye \" width=\"150\" height=\"103\" \/><\/a><\/p>\n<p><a href=\"https:\/\/www.golftravellers.com\/es\/destinos\/inglaterra\/campos-de-golf-en-inglaterra\/region-sudeste\/rye\/\">Presione aqu\u00ed para ver im\u00e1genes y detalles del campo de golf<\/a><\/p>\n\t<\/div>\n\n\t<p class=\"bgmp_list-link\">\n\t\t<a href=\"http:\/\/google.com\/maps?q=\">\n\t\t\t\t\t<\/a>\n\t<\/p>\n<\/li>\n<li id=\"bgmp_list-item-23716\" class=\"bgmp_list-item\">\n\t<h3 class=\"bgmp_list-placemark-title\">\n\t\tWest Sussex\n\t\t\t\t\t<span class=\"bgmp_view-on-map-container\">\n\t\t\t\t[<a href=\"javascript:;\" data-marker-id=\"23716\" class=\"bgmp_view-on-map\">\n\t\t\t\t\tVer en el mapa\t\t\t\t<\/a>]\n\t\t\t<\/span>\n\t\t\t<\/h3>\n\n\t<div class=\"bgmp_list-description\">\n\t\t\t\t<p><a href=\"https:\/\/www.golftravellers.com\/destinations\/england\/golf-courses-in-england\/south-east-region\/west-sussex\/\"><img loading=\"lazy\" decoding=\"async\" class=\"aligncenter wp-image-7182 size-full\" src=\"http:\/\/www.golftravellers.com\/wp-content\/uploads\/2014\/08\/Green-and-lake-on-the-West-Sussex-golf-course.jpg\" alt=\"Green y lago sobre el campo de golf de West Sussex \" width=\"150\" height=\"97\" \/><\/a><\/p>\n<p><a href=\"https:\/\/www.golftravellers.com\/es\/destinos\/inglaterra\/campos-de-golf-en-inglaterra\/region-sudeste\/west-sussex\/\">Presione aqu\u00ed para ver im\u00e1genes y detalles del campo de golf<\/a><\/p>\n\t<\/div>\n\n\t<p class=\"bgmp_list-link\">\n\t\t<a href=\"http:\/\/google.com\/maps?q=\">\n\t\t\t\t\t<\/a>\n\t<\/p>\n<\/li>\n<\/ul>\n<\/div>\n","protected":false},"excerpt":{"rendered":"<p>Muchos golfistas acuden a esta regi\u00f3n por sus notables campos de links y de tierra adentro y su ubicaci\u00f3n ideal, ya que est\u00e1 cerca de Londres y de las terminales de ferry que conectan el pa\u00eds con el continente. El campo m\u00e1s prestigioso es el Royal St George&#8217;s, que ha sido sede del British Open [&hellip;]<\/p>\n","protected":false},"author":10,"featured_media":40604,"parent":22567,"menu_order":40,"comment_status":"open","ping_status":"closed","template":"","meta":{"_genesis_hide_title":false,"_genesis_hide_breadcrumbs":false,"_genesis_hide_singular_image":false,"_genesis_hide_footer_widgets":false,"_genesis_custom_body_class":"","_genesis_custom_post_class":"","_genesis_layout":"full-width-content","footnotes":""},"class_list":{"0":"post-22575","1":"page","2":"type-page","3":"status-publish","4":"has-post-thumbnail","6":"entry"},"_links":{"self":[{"href":"https:\/\/www.golftravellers.com\/es\/wp-json\/wp\/v2\/pages\/22575","targetHints":{"allow":["GET"]}}],"collection":[{"href":"https:\/\/www.golftravellers.com\/es\/wp-json\/wp\/v2\/pages"}],"about":[{"href":"https:\/\/www.golftravellers.com\/es\/wp-json\/wp\/v2\/types\/page"}],"author":[{"embeddable":true,"href":"https:\/\/www.golftravellers.com\/es\/wp-json\/wp\/v2\/users\/10"}],"replies":[{"embeddable":true,"href":"https:\/\/www.golftravellers.com\/es\/wp-json\/wp\/v2\/comments?post=22575"}],"version-history":[{"count":11,"href":"https:\/\/www.golftravellers.com\/es\/wp-json\/wp\/v2\/pages\/22575\/revisions"}],"predecessor-version":[{"id":40024,"href":"https:\/\/www.golftravellers.com\/es\/wp-json\/wp\/v2\/pages\/22575\/revisions\/40024"}],"up":[{"embeddable":true,"href":"https:\/\/www.golftravellers.com\/es\/wp-json\/wp\/v2\/pages\/22567"}],"wp:featuredmedia":[{"embeddable":true,"href":"https:\/\/www.golftravellers.com\/es\/wp-json\/wp\/v2\/media\/40604"}],"wp:attachment":[{"href":"https:\/\/www.golftravellers.com\/es\/wp-json\/wp\/v2\/media?parent=22575"}],"curies":[{"name":"wp","href":"https:\/\/api.w.org\/{rel}","templated":true}]}}