{"id":22569,"date":"2015-02-16T15:41:35","date_gmt":"2015-02-16T15:41:35","guid":{"rendered":"http:\/\/www.golftravellers.com\/?page_id=22569"},"modified":"2018-01-06T19:18:07","modified_gmt":"2018-01-06T19:18:07","slug":"region-londres","status":"publish","type":"page","link":"https:\/\/www.golftravellers.com\/es\/destinos\/inglaterra\/campos-de-golf-en-inglaterra\/region-londres\/","title":{"rendered":"Regi\u00f3n de Londres"},"content":{"rendered":"<div class=\"two-thirds first\">\n<p>\u00a0<br \/>\n Tiene una gran cantidad de campos de golf de campeonato. Los mejores campos de tierra adentro se ubican en la zona sudoeste de Londres. Los mas prestigiosos son Sunningdale, Wentworth y Walton Heat. Los aeropuertos de Londres ofrecen vuelos directos.\u00a0<\/p>\n<p>&nbsp;<\/p>\n<p>&nbsp;<\/p>\n<p class=\"error\"> Marcas de sitios B\u00e1sicos de Google Maps error: no se cargan JavaScript y\/o archivos CSS. Si est\u00e1 utilizando do_shortcode () es necesario agregar filtros a su tema primero. Vea <a href=\"http:\/\/wordpress.org\/extend\/plugins\/basic-google-maps-placemarks\/faq\/\"> la FAQ <\/a> para obtener m\u00e1s informaci\u00f3n. <\/p>\n<\/div>\n<div class=\"one-third\">\n<h2>Regiones de Campos de Golf<\/h2>\n<ul>\n<li><a title=\"London Region\" href=\"https:\/\/www.golftravellers.com\/destinations\/england\/golf-courses-in-england\/london-region\/#london\">Regi\u00f3n de Londres<\/a><\/li>\n<li><a title=\"Midlands Region\" href=\"https:\/\/www.golftravellers.com\/destinations\/england\/golf-courses-in-england\/midlands-region\/#midlands\">Regi\u00f3n Midlands<\/a><\/li>\n<li><a title=\"North Region\" href=\"https:\/\/www.golftravellers.com\/destinations\/england\/golf-courses-in-england\/north-region\/#north\">Regi\u00f3n Norte<\/a><\/li>\n<li><a title=\"South East Region\" href=\"https:\/\/www.golftravellers.com\/destinations\/england\/golf-courses-in-england\/south-east-region\/#southeast\">Regi\u00f3n Sudeste<\/a><\/li>\n<li><a title=\"South West Region\" href=\"https:\/\/www.golftravellers.com\/destinations\/england\/golf-courses-in-england\/south-west-region\/#southwest\">Regi\u00f3n Sudoeste<\/a><\/li>\n<\/ul>\n<h2>Campos de Golf<\/h2>\n<ul id=\"bgmp_list\" class=\"bgmp_list\"><li id=\"bgmp_list-item-22873\" class=\"bgmp_list-item\">\n\t<h3 class=\"bgmp_list-placemark-title\">\n\t\tAddington\n\t\t\t\t\t<span class=\"bgmp_view-on-map-container\">\n\t\t\t\t[<a href=\"javascript:;\" data-marker-id=\"22873\" class=\"bgmp_view-on-map\">\n\t\t\t\t\tVer en el mapa\t\t\t\t<\/a>]\n\t\t\t<\/span>\n\t\t\t<\/h3>\n\n\t<div class=\"bgmp_list-description\">\n\t\t\t\t<p>\u00a0<a href=\"https:\/\/www.golftravellers.com\/es\/destinos\/inglaterra\/campos-de-golf-en-inglaterra\/region-londres\/addington\/\"><img loading=\"lazy\" decoding=\"async\" class=\"alignnone wp-image-6435 size-full\" src=\"http:\/\/www.golftravellers.com\/wp-content\/uploads\/2014\/07\/Par-3-Addington-golf-course-e1410852409258.jpg\" alt=\"Par 3 sobre el campo de golf de Addington \" width=\"150\" height=\"70\" \/><\/a><\/p>\n<p><a href=\"https:\/\/www.golftravellers.com\/es\/destinos\/inglaterra\/campos-de-golf-en-inglaterra\/region-londres\/addington\/\">Presione aqu\u00ed para ver im\u00e1genes y detalles del campo de golf<\/a><\/p>\n\t<\/div>\n\n\t<p class=\"bgmp_list-link\">\n\t\t<a href=\"http:\/\/google.com\/maps?q=\">\n\t\t\t\t\t<\/a>\n\t<\/p>\n<\/li>\n<li id=\"bgmp_list-item-22941\" class=\"bgmp_list-item\">\n\t<h3 class=\"bgmp_list-placemark-title\">\n\t\tBearwood Lakes\n\t\t\t\t\t<span class=\"bgmp_view-on-map-container\">\n\t\t\t\t[<a href=\"javascript:;\" data-marker-id=\"22941\" class=\"bgmp_view-on-map\">\n\t\t\t\t\tVer en el mapa\t\t\t\t<\/a>]\n\t\t\t<\/span>\n\t\t\t<\/h3>\n\n\t<div class=\"bgmp_list-description\">\n\t\t\t\t<p><a href=\"https:\/\/www.golftravellers.com\/destinations\/england\/golf-courses-in-england\/london-region\/bearwood-lakes\/\"><img loading=\"lazy\" decoding=\"async\" class=\"aligncenter wp-image-6426 size-full\" src=\"http:\/\/www.golftravellers.com\/wp-content\/uploads\/2014\/07\/Hole-with-water-at-Bearwood-Lakes-golf-course.jpg\" alt=\"Hoyo con agua sobre el campo de golf de Bearwood Lakes \" width=\"150\" height=\"109\" \/><\/a><\/p>\n<p><a href=\"https:\/\/www.golftravellers.com\/es\/destinos\/inglaterra\/campos-de-golf-en-inglaterra\/region-londres\/bearwood-lakes\/\">Presione aqu\u00ed para ver im\u00e1genes y detalles del campo de golf<\/a><\/p>\n\t<\/div>\n\n\t<p class=\"bgmp_list-link\">\n\t\t<a href=\"http:\/\/google.com\/maps?q=\">\n\t\t\t\t\t<\/a>\n\t<\/p>\n<\/li>\n<li id=\"bgmp_list-item-22966\" class=\"bgmp_list-item\">\n\t<h3 class=\"bgmp_list-placemark-title\">\n\t\tBerkshire (Red)\n\t\t\t\t\t<span class=\"bgmp_view-on-map-container\">\n\t\t\t\t[<a href=\"javascript:;\" data-marker-id=\"22966\" class=\"bgmp_view-on-map\">\n\t\t\t\t\tVer en el mapa\t\t\t\t<\/a>]\n\t\t\t<\/span>\n\t\t\t<\/h3>\n\n\t<div class=\"bgmp_list-description\">\n\t\t\t\t<p><a href=\"https:\/\/www.golftravellers.com\/destinations\/england\/golf-courses-in-england\/london-region\/the-berkshire-red-course\/\"><img loading=\"lazy\" decoding=\"async\" class=\"aligncenter wp-image-6417 size-full\" src=\"http:\/\/www.golftravellers.com\/wp-content\/uploads\/2014\/07\/Large-green-bunker-on-the-red-course-at-The-Berkshire-Golf-Club.jpg\" alt=\"Ancho green bunker sobre el campo rojo del Berkshire Golf Club\" width=\"150\" height=\"112\" \/><\/a><\/p>\n<p><a href=\"https:\/\/www.golftravellers.com\/es\/destinos\/inglaterra\/campos-de-golf-en-inglaterra\/region-londres\/berkshire-red-course\/\">Presione aqu\u00ed para ver im\u00e1genes y detalles del campo de golf<\/a><\/p>\n\t<\/div>\n\n\t<p class=\"bgmp_list-link\">\n\t\t<a href=\"http:\/\/google.com\/maps?q=\">\n\t\t\t\t\t<\/a>\n\t<\/p>\n<\/li>\n<li id=\"bgmp_list-item-23390\" class=\"bgmp_list-item\">\n\t<h3 class=\"bgmp_list-placemark-title\">\n\t\tHankley Common\n\t\t\t\t\t<span class=\"bgmp_view-on-map-container\">\n\t\t\t\t[<a href=\"javascript:;\" data-marker-id=\"23390\" class=\"bgmp_view-on-map\">\n\t\t\t\t\tVer en el mapa\t\t\t\t<\/a>]\n\t\t\t<\/span>\n\t\t\t<\/h3>\n\n\t<div class=\"bgmp_list-description\">\n\t\t\t\t<p><a href=\"https:\/\/www.golftravellers.com\/destinations\/england\/golf-courses-in-england\/london-region\/hankley-common\/\"><img loading=\"lazy\" decoding=\"async\" class=\"aligncenter wp-image-6399 size-full\" src=\"http:\/\/www.golftravellers.com\/wp-content\/uploads\/2014\/07\/Fairway-bunker-and-green-at-Hankley-Common-golf-course.jpg\" alt=\"Fairway bunker y green sobre el campo de golf de Hankley Common \" width=\"150\" height=\"100\" \/><\/a><\/p>\n<p><a href=\"https:\/\/www.golftravellers.com\/es\/destinos\/inglaterra\/campos-de-golf-en-inglaterra\/region-londres\/hankley-common\/\">Presione aqu\u00ed para ver im\u00e1genes y detalles del campo de golf<\/a><\/p>\n\t<\/div>\n\n\t<p class=\"bgmp_list-link\">\n\t\t<a href=\"http:\/\/google.com\/maps?q=\">\n\t\t\t\t\t<\/a>\n\t<\/p>\n<\/li>\n<li id=\"bgmp_list-item-23636\" class=\"bgmp_list-item\">\n\t<h3 class=\"bgmp_list-placemark-title\">\n\t\tSt George\u2019s Hill\n\t\t\t\t\t<span class=\"bgmp_view-on-map-container\">\n\t\t\t\t[<a href=\"javascript:;\" data-marker-id=\"23636\" class=\"bgmp_view-on-map\">\n\t\t\t\t\tVer en el mapa\t\t\t\t<\/a>]\n\t\t\t<\/span>\n\t\t\t<\/h3>\n\n\t<div class=\"bgmp_list-description\">\n\t\t\t\t<p><a title=\"St George\u2019s Hill\" href=\"https:\/\/www.golftravellers.com\/destinations\/england\/golf-courses-in-england\/london-region\/st-georges-hill\/\"><img loading=\"lazy\" decoding=\"async\" class=\"aligncenter wp-image-16478 size-full\" src=\"http:\/\/www.golftravellers.com\/wp-content\/uploads\/2014\/11\/stgeorgeshill-1st-hole.jpg\" alt=\"Hoyo 1 sobre el campo de golf de St Georges Hill\" width=\"150\" height=\"100\" \/><\/a><\/p>\n<p><a href=\"https:\/\/www.golftravellers.com\/es\/destinos\/inglaterra\/campos-de-golf-en-inglaterra\/region-londres\/st-georges-hill\/\">Presione aqu\u00ed para ver im\u00e1genes y detalles del campo de golf<\/a><\/p>\n\t<\/div>\n\n\t<p class=\"bgmp_list-link\">\n\t\t<a href=\"http:\/\/google.com\/maps?q=\">\n\t\t\t\t\t<\/a>\n\t<\/p>\n<\/li>\n<li id=\"bgmp_list-item-23642\" class=\"bgmp_list-item\">\n\t<h3 class=\"bgmp_list-placemark-title\">\n\t\tSunningdale (New)\n\t\t\t\t\t<span class=\"bgmp_view-on-map-container\">\n\t\t\t\t[<a href=\"javascript:;\" data-marker-id=\"23642\" class=\"bgmp_view-on-map\">\n\t\t\t\t\tVer en el mapa\t\t\t\t<\/a>]\n\t\t\t<\/span>\n\t\t\t<\/h3>\n\n\t<div class=\"bgmp_list-description\">\n\t\t\t\t<p><a title=\"Sunningdale (New Course)\" href=\"https:\/\/www.golftravellers.com\/destinations\/england\/golf-courses-in-england\/london-region\/sunningdale-new-course\/\"><img loading=\"lazy\" decoding=\"async\" class=\"aligncenter wp-image-22876 size-full\" src=\"http:\/\/www.golftravellers.com\/wp-content\/uploads\/2014\/07\/sunningdale-newcourse-long-par5.jpg\" alt=\"Largo par 5 sobre el campo de golf de Sunningdale en New Course \" width=\"150\" height=\"100\" \/><\/a><\/p>\n<p><a href=\"https:\/\/www.golftravellers.com\/es\/destinos\/inglaterra\/campos-de-golf-en-inglaterra\/region-londres\/sunningdale-new-course\/\">Presione aqu\u00ed para ver im\u00e1genes y detalles del campo de golf<\/a><\/p>\n\t<\/div>\n\n\t<p class=\"bgmp_list-link\">\n\t\t<a href=\"http:\/\/google.com\/maps?q=51.389231,+-0.631935\">\n\t\t\t51.389231, -0.631935\t\t<\/a>\n\t<\/p>\n<\/li>\n<li id=\"bgmp_list-item-23644\" class=\"bgmp_list-item\">\n\t<h3 class=\"bgmp_list-placemark-title\">\n\t\tSunningdale (Old)\n\t\t\t\t\t<span class=\"bgmp_view-on-map-container\">\n\t\t\t\t[<a href=\"javascript:;\" data-marker-id=\"23644\" class=\"bgmp_view-on-map\">\n\t\t\t\t\tVer en el mapa\t\t\t\t<\/a>]\n\t\t\t<\/span>\n\t\t\t<\/h3>\n\n\t<div class=\"bgmp_list-description\">\n\t\t\t\t<p><a title=\"Sunningdale (Old Course)\" href=\"https:\/\/www.golftravellers.com\/destinations\/england\/golf-courses-in-england\/london-region\/sunningdale-old-course\/\"><img loading=\"lazy\" decoding=\"async\" class=\"aligncenter wp-image-22860 size-full\" src=\"http:\/\/www.golftravellers.com\/wp-content\/uploads\/2014\/07\/sunningdale-oak-tree.jpg\" alt=\"Ancho arb\u00f2l en el primero tee sobre el campo de golf de Sunningdale Golf Club\" width=\"150\" height=\"100\" \/><\/a><\/p>\n<p><a href=\"https:\/\/www.golftravellers.com\/es\/destinos\/inglaterra\/campos-de-golf-en-inglaterra\/region-londres\/sunningdale-old-course\/\">Presione aqu\u00ed para ver im\u00e1genes y detalles del campo de golf<\/a><\/p>\n\t<\/div>\n\n\t<p class=\"bgmp_list-link\">\n\t\t<a href=\"http:\/\/google.com\/maps?q=\">\n\t\t\t\t\t<\/a>\n\t<\/p>\n<\/li>\n<li id=\"bgmp_list-item-23658\" class=\"bgmp_list-item\">\n\t<h3 class=\"bgmp_list-placemark-title\">\n\t\tThe Berkshire (Blue)\n\t\t\t\t\t<span class=\"bgmp_view-on-map-container\">\n\t\t\t\t[<a href=\"javascript:;\" data-marker-id=\"23658\" class=\"bgmp_view-on-map\">\n\t\t\t\t\tVer en el mapa\t\t\t\t<\/a>]\n\t\t\t<\/span>\n\t\t\t<\/h3>\n\n\t<div class=\"bgmp_list-description\">\n\t\t\t\t<p><a href=\"https:\/\/www.golftravellers.com\/destinations\/england\/golf-courses-in-england\/london-region\/the-berkshire-blue-course\/\"><img loading=\"lazy\" decoding=\"async\" class=\"aligncenter wp-image-6489 size-full\" src=\"http:\/\/www.golftravellers.com\/wp-content\/uploads\/2014\/07\/Par-3-on-the-blue-course-at-The-Berkshire-Golf-Club.jpg\" alt=\"Par 3 del campo de golf az\u00f9l de The Berkshire\" width=\"150\" height=\"92\" \/><\/a><\/p>\n<p><a href=\"https:\/\/www.golftravellers.com\/es\/destinos\/inglaterra\/campos-de-golf-en-inglaterra\/region-londres\/berkshire-blue-course\/\">Presione aqu\u00ed para ver im\u00e1genes y detalles del campo de golf<\/a><\/p>\n\t<\/div>\n\n\t<p class=\"bgmp_list-link\">\n\t\t<a href=\"http:\/\/google.com\/maps?q=\">\n\t\t\t\t\t<\/a>\n\t<\/p>\n<\/li>\n<li id=\"bgmp_list-item-23669\" class=\"bgmp_list-item\">\n\t<h3 class=\"bgmp_list-placemark-title\">\n\t\tThe Grove\n\t\t\t\t\t<span class=\"bgmp_view-on-map-container\">\n\t\t\t\t[<a href=\"javascript:;\" data-marker-id=\"23669\" class=\"bgmp_view-on-map\">\n\t\t\t\t\tVer en el mapa\t\t\t\t<\/a>]\n\t\t\t<\/span>\n\t\t\t<\/h3>\n\n\t<div class=\"bgmp_list-description\">\n\t\t\t\t<p><a href=\"https:\/\/www.golftravellers.com\/destinations\/england\/golf-courses-in-england\/london-region\/the-grove\/\"><img loading=\"lazy\" decoding=\"async\" class=\"aligncenter wp-image-6498 size-full\" src=\"http:\/\/www.golftravellers.com\/wp-content\/uploads\/2014\/07\/Long-Par-3-with-a-river-on-The-Grove-golf-course.jpg\" alt=\"Largo Par 3 con un r\u00eco sobre el campo de golf de Grove\" width=\"150\" height=\"100\" \/><\/a><\/p>\n<p><a href=\"https:\/\/www.golftravellers.com\/es\/destinos\/inglaterra\/campos-de-golf-en-inglaterra\/region-londres\/the-grove\/\">Presione aqu\u00ed para ver im\u00e1genes y detalles del campo de golf<\/a><\/p>\n\t<\/div>\n\n\t<p class=\"bgmp_list-link\">\n\t\t<a href=\"http:\/\/google.com\/maps?q=\">\n\t\t\t\t\t<\/a>\n\t<\/p>\n<\/li>\n<li id=\"bgmp_list-item-23703\" class=\"bgmp_list-item\">\n\t<h3 class=\"bgmp_list-placemark-title\">\n\t\tWalton Heath (New)\n\t\t\t\t\t<span class=\"bgmp_view-on-map-container\">\n\t\t\t\t[<a href=\"javascript:;\" data-marker-id=\"23703\" class=\"bgmp_view-on-map\">\n\t\t\t\t\tVer en el mapa\t\t\t\t<\/a>]\n\t\t\t<\/span>\n\t\t\t<\/h3>\n\n\t<div class=\"bgmp_list-description\">\n\t\t\t\t<p><a href=\"https:\/\/www.golftravellers.com\/es\/destinos\/inglaterra\/campos-de-golf-en-inglaterra\/region-londres\/walton-heath-new-course\/\"><img loading=\"lazy\" decoding=\"async\" class=\"alignnone wp-image-6507 size-full\" src=\"http:\/\/www.golftravellers.com\/wp-content\/uploads\/2014\/07\/Bunkers-on-the-New-Course-of-the-Walton-Heath-golf-club-e1410852774683.jpg\" alt=\"Bunkers sobre el nuevo campo de golf de Walton Health \" width=\"150\" height=\"86\" \/><\/a><a href=\"http:\/\/www.golftravellers.com\/wp-content\/uploads\/2014\/07\/Bunkers-on-the-New-Course-of-the-Walton-Heath-golf-club-e1410852774683.jpg\"><\/a><\/p>\n<p><a href=\"https:\/\/www.golftravellers.com\/es\/destinos\/inglaterra\/campos-de-golf-en-inglaterra\/region-londres\/walton-heath-new-course\/\">Presione aqu\u00ed para ver im\u00e1genes y detalles del campo de golf<\/a><\/p>\n\t<\/div>\n\n\t<p class=\"bgmp_list-link\">\n\t\t<a href=\"http:\/\/google.com\/maps?q=\">\n\t\t\t\t\t<\/a>\n\t<\/p>\n<\/li>\n<li id=\"bgmp_list-item-23710\" class=\"bgmp_list-item\">\n\t<h3 class=\"bgmp_list-placemark-title\">\n\t\tWentworth (West)\n\t\t\t\t\t<span class=\"bgmp_view-on-map-container\">\n\t\t\t\t[<a href=\"javascript:;\" data-marker-id=\"23710\" class=\"bgmp_view-on-map\">\n\t\t\t\t\tVer en el mapa\t\t\t\t<\/a>]\n\t\t\t<\/span>\n\t\t\t<\/h3>\n\n\t<div class=\"bgmp_list-description\">\n\t\t\t\t<p><a title=\"Wentworth (West course)\" href=\"https:\/\/www.golftravellers.com\/destinations\/england\/golf-courses-in-england\/london-region\/wentworth-west-course\/\"><img loading=\"lazy\" decoding=\"async\" class=\"aligncenter wp-image-16486 size-full\" src=\"http:\/\/www.golftravellers.com\/wp-content\/uploads\/2014\/11\/wentworth-westcourse-1st-hole.jpg\" alt=\"Hoyo 1 sobre el campo de golf West de Wentworth\" width=\"150\" height=\"100\" \/><\/a><\/p>\n<p><a href=\"https:\/\/www.golftravellers.com\/es\/destinos\/inglaterra\/campos-de-golf-en-inglaterra\/region-londres\/wentworth-west-course\/\">Presione aqu\u00ed para ver im\u00e1genes y detalles del campo de golf<\/a><\/p>\n\t<\/div>\n\n\t<p class=\"bgmp_list-link\">\n\t\t<a href=\"http:\/\/google.com\/maps?q=\">\n\t\t\t\t\t<\/a>\n\t<\/p>\n<\/li>\n<li id=\"bgmp_list-item-23722\" class=\"bgmp_list-item\">\n\t<h3 class=\"bgmp_list-placemark-title\">\n\t\tWoburn (Duke\u2019s)\n\t\t\t\t\t<span class=\"bgmp_view-on-map-container\">\n\t\t\t\t[<a href=\"javascript:;\" data-marker-id=\"23722\" class=\"bgmp_view-on-map\">\n\t\t\t\t\tVer en el mapa\t\t\t\t<\/a>]\n\t\t\t<\/span>\n\t\t\t<\/h3>\n\n\t<div class=\"bgmp_list-description\">\n\t\t\t\t<p><a href=\"https:\/\/www.golftravellers.com\/destinations\/england\/golf-courses-in-england\/london-region\/woburn-dukes\/\"><img loading=\"lazy\" decoding=\"async\" class=\"aligncenter wp-image-6543 size-full\" src=\"http:\/\/www.golftravellers.com\/wp-content\/uploads\/2014\/07\/Downhill-Par-3-on-the-Dukes-golf-course-at-Woburn-golf-club.jpg\" alt=\"Descenso Par 3 sobre el campo de golf de Woburn (Duke's)\" width=\"150\" height=\"100\" \/><\/a><\/p>\n<p><a href=\"https:\/\/www.golftravellers.com\/es\/destinos\/inglaterra\/campos-de-golf-en-inglaterra\/region-londres\/woburn-dukes\/\">Presione aqu\u00ed para ver im\u00e1genes y detalles del campo de golf<\/a><\/p>\n\t<\/div>\n\n\t<p class=\"bgmp_list-link\">\n\t\t<a href=\"http:\/\/google.com\/maps?q=\">\n\t\t\t\t\t<\/a>\n\t<\/p>\n<\/li>\n<li id=\"bgmp_list-item-23724\" class=\"bgmp_list-item\">\n\t<h3 class=\"bgmp_list-placemark-title\">\n\t\tWoburn (Marquess)\n\t\t\t\t\t<span class=\"bgmp_view-on-map-container\">\n\t\t\t\t[<a href=\"javascript:;\" data-marker-id=\"23724\" class=\"bgmp_view-on-map\">\n\t\t\t\t\tVer en el mapa\t\t\t\t<\/a>]\n\t\t\t<\/span>\n\t\t\t<\/h3>\n\n\t<div class=\"bgmp_list-description\">\n\t\t\t\t<p><a href=\"https:\/\/www.golftravellers.com\/destinations\/england\/golf-courses-in-england\/london-region\/woburn-marquess\/\"><img loading=\"lazy\" decoding=\"async\" class=\"aligncenter wp-image-6552 size-full\" src=\"http:\/\/www.golftravellers.com\/wp-content\/uploads\/2014\/07\/Elevated-green-on-the-Marquess-golf-course-at-Woburn-golf-club.jpg\" alt=\"Elevado green sobre el campo de golf de Woburn (Marquess)\" width=\"150\" height=\"100\" \/><\/a><\/p>\n<p><a href=\"https:\/\/www.golftravellers.com\/es\/destinos\/inglaterra\/campos-de-golf-en-inglaterra\/region-londres\/woburn-marquess\/\">Presione aqu\u00ed para ver im\u00e1genes y detalles del campo de golf<\/a><\/p>\n\t<\/div>\n\n\t<p class=\"bgmp_list-link\">\n\t\t<a href=\"http:\/\/google.com\/maps?q=\">\n\t\t\t\t\t<\/a>\n\t<\/p>\n<\/li>\n<li id=\"bgmp_list-item-23726\" class=\"bgmp_list-item\">\n\t<h3 class=\"bgmp_list-placemark-title\">\n\t\tWoking\n\t\t\t\t\t<span class=\"bgmp_view-on-map-container\">\n\t\t\t\t[<a href=\"javascript:;\" data-marker-id=\"23726\" class=\"bgmp_view-on-map\">\n\t\t\t\t\tVer en el mapa\t\t\t\t<\/a>]\n\t\t\t<\/span>\n\t\t\t<\/h3>\n\n\t<div class=\"bgmp_list-description\">\n\t\t\t\t<p><a href=\"https:\/\/www.golftravellers.com\/destinations\/england\/golf-courses-in-england\/london-region\/woking\/\"><img loading=\"lazy\" decoding=\"async\" class=\"aligncenter wp-image-6561 size-full\" src=\"http:\/\/www.golftravellers.com\/wp-content\/uploads\/2014\/07\/18th-hole-and-clubhouse-of-the-Woking-golf-course.jpg\" alt=\"Hoyo 18 y el clubhouse sobre el campo de golf de Woking \" width=\"150\" height=\"94\" \/><\/a><\/p>\n<p><a href=\"https:\/\/www.golftravellers.com\/es\/destinos\/inglaterra\/campos-de-golf-en-inglaterra\/region-londres\/woking\/\">Presione aqu\u00ed para ver im\u00e1genes y detalles del campo de golf<\/a><\/p>\n\t<\/div>\n\n\t<p class=\"bgmp_list-link\">\n\t\t<a href=\"http:\/\/google.com\/maps?q=\">\n\t\t\t\t\t<\/a>\n\t<\/p>\n<\/li>\n<\/ul>\n<\/div>\n","protected":false},"excerpt":{"rendered":"<p>\u00a0 Tiene una gran cantidad de campos de golf de campeonato. Los mejores campos de tierra adentro se ubican en la zona sudoeste de Londres. Los mas prestigiosos son Sunningdale, Wentworth y Walton Heat. Los aeropuertos de Londres ofrecen vuelos directos.\u00a0 &nbsp; &nbsp; Regiones de Campos de Golf Regi\u00f3n de Londres Regi\u00f3n Midlands Regi\u00f3n Norte [&hellip;]<\/p>\n","protected":false},"author":10,"featured_media":40616,"parent":22567,"menu_order":10,"comment_status":"open","ping_status":"closed","template":"","meta":{"_genesis_hide_title":false,"_genesis_hide_breadcrumbs":false,"_genesis_hide_singular_image":false,"_genesis_hide_footer_widgets":false,"_genesis_custom_body_class":"","_genesis_custom_post_class":"","_genesis_layout":"full-width-content","footnotes":""},"class_list":{"0":"post-22569","1":"page","2":"type-page","3":"status-publish","4":"has-post-thumbnail","6":"entry"},"_links":{"self":[{"href":"https:\/\/www.golftravellers.com\/es\/wp-json\/wp\/v2\/pages\/22569","targetHints":{"allow":["GET"]}}],"collection":[{"href":"https:\/\/www.golftravellers.com\/es\/wp-json\/wp\/v2\/pages"}],"about":[{"href":"https:\/\/www.golftravellers.com\/es\/wp-json\/wp\/v2\/types\/page"}],"author":[{"embeddable":true,"href":"https:\/\/www.golftravellers.com\/es\/wp-json\/wp\/v2\/users\/10"}],"replies":[{"embeddable":true,"href":"https:\/\/www.golftravellers.com\/es\/wp-json\/wp\/v2\/comments?post=22569"}],"version-history":[{"count":9,"href":"https:\/\/www.golftravellers.com\/es\/wp-json\/wp\/v2\/pages\/22569\/revisions"}],"predecessor-version":[{"id":39956,"href":"https:\/\/www.golftravellers.com\/es\/wp-json\/wp\/v2\/pages\/22569\/revisions\/39956"}],"up":[{"embeddable":true,"href":"https:\/\/www.golftravellers.com\/es\/wp-json\/wp\/v2\/pages\/22567"}],"wp:featuredmedia":[{"embeddable":true,"href":"https:\/\/www.golftravellers.com\/es\/wp-json\/wp\/v2\/media\/40616"}],"wp:attachment":[{"href":"https:\/\/www.golftravellers.com\/es\/wp-json\/wp\/v2\/media?parent=22569"}],"curies":[{"name":"wp","href":"https:\/\/api.w.org\/{rel}","templated":true}]}}