{"id":20950,"date":"2015-01-30T03:03:57","date_gmt":"2015-01-30T03:03:57","guid":{"rendered":"http:\/\/www.golftravellers.com\/?page_id=20950"},"modified":"2017-11-21T14:51:31","modified_gmt":"2017-11-21T14:51:31","slug":"region-del-noroeste","status":"publish","type":"page","link":"https:\/\/www.golftravellers.com\/es\/destinos\/irlanda\/campos-de-golf-en-irlanda\/region-del-noroeste\/","title":{"rendered":"Regi\u00f3n del noroeste"},"content":{"rendered":"<div class=\"two-thirds first\">\n<p>\u00a0<br \/>\n Una regi\u00f3n hermosa en donde los pueblos mas grandes son Galway y Sligo. Incluye la hermosa regi\u00f3n de Connemara. Los campos mas importantes son Carne, Connemara y Enniscrone.\u00a0<\/p>\n<p>&nbsp;<\/p>\n<p class=\"error\"> Marcas de sitios B\u00e1sicos de Google Maps error: no se cargan JavaScript y\/o archivos CSS. Si est\u00e1 utilizando do_shortcode () es necesario agregar filtros a su tema primero. Vea <a href=\"http:\/\/wordpress.org\/extend\/plugins\/basic-google-maps-placemarks\/faq\/\"> la FAQ <\/a> para obtener m\u00e1s informaci\u00f3n. <\/p>\n<\/div>\n<div class=\"one-third\">\n<h2>Regiones de campos de golf<\/h2>\n<ul>\n<li><a title=\"Dublin and Eastern Region\" href=\"https:\/\/www.golftravellers.com\/destinations\/ireland\/golf-courses-in-ireland\/dublin-region-ireland\/#dublin\">Regi\u00f3n de Dublin<\/a><\/li>\n<li><a title=\"South West Region\" href=\"https:\/\/www.golftravellers.com\/destinations\/ireland\/golf-courses-in-ireland\/south-west-region-ireland\/#southwest\">Regi\u00f3n del Sudoeste<\/a><\/li>\n<li><a title=\"North West Region\" href=\"https:\/\/www.golftravellers.com\/destinations\/ireland\/golf-courses-in-ireland\/north-west-region-ireland\/#northwest\">Regi\u00f3n del Noroeste<\/a><\/li>\n<li><a title=\"Northern Ireland Region\" href=\"https:\/\/www.golftravellers.com\/destinations\/ireland\/golf-courses-in-ireland\/northern-ireland-region\/#northernireland\">Regi\u00f3n de Irlanda del norte<\/a><\/li>\n<\/ul>\n<h2 id=\"northwest\">Campos de golf<\/h2>\nNo se encontraron marcas de posici\u00f3n\n<\/div>\n","protected":false},"excerpt":{"rendered":"<p>\u00a0 Una regi\u00f3n hermosa en donde los pueblos mas grandes son Galway y Sligo. Incluye la hermosa regi\u00f3n de Connemara. Los campos mas importantes son Carne, Connemara y Enniscrone.\u00a0 &nbsp; Regiones de campos de golf Regi\u00f3n de Dublin Regi\u00f3n del Sudoeste Regi\u00f3n del Noroeste Regi\u00f3n de Irlanda del norte Campos de golf<\/p>\n","protected":false},"author":10,"featured_media":32789,"parent":20946,"menu_order":0,"comment_status":"open","ping_status":"open","template":"","meta":{"_genesis_hide_title":false,"_genesis_hide_breadcrumbs":false,"_genesis_hide_singular_image":false,"_genesis_hide_footer_widgets":false,"_genesis_custom_body_class":"","_genesis_custom_post_class":"","_genesis_layout":"full-width-content","footnotes":""},"class_list":{"0":"post-20950","1":"page","2":"type-page","3":"status-publish","4":"has-post-thumbnail","6":"entry"},"_links":{"self":[{"href":"https:\/\/www.golftravellers.com\/es\/wp-json\/wp\/v2\/pages\/20950","targetHints":{"allow":["GET"]}}],"collection":[{"href":"https:\/\/www.golftravellers.com\/es\/wp-json\/wp\/v2\/pages"}],"about":[{"href":"https:\/\/www.golftravellers.com\/es\/wp-json\/wp\/v2\/types\/page"}],"author":[{"embeddable":true,"href":"https:\/\/www.golftravellers.com\/es\/wp-json\/wp\/v2\/users\/10"}],"replies":[{"embeddable":true,"href":"https:\/\/www.golftravellers.com\/es\/wp-json\/wp\/v2\/comments?post=20950"}],"version-history":[{"count":7,"href":"https:\/\/www.golftravellers.com\/es\/wp-json\/wp\/v2\/pages\/20950\/revisions"}],"predecessor-version":[{"id":40177,"href":"https:\/\/www.golftravellers.com\/es\/wp-json\/wp\/v2\/pages\/20950\/revisions\/40177"}],"up":[{"embeddable":true,"href":"https:\/\/www.golftravellers.com\/es\/wp-json\/wp\/v2\/pages\/20946"}],"wp:featuredmedia":[{"embeddable":true,"href":"https:\/\/www.golftravellers.com\/es\/wp-json\/wp\/v2\/media\/32789"}],"wp:attachment":[{"href":"https:\/\/www.golftravellers.com\/es\/wp-json\/wp\/v2\/media?parent=20950"}],"curies":[{"name":"wp","href":"https:\/\/api.w.org\/{rel}","templated":true}]}}