{"id":20948,"date":"2015-01-30T02:51:30","date_gmt":"2015-01-30T02:51:30","guid":{"rendered":"http:\/\/www.golftravellers.com\/?page_id=20948"},"modified":"2017-11-21T14:50:40","modified_gmt":"2017-11-21T14:50:40","slug":"region-de-dublin","status":"publish","type":"page","link":"https:\/\/www.golftravellers.com\/es\/destinos\/irlanda\/campos-de-golf-en-irlanda\/region-de-dublin\/","title":{"rendered":"Regi\u00f3n de Dublin"},"content":{"rendered":"<div class=\"two-thirds first\">\n<p>\u00a0<br \/>\n\u00c9sta es la \u00a0regi\u00f3n mas popular porque cuenta con una gran variedad de campos de golf de links al igual que al centro del pa\u00eds. Tambi\u00e9n, cuenta con una gran selecci\u00f3n de vuelos directos hacia la din\u00e1mica y emocionante ciudad de Dublin.\u00a0<\/p>\n<p>&nbsp;<\/p>\n<p>&nbsp;<\/p>\n<p class=\"error\"> Marcas de sitios B\u00e1sicos de Google Maps error: no se cargan JavaScript y\/o archivos CSS. Si est\u00e1 utilizando do_shortcode () es necesario agregar filtros a su tema primero. Vea <a href=\"http:\/\/wordpress.org\/extend\/plugins\/basic-google-maps-placemarks\/faq\/\"> la FAQ <\/a> para obtener m\u00e1s informaci\u00f3n. <\/p>\n<\/div>\n<div class=\"one-third\">\n<h2>Regiones de campos de golf<\/h2>\n<ul>\n<li><a title=\"Dublin and Eastern Region\" href=\"https:\/\/www.golftravellers.com\/destinations\/ireland\/golf-courses-in-ireland\/dublin-region-ireland\/#dublin\">Regi\u00f3n de Dublin<\/a><\/li>\n<li><a title=\"South West Region\" href=\"https:\/\/www.golftravellers.com\/destinations\/ireland\/golf-courses-in-ireland\/south-west-region-ireland\/#southwest\">Regi\u00f3n del Sudoeste<\/a><\/li>\n<li><a title=\"North West Region\" href=\"https:\/\/www.golftravellers.com\/destinations\/ireland\/golf-courses-in-ireland\/north-west-region-ireland\/#northwest\">Regi\u00f3n del Noroeste<\/a><\/li>\n<li><a title=\"Northern Ireland Region\" href=\"https:\/\/www.golftravellers.com\/destinations\/ireland\/golf-courses-in-ireland\/northern-ireland-region\/#northernireland\">Regi\u00f3n del Norte<\/a><\/li>\n<\/ul>\n<h2 id=\"dublin\">Campos de golf<\/h2>\nNo se encontraron marcas de posici\u00f3n\n<\/div>\n","protected":false},"excerpt":{"rendered":"<p>\u00a0 \u00c9sta es la \u00a0regi\u00f3n mas popular porque cuenta con una gran variedad de campos de golf de links al igual que al centro del pa\u00eds. Tambi\u00e9n, cuenta con una gran selecci\u00f3n de vuelos directos hacia la din\u00e1mica y emocionante ciudad de Dublin.\u00a0 &nbsp; &nbsp; Regiones de campos de golf Regi\u00f3n de Dublin Regi\u00f3n del [&hellip;]<\/p>\n","protected":false},"author":10,"featured_media":32768,"parent":20946,"menu_order":0,"comment_status":"open","ping_status":"open","template":"","meta":{"_genesis_hide_title":false,"_genesis_hide_breadcrumbs":false,"_genesis_hide_singular_image":false,"_genesis_hide_footer_widgets":false,"_genesis_custom_body_class":"","_genesis_custom_post_class":"","_genesis_layout":"full-width-content","footnotes":""},"class_list":{"0":"post-20948","1":"page","2":"type-page","3":"status-publish","4":"has-post-thumbnail","6":"entry"},"_links":{"self":[{"href":"https:\/\/www.golftravellers.com\/es\/wp-json\/wp\/v2\/pages\/20948","targetHints":{"allow":["GET"]}}],"collection":[{"href":"https:\/\/www.golftravellers.com\/es\/wp-json\/wp\/v2\/pages"}],"about":[{"href":"https:\/\/www.golftravellers.com\/es\/wp-json\/wp\/v2\/types\/page"}],"author":[{"embeddable":true,"href":"https:\/\/www.golftravellers.com\/es\/wp-json\/wp\/v2\/users\/10"}],"replies":[{"embeddable":true,"href":"https:\/\/www.golftravellers.com\/es\/wp-json\/wp\/v2\/comments?post=20948"}],"version-history":[{"count":5,"href":"https:\/\/www.golftravellers.com\/es\/wp-json\/wp\/v2\/pages\/20948\/revisions"}],"predecessor-version":[{"id":40176,"href":"https:\/\/www.golftravellers.com\/es\/wp-json\/wp\/v2\/pages\/20948\/revisions\/40176"}],"up":[{"embeddable":true,"href":"https:\/\/www.golftravellers.com\/es\/wp-json\/wp\/v2\/pages\/20946"}],"wp:featuredmedia":[{"embeddable":true,"href":"https:\/\/www.golftravellers.com\/es\/wp-json\/wp\/v2\/media\/32768"}],"wp:attachment":[{"href":"https:\/\/www.golftravellers.com\/es\/wp-json\/wp\/v2\/media?parent=20948"}],"curies":[{"name":"wp","href":"https:\/\/api.w.org\/{rel}","templated":true}]}}