{"id":20115,"date":"2015-01-29T03:59:42","date_gmt":"2015-01-29T03:59:42","guid":{"rendered":"http:\/\/www.golftravellers.com\/?page_id=20115"},"modified":"2015-01-29T03:59:42","modified_gmt":"2015-01-29T03:59:42","slug":"historia-del-golf","status":"publish","type":"page","link":"https:\/\/www.golftravellers.com\/es\/destinos\/escocia\/historia-del-golf\/","title":{"rendered":"Historia del golf"},"content":{"rendered":"<div id=\"_mcePaste\">El juego del golf origin\u00f3 hace mas de 600 a\u00f1os. Hay mucha evidencia que muestra como los holandeses, franceses y belgas se entreten\u00edan con un juego que consist\u00eda de pegarle a una bola rellena de plumas con bastones de madera.<\/p>\n<p class=\"p1\"><span class=\"s1\">Se ha establecido que el golf fue inventado por los escoceses al principio del siglo XV.<\/span><\/p>\n<p class=\"p1\"><span class=\"s1\">En aquella \u00e9poca, el juego result\u00f3 ser tan popular en Escocia que los soldados pasaban mas tiempo jugando golf que practicando el tiro al arco. En 1457, el parlamento escoc\u00e9s pas\u00f3 una ley prohibiendo el juego, la cual fue ignorada por el pueblo, que jugaba en campos al lado del mar llamados \u201clinks\u201d, por lo cual el rey James IV de Escocia re-aprob\u00f3 la jugada del golf en el siglo XVI.<\/span><\/p>\n<p class=\"p1\"><span class=\"s1\">El golf se estableci\u00f3 en Gran Breta\u00f1a por el siglo XVII, con la promoci\u00f3n de James IV de Escocia, que luego se convirti\u00f3 en James I de Inglaterra.<\/span><\/p>\n<p class=\"p1\"><span class=\"s1\">El campo mas famoso del mundo, el Old Course, que se ubica en Saint Andrews, se empez\u00f3 a usar en el siglo XVI y el Royal and Ancient Golf Club de Saint Andrews (la instituci\u00f3n que maneja el campo) fue fundada en 1754.<\/span><\/p>\n<p class=\"p1\"><span class=\"s1\">Durante el siglo XIX, la invenci\u00f3n de la bola \u201cgutta-percha\u201d revolucion\u00f3 el juego, ya que reemplazo a la bola rellena de plumas que hab\u00eda sido utilizada por siglos.<\/span><\/p>\n<p class=\"p1\"><span class=\"s1\">Esto result\u00f3 en un gran turismo para el pueblo de Saint Andrews, por lo cual se construy\u00f3 una v\u00eda de ferrocarril hacia el pueblo en 1852.<\/span><\/p>\n<p class=\"p1\"><span class=\"s1\">Tom Morris y su hijo, Young Tom Morris, ayudaron a desarrollar el juego y juntos, ganaron muchos campeonatos abiertos. Tom, padre, gan\u00f3 el abierto en 1861, 1862, 1864 y 1867, mientras que Tom, hijo, gan\u00f3 en 1868, 1869, 1870 y 1872. Hoy en d\u00eda, Tom, padre, sigue manteniendo el record del ganador mas viejo, mientras que su hijo mantiene el record del ganador mas joven. <\/span><\/p>\n<p class=\"p1\"><span class=\"s1\">En 1860, el primer British Open se jug\u00f3 en Prestwick, Escocia. Fueron invitados profesionales y principiantes.<\/span><\/p>\n<p class=\"p1\"><span class=\"s1\">El golf se propag\u00f3 al mundo en el siglo XIX, cuando llego a los clubs de India, Irlanda, Francia, Australia Sud\u00e1frica y Am\u00e9rica gracias a la innovaci\u00f3n del arquitecto escoc\u00e9s, Donald Ross.<\/span><\/p>\n<p class=\"p1\"><span class=\"s1\">Hoy, se pueden encontrar casi 600 clubs de golf en Escocia y es el pa\u00eds con la mayor\u00eda de campos tipo links del mundo.<\/span><\/p>\n<\/div>\n","protected":false},"excerpt":{"rendered":"<p>El juego del golf origin\u00f3 hace mas de 600 a\u00f1os. Hay mucha evidencia que muestra como los holandeses, franceses y belgas se entreten\u00edan con un juego que consist\u00eda de pegarle a una bola rellena de plumas con bastones de madera. Se ha establecido que el golf fue inventado por los escoceses al principio del siglo [&hellip;]<\/p>\n","protected":false},"author":10,"featured_media":9057,"parent":17161,"menu_order":1,"comment_status":"open","ping_status":"closed","template":"","meta":{"_genesis_hide_title":false,"_genesis_hide_breadcrumbs":false,"_genesis_hide_singular_image":false,"_genesis_hide_footer_widgets":false,"_genesis_custom_body_class":"","_genesis_custom_post_class":"","_genesis_layout":"","footnotes":""},"class_list":{"0":"post-20115","1":"page","2":"type-page","3":"status-publish","4":"has-post-thumbnail","6":"entry"},"_links":{"self":[{"href":"https:\/\/www.golftravellers.com\/es\/wp-json\/wp\/v2\/pages\/20115","targetHints":{"allow":["GET"]}}],"collection":[{"href":"https:\/\/www.golftravellers.com\/es\/wp-json\/wp\/v2\/pages"}],"about":[{"href":"https:\/\/www.golftravellers.com\/es\/wp-json\/wp\/v2\/types\/page"}],"author":[{"embeddable":true,"href":"https:\/\/www.golftravellers.com\/es\/wp-json\/wp\/v2\/users\/10"}],"replies":[{"embeddable":true,"href":"https:\/\/www.golftravellers.com\/es\/wp-json\/wp\/v2\/comments?post=20115"}],"version-history":[{"count":3,"href":"https:\/\/www.golftravellers.com\/es\/wp-json\/wp\/v2\/pages\/20115\/revisions"}],"predecessor-version":[{"id":21442,"href":"https:\/\/www.golftravellers.com\/es\/wp-json\/wp\/v2\/pages\/20115\/revisions\/21442"}],"up":[{"embeddable":true,"href":"https:\/\/www.golftravellers.com\/es\/wp-json\/wp\/v2\/pages\/17161"}],"wp:featuredmedia":[{"embeddable":true,"href":"https:\/\/www.golftravellers.com\/es\/wp-json\/wp\/v2\/media\/9057"}],"wp:attachment":[{"href":"https:\/\/www.golftravellers.com\/es\/wp-json\/wp\/v2\/media?parent=20115"}],"curies":[{"name":"wp","href":"https:\/\/api.w.org\/{rel}","templated":true}]}}