{"id":19472,"date":"2015-01-30T05:05:31","date_gmt":"2015-01-30T05:05:31","guid":{"rendered":"http:\/\/www.golftravellers.com\/?page_id=19472"},"modified":"2015-11-25T10:17:08","modified_gmt":"2015-11-25T10:17:08","slug":"fortrose-rosemarkie","status":"publish","type":"page","link":"https:\/\/www.golftravellers.com\/es\/destinos\/escocia\/campos-de-golf-en-escocia\/region-highlands\/fortrose-rosemarkie\/","title":{"rendered":"Fortrose &#038; Rosemarkie"},"content":{"rendered":"<table border=\"0\">\n<tbody>\n<tr>\n<td>Nuestra clasificaci\u00f3n:<\/td>\n<td><img loading=\"lazy\" decoding=\"async\" src=\"http:\/\/www.golftravellers.com\/wp-content\/uploads\/2014\/05\/3stars.png\" alt=\"Golf Travellers 3 star rating golf course\" width=\"88\" height=\"30\" \/><\/td>\n<td colspan=\"2\" rowspan=\"9\" align=\"center\" valign=\"top\" width=\"50%\"><div class=\"DOPThumbnailGalleryContainer\" id=\"DOPThumbnailGallery70\">\n                                <ul class=\"Settings\" style=\"display:none;\">\n                                    <li class=\"Width\">540<\/li>\n                                    <li class=\"Height\">360<\/li>\n                                    <li class=\"BgColor\">333333<\/li>\n                                    <li class=\"BgAlpha\">45<\/li>\n                                    <li class=\"ImagesOrder\">normal<\/li>\n                                    <li class=\"ResponsiveEnabled\">true<\/li>  \n                                    <li class=\"ThumbnailsPosition\">bottom<\/li>\n                                    <li class=\"ThumbnailsOverImage\">false<\/li>\n                                    <li class=\"ThumbnailsBgColor\">000000<\/li>\n                                    <li class=\"ThumbnailsBgAlpha\">50<\/li>\n                                    <li class=\"ThumbnailsSpacing\">5<\/li>\n                                    <li class=\"ThumbnailsPaddingTop\">0<\/li>\n                                    <li class=\"ThumbnailsPaddingRight\">5<\/li>\n                                    <li class=\"ThumbnailsPaddingBottom\">5<\/li>\n                                    <li class=\"ThumbnailsPaddingLeft\">5<\/li>\n                                    <li class=\"ThumbnailsNavigation\">mouse<\/li>\n                                    <li class=\"ThumbnailsNavigationPrev\">https:\/\/www.golftravellers.com\/wp-content\/plugins\/doptg\/uploads\/settings\/thumbnails-navigation-prev\/1-0.png<\/li>\n                                    <li class=\"ThumbnailsNavigationPrevHover\">https:\/\/www.golftravellers.com\/wp-content\/plugins\/doptg\/uploads\/settings\/thumbnails-navigation-prev-hover\/1-0.png<\/li>\n                                    <li class=\"ThumbnailsNavigationNext\">https:\/\/www.golftravellers.com\/wp-content\/plugins\/doptg\/uploads\/settings\/thumbnails-navigation-next\/1-0.png<\/li>\n                                    <li class=\"ThumbnailsNavigationNextHover\">https:\/\/www.golftravellers.com\/wp-content\/plugins\/doptg\/uploads\/settings\/thumbnails-navigation-next-hover\/1-0.png<\/li>\n                                    <li class=\"ThumbnailLoader\">https:\/\/www.golftravellers.com\/wp-content\/plugins\/doptg\/assets\/gui\/images\/ThumbnailLoader.gif<\/li>\n                                    <li class=\"ThumbnailWidth\">40<\/li>\n                                    <li class=\"ThumbnailHeight\">40<\/li>\n                                    <li class=\"ThumbnailWidthMobile\">30<\/li>\n                                    <li class=\"ThumbnailHeightMobile\">30<\/li>\n                                    <li class=\"ThumbnailAlpha\">50<\/li>\n                                    <li class=\"ThumbnailAlphaHover\">100<\/li>\n                                    <li class=\"ThumbnailAlphaSelected\">100<\/li>\n                                    <li class=\"ThumbnailBgColor\"><\/li>\n                                    <li class=\"ThumbnailBgColorHover\">000000<\/li>\n                                    <li class=\"ThumbnailBgColorSelected\">000000<\/li>\n                                    <li class=\"ThumbnailBorderSize\">2<\/li>\n                                    <li class=\"ThumbnailBorderColor\">f1f1f1<\/li>\n                                    <li class=\"ThumbnailBorderColorHover\">000000<\/li>\n                                    <li class=\"ThumbnailBorderColorSelected\">000000<\/li>\n                                    <li class=\"ThumbnailPaddingTop\">0<\/li>\n                                    <li class=\"ThumbnailPaddingRight\">0<\/li>\n                                    <li class=\"ThumbnailPaddingBottom\">0<\/li>\n                                    <li class=\"ThumbnailPaddingLeft\">0<\/li>\n                                    <li class=\"ImageLoader\">https:\/\/www.golftravellers.com\/wp-content\/plugins\/doptg\/assets\/gui\/images\/ImageLoader.gif<\/li>\n                                    <li class=\"ImageBgColor\">afafaf<\/li>\n                                    <li class=\"ImageBgAlpha\">100<\/li>\n                                    <li class=\"ImageDisplayType\">full<\/li>\n                                    <li class=\"ImageDisplayTime\">1000<\/li>\n                                    <li class=\"ImageMarginTop\">5<\/li>\n                                    <li class=\"ImageMarginRight\">5<\/li>\n                                    <li class=\"ImageMarginBottom\">5<\/li>\n                                    <li class=\"ImageMarginLeft\">5<\/li>\n                                    <li class=\"ImagePaddingTop\">5<\/li>\n                                    <li class=\"ImagePaddingRight\">5<\/li>\n                                    <li class=\"ImagePaddingBottom\">5<\/li>        \n                                    <li class=\"ImagePaddingLeft\">5<\/li>\n                                    <li class=\"NavigationEnabled\">true<\/li>\n                                    <li class=\"NavigationOverImage\">true<\/li>\n                                    <li class=\"NavigationPrev\">https:\/\/www.golftravellers.com\/wp-content\/plugins\/doptg\/uploads\/settings\/navigation-prev\/1-0.png<\/li>\n                                    <li class=\"NavigationPrevHover\">https:\/\/www.golftravellers.com\/wp-content\/plugins\/doptg\/uploads\/settings\/navigation-prev-hover\/1-0.png<\/li>\n                                    <li class=\"NavigationNext\">https:\/\/www.golftravellers.com\/wp-content\/plugins\/doptg\/uploads\/settings\/navigation-next\/1-0.png<\/li>\n                                    <li class=\"NavigationNextHover\">https:\/\/www.golftravellers.com\/wp-content\/plugins\/doptg\/uploads\/settings\/navigation-next-hover\/1-0.png<\/li>\n                                    <li class=\"NavigationLightbox\">https:\/\/www.golftravellers.com\/wp-content\/plugins\/doptg\/uploads\/settings\/navigation-lightbox\/1-0.png<\/li>\n                                    <li class=\"NavigationLightboxHover\">https:\/\/www.golftravellers.com\/wp-content\/plugins\/doptg\/uploads\/settings\/navigation-lightbox-hover\/1-0.png<\/li>\n                                    <li class=\"NavigationTouchDeviceSwipeEnabled\">true<\/li>\n                                    <li class=\"CaptionWidth\">0<\/li>\n                                    <li class=\"CaptionHeight\">0<\/li>\n                                    <li class=\"CaptionTitleColor\">fff<\/li>\n                                    <li class=\"CaptionTextColor\">fff<\/li>\n                                    <li class=\"CaptionBgColor\">000000<\/li>\n                                    <li class=\"CaptionBgAlpha\">30<\/li>\n                                    <li class=\"CaptionPosition\">bottom<\/li>\n                                    <li class=\"CaptionOverImage\">false<\/li>\n                                    <li class=\"CaptionScrollScrubColor\">777777<\/li>\n                                    <li class=\"CaptionScrollBgColor\">e0e0e0<\/li>    \n                                    <li class=\"CaptionMarginTop\">5<\/li>\n                                    <li class=\"CaptionMarginRight\">5<\/li>\n                                    <li class=\"CaptionMarginBottom\">5<\/li>\n                                    <li class=\"CaptionMarginLeft\">5<\/li>\n                                    <li class=\"CaptionPaddingTop\">5<\/li>\n                                    <li class=\"CaptionPaddingRight\">5<\/li>\n                                    <li class=\"CaptionPaddingBottom\">5<\/li>\n                                    <li class=\"CaptionPaddingLeft\">5<\/li>\n                                    <li class=\"LightboxEnabled\">true<\/li>\n                                    <li class=\"LightboxWindowColor\">000000<\/li>\n                                    <li class=\"LightboxWindowAlpha\">80<\/li>\n                                    <li class=\"LightboxLoader\">https:\/\/www.golftravellers.com\/wp-content\/plugins\/doptg\/assets\/gui\/images\/LightboxLoader.gif<\/li>\n                                    <li class=\"LightboxBgColor\">000000<\/li>\n                                    <li class=\"LightboxBgAlpha\">100<\/li>\n                                    <li class=\"LightboxMarginTop\">5<\/li>\n                                    <li class=\"LightboxMarginRight\">5<\/li>\n                                    <li class=\"LightboxMarginBottom\">5<\/li>\n                                    <li class=\"LightboxMarginLeft\">5<\/li>\n                                    <li class=\"LightboxPaddingTop\">5<\/li>\n                                    <li class=\"LightboxPaddingRight\">5<\/li>\n                                    <li class=\"LightboxPaddingBottom\">5<\/li>\n                                    <li class=\"LightboxPaddingLeft\">5<\/li>\n                                    <li class=\"LightboxNavigationPrev\">https:\/\/www.golftravellers.com\/wp-content\/plugins\/doptg\/uploads\/settings\/lightbox-navigation-prev\/1-0.png<\/li>\n                                    <li class=\"LightboxNavigationPrevHover\">https:\/\/www.golftravellers.com\/wp-content\/plugins\/doptg\/uploads\/settings\/lightbox-navigation-prev-hover\/1-0.png<\/li>\n                                    <li class=\"LightboxNavigationNext\">https:\/\/www.golftravellers.com\/wp-content\/plugins\/doptg\/uploads\/settings\/lightbox-navigation-next\/1-0.png<\/li>\n                                    <li class=\"LightboxNavigationNextHover\">https:\/\/www.golftravellers.com\/wp-content\/plugins\/doptg\/uploads\/settings\/lightbox-navigation-next-hover\/1-0.png<\/li>\n                                    <li class=\"LightboxNavigationClose\">https:\/\/www.golftravellers.com\/wp-content\/plugins\/doptg\/uploads\/settings\/lightbox-navigation-close\/1-0.png<\/li>\n                                    <li class=\"LightboxNavigationCloseHover\">https:\/\/www.golftravellers.com\/wp-content\/plugins\/doptg\/uploads\/settings\/lightbox-navigation-close-hover\/1-0.png<\/li>\n                                    <li class=\"LightboxNavigationInfoBgColor\">000000<\/li>\n                                    <li class=\"LightboxNavigationInfoTextColor\">dddddd<\/li>\n                                    <li class=\"LightboxNavigationTouchDeviceSwipeEnabled\">true<\/li>\n                                    <li class=\"SocialShareEnabled\">false<\/li>\n                                    <li class=\"SocialShare\">https:\/\/www.golftravellers.com\/wp-content\/plugins\/doptg\/assets\/gui\/images\/SocialShare.png<\/li>\n                                    <li class=\"SocialShareLightbox\">https:\/\/www.golftravellers.com\/wp-content\/plugins\/doptg\/assets\/gui\/images\/SocialShareLightbox.png<\/li>\n                                    <li class=\"TooltipEnabled\">false<\/li>\n                                    <li class=\"TooltipBgColor\">ffffff<\/li>\n                                    <li class=\"TooltipStrokeColor\">000000<\/li>\n                                    <li class=\"TooltipTextColor\">000000<\/li>\n                                    <li class=\"Slideshow\">true<\/li>\n                                    <li class=\"SlideshowTime\">3500<\/li>\n                                    <li class=\"SlideshowAutostart\">true<\/li>\n                                    <li class=\"SlideshowLoop\">true<\/li>\n                                    <li class=\"SlideshowPlay\">https:\/\/www.golftravellers.com\/wp-content\/plugins\/doptg\/uploads\/settings\/slideshow-play\/1-0.png<\/li>\n                                    <li class=\"SlideshowPlayHover\">https:\/\/www.golftravellers.com\/wp-content\/plugins\/doptg\/uploads\/settings\/slideshow-play-hover\/1-0.png<\/li>\n                                    <li class=\"SlideshowPause\">https:\/\/www.golftravellers.com\/wp-content\/plugins\/doptg\/uploads\/settings\/slideshow-pause\/1-0.png<\/li>\n                                    <li class=\"SlideshowPauseHover\">https:\/\/www.golftravellers.com\/wp-content\/plugins\/doptg\/uploads\/settings\/slideshow-pause-hover\/1-0.png<\/li>\n                                    <li class=\"AutoHide\">false<\/li>\n                                    <li class=\"AutoHideTime\">2000<\/li>\n                                <\/ul>\n                                <ul class=\"Content\" style=\"display:none;\"><li>\n                                                    <img decoding=\"async\" class=\"Image\" src=\"https:\/\/www.golftravellers.com\/wp-content\/plugins\/doptg\/uploads\/Dgn8NZWBXqsxAeEjCxBKKSE4PGBEthGarmOx45wCaOxm4bbpqCtOL1XP3PaTGqmO8.jpg\" alt=\"Golfers at Fortrose and Rosemarkie golf course\" title=\"Golfers at Fortrose and Rosemarkie golf course\" \/>\n                                                    <img decoding=\"async\" class=\"Thumb\" src=\"https:\/\/www.golftravellers.com\/wp-content\/plugins\/doptg\/uploads\/thumbs\/Dgn8NZWBXqsxAeEjCxBKKSE4PGBEthGarmOx45wCaOxm4bbpqCtOL1XP3PaTGqmO8.jpg\" alt=\"Golfers at Fortrose and Rosemarkie golf course\" title=\"Golfers at Fortrose and Rosemarkie golf course\" \/>\n                                                    <span class=\"CaptionTitle\">Golfers at Fortrose and Rosemarkie golf course<\/span>\n                                                    <span class=\"CaptionText\"><\/span>\n                                                    <span class=\"Media\"><\/span>\n                                                    <span class=\"LightboxMedia\"><\/span>\n                                                 <\/li><li>\n                                                    <img decoding=\"async\" class=\"Image\" src=\"https:\/\/www.golftravellers.com\/wp-content\/plugins\/doptg\/uploads\/eS1csEEwYHAYY1ENKLyc1EyB3qF1GGfg4L7NnmZ8e8L2g9ROPaqbchW5OAztksYPj.jpg\" alt=\"green behind flowers at Fortrose and Rosemarkie golf course\" title=\"green behind flowers at Fortrose and Rosemarkie golf course\" \/>\n                                                    <img decoding=\"async\" class=\"Thumb\" src=\"https:\/\/www.golftravellers.com\/wp-content\/plugins\/doptg\/uploads\/thumbs\/eS1csEEwYHAYY1ENKLyc1EyB3qF1GGfg4L7NnmZ8e8L2g9ROPaqbchW5OAztksYPj.jpg\" alt=\"green behind flowers at Fortrose and Rosemarkie golf course\" title=\"green behind flowers at Fortrose and Rosemarkie golf course\" \/>\n                                                    <span class=\"CaptionTitle\">green behind flowers at Fortrose and Rosemarkie golf course<\/span>\n                                                    <span class=\"CaptionText\"><\/span>\n                                                    <span class=\"Media\"><\/span>\n                                                    <span class=\"LightboxMedia\"><\/span>\n                                                 <\/li><li>\n                                                    <img decoding=\"async\" class=\"Image\" src=\"https:\/\/www.golftravellers.com\/wp-content\/plugins\/doptg\/uploads\/PB5P9bgaRKzdZMd3LTfOSDyGkWxyyN1fbXWcjbQAtsCO8XxWDMayrjrTrPbZaef4e.jpg\" alt=\"Fortrose and Rosemarkie golf course's holes\" title=\"Fortrose and Rosemarkie golf course's holes\" \/>\n                                                    <img decoding=\"async\" class=\"Thumb\" src=\"https:\/\/www.golftravellers.com\/wp-content\/plugins\/doptg\/uploads\/thumbs\/PB5P9bgaRKzdZMd3LTfOSDyGkWxyyN1fbXWcjbQAtsCO8XxWDMayrjrTrPbZaef4e.jpg\" alt=\"Fortrose and Rosemarkie golf course's holes\" title=\"Fortrose and Rosemarkie golf course's holes\" \/>\n                                                    <span class=\"CaptionTitle\">Fortrose and Rosemarkie golf course's holes<\/span>\n                                                    <span class=\"CaptionText\"><\/span>\n                                                    <span class=\"Media\"><\/span>\n                                                    <span class=\"LightboxMedia\"><\/span>\n                                                 <\/li><li>\n                                                    <img decoding=\"async\" class=\"Image\" src=\"https:\/\/www.golftravellers.com\/wp-content\/plugins\/doptg\/uploads\/bDWtX9ZccL7XaNET6T5PMSnRsSOWpS8cW5Aa3ODf3dp5W58KKAYKBjYRFjxddEjR4.jpg\" alt=\"Light house at Fortrose and Rosemarkie golf course\" title=\"Light house at Fortrose and Rosemarkie golf course\" \/>\n                                                    <img decoding=\"async\" class=\"Thumb\" src=\"https:\/\/www.golftravellers.com\/wp-content\/plugins\/doptg\/uploads\/thumbs\/bDWtX9ZccL7XaNET6T5PMSnRsSOWpS8cW5Aa3ODf3dp5W58KKAYKBjYRFjxddEjR4.jpg\" alt=\"Light house at Fortrose and Rosemarkie golf course\" title=\"Light house at Fortrose and Rosemarkie golf course\" \/>\n                                                    <span class=\"CaptionTitle\">Light house at Fortrose and Rosemarkie golf course<\/span>\n                                                    <span class=\"CaptionText\"><\/span>\n                                                    <span class=\"Media\"><\/span>\n                                                    <span class=\"LightboxMedia\"><\/span>\n                                                 <\/li><li>\n                                                    <img decoding=\"async\" class=\"Image\" src=\"https:\/\/www.golftravellers.com\/wp-content\/plugins\/doptg\/uploads\/cWhQwCTYtP2hgGgYBFG9EAW2A8TDWOk4ADt4Q33S3252WC3cg3YCdMC81GNpZt9Ry.JPG\" alt=\"Ondulated fairways at Fortrose and Rosemarkie golf course\" title=\"Ondulated fairways at Fortrose and Rosemarkie golf course\" \/>\n                                                    <img decoding=\"async\" class=\"Thumb\" src=\"https:\/\/www.golftravellers.com\/wp-content\/plugins\/doptg\/uploads\/thumbs\/cWhQwCTYtP2hgGgYBFG9EAW2A8TDWOk4ADt4Q33S3252WC3cg3YCdMC81GNpZt9Ry.JPG\" alt=\"Ondulated fairways at Fortrose and Rosemarkie golf course\" title=\"Ondulated fairways at Fortrose and Rosemarkie golf course\" \/>\n                                                    <span class=\"CaptionTitle\">Ondulated fairways at Fortrose and Rosemarkie golf course<\/span>\n                                                    <span class=\"CaptionText\"><\/span>\n                                                    <span class=\"Media\"><\/span>\n                                                    <span class=\"LightboxMedia\"><\/span>\n                                                 <\/li><li>\n                                                    <img decoding=\"async\" class=\"Image\" src=\"https:\/\/www.golftravellers.com\/wp-content\/plugins\/doptg\/uploads\/XGBQxCWA47rr1YSKyGcTZbkDQwsyaON55RDx7aMm8zwQZWzjjK32hdMXA5xAasbdx.JPG\" alt=\"Par 4 at Fortrose and Rosemarkie golf course \" title=\"Par 4 at Fortrose and Rosemarkie golf course \" \/>\n                                                    <img decoding=\"async\" class=\"Thumb\" src=\"https:\/\/www.golftravellers.com\/wp-content\/plugins\/doptg\/uploads\/thumbs\/XGBQxCWA47rr1YSKyGcTZbkDQwsyaON55RDx7aMm8zwQZWzjjK32hdMXA5xAasbdx.JPG\" alt=\"Par 4 at Fortrose and Rosemarkie golf course \" title=\"Par 4 at Fortrose and Rosemarkie golf course \" \/>\n                                                    <span class=\"CaptionTitle\">Par 4 at Fortrose and Rosemarkie golf course <\/span>\n                                                    <span class=\"CaptionText\"><\/span>\n                                                    <span class=\"Media\"><\/span>\n                                                    <span class=\"LightboxMedia\"><\/span>\n                                                 <\/li><li>\n                                                    <img decoding=\"async\" class=\"Image\" src=\"https:\/\/www.golftravellers.com\/wp-content\/plugins\/doptg\/uploads\/1yPM2OYncrqMP9ZerFyqdBbtT4K18XeY6mT1zFZe5apOCtC4YawryQsmLDODa4rcb.JPG\" alt=\"Fortrose and Rosemarkie golf course's Peninsula\" title=\"Fortrose and Rosemarkie golf course's Peninsula\" \/>\n                                                    <img decoding=\"async\" class=\"Thumb\" src=\"https:\/\/www.golftravellers.com\/wp-content\/plugins\/doptg\/uploads\/thumbs\/1yPM2OYncrqMP9ZerFyqdBbtT4K18XeY6mT1zFZe5apOCtC4YawryQsmLDODa4rcb.JPG\" alt=\"Fortrose and Rosemarkie golf course's Peninsula\" title=\"Fortrose and Rosemarkie golf course's Peninsula\" \/>\n                                                    <span class=\"CaptionTitle\">Fortrose and Rosemarkie golf course's Peninsula<\/span>\n                                                    <span class=\"CaptionText\"><\/span>\n                                                    <span class=\"Media\"><\/span>\n                                                    <span class=\"LightboxMedia\"><\/span>\n                                                 <\/li><\/ul>\n                            <\/div>\n                            <script type=\"text\/JavaScript\">\n                                jQuery(document).ready(function(){\n                                    jQuery('#DOPThumbnailGallery70').DOPThumbnailGallery({'ParseMethod': 'HTML'});\n                                });\n                            <\/script><\/td>\n<\/tr>\n<tr>\n<td>Ranking escoc\u00e9s:<\/td>\n<td>54<\/td>\n<\/tr>\n<tr>\n<td width=\"30%\">Arquitecto:<\/td>\n<td width=\"20%\">James Braid<\/td>\n<\/tr>\n<tr>\n<td>Fecha de inauguraci\u00f3n:<\/td>\n<td>1888<\/td>\n<\/tr>\n<tr>\n<td>Par:<\/td>\n<td>71<\/td>\n<\/tr>\n<tr>\n<td>Distancia de Saint Andrews:<\/td>\n<td>255 km<\/td>\n<\/tr>\n<tr>\n<td>Distancia de Edimburgo:<\/td>\n<td>265 km<\/td>\n<\/tr>\n<tr>\n<td>Distancia de Glasgow:<\/td>\n<td>290 km<\/td>\n<\/tr>\n<tr>\n<td>Distancia de Inverness:<\/td>\n<td>20 km<\/td>\n<\/tr>\n<tr>\n<td colspan=\"4\">El campo se encuentra en una peninsula llamada Chanonry Point, al norte de Inverness, hacia el Rosemarkie Bay. La calle del faro de luz divide el campo en dos, con suficiente espacio de cada lado para acomodar a un campo de 5,881 yardas.<br \/>Lo que carece en tama\u00f1o, lo tiene e greens peque\u00f1os con bunkers estrat\u00e9gicos que desaf\u00edan a cualquier golfista.\u00a0<\/td>\n<\/tr>\n<\/tbody>\n<\/table>\n<p>\u00a0<iframe loading=\"lazy\" src=\"https:\/\/www.youtube.com\/embed\/eRFMcWYcFe0\" width=\"560\" height=\"315\" frameborder=\"0\" allowfullscreen=\"allowfullscreen\"><\/iframe><\/p>\n","protected":false},"excerpt":{"rendered":"<p>Nuestra clasificaci\u00f3n: Ranking escoc\u00e9s: 54 Arquitecto: James Braid Fecha de inauguraci\u00f3n: 1888 Par: 71 Distancia de Saint Andrews: 255 km Distancia de Edimburgo: 265 km Distancia de Glasgow: 290 km Distancia de Inverness: 20 km El campo se encuentra en una peninsula llamada Chanonry Point, al norte de Inverness, hacia el Rosemarkie Bay. La calle [&hellip;]<\/p>\n","protected":false},"author":10,"featured_media":30458,"parent":18612,"menu_order":0,"comment_status":"open","ping_status":"open","template":"","meta":{"_genesis_hide_title":false,"_genesis_hide_breadcrumbs":false,"_genesis_hide_singular_image":false,"_genesis_hide_footer_widgets":false,"_genesis_custom_body_class":"","_genesis_custom_post_class":"","_genesis_layout":"","footnotes":""},"class_list":{"0":"post-19472","1":"page","2":"type-page","3":"status-publish","4":"has-post-thumbnail","6":"entry"},"_links":{"self":[{"href":"https:\/\/www.golftravellers.com\/es\/wp-json\/wp\/v2\/pages\/19472","targetHints":{"allow":["GET"]}}],"collection":[{"href":"https:\/\/www.golftravellers.com\/es\/wp-json\/wp\/v2\/pages"}],"about":[{"href":"https:\/\/www.golftravellers.com\/es\/wp-json\/wp\/v2\/types\/page"}],"author":[{"embeddable":true,"href":"https:\/\/www.golftravellers.com\/es\/wp-json\/wp\/v2\/users\/10"}],"replies":[{"embeddable":true,"href":"https:\/\/www.golftravellers.com\/es\/wp-json\/wp\/v2\/comments?post=19472"}],"version-history":[{"count":6,"href":"https:\/\/www.golftravellers.com\/es\/wp-json\/wp\/v2\/pages\/19472\/revisions"}],"predecessor-version":[{"id":38294,"href":"https:\/\/www.golftravellers.com\/es\/wp-json\/wp\/v2\/pages\/19472\/revisions\/38294"}],"up":[{"embeddable":true,"href":"https:\/\/www.golftravellers.com\/es\/wp-json\/wp\/v2\/pages\/18612"}],"wp:featuredmedia":[{"embeddable":true,"href":"https:\/\/www.golftravellers.com\/es\/wp-json\/wp\/v2\/media\/30458"}],"wp:attachment":[{"href":"https:\/\/www.golftravellers.com\/es\/wp-json\/wp\/v2\/media?parent=19472"}],"curies":[{"name":"wp","href":"https:\/\/api.w.org\/{rel}","templated":true}]}}