{"id":18821,"date":"2014-05-28T16:51:25","date_gmt":"2014-05-28T15:51:25","guid":{"rendered":"http:\/\/www.golftravellers.com\/destinos\/escocia\/campos-de-golf-en-escocia\/region-de-saint-andrews\/lundin\/"},"modified":"2015-03-23T11:10:34","modified_gmt":"2015-03-23T11:10:34","slug":"lundin","status":"publish","type":"page","link":"https:\/\/www.golftravellers.com\/es\/destinos\/escocia\/campos-de-golf-en-escocia\/region-de-saint-andrews\/lundin\/","title":{"rendered":"Lundin"},"content":{"rendered":"<table border=\"0\">\n<tbody>\n<tr>\n<td>Nuestra clasificaci\u00f3n:<\/td>\n<td><img loading=\"lazy\" decoding=\"async\" src=\"http:\/\/www.golftravellers.com\/wp-content\/uploads\/2014\/05\/4stars1.png\" alt=\"Golf Travellers 4 star rating golf course\" width=\"118\" height=\"30\" \/><\/td>\n<td colspan=\"2\" rowspan=\"9\" align=\"center\" valign=\"top\" width=\"50%\"><div class=\"DOPThumbnailGalleryContainer\" id=\"DOPThumbnailGallery23\">\n                                <ul class=\"Settings\" style=\"display:none;\">\n                                    <li class=\"Width\">540<\/li>\n                                    <li class=\"Height\">360<\/li>\n                                    <li class=\"BgColor\">333333<\/li>\n                                    <li class=\"BgAlpha\">45<\/li>\n                                    <li class=\"ImagesOrder\">normal<\/li>\n                                    <li class=\"ResponsiveEnabled\">true<\/li>  \n                                    <li class=\"ThumbnailsPosition\">bottom<\/li>\n                                    <li class=\"ThumbnailsOverImage\">false<\/li>\n                                    <li class=\"ThumbnailsBgColor\">000000<\/li>\n                                    <li class=\"ThumbnailsBgAlpha\">50<\/li>\n                                    <li class=\"ThumbnailsSpacing\">5<\/li>\n                                    <li class=\"ThumbnailsPaddingTop\">0<\/li>\n                                    <li class=\"ThumbnailsPaddingRight\">5<\/li>\n                                    <li class=\"ThumbnailsPaddingBottom\">5<\/li>\n                                    <li class=\"ThumbnailsPaddingLeft\">5<\/li>\n                                    <li class=\"ThumbnailsNavigation\">mouse<\/li>\n                                    <li class=\"ThumbnailsNavigationPrev\">https:\/\/www.golftravellers.com\/wp-content\/plugins\/doptg\/uploads\/settings\/thumbnails-navigation-prev\/1-0.png<\/li>\n                                    <li class=\"ThumbnailsNavigationPrevHover\">https:\/\/www.golftravellers.com\/wp-content\/plugins\/doptg\/uploads\/settings\/thumbnails-navigation-prev-hover\/1-0.png<\/li>\n                                    <li class=\"ThumbnailsNavigationNext\">https:\/\/www.golftravellers.com\/wp-content\/plugins\/doptg\/uploads\/settings\/thumbnails-navigation-next\/1-0.png<\/li>\n                                    <li class=\"ThumbnailsNavigationNextHover\">https:\/\/www.golftravellers.com\/wp-content\/plugins\/doptg\/uploads\/settings\/thumbnails-navigation-next-hover\/1-0.png<\/li>\n                                    <li class=\"ThumbnailLoader\">https:\/\/www.golftravellers.com\/wp-content\/plugins\/doptg\/assets\/gui\/images\/ThumbnailLoader.gif<\/li>\n                                    <li class=\"ThumbnailWidth\">40<\/li>\n                                    <li class=\"ThumbnailHeight\">40<\/li>\n                                    <li class=\"ThumbnailWidthMobile\">30<\/li>\n                                    <li class=\"ThumbnailHeightMobile\">30<\/li>\n                                    <li class=\"ThumbnailAlpha\">50<\/li>\n                                    <li class=\"ThumbnailAlphaHover\">100<\/li>\n                                    <li class=\"ThumbnailAlphaSelected\">100<\/li>\n                                    <li class=\"ThumbnailBgColor\"><\/li>\n                                    <li class=\"ThumbnailBgColorHover\">000000<\/li>\n                                    <li class=\"ThumbnailBgColorSelected\">000000<\/li>\n                                    <li class=\"ThumbnailBorderSize\">2<\/li>\n                                    <li class=\"ThumbnailBorderColor\">f1f1f1<\/li>\n                                    <li class=\"ThumbnailBorderColorHover\">000000<\/li>\n                                    <li class=\"ThumbnailBorderColorSelected\">000000<\/li>\n                                    <li class=\"ThumbnailPaddingTop\">0<\/li>\n                                    <li class=\"ThumbnailPaddingRight\">0<\/li>\n                                    <li class=\"ThumbnailPaddingBottom\">0<\/li>\n                                    <li class=\"ThumbnailPaddingLeft\">0<\/li>\n                                    <li class=\"ImageLoader\">https:\/\/www.golftravellers.com\/wp-content\/plugins\/doptg\/assets\/gui\/images\/ImageLoader.gif<\/li>\n                                    <li class=\"ImageBgColor\">afafaf<\/li>\n                                    <li class=\"ImageBgAlpha\">100<\/li>\n                                    <li class=\"ImageDisplayType\">full<\/li>\n                                    <li class=\"ImageDisplayTime\">1000<\/li>\n                                    <li class=\"ImageMarginTop\">5<\/li>\n                                    <li class=\"ImageMarginRight\">5<\/li>\n                                    <li class=\"ImageMarginBottom\">5<\/li>\n                                    <li class=\"ImageMarginLeft\">5<\/li>\n                                    <li class=\"ImagePaddingTop\">5<\/li>\n                                    <li class=\"ImagePaddingRight\">5<\/li>\n                                    <li class=\"ImagePaddingBottom\">5<\/li>        \n                                    <li class=\"ImagePaddingLeft\">5<\/li>\n                                    <li class=\"NavigationEnabled\">true<\/li>\n                                    <li class=\"NavigationOverImage\">true<\/li>\n                                    <li class=\"NavigationPrev\">https:\/\/www.golftravellers.com\/wp-content\/plugins\/doptg\/uploads\/settings\/navigation-prev\/1-0.png<\/li>\n                                    <li class=\"NavigationPrevHover\">https:\/\/www.golftravellers.com\/wp-content\/plugins\/doptg\/uploads\/settings\/navigation-prev-hover\/1-0.png<\/li>\n                                    <li class=\"NavigationNext\">https:\/\/www.golftravellers.com\/wp-content\/plugins\/doptg\/uploads\/settings\/navigation-next\/1-0.png<\/li>\n                                    <li class=\"NavigationNextHover\">https:\/\/www.golftravellers.com\/wp-content\/plugins\/doptg\/uploads\/settings\/navigation-next-hover\/1-0.png<\/li>\n                                    <li class=\"NavigationLightbox\">https:\/\/www.golftravellers.com\/wp-content\/plugins\/doptg\/uploads\/settings\/navigation-lightbox\/1-0.png<\/li>\n                                    <li class=\"NavigationLightboxHover\">https:\/\/www.golftravellers.com\/wp-content\/plugins\/doptg\/uploads\/settings\/navigation-lightbox-hover\/1-0.png<\/li>\n                                    <li class=\"NavigationTouchDeviceSwipeEnabled\">true<\/li>\n                                    <li class=\"CaptionWidth\">0<\/li>\n                                    <li class=\"CaptionHeight\">0<\/li>\n                                    <li class=\"CaptionTitleColor\">fff<\/li>\n                                    <li class=\"CaptionTextColor\">fff<\/li>\n                                    <li class=\"CaptionBgColor\">000000<\/li>\n                                    <li class=\"CaptionBgAlpha\">30<\/li>\n                                    <li class=\"CaptionPosition\">bottom<\/li>\n                                    <li class=\"CaptionOverImage\">false<\/li>\n                                    <li class=\"CaptionScrollScrubColor\">777777<\/li>\n                                    <li class=\"CaptionScrollBgColor\">e0e0e0<\/li>    \n                                    <li class=\"CaptionMarginTop\">5<\/li>\n                                    <li class=\"CaptionMarginRight\">5<\/li>\n                                    <li class=\"CaptionMarginBottom\">5<\/li>\n                                    <li class=\"CaptionMarginLeft\">5<\/li>\n                                    <li class=\"CaptionPaddingTop\">5<\/li>\n                                    <li class=\"CaptionPaddingRight\">5<\/li>\n                                    <li class=\"CaptionPaddingBottom\">5<\/li>\n                                    <li class=\"CaptionPaddingLeft\">5<\/li>\n                                    <li class=\"LightboxEnabled\">true<\/li>\n                                    <li class=\"LightboxWindowColor\">000000<\/li>\n                                    <li class=\"LightboxWindowAlpha\">80<\/li>\n                                    <li class=\"LightboxLoader\">https:\/\/www.golftravellers.com\/wp-content\/plugins\/doptg\/assets\/gui\/images\/LightboxLoader.gif<\/li>\n                                    <li class=\"LightboxBgColor\">000000<\/li>\n                                    <li class=\"LightboxBgAlpha\">100<\/li>\n                                    <li class=\"LightboxMarginTop\">5<\/li>\n                                    <li class=\"LightboxMarginRight\">5<\/li>\n                                    <li class=\"LightboxMarginBottom\">5<\/li>\n                                    <li class=\"LightboxMarginLeft\">5<\/li>\n                                    <li class=\"LightboxPaddingTop\">5<\/li>\n                                    <li class=\"LightboxPaddingRight\">5<\/li>\n                                    <li class=\"LightboxPaddingBottom\">5<\/li>\n                                    <li class=\"LightboxPaddingLeft\">5<\/li>\n                                    <li class=\"LightboxNavigationPrev\">https:\/\/www.golftravellers.com\/wp-content\/plugins\/doptg\/uploads\/settings\/lightbox-navigation-prev\/1-0.png<\/li>\n                                    <li class=\"LightboxNavigationPrevHover\">https:\/\/www.golftravellers.com\/wp-content\/plugins\/doptg\/uploads\/settings\/lightbox-navigation-prev-hover\/1-0.png<\/li>\n                                    <li class=\"LightboxNavigationNext\">https:\/\/www.golftravellers.com\/wp-content\/plugins\/doptg\/uploads\/settings\/lightbox-navigation-next\/1-0.png<\/li>\n                                    <li class=\"LightboxNavigationNextHover\">https:\/\/www.golftravellers.com\/wp-content\/plugins\/doptg\/uploads\/settings\/lightbox-navigation-next-hover\/1-0.png<\/li>\n                                    <li class=\"LightboxNavigationClose\">https:\/\/www.golftravellers.com\/wp-content\/plugins\/doptg\/uploads\/settings\/lightbox-navigation-close\/1-0.png<\/li>\n                                    <li class=\"LightboxNavigationCloseHover\">https:\/\/www.golftravellers.com\/wp-content\/plugins\/doptg\/uploads\/settings\/lightbox-navigation-close-hover\/1-0.png<\/li>\n                                    <li class=\"LightboxNavigationInfoBgColor\">000000<\/li>\n                                    <li class=\"LightboxNavigationInfoTextColor\">dddddd<\/li>\n                                    <li class=\"LightboxNavigationTouchDeviceSwipeEnabled\">true<\/li>\n                                    <li class=\"SocialShareEnabled\">false<\/li>\n                                    <li class=\"SocialShare\">https:\/\/www.golftravellers.com\/wp-content\/plugins\/doptg\/assets\/gui\/images\/SocialShare.png<\/li>\n                                    <li class=\"SocialShareLightbox\">https:\/\/www.golftravellers.com\/wp-content\/plugins\/doptg\/assets\/gui\/images\/SocialShareLightbox.png<\/li>\n                                    <li class=\"TooltipEnabled\">false<\/li>\n                                    <li class=\"TooltipBgColor\">ffffff<\/li>\n                                    <li class=\"TooltipStrokeColor\">000000<\/li>\n                                    <li class=\"TooltipTextColor\">000000<\/li>\n                                    <li class=\"Slideshow\">true<\/li>\n                                    <li class=\"SlideshowTime\">3500<\/li>\n                                    <li class=\"SlideshowAutostart\">true<\/li>\n                                    <li class=\"SlideshowLoop\">true<\/li>\n                                    <li class=\"SlideshowPlay\">https:\/\/www.golftravellers.com\/wp-content\/plugins\/doptg\/uploads\/settings\/slideshow-play\/1-0.png<\/li>\n                                    <li class=\"SlideshowPlayHover\">https:\/\/www.golftravellers.com\/wp-content\/plugins\/doptg\/uploads\/settings\/slideshow-play-hover\/1-0.png<\/li>\n                                    <li class=\"SlideshowPause\">https:\/\/www.golftravellers.com\/wp-content\/plugins\/doptg\/uploads\/settings\/slideshow-pause\/1-0.png<\/li>\n                                    <li class=\"SlideshowPauseHover\">https:\/\/www.golftravellers.com\/wp-content\/plugins\/doptg\/uploads\/settings\/slideshow-pause-hover\/1-0.png<\/li>\n                                    <li class=\"AutoHide\">false<\/li>\n                                    <li class=\"AutoHideTime\">2000<\/li>\n                                <\/ul>\n                                <ul class=\"Content\" style=\"display:none;\"><li>\n                                                    <img decoding=\"async\" class=\"Image\" src=\"https:\/\/www.golftravellers.com\/wp-content\/plugins\/doptg\/uploads\/GRcNk1tfhaKHXGZT9QXsLG5ENGn1Zw6aQ7ZLMfENYLCnbj7XSech2OLY9C4re9O59.jpg\" alt=\"First tee and 18th green at Lundin Links\" title=\"First tee and 18th green at Lundin Links\" \/>\n                                                    <img decoding=\"async\" class=\"Thumb\" src=\"https:\/\/www.golftravellers.com\/wp-content\/plugins\/doptg\/uploads\/thumbs\/GRcNk1tfhaKHXGZT9QXsLG5ENGn1Zw6aQ7ZLMfENYLCnbj7XSech2OLY9C4re9O59.jpg\" alt=\"First tee and 18th green at Lundin Links\" title=\"First tee and 18th green at Lundin Links\" \/>\n                                                    <span class=\"CaptionTitle\">First tee and 18th green at Lundin Links<\/span>\n                                                    <span class=\"CaptionText\"><\/span>\n                                                    <span class=\"Media\"><\/span>\n                                                    <span class=\"LightboxMedia\"><\/span>\n                                                 <\/li><li>\n                                                    <img decoding=\"async\" class=\"Image\" src=\"https:\/\/www.golftravellers.com\/wp-content\/plugins\/doptg\/uploads\/1sBTs6Hme822TteW9AGf1R9nMOThx4AMALd7DTr1gzdE4KkArtLzTQ8RxSXeF3bTh.jpg\" alt=\"4th green and stone wall at Lundin Links\" title=\"4th green and stone wall at Lundin Links\" \/>\n                                                    <img decoding=\"async\" class=\"Thumb\" src=\"https:\/\/www.golftravellers.com\/wp-content\/plugins\/doptg\/uploads\/thumbs\/1sBTs6Hme822TteW9AGf1R9nMOThx4AMALd7DTr1gzdE4KkArtLzTQ8RxSXeF3bTh.jpg\" alt=\"4th green and stone wall at Lundin Links\" title=\"4th green and stone wall at Lundin Links\" \/>\n                                                    <span class=\"CaptionTitle\">4th green and stone wall at Lundin Links<\/span>\n                                                    <span class=\"CaptionText\"><\/span>\n                                                    <span class=\"Media\"><\/span>\n                                                    <span class=\"LightboxMedia\"><\/span>\n                                                 <\/li><li>\n                                                    <img decoding=\"async\" class=\"Image\" src=\"https:\/\/www.golftravellers.com\/wp-content\/plugins\/doptg\/uploads\/RjfnsRMZ4r9fhMMrZ9xKzbdXEFkktcR36GSpkZGMYS9xsw6f18zWAcXMd3grYt37q.jpg\" alt=\"4th green at Lundin Links\" title=\"4th green at Lundin Links\" \/>\n                                                    <img decoding=\"async\" class=\"Thumb\" src=\"https:\/\/www.golftravellers.com\/wp-content\/plugins\/doptg\/uploads\/thumbs\/RjfnsRMZ4r9fhMMrZ9xKzbdXEFkktcR36GSpkZGMYS9xsw6f18zWAcXMd3grYt37q.jpg\" alt=\"4th green at Lundin Links\" title=\"4th green at Lundin Links\" \/>\n                                                    <span class=\"CaptionTitle\">4th green at Lundin Links<\/span>\n                                                    <span class=\"CaptionText\"><\/span>\n                                                    <span class=\"Media\"><\/span>\n                                                    <span class=\"LightboxMedia\"><\/span>\n                                                 <\/li><li>\n                                                    <img decoding=\"async\" class=\"Image\" src=\"https:\/\/www.golftravellers.com\/wp-content\/plugins\/doptg\/uploads\/2a6gHQMd22L4km97tkfrefs7FqQ8Cqa8BRMODQpb1Z7w6PxXC3DarWTzKpdrFw5wa.jpg\" alt=\"14th hole at Lundin Links\" title=\"14th hole at Lundin Links\" \/>\n                                                    <img decoding=\"async\" class=\"Thumb\" src=\"https:\/\/www.golftravellers.com\/wp-content\/plugins\/doptg\/uploads\/thumbs\/2a6gHQMd22L4km97tkfrefs7FqQ8Cqa8BRMODQpb1Z7w6PxXC3DarWTzKpdrFw5wa.jpg\" alt=\"14th hole at Lundin Links\" title=\"14th hole at Lundin Links\" \/>\n                                                    <span class=\"CaptionTitle\">14th hole at Lundin Links<\/span>\n                                                    <span class=\"CaptionText\"><\/span>\n                                                    <span class=\"Media\"><\/span>\n                                                    <span class=\"LightboxMedia\"><\/span>\n                                                 <\/li><li>\n                                                    <img decoding=\"async\" class=\"Image\" src=\"https:\/\/www.golftravellers.com\/wp-content\/plugins\/doptg\/uploads\/FRa8LOqTdDF7gXBD16bmLmSjPZ1BfZEHrjawHAE7M1gD7Gj4xcCG4ehedMeLgGTxQ.jpg\" alt=\"18th green and Clubhouse at Lundin Links\" title=\"18th green and Clubhouse at Lundin Links\" \/>\n                                                    <img decoding=\"async\" class=\"Thumb\" src=\"https:\/\/www.golftravellers.com\/wp-content\/plugins\/doptg\/uploads\/thumbs\/FRa8LOqTdDF7gXBD16bmLmSjPZ1BfZEHrjawHAE7M1gD7Gj4xcCG4ehedMeLgGTxQ.jpg\" alt=\"18th green and Clubhouse at Lundin Links\" title=\"18th green and Clubhouse at Lundin Links\" \/>\n                                                    <span class=\"CaptionTitle\">18th green and Clubhouse at Lundin Links<\/span>\n                                                    <span class=\"CaptionText\"><\/span>\n                                                    <span class=\"Media\"><\/span>\n                                                    <span class=\"LightboxMedia\"><\/span>\n                                                 <\/li><li>\n                                                    <img decoding=\"async\" class=\"Image\" src=\"https:\/\/www.golftravellers.com\/wp-content\/plugins\/doptg\/uploads\/YSfBRXzQQMXSwwAPb7xah1Y3HYSR2AGhpwEQYrpqOwPfB2hREgh7radp5PY4EWQCh.jpg\" alt=\"aerial view of Lundin Links golf course\" title=\"aerial view of Lundin Links golf course\" \/>\n                                                    <img decoding=\"async\" class=\"Thumb\" src=\"https:\/\/www.golftravellers.com\/wp-content\/plugins\/doptg\/uploads\/thumbs\/YSfBRXzQQMXSwwAPb7xah1Y3HYSR2AGhpwEQYrpqOwPfB2hREgh7radp5PY4EWQCh.jpg\" alt=\"aerial view of Lundin Links golf course\" title=\"aerial view of Lundin Links golf course\" \/>\n                                                    <span class=\"CaptionTitle\">aerial view of Lundin Links golf course<\/span>\n                                                    <span class=\"CaptionText\"><\/span>\n                                                    <span class=\"Media\"><\/span>\n                                                    <span class=\"LightboxMedia\"><\/span>\n                                                 <\/li><li>\n                                                    <img decoding=\"async\" class=\"Image\" src=\"https:\/\/www.golftravellers.com\/wp-content\/plugins\/doptg\/uploads\/Mpkj4LFeTn9s3dQweLghxRKLpj29EFfcFGDT1gkC6dNwxpELBmmMtgG537bF6xQ47.jpg\" alt=\"Large bunger and green at Lundin Links\" title=\"Large bunger and green at Lundin Links\" \/>\n                                                    <img decoding=\"async\" class=\"Thumb\" src=\"https:\/\/www.golftravellers.com\/wp-content\/plugins\/doptg\/uploads\/thumbs\/Mpkj4LFeTn9s3dQweLghxRKLpj29EFfcFGDT1gkC6dNwxpELBmmMtgG537bF6xQ47.jpg\" alt=\"Large bunger and green at Lundin Links\" title=\"Large bunger and green at Lundin Links\" \/>\n                                                    <span class=\"CaptionTitle\">Large bunger and green at Lundin Links<\/span>\n                                                    <span class=\"CaptionText\"><\/span>\n                                                    <span class=\"Media\"><\/span>\n                                                    <span class=\"LightboxMedia\"><\/span>\n                                                 <\/li><li>\n                                                    <img decoding=\"async\" class=\"Image\" src=\"https:\/\/www.golftravellers.com\/wp-content\/plugins\/doptg\/uploads\/K6RjKpGp46j7N6HQDbxMx8qjAaLB3kA7mdxZPh9NMYGsr2p4cskaAA5F1cDLFEHqp.jpg\" alt=\"Aerial view of the 4th hole at Lundin Links\" title=\"Aerial view of the 4th hole at Lundin Links\" \/>\n                                                    <img decoding=\"async\" class=\"Thumb\" src=\"https:\/\/www.golftravellers.com\/wp-content\/plugins\/doptg\/uploads\/thumbs\/K6RjKpGp46j7N6HQDbxMx8qjAaLB3kA7mdxZPh9NMYGsr2p4cskaAA5F1cDLFEHqp.jpg\" alt=\"Aerial view of the 4th hole at Lundin Links\" title=\"Aerial view of the 4th hole at Lundin Links\" \/>\n                                                    <span class=\"CaptionTitle\">Aerial view of the 4th hole at Lundin Links<\/span>\n                                                    <span class=\"CaptionText\"><\/span>\n                                                    <span class=\"Media\"><\/span>\n                                                    <span class=\"LightboxMedia\"><\/span>\n                                                 <\/li><li>\n                                                    <img decoding=\"async\" class=\"Image\" src=\"https:\/\/www.golftravellers.com\/wp-content\/plugins\/doptg\/uploads\/mpMtNTP8HaxMKw2X6w8Hff4XRzEny9h8meGBE6QXsbTFTZ3MNsb2GSnsnXs4BnMsj.jpg\" alt=\"Putting green at Lundin Links\" title=\"Putting green at Lundin Links\" \/>\n                                                    <img decoding=\"async\" class=\"Thumb\" src=\"https:\/\/www.golftravellers.com\/wp-content\/plugins\/doptg\/uploads\/thumbs\/mpMtNTP8HaxMKw2X6w8Hff4XRzEny9h8meGBE6QXsbTFTZ3MNsb2GSnsnXs4BnMsj.jpg\" alt=\"Putting green at Lundin Links\" title=\"Putting green at Lundin Links\" \/>\n                                                    <span class=\"CaptionTitle\">Putting green at Lundin Links<\/span>\n                                                    <span class=\"CaptionText\"><\/span>\n                                                    <span class=\"Media\"><\/span>\n                                                    <span class=\"LightboxMedia\"><\/span>\n                                                 <\/li><\/ul>\n                            <\/div>\n                            <script type=\"text\/JavaScript\">\n                                jQuery(document).ready(function(){\n                                    jQuery('#DOPThumbnailGallery23').DOPThumbnailGallery({'ParseMethod': 'HTML'});\n                                });\n                            <\/script><\/td>\n<\/tr>\n<tr>\n<td>Ranking escoc\u00e9s:<\/td>\n<td>38<\/td>\n<\/tr>\n<tr>\n<td width=\"30%\">Arquitecto:<\/td>\n<td width=\"20%\">James Braid<\/td>\n<\/tr>\n<tr>\n<td>Fecha de inauguraci\u00f3n:<\/td>\n<td>1868<\/td>\n<\/tr>\n<tr>\n<td>Par:<\/td>\n<td>71<\/td>\n<\/tr>\n<tr>\n<td>Distancia\u00a0de Saint Andrews:<\/td>\n<td>20 km<\/td>\n<\/tr>\n<tr>\n<td>Distancia de\u00a0Edimburgo:<\/td>\n<td>70 km<\/td>\n<\/tr>\n<tr>\n<td>Distancia de Glasgow:<\/td>\n<td>120 km<\/td>\n<\/tr>\n<tr>\n<td>Distancia de Inverness:<\/td>\n<td>230 km<\/td>\n<\/tr>\n<tr>\n<td colspan=\"4\">\n<p class=\"p1\"><span class=\"s1\">Fundado en 1868, Lundin, en \u00a0un campo de Tom Morris, fue redise\u00f1ado en 1908 por el campe\u00f3n del Open, James Braid. Este campo es conocido de calidad extra\u00f1a.<\/span><\/p>\n<p class=\"p1\"><span class=\"s1\">Los fairways finos y greens de alta calidad contribuyen al hecho de que este campo es el \u00faltimo campo de calificaci\u00f3n del Open Championshop. Fairways apretados, bunkers y vientos de todas direcciones aseguran una desafiante experiencia.<\/span><\/p>\n<p class=\"p1\"><span class=\"s1\">Cerca del mar y ofreciendo bellas vistas, este campo de golf vale mucho la pena.<\/span><\/p>\n<\/td>\n<\/tr>\n<\/tbody>\n<\/table>\n<p>\u00a0<iframe loading=\"lazy\" src=\"https:\/\/www.youtube.com\/embed\/FE7oS7VVFE4\" width=\"560\" height=\"315\" frameborder=\"0\" allowfullscreen=\"allowfullscreen\"><\/iframe><\/p>\n","protected":false},"excerpt":{"rendered":"<p>Nuestra clasificaci\u00f3n: Ranking escoc\u00e9s: 38 Arquitecto: James Braid Fecha de inauguraci\u00f3n: 1868 Par: 71 Distancia\u00a0de Saint Andrews: 20 km Distancia de\u00a0Edimburgo: 70 km Distancia de Glasgow: 120 km Distancia de Inverness: 230 km Fundado en 1868, Lundin, en \u00a0un campo de Tom Morris, fue redise\u00f1ado en 1908 por el campe\u00f3n del Open, James Braid. Este [&hellip;]<\/p>\n","protected":false},"author":10,"featured_media":30361,"parent":18609,"menu_order":0,"comment_status":"open","ping_status":"closed","template":"","meta":{"_genesis_hide_title":false,"_genesis_hide_breadcrumbs":false,"_genesis_hide_singular_image":false,"_genesis_hide_footer_widgets":false,"_genesis_custom_body_class":"","_genesis_custom_post_class":"","_genesis_layout":"","footnotes":""},"class_list":{"0":"post-18821","1":"page","2":"type-page","3":"status-publish","4":"has-post-thumbnail","6":"entry"},"_links":{"self":[{"href":"https:\/\/www.golftravellers.com\/es\/wp-json\/wp\/v2\/pages\/18821","targetHints":{"allow":["GET"]}}],"collection":[{"href":"https:\/\/www.golftravellers.com\/es\/wp-json\/wp\/v2\/pages"}],"about":[{"href":"https:\/\/www.golftravellers.com\/es\/wp-json\/wp\/v2\/types\/page"}],"author":[{"embeddable":true,"href":"https:\/\/www.golftravellers.com\/es\/wp-json\/wp\/v2\/users\/10"}],"replies":[{"embeddable":true,"href":"https:\/\/www.golftravellers.com\/es\/wp-json\/wp\/v2\/comments?post=18821"}],"version-history":[{"count":4,"href":"https:\/\/www.golftravellers.com\/es\/wp-json\/wp\/v2\/pages\/18821\/revisions"}],"predecessor-version":[{"id":25435,"href":"https:\/\/www.golftravellers.com\/es\/wp-json\/wp\/v2\/pages\/18821\/revisions\/25435"}],"up":[{"embeddable":true,"href":"https:\/\/www.golftravellers.com\/es\/wp-json\/wp\/v2\/pages\/18609"}],"wp:featuredmedia":[{"embeddable":true,"href":"https:\/\/www.golftravellers.com\/es\/wp-json\/wp\/v2\/media\/30361"}],"wp:attachment":[{"href":"https:\/\/www.golftravellers.com\/es\/wp-json\/wp\/v2\/media?parent=18821"}],"curies":[{"name":"wp","href":"https:\/\/api.w.org\/{rel}","templated":true}]}}