{"id":18609,"date":"2014-04-04T08:24:28","date_gmt":"2014-04-04T07:24:28","guid":{"rendered":"http:\/\/www.golftravellers.com\/destinos\/escocia\/campos-de-golf-en-escocia\/st-andrews-region-scotland\/"},"modified":"2016-01-08T10:56:19","modified_gmt":"2016-01-08T10:56:19","slug":"region-de-saint-andrews","status":"publish","type":"page","link":"https:\/\/www.golftravellers.com\/es\/destinos\/escocia\/campos-de-golf-en-escocia\/region-de-saint-andrews\/","title":{"rendered":"Regi\u00f3n de Saint Andrews"},"content":{"rendered":"<div class=\"two-thirds first\">\n<p><em>Organice el tour de golf de sus sue\u00f1os en\u00a0Saint Andrews con la operadora reconocida basada en el pueblo natal del golf. <\/em><\/p>\n<p>Saint Andrews es el destino de golf mas popular del mundo.\u00a0Cuenta con una gran variedad de campos p\u00fablicos y privados. El\u00a0mas\u00a0prestigioso\u00a0es el Old Course de\u00a0Saint Andrews y el\u00a0Championship Course de\u00a0Carnoustie. Sin embargo,\u00a0los campos nuevos como\u00a0es el\u00a0 Kingsbarns pueden llegar a ser mas populares que los viejos.\u00a0<br \/>Para el famoso Old Course, nuestra agencia asegura todos los a\u00f1os horas de salida garantizadas y \u00e9xito a trav\u00e9s del sistema de sorteo.<br \/>Vea nuestra \u00a0<a href=\"https:\/\/www.golftravellers.com\/destinations\/scotland\/sample-packages-scotland\/\">p\u00e1gina de paquetes<\/a>\u00a0para inspirarse o busque el campo de golf que desee en el mapa.<\/p>\n<p class=\"error\"> Marcas de sitios B\u00e1sicos de Google Maps error: no se cargan JavaScript y\/o archivos CSS. Si est\u00e1 utilizando do_shortcode () es necesario agregar filtros a su tema primero. Vea <a href=\"http:\/\/wordpress.org\/extend\/plugins\/basic-google-maps-placemarks\/faq\/\"> la FAQ <\/a> para obtener m\u00e1s informaci\u00f3n. <\/p>\n<div class=\"one-third first\" style=\"text-align: center;\"><a class=\"button\" href=\"https:\/\/www.golftravellers.com\/destinations\/scotland\/sample-packages-scotland\/\">P\u00e1gina de paquetes<\/a><\/div>\n<div class=\"one-third\" style=\"text-align: center;\"><a class=\"button\" href=\"https:\/\/www.golftravellers.com\/contact-us\/call-back-request\/\">Solicitud de llamada<\/a><\/div>\n<div class=\"one-third\" style=\"text-align: center;\"><a class=\"button\" href=\"https:\/\/www.golftravellers.com\/contact-us\/get-a-quote\/\">P\u00e1gina de presupuestos<\/a><\/div>\n<div class=\"one-third\" style=\"text-align: center;\">\u00a0<\/div>\n<\/div>\n<div class=\"one-third\">\n<h2>Campos de golf en cada regi\u00f3n<\/h2>\n<ul>\n<li><a title=\"Regi\u00f3n de Saint Andrews\" href=\"https:\/\/www.golftravellers.com\/es\/destinos\/escocia\/campos-de-golf-en-escocia\/region-de-saint-andrews\/\">Saint Andrews<\/a><\/li>\n<li><a title=\"Regi\u00f3n Highlands\" href=\"https:\/\/www.golftravellers.com\/es\/destinos\/escocia\/campos-de-golf-en-escocia\/region-highlands\/\">Highlands<\/a><\/li>\n<li><a title=\"Regi\u00f3n del sudoeste\" href=\"https:\/\/www.golftravellers.com\/es\/destinos\/escocia\/campos-de-golf-en-escocia\/region-del-sudoeste\/\">Sudoeste<\/a><\/li>\n<li><a title=\"Regi\u00f3n sureste\" href=\"https:\/\/www.golftravellers.com\/es\/destinos\/escocia\/campos-de-golf-en-escocia\/region-sureste\/\">Sureste<\/a><\/li>\n<li><a title=\"Regi\u00f3n central\" href=\"https:\/\/www.golftravellers.com\/es\/destinos\/escocia\/campos-de-golf-en-escocia\/region-central\/\">Central<\/a><\/li>\n<li><a title=\"Regi\u00f3n noreste\" href=\"https:\/\/www.golftravellers.com\/es\/destinos\/escocia\/campos-de-golf-en-escocia\/region-noreste\/\">Noreste<\/a><\/li>\n<\/ul>\n<h2 id=\"standrews\">Campos de golf<\/h2>\nNo se encontraron marcas de posici\u00f3n\n<p><iframe loading=\"lazy\" src=\"https:\/\/www.youtube.com\/embed\/o7huGPY66nQ\" width=\"560\" height=\"315\" frameborder=\"0\" allowfullscreen=\"allowfullscreen\"><\/iframe><\/p>\n<\/div>\n","protected":false},"excerpt":{"rendered":"<p>Organice el tour de golf de sus sue\u00f1os en\u00a0Saint Andrews con la operadora reconocida basada en el pueblo natal del golf. Saint Andrews es el destino de golf mas popular del mundo.\u00a0Cuenta con una gran variedad de campos p\u00fablicos y privados. El\u00a0mas\u00a0prestigioso\u00a0es el Old Course de\u00a0Saint Andrews y el\u00a0Championship Course de\u00a0Carnoustie. Sin embargo,\u00a0los campos nuevos [&hellip;]<\/p>\n","protected":false},"author":10,"featured_media":30259,"parent":18596,"menu_order":10,"comment_status":"open","ping_status":"closed","template":"","meta":{"_genesis_hide_title":false,"_genesis_hide_breadcrumbs":false,"_genesis_hide_singular_image":false,"_genesis_hide_footer_widgets":false,"_genesis_custom_body_class":"","_genesis_custom_post_class":"","_genesis_layout":"full-width-content","footnotes":""},"class_list":{"0":"post-18609","1":"page","2":"type-page","3":"status-publish","4":"has-post-thumbnail","6":"entry"},"_links":{"self":[{"href":"https:\/\/www.golftravellers.com\/es\/wp-json\/wp\/v2\/pages\/18609","targetHints":{"allow":["GET"]}}],"collection":[{"href":"https:\/\/www.golftravellers.com\/es\/wp-json\/wp\/v2\/pages"}],"about":[{"href":"https:\/\/www.golftravellers.com\/es\/wp-json\/wp\/v2\/types\/page"}],"author":[{"embeddable":true,"href":"https:\/\/www.golftravellers.com\/es\/wp-json\/wp\/v2\/users\/10"}],"replies":[{"embeddable":true,"href":"https:\/\/www.golftravellers.com\/es\/wp-json\/wp\/v2\/comments?post=18609"}],"version-history":[{"count":10,"href":"https:\/\/www.golftravellers.com\/es\/wp-json\/wp\/v2\/pages\/18609\/revisions"}],"predecessor-version":[{"id":39173,"href":"https:\/\/www.golftravellers.com\/es\/wp-json\/wp\/v2\/pages\/18609\/revisions\/39173"}],"up":[{"embeddable":true,"href":"https:\/\/www.golftravellers.com\/es\/wp-json\/wp\/v2\/pages\/18596"}],"wp:featuredmedia":[{"embeddable":true,"href":"https:\/\/www.golftravellers.com\/es\/wp-json\/wp\/v2\/media\/30259"}],"wp:attachment":[{"href":"https:\/\/www.golftravellers.com\/es\/wp-json\/wp\/v2\/media?parent=18609"}],"curies":[{"name":"wp","href":"https:\/\/api.w.org\/{rel}","templated":true}]}}