{"id":18606,"date":"2014-04-28T15:08:53","date_gmt":"2014-04-28T14:08:53","guid":{"rendered":"http:\/\/www.golftravellers.com\/destinos\/escocia\/campos-de-golf-en-escocia\/south-west-region-scotland\/"},"modified":"2017-11-21T15:01:18","modified_gmt":"2017-11-21T15:01:18","slug":"region-del-sudoeste","status":"publish","type":"page","link":"https:\/\/www.golftravellers.com\/es\/destinos\/escocia\/campos-de-golf-en-escocia\/region-del-sudoeste\/","title":{"rendered":"Regi\u00f3n del sudoeste"},"content":{"rendered":"<div class=\"two-thirds first\">\n<p>\u00a0<br \/>Glasgow, la ciudad mas grande de Escocia, esta situada en esta regi\u00f3n. Algunos de los campos de golf mas prestigiosos se encuentran en la regi\u00f3n Atl\u00e1ntica, a 45 minutes\u00a0de\u00a0Glasgow. Los principales son el\u00a0Old Course de\u00a0Royal Troon, Prestwick, Western Gailes\u00a0 y el campo\u00a0Ailsa en\u00a0Turnberry, el cual muchos golfistas consideran el mejor del Reino Unido.\u00a0<\/p>\n<p>&nbsp;<\/p>\n<p>&nbsp;<\/p>\n<p class=\"error\"> Marcas de sitios B\u00e1sicos de Google Maps error: no se cargan JavaScript y\/o archivos CSS. Si est\u00e1 utilizando do_shortcode () es necesario agregar filtros a su tema primero. Vea <a href=\"http:\/\/wordpress.org\/extend\/plugins\/basic-google-maps-placemarks\/faq\/\"> la FAQ <\/a> para obtener m\u00e1s informaci\u00f3n. <\/p>\n<\/div>\n<div class=\"one-third\">\n<h2>Campos de golf en cada regi\u00f3n<\/h2>\n<ul>\n<li><a title=\"Regi\u00f3n de Saint Andrews\" href=\"https:\/\/www.golftravellers.com\/es\/destinos\/escocia\/campos-de-golf-en-escocia\/region-de-saint-andrews\/\">Saint Andrews<\/a><\/li>\n<li><a title=\"Regi\u00f3n Highlands\" href=\"https:\/\/www.golftravellers.com\/es\/destinos\/escocia\/campos-de-golf-en-escocia\/region-highlands\/\">Highlands<\/a><\/li>\n<li><a title=\"Regi\u00f3n del sudoeste\" href=\"https:\/\/www.golftravellers.com\/es\/destinos\/escocia\/campos-de-golf-en-escocia\/region-del-sudoeste\/\">Sudoeste<\/a><\/li>\n<li><a title=\"Regi\u00f3n sureste\" href=\"https:\/\/www.golftravellers.com\/es\/destinos\/escocia\/campos-de-golf-en-escocia\/region-sureste\/\">Sureste<\/a><\/li>\n<li><a title=\"Regi\u00f3n central\" href=\"https:\/\/www.golftravellers.com\/es\/destinos\/escocia\/campos-de-golf-en-escocia\/region-central\/\">Central<\/a><\/li>\n<li><a title=\"Regi\u00f3n noreste\" href=\"https:\/\/www.golftravellers.com\/es\/destinos\/escocia\/campos-de-golf-en-escocia\/region-noreste\/\">Noreste<\/a><\/li>\n<\/ul>\n<h2 id=\"southwest\">Campos de golf<\/h2>\nNo se encontraron marcas de posici\u00f3n\n<\/div>\n","protected":false},"excerpt":{"rendered":"<p>\u00a0Glasgow, la ciudad mas grande de Escocia, esta situada en esta regi\u00f3n. Algunos de los campos de golf mas prestigiosos se encuentran en la regi\u00f3n Atl\u00e1ntica, a 45 minutes\u00a0de\u00a0Glasgow. Los principales son el\u00a0Old Course de\u00a0Royal Troon, Prestwick, Western Gailes\u00a0 y el campo\u00a0Ailsa en\u00a0Turnberry, el cual muchos golfistas consideran el mejor del Reino Unido.\u00a0 &nbsp; &nbsp; [&hellip;]<\/p>\n","protected":false},"author":10,"featured_media":30304,"parent":18596,"menu_order":0,"comment_status":"open","ping_status":"open","template":"","meta":{"_genesis_hide_title":false,"_genesis_hide_breadcrumbs":false,"_genesis_hide_singular_image":false,"_genesis_hide_footer_widgets":false,"_genesis_custom_body_class":"","_genesis_custom_post_class":"","_genesis_layout":"full-width-content","footnotes":""},"class_list":{"0":"post-18606","1":"page","2":"type-page","3":"status-publish","4":"has-post-thumbnail","6":"entry"},"_links":{"self":[{"href":"https:\/\/www.golftravellers.com\/es\/wp-json\/wp\/v2\/pages\/18606","targetHints":{"allow":["GET"]}}],"collection":[{"href":"https:\/\/www.golftravellers.com\/es\/wp-json\/wp\/v2\/pages"}],"about":[{"href":"https:\/\/www.golftravellers.com\/es\/wp-json\/wp\/v2\/types\/page"}],"author":[{"embeddable":true,"href":"https:\/\/www.golftravellers.com\/es\/wp-json\/wp\/v2\/users\/10"}],"replies":[{"embeddable":true,"href":"https:\/\/www.golftravellers.com\/es\/wp-json\/wp\/v2\/comments?post=18606"}],"version-history":[{"count":9,"href":"https:\/\/www.golftravellers.com\/es\/wp-json\/wp\/v2\/pages\/18606\/revisions"}],"predecessor-version":[{"id":40182,"href":"https:\/\/www.golftravellers.com\/es\/wp-json\/wp\/v2\/pages\/18606\/revisions\/40182"}],"up":[{"embeddable":true,"href":"https:\/\/www.golftravellers.com\/es\/wp-json\/wp\/v2\/pages\/18596"}],"wp:featuredmedia":[{"embeddable":true,"href":"https:\/\/www.golftravellers.com\/es\/wp-json\/wp\/v2\/media\/30304"}],"wp:attachment":[{"href":"https:\/\/www.golftravellers.com\/es\/wp-json\/wp\/v2\/media?parent=18606"}],"curies":[{"name":"wp","href":"https:\/\/api.w.org\/{rel}","templated":true}]}}