{"id":18590,"date":"2014-09-02T16:37:32","date_gmt":"2014-09-02T15:37:32","guid":{"rendered":"http:\/\/www.golftravellers.com\/gregory-havret-support-2\/"},"modified":"2014-12-03T17:20:53","modified_gmt":"2014-12-03T17:20:53","slug":"apoyo-de-gregory-havret","status":"publish","type":"page","link":"https:\/\/www.golftravellers.com\/es\/apoyo-de-gregory-havret\/","title":{"rendered":"El apoyo de Gregory Havret"},"content":{"rendered":"<p>\u00abRecomiendo Golf Travellers como su operador de tours de golf para sus vacaciones de golf en Escocia. Los he reunido en varias ocasiones durante mi competiciones en el circuito europeo. Son especialistas con sede en Escocia, en la meca del golf: St Andrews. Este hermoso pa\u00eds significa mucho para m\u00ed, donde gan\u00e9 mis dos trofeos m\u00e1s importantes, en Loch Lomond para el Open de Escocia en 2007 superando a Phil Mickelson en un playoff y en Gleneagles, en el fant\u00e1stico PGA Centenary para el Johnnie Walker en 2008. Un pa\u00eds con excelentes campos de golf y un ambiente totalmente \u00fanico. Alojarse en St Andrews y jugar el Old Course es una necesidad en la vida de un golfista.\u00bb<\/p>\n<div class=\"one-third first\"><img loading=\"lazy\" decoding=\"async\" class=\"alignnone size-full wp-image-8620\" src=\"http:\/\/www.golftravellers.com\/wp-content\/uploads\/2014\/09\/Gregory-Havret-French-Professional-Golfer.jpg\" alt=\"Gregory Havret French Professional Golfer\" width=\"250\" height=\"176\" \/><\/div>\n<div class=\"one-third\"><img loading=\"lazy\" decoding=\"async\" class=\"alignnone wp-image-8611 size-full\" src=\"http:\/\/www.golftravellers.com\/wp-content\/uploads\/2014\/09\/Gregory-Havret-French-Professional-Golfer-image2.jpg\" alt=\"Gregory Havret French Professional Golfer\" width=\"250\" height=\"176\" \/><\/div>\n<div class=\"one-third\"><img loading=\"lazy\" decoding=\"async\" class=\"alignnone wp-image-8602 size-full\" src=\"http:\/\/www.golftravellers.com\/wp-content\/uploads\/2014\/09\/Gregory-Havret-French-Professional-Golfer-image3.jpg\" alt=\"Gregory Havret French Professional Golfer\" width=\"250\" height=\"176\" \/><\/div>\n<h2>Puntos culminantes de la carrera de Gr\u00e9gory:<\/h2>\n<h3>Amateur:<\/h3>\n<ul>\n<li>Ganador del French Championship entre 1997 y 1999<\/li>\n<li>Ganador del French National Omnium National en 1998 (campeonato profesional)<\/li>\n<li>Ganador del European Championship de 1999 en Wales<\/li>\n<\/ul>\n<h3>Profesional:<\/h3>\n<ul>\n<li>Ganador del Italian Open en 2001 (primer a\u00f1o en el European Tour)<\/li>\n<li>Ganador del Scottish Open en Loch Lomond de 2007 (European Tour)<\/li>\n<li>Ganador del Johnnie Walker en Gleneagles de 2008 (European Tour)<\/li>\n<li>Segundo en el US Open de 2010 en Pebble Beach<\/li>\n<li>El n\u00famero 1 franc\u00e9s en 2007, 2008, 2010 y 2011<\/li>\n<\/ul>\n","protected":false},"excerpt":{"rendered":"<p>\u00abRecomiendo Golf Travellers como su operador de tours de golf para sus vacaciones de golf en Escocia. Los he reunido en varias ocasiones durante mi competiciones en el circuito europeo. Son especialistas con sede en Escocia, en la meca del golf: St Andrews. Este hermoso pa\u00eds significa mucho para m\u00ed, donde gan\u00e9 mis dos trofeos [&hellip;]<\/p>\n","protected":false},"author":10,"featured_media":12861,"parent":0,"menu_order":100,"comment_status":"open","ping_status":"open","template":"","meta":{"_genesis_hide_title":false,"_genesis_hide_breadcrumbs":false,"_genesis_hide_singular_image":false,"_genesis_hide_footer_widgets":false,"_genesis_custom_body_class":"","_genesis_custom_post_class":"","_genesis_layout":"full-width-content","footnotes":""},"class_list":{"0":"post-18590","1":"page","2":"type-page","3":"status-publish","4":"has-post-thumbnail","6":"entry"},"_links":{"self":[{"href":"https:\/\/www.golftravellers.com\/es\/wp-json\/wp\/v2\/pages\/18590","targetHints":{"allow":["GET"]}}],"collection":[{"href":"https:\/\/www.golftravellers.com\/es\/wp-json\/wp\/v2\/pages"}],"about":[{"href":"https:\/\/www.golftravellers.com\/es\/wp-json\/wp\/v2\/types\/page"}],"author":[{"embeddable":true,"href":"https:\/\/www.golftravellers.com\/es\/wp-json\/wp\/v2\/users\/10"}],"replies":[{"embeddable":true,"href":"https:\/\/www.golftravellers.com\/es\/wp-json\/wp\/v2\/comments?post=18590"}],"version-history":[{"count":4,"href":"https:\/\/www.golftravellers.com\/es\/wp-json\/wp\/v2\/pages\/18590\/revisions"}],"predecessor-version":[{"id":41079,"href":"https:\/\/www.golftravellers.com\/es\/wp-json\/wp\/v2\/pages\/18590\/revisions\/41079"}],"wp:featuredmedia":[{"embeddable":true,"href":"https:\/\/www.golftravellers.com\/es\/wp-json\/wp\/v2\/media\/12861"}],"wp:attachment":[{"href":"https:\/\/www.golftravellers.com\/es\/wp-json\/wp\/v2\/media?parent=18590"}],"curies":[{"name":"wp","href":"https:\/\/api.w.org\/{rel}","templated":true}]}}