{"id":18142,"date":"2014-06-18T16:30:52","date_gmt":"2014-06-18T15:30:52","guid":{"rendered":"http:\/\/www.golftravellers.com\/entrenamiento\/golf-camps-st-andrews\/"},"modified":"2017-11-16T16:30:41","modified_gmt":"2017-11-16T16:30:41","slug":"programa-de-golf-para-jovenes-st-andrews","status":"publish","type":"page","link":"https:\/\/www.golftravellers.com\/es\/entrenamiento\/programa-de-golf-para-jovenes-st-andrews\/","title":{"rendered":"Programa de Golf para J\u00f3venes en St Andrews"},"content":{"rendered":"<p>Disponible para j\u00f3venes entre 12 y 18 a\u00f1os de edad. Ofrecemos la posibilidad de prolongar el viaje y las clases para que duren un m\u00e1ximo de\u00a012 noches.<\/p>\n<div class=\"one-half first\"><div class=\"DOPThumbnailGalleryContainer\" id=\"DOPThumbnailGallery497\">\n                                <ul class=\"Settings\" style=\"display:none;\">\n                                    <li class=\"Width\">540<\/li>\n                                    <li class=\"Height\">360<\/li>\n                                    <li class=\"BgColor\">333333<\/li>\n                                    <li class=\"BgAlpha\">45<\/li>\n                                    <li class=\"ImagesOrder\">normal<\/li>\n                                    <li class=\"ResponsiveEnabled\">true<\/li>  \n                                    <li class=\"ThumbnailsPosition\">bottom<\/li>\n                                    <li class=\"ThumbnailsOverImage\">false<\/li>\n                                    <li class=\"ThumbnailsBgColor\">000000<\/li>\n                                    <li class=\"ThumbnailsBgAlpha\">50<\/li>\n                                    <li class=\"ThumbnailsSpacing\">5<\/li>\n                                    <li class=\"ThumbnailsPaddingTop\">0<\/li>\n                                    <li class=\"ThumbnailsPaddingRight\">5<\/li>\n                                    <li class=\"ThumbnailsPaddingBottom\">5<\/li>\n                                    <li class=\"ThumbnailsPaddingLeft\">5<\/li>\n                                    <li class=\"ThumbnailsNavigation\">mouse<\/li>\n                                    <li class=\"ThumbnailsNavigationPrev\">https:\/\/www.golftravellers.com\/wp-content\/plugins\/doptg\/uploads\/settings\/thumbnails-navigation-prev\/1-0.png<\/li>\n                                    <li class=\"ThumbnailsNavigationPrevHover\">https:\/\/www.golftravellers.com\/wp-content\/plugins\/doptg\/uploads\/settings\/thumbnails-navigation-prev-hover\/1-0.png<\/li>\n                                    <li class=\"ThumbnailsNavigationNext\">https:\/\/www.golftravellers.com\/wp-content\/plugins\/doptg\/uploads\/settings\/thumbnails-navigation-next\/1-0.png<\/li>\n                                    <li class=\"ThumbnailsNavigationNextHover\">https:\/\/www.golftravellers.com\/wp-content\/plugins\/doptg\/uploads\/settings\/thumbnails-navigation-next-hover\/1-0.png<\/li>\n                                    <li class=\"ThumbnailLoader\">https:\/\/www.golftravellers.com\/wp-content\/plugins\/doptg\/assets\/gui\/images\/ThumbnailLoader.gif<\/li>\n                                    <li class=\"ThumbnailWidth\">40<\/li>\n                                    <li class=\"ThumbnailHeight\">40<\/li>\n                                    <li class=\"ThumbnailWidthMobile\">30<\/li>\n                                    <li class=\"ThumbnailHeightMobile\">30<\/li>\n                                    <li class=\"ThumbnailAlpha\">50<\/li>\n                                    <li class=\"ThumbnailAlphaHover\">100<\/li>\n                                    <li class=\"ThumbnailAlphaSelected\">100<\/li>\n                                    <li class=\"ThumbnailBgColor\"><\/li>\n                                    <li class=\"ThumbnailBgColorHover\">000000<\/li>\n                                    <li class=\"ThumbnailBgColorSelected\">000000<\/li>\n                                    <li class=\"ThumbnailBorderSize\">2<\/li>\n                                    <li class=\"ThumbnailBorderColor\">f1f1f1<\/li>\n                                    <li class=\"ThumbnailBorderColorHover\">000000<\/li>\n                                    <li class=\"ThumbnailBorderColorSelected\">000000<\/li>\n                                    <li class=\"ThumbnailPaddingTop\">0<\/li>\n                                    <li class=\"ThumbnailPaddingRight\">0<\/li>\n                                    <li class=\"ThumbnailPaddingBottom\">0<\/li>\n                                    <li class=\"ThumbnailPaddingLeft\">0<\/li>\n                                    <li class=\"ImageLoader\">https:\/\/www.golftravellers.com\/wp-content\/plugins\/doptg\/assets\/gui\/images\/ImageLoader.gif<\/li>\n                                    <li class=\"ImageBgColor\">afafaf<\/li>\n                                    <li class=\"ImageBgAlpha\">100<\/li>\n                                    <li class=\"ImageDisplayType\">full<\/li>\n                                    <li class=\"ImageDisplayTime\">1000<\/li>\n                                    <li class=\"ImageMarginTop\">5<\/li>\n                                    <li class=\"ImageMarginRight\">5<\/li>\n                                    <li class=\"ImageMarginBottom\">5<\/li>\n                                    <li class=\"ImageMarginLeft\">5<\/li>\n                                    <li class=\"ImagePaddingTop\">5<\/li>\n                                    <li class=\"ImagePaddingRight\">5<\/li>\n                                    <li class=\"ImagePaddingBottom\">5<\/li>        \n                                    <li class=\"ImagePaddingLeft\">5<\/li>\n                                    <li class=\"NavigationEnabled\">true<\/li>\n                                    <li class=\"NavigationOverImage\">true<\/li>\n                                    <li class=\"NavigationPrev\">https:\/\/www.golftravellers.com\/wp-content\/plugins\/doptg\/uploads\/settings\/navigation-prev\/1-0.png<\/li>\n                                    <li class=\"NavigationPrevHover\">https:\/\/www.golftravellers.com\/wp-content\/plugins\/doptg\/uploads\/settings\/navigation-prev-hover\/1-0.png<\/li>\n                                    <li class=\"NavigationNext\">https:\/\/www.golftravellers.com\/wp-content\/plugins\/doptg\/uploads\/settings\/navigation-next\/1-0.png<\/li>\n                                    <li class=\"NavigationNextHover\">https:\/\/www.golftravellers.com\/wp-content\/plugins\/doptg\/uploads\/settings\/navigation-next-hover\/1-0.png<\/li>\n                                    <li class=\"NavigationLightbox\">https:\/\/www.golftravellers.com\/wp-content\/plugins\/doptg\/uploads\/settings\/navigation-lightbox\/1-0.png<\/li>\n                                    <li class=\"NavigationLightboxHover\">https:\/\/www.golftravellers.com\/wp-content\/plugins\/doptg\/uploads\/settings\/navigation-lightbox-hover\/1-0.png<\/li>\n                                    <li class=\"NavigationTouchDeviceSwipeEnabled\">true<\/li>\n                                    <li class=\"CaptionWidth\">0<\/li>\n                                    <li class=\"CaptionHeight\">0<\/li>\n                                    <li class=\"CaptionTitleColor\">fff<\/li>\n                                    <li class=\"CaptionTextColor\">fff<\/li>\n                                    <li class=\"CaptionBgColor\">000000<\/li>\n                                    <li class=\"CaptionBgAlpha\">30<\/li>\n                                    <li class=\"CaptionPosition\">bottom<\/li>\n                                    <li class=\"CaptionOverImage\">false<\/li>\n                                    <li class=\"CaptionScrollScrubColor\">777777<\/li>\n                                    <li class=\"CaptionScrollBgColor\">e0e0e0<\/li>    \n                                    <li class=\"CaptionMarginTop\">5<\/li>\n                                    <li class=\"CaptionMarginRight\">5<\/li>\n                                    <li class=\"CaptionMarginBottom\">5<\/li>\n                                    <li class=\"CaptionMarginLeft\">5<\/li>\n                                    <li class=\"CaptionPaddingTop\">5<\/li>\n                                    <li class=\"CaptionPaddingRight\">5<\/li>\n                                    <li class=\"CaptionPaddingBottom\">5<\/li>\n                                    <li class=\"CaptionPaddingLeft\">5<\/li>\n                                    <li class=\"LightboxEnabled\">true<\/li>\n                                    <li class=\"LightboxWindowColor\">000000<\/li>\n                                    <li class=\"LightboxWindowAlpha\">80<\/li>\n                                    <li class=\"LightboxLoader\">https:\/\/www.golftravellers.com\/wp-content\/plugins\/doptg\/assets\/gui\/images\/LightboxLoader.gif<\/li>\n                                    <li class=\"LightboxBgColor\">000000<\/li>\n                                    <li class=\"LightboxBgAlpha\">100<\/li>\n                                    <li class=\"LightboxMarginTop\">5<\/li>\n                                    <li class=\"LightboxMarginRight\">5<\/li>\n                                    <li class=\"LightboxMarginBottom\">5<\/li>\n                                    <li class=\"LightboxMarginLeft\">5<\/li>\n                                    <li class=\"LightboxPaddingTop\">5<\/li>\n                                    <li class=\"LightboxPaddingRight\">5<\/li>\n                                    <li class=\"LightboxPaddingBottom\">5<\/li>\n                                    <li class=\"LightboxPaddingLeft\">5<\/li>\n                                    <li class=\"LightboxNavigationPrev\">https:\/\/www.golftravellers.com\/wp-content\/plugins\/doptg\/uploads\/settings\/lightbox-navigation-prev\/1-0.png<\/li>\n                                    <li class=\"LightboxNavigationPrevHover\">https:\/\/www.golftravellers.com\/wp-content\/plugins\/doptg\/uploads\/settings\/lightbox-navigation-prev-hover\/1-0.png<\/li>\n                                    <li class=\"LightboxNavigationNext\">https:\/\/www.golftravellers.com\/wp-content\/plugins\/doptg\/uploads\/settings\/lightbox-navigation-next\/1-0.png<\/li>\n                                    <li class=\"LightboxNavigationNextHover\">https:\/\/www.golftravellers.com\/wp-content\/plugins\/doptg\/uploads\/settings\/lightbox-navigation-next-hover\/1-0.png<\/li>\n                                    <li class=\"LightboxNavigationClose\">https:\/\/www.golftravellers.com\/wp-content\/plugins\/doptg\/uploads\/settings\/lightbox-navigation-close\/1-0.png<\/li>\n                                    <li class=\"LightboxNavigationCloseHover\">https:\/\/www.golftravellers.com\/wp-content\/plugins\/doptg\/uploads\/settings\/lightbox-navigation-close-hover\/1-0.png<\/li>\n                                    <li class=\"LightboxNavigationInfoBgColor\">000000<\/li>\n                                    <li class=\"LightboxNavigationInfoTextColor\">dddddd<\/li>\n                                    <li class=\"LightboxNavigationTouchDeviceSwipeEnabled\">true<\/li>\n                                    <li class=\"SocialShareEnabled\">false<\/li>\n                                    <li class=\"SocialShare\">https:\/\/www.golftravellers.com\/wp-content\/plugins\/doptg\/assets\/gui\/images\/SocialShare.png<\/li>\n                                    <li class=\"SocialShareLightbox\">https:\/\/www.golftravellers.com\/wp-content\/plugins\/doptg\/assets\/gui\/images\/SocialShareLightbox.png<\/li>\n                                    <li class=\"TooltipEnabled\">false<\/li>\n                                    <li class=\"TooltipBgColor\">ffffff<\/li>\n                                    <li class=\"TooltipStrokeColor\">000000<\/li>\n                                    <li class=\"TooltipTextColor\">000000<\/li>\n                                    <li class=\"Slideshow\">true<\/li>\n                                    <li class=\"SlideshowTime\">3500<\/li>\n                                    <li class=\"SlideshowAutostart\">true<\/li>\n                                    <li class=\"SlideshowLoop\">true<\/li>\n                                    <li class=\"SlideshowPlay\">https:\/\/www.golftravellers.com\/wp-content\/plugins\/doptg\/uploads\/settings\/slideshow-play\/1-0.png<\/li>\n                                    <li class=\"SlideshowPlayHover\">https:\/\/www.golftravellers.com\/wp-content\/plugins\/doptg\/uploads\/settings\/slideshow-play-hover\/1-0.png<\/li>\n                                    <li class=\"SlideshowPause\">https:\/\/www.golftravellers.com\/wp-content\/plugins\/doptg\/uploads\/settings\/slideshow-pause\/1-0.png<\/li>\n                                    <li class=\"SlideshowPauseHover\">https:\/\/www.golftravellers.com\/wp-content\/plugins\/doptg\/uploads\/settings\/slideshow-pause-hover\/1-0.png<\/li>\n                                    <li class=\"AutoHide\">false<\/li>\n                                    <li class=\"AutoHideTime\">2000<\/li>\n                                <\/ul>\n                                <ul class=\"Content\" style=\"display:none;\"><li>\n                                                    <img decoding=\"async\" class=\"Image\" src=\"https:\/\/www.golftravellers.com\/wp-content\/plugins\/doptg\/uploads\/m8PYnHWEegPmhL56NAX2p8Asy8cP9mzqxh75YEwGM3MGFB8A7NwY6cLGZsxzhNZFe.jpg\" alt=\"\" title=\"\" \/>\n                                                    <img decoding=\"async\" class=\"Thumb\" src=\"https:\/\/www.golftravellers.com\/wp-content\/plugins\/doptg\/uploads\/thumbs\/m8PYnHWEegPmhL56NAX2p8Asy8cP9mzqxh75YEwGM3MGFB8A7NwY6cLGZsxzhNZFe.jpg\" alt=\"\" title=\"\" \/>\n                                                    <span class=\"CaptionTitle\"><\/span>\n                                                    <span class=\"CaptionText\"><\/span>\n                                                    <span class=\"Media\"><\/span>\n                                                    <span class=\"LightboxMedia\"><\/span>\n                                                 <\/li><li>\n                                                    <img decoding=\"async\" class=\"Image\" src=\"https:\/\/www.golftravellers.com\/wp-content\/plugins\/doptg\/uploads\/DXW9EmLQDAMQKpbSK1gMdEArcjGBMfL8yNZRrtbTnO7f1SKfapE7NESpGk5k6ptNm.jpg\" alt=\"\" title=\"\" \/>\n                                                    <img decoding=\"async\" class=\"Thumb\" src=\"https:\/\/www.golftravellers.com\/wp-content\/plugins\/doptg\/uploads\/thumbs\/DXW9EmLQDAMQKpbSK1gMdEArcjGBMfL8yNZRrtbTnO7f1SKfapE7NESpGk5k6ptNm.jpg\" alt=\"\" title=\"\" \/>\n                                                    <span class=\"CaptionTitle\"><\/span>\n                                                    <span class=\"CaptionText\"><\/span>\n                                                    <span class=\"Media\"><\/span>\n                                                    <span class=\"LightboxMedia\"><\/span>\n                                                 <\/li><li>\n                                                    <img decoding=\"async\" class=\"Image\" src=\"https:\/\/www.golftravellers.com\/wp-content\/plugins\/doptg\/uploads\/aZ55CMNmAD54hwWWtWq5B4Y7WGjWaXLp8xEajpbLMRabAa3H1WR7dSDe2bawYpzn1.jpg\" alt=\"\" title=\"\" \/>\n                                                    <img decoding=\"async\" class=\"Thumb\" src=\"https:\/\/www.golftravellers.com\/wp-content\/plugins\/doptg\/uploads\/thumbs\/aZ55CMNmAD54hwWWtWq5B4Y7WGjWaXLp8xEajpbLMRabAa3H1WR7dSDe2bawYpzn1.jpg\" alt=\"\" title=\"\" \/>\n                                                    <span class=\"CaptionTitle\"><\/span>\n                                                    <span class=\"CaptionText\"><\/span>\n                                                    <span class=\"Media\"><\/span>\n                                                    <span class=\"LightboxMedia\"><\/span>\n                                                 <\/li><li>\n                                                    <img decoding=\"async\" class=\"Image\" src=\"https:\/\/www.golftravellers.com\/wp-content\/plugins\/doptg\/uploads\/G8wTg79qLAN8ZYbg6xfWsCZNq9mnRrzFNZemfcwqOeACBA1kg9xwfqsGB1R37BcP9.jpg\" alt=\"\" title=\"\" \/>\n                                                    <img decoding=\"async\" class=\"Thumb\" src=\"https:\/\/www.golftravellers.com\/wp-content\/plugins\/doptg\/uploads\/thumbs\/G8wTg79qLAN8ZYbg6xfWsCZNq9mnRrzFNZemfcwqOeACBA1kg9xwfqsGB1R37BcP9.jpg\" alt=\"\" title=\"\" \/>\n                                                    <span class=\"CaptionTitle\"><\/span>\n                                                    <span class=\"CaptionText\"><\/span>\n                                                    <span class=\"Media\"><\/span>\n                                                    <span class=\"LightboxMedia\"><\/span>\n                                                 <\/li><li>\n                                                    <img decoding=\"async\" class=\"Image\" src=\"https:\/\/www.golftravellers.com\/wp-content\/plugins\/doptg\/uploads\/W8zNKW3jQTEeAFdaPS7YhtHZctpePa7NqNnXwBbBsesG8yq54qwx5sfBGWMTwBjzK.jpg\" alt=\"\" title=\"\" \/>\n                                                    <img decoding=\"async\" class=\"Thumb\" src=\"https:\/\/www.golftravellers.com\/wp-content\/plugins\/doptg\/uploads\/thumbs\/W8zNKW3jQTEeAFdaPS7YhtHZctpePa7NqNnXwBbBsesG8yq54qwx5sfBGWMTwBjzK.jpg\" alt=\"\" title=\"\" \/>\n                                                    <span class=\"CaptionTitle\"><\/span>\n                                                    <span class=\"CaptionText\"><\/span>\n                                                    <span class=\"Media\"><\/span>\n                                                    <span class=\"LightboxMedia\"><\/span>\n                                                 <\/li><\/ul>\n                            <\/div>\n                            <script type=\"text\/JavaScript\">\n                                jQuery(document).ready(function(){\n                                    jQuery('#DOPThumbnailGallery497').DOPThumbnailGallery({'ParseMethod': 'HTML'});\n                                });\n                            <\/script><\/div>\n<div class=\"one-half\">\n<p><span style=\"font-size: 36pt;\">\u00a31875<br \/>\n <\/span><\/p>\n<h4>Lo que incluye:<\/h4>\n<ul style=\"list-style-type: square;\">\n<li>7\u00a0noches de estancia en el campus de la Universidad de Saint Andrews<\/li>\n<li>3\u00a0comidas por d\u00eda<\/li>\n<li>Los costes del golf<\/li>\n<li>5 Green Fees<\/li>\n<li>El transporte en St Andrews y el traslado entre el aeropuerto de Edimburgo y St Andrews<\/li>\n<li>Supervisi\u00f3n constante<\/li>\n<\/ul>\n<\/div>\n<div style=\"clear: both;\">\u00a0<\/div>\n<div class=\"one-third first\"><a class=\"button \" title=\"Book your Holiday now\" href=\"https:\/\/www.golftravellers.com\/contact-us\/book-now\/\">Reserve ahora<\/a><\/div>\n<div class=\"one-third\"><a class=\"button\" title=\"Customise your Holiday\" href=\"https:\/\/www.golftravellers.com\/contact-us\/customise-your-holiday\/\">Personalice<\/a><\/div>\n<div class=\"one-third\"><a class=\"button\" title=\"Contact Us\" href=\"https:\/\/www.golftravellers.com\/es\/contacto\/\">Contacto<\/a><\/div>\n<div id=\"details\">\u00a0<\/div>\n<div>\u00a0<\/div>\n<div class=\"one-half first\">\n<h4>Extras complementarios:<\/h4>\n<ul>\n<li>10% de descuento en dos de las tiendas de golf m\u00e1s famosas de St Andrews:\n<ul>\n<li>Auchterlonies<\/li>\n<li>St Andrews Golf Co.<\/li>\n<\/ul>\n<\/li>\n<li>1 entrada por persona para\u00a0el\u00a0British Golf Museum de\u00a0St Andrews<\/li>\n<li>Mapa de la regi\u00f3n de St Andrews<\/li>\n<\/ul>\n<\/div>\n<div class=\"one-half\">\n<h4>Extras opcionales:<\/h4>\n<ul>\n<li>Reserva de vuelos<\/li>\n<li>Noches y campos de golf adicionales<\/li>\n<li>Actividades y atracciones locales<\/li>\n<li>Seguro de viaje<\/li>\n<\/ul>\n<\/div>\n<p>&nbsp;<\/p>\n<h2>Itinerario de muestra:<\/h2>\n<table style=\"height: 203px;\" width=\"711\">\n<tbody>\n<tr>\n<td style=\"width: 25%;\"><strong>D\u00eda\u00a01:<\/strong><\/td>\n<td>Llegada al aeropuerto de Edimburgo y transporte a St Andrews<\/td>\n<\/tr>\n<tr>\n<td style=\"width: 25%;\"><strong><strong>D\u00eda<\/strong>\u00a02:<\/strong><\/td>\n<td>Introducci\u00f3n a la Academia de golf\u00a0y a los entrenadores de la PGA<br \/>\n 18 hoyos en\u00a0Strathtyrum<\/td>\n<\/tr>\n<tr>\n<td style=\"width: 25%;\"><strong><strong>D\u00eda<\/strong>\u00a03:<\/strong><\/td>\n<td>Clases en\u00a0la\u00a0Academia de golf<br \/>\n 18 hoyos\u00a0en el Eden Course<\/td>\n<\/tr>\n<tr>\n<td style=\"width: 25%;\"><strong><strong><strong>D\u00eda<\/strong><\/strong>\u00a04:<\/strong><\/td>\n<td>Clases en\u00a0la\u00a0Academia de golf<br \/>\n 18 hoyos en el\u00a0New Course<\/td>\n<\/tr>\n<tr>\n<td style=\"width: 25%;\"><strong><strong><strong>D\u00eda<\/strong><\/strong>\u00a05:<\/strong><\/td>\n<td>Clases en\u00a0la\u00a0Academia de golf<br \/>\n 18 hoyos en el\u00a0Castle Course contra\u00a0St Andrews Juniors<\/td>\n<\/tr>\n<tr>\n<td style=\"width: 25%;\"><strong><strong><strong>D\u00eda<\/strong><\/strong>\u00a06:<\/strong><\/td>\n<td>D\u00eda de turismo<\/td>\n<\/tr>\n<tr>\n<td style=\"width: 25%;\"><strong><strong><strong>D\u00eda<\/strong><\/strong>\u00a07:<\/strong><\/td>\n<td>Ma\u00f1ana libre<br \/>\n 18 hoyos\u00a0en Kingsbarns<\/td>\n<\/tr>\n<tr>\n<td style=\"width: 25%;\"><strong><strong><strong>D\u00eda<\/strong><\/strong>\u00a08:<\/strong><\/td>\n<td>Salida del aeropuerto internacional de Edimburgo\u00a0<\/td>\n<\/tr>\n<\/tbody>\n<\/table>\n<div class=\"terms\"><img loading=\"lazy\" decoding=\"async\" class=\"alignleft wp-image-3871\" src=\"http:\/\/www.golftravellers.com\/wp-content\/uploads\/2014\/06\/ExclamationPoint.png\" alt=\"Black exclamation point within box with black border\" width=\"50\" height=\"50\" \/><\/p>\n<h3>Condiciones del paquete:<\/h3>\n<p>&nbsp;<\/p>\n<p>&#8211; Todos nuestros paquetes se cobran en libras esterlinas.<\/p>\n<p>&#8211; La oferta es v\u00e1lida entre el 1 de abril y el 31 de octubre para un minimo de 2 personas en habitaciones dobles o individuales con desayuno escoc\u00e9s. Tarifas especiales de noviembre a marzo.<\/p>\n<\/div>\n<p>&nbsp;<\/p>\n<div class=\"one-third first\"><a class=\"button \" title=\"Book your Holiday now\" href=\"https:\/\/www.golftravellers.com\/contact-us\/book-now\/\">Reserve ahora<\/a><\/div>\n<div class=\"one-third\"><a class=\"button\" title=\"Customise your Holiday\" href=\"https:\/\/www.golftravellers.com\/contact-us\/customise-your-holiday\/\">Personalice<\/a><\/div>\n<div class=\"one-third\"><a class=\"button\" title=\"Contact Us\" href=\"https:\/\/www.golftravellers.com\/es\/contacto\/\">Contacto<\/a><\/div>\n","protected":false},"excerpt":{"rendered":"<p>Disponible para j\u00f3venes entre 12 y 18 a\u00f1os de edad. Ofrecemos la posibilidad de prolongar el viaje y las clases para que duren un m\u00e1ximo de\u00a012 noches. \u00a31875 Lo que incluye: 7\u00a0noches de estancia en el campus de la Universidad de Saint Andrews 3\u00a0comidas por d\u00eda Los costes del golf 5 Green Fees El transporte [&hellip;]<\/p>\n","protected":false},"author":10,"featured_media":13298,"parent":17177,"menu_order":50,"comment_status":"open","ping_status":"closed","template":"","meta":{"_genesis_hide_title":false,"_genesis_hide_breadcrumbs":false,"_genesis_hide_singular_image":false,"_genesis_hide_footer_widgets":false,"_genesis_custom_body_class":"","_genesis_custom_post_class":"","_genesis_layout":"","footnotes":""},"class_list":{"0":"post-18142","1":"page","2":"type-page","3":"status-publish","4":"has-post-thumbnail","6":"entry"},"_links":{"self":[{"href":"https:\/\/www.golftravellers.com\/es\/wp-json\/wp\/v2\/pages\/18142","targetHints":{"allow":["GET"]}}],"collection":[{"href":"https:\/\/www.golftravellers.com\/es\/wp-json\/wp\/v2\/pages"}],"about":[{"href":"https:\/\/www.golftravellers.com\/es\/wp-json\/wp\/v2\/types\/page"}],"author":[{"embeddable":true,"href":"https:\/\/www.golftravellers.com\/es\/wp-json\/wp\/v2\/users\/10"}],"replies":[{"embeddable":true,"href":"https:\/\/www.golftravellers.com\/es\/wp-json\/wp\/v2\/comments?post=18142"}],"version-history":[{"count":8,"href":"https:\/\/www.golftravellers.com\/es\/wp-json\/wp\/v2\/pages\/18142\/revisions"}],"predecessor-version":[{"id":40061,"href":"https:\/\/www.golftravellers.com\/es\/wp-json\/wp\/v2\/pages\/18142\/revisions\/40061"}],"up":[{"embeddable":true,"href":"https:\/\/www.golftravellers.com\/es\/wp-json\/wp\/v2\/pages\/17177"}],"wp:featuredmedia":[{"embeddable":true,"href":"https:\/\/www.golftravellers.com\/es\/wp-json\/wp\/v2\/media\/13298"}],"wp:attachment":[{"href":"https:\/\/www.golftravellers.com\/es\/wp-json\/wp\/v2\/media?parent=18142"}],"curies":[{"name":"wp","href":"https:\/\/api.w.org\/{rel}","templated":true}]}}