{"id":18030,"date":"2014-09-09T23:55:35","date_gmt":"2014-09-09T22:55:35","guid":{"rendered":"http:\/\/www.golftravellers.com\/torneos\/the-ryder-cup\/"},"modified":"2017-11-10T16:32:37","modified_gmt":"2017-11-10T16:32:37","slug":"the-ryder-cup","status":"publish","type":"page","link":"https:\/\/www.golftravellers.com\/es\/torneos\/the-ryder-cup\/","title":{"rendered":"La Ryder Cup"},"content":{"rendered":"<p>Esta es la mayor competici\u00f3n en el mundo del golf y el tercer acontecimiento deportivo detr\u00e1s de los Juegos Ol\u00edmpicos y el Mundial de f\u00fatbol. Regresa cada cuatro a\u00f1os a Europa y numerosos campos brit\u00e1nicos e Irlandeses han sido su sede: Muirfield (Escocia), Wentworth (Inglaterra), Royal Lytham &amp; St Anne&#8217;s (Inglaterra), Ganton (Inglaterra), Royal Birkdale (Inglaterra), Walton Heath (Inglaterra), The Belfry (Inglaterra), The K Club (Irlanda), The Celtic Manor (Gales) y m\u00e1s recientemente el PGA Centenary Course en Gleneagles (Escocia).<br \/>\nPara organizar un viaje de golf, incluyendo algunos de estos prestigiosos campos, contacte con nosotros para m\u00e1s informaci\u00f3n.\u00a0<\/p>\n<div class=\"one-third first\" style=\"text-align: center;\"><a class=\"button\" href=\"https:\/\/www.golftravellers.com\/es\/contacto\/\">Contacto<\/a><\/div>\n<div class=\"one-third\" style=\"text-align: center;\"><a class=\"button\" href=\"https:\/\/www.golftravellers.com\/es\/contacto\/solicitud-de-llamada\/\">Solicitud de llamada<\/a><\/div>\n<div class=\"one-third\" style=\"text-align: center;\"><a class=\"button\" href=\"https:\/\/www.golftravellers.com\/es\/contacto\/solicitud-de-presupuesto\/\">Solicitud de presupuesto<\/a><\/div>\n","protected":false},"excerpt":{"rendered":"<p>Esta es la mayor competici\u00f3n en el mundo del golf y el tercer acontecimiento deportivo detr\u00e1s de los Juegos Ol\u00edmpicos y el Mundial de f\u00fatbol. Regresa cada cuatro a\u00f1os a Europa y numerosos campos brit\u00e1nicos e Irlandeses han sido su sede: Muirfield (Escocia), Wentworth (Inglaterra), Royal Lytham &amp; St Anne&#8217;s (Inglaterra), Ganton (Inglaterra), Royal Birkdale [&hellip;]<\/p>\n","protected":false},"author":10,"featured_media":14302,"parent":17181,"menu_order":0,"comment_status":"open","ping_status":"open","template":"","meta":{"_genesis_hide_title":false,"_genesis_hide_breadcrumbs":false,"_genesis_hide_singular_image":false,"_genesis_hide_footer_widgets":false,"_genesis_custom_body_class":"","_genesis_custom_post_class":"","_genesis_layout":"full-width-content","footnotes":""},"class_list":{"0":"post-18030","1":"page","2":"type-page","3":"status-publish","4":"has-post-thumbnail","6":"entry"},"_links":{"self":[{"href":"https:\/\/www.golftravellers.com\/es\/wp-json\/wp\/v2\/pages\/18030","targetHints":{"allow":["GET"]}}],"collection":[{"href":"https:\/\/www.golftravellers.com\/es\/wp-json\/wp\/v2\/pages"}],"about":[{"href":"https:\/\/www.golftravellers.com\/es\/wp-json\/wp\/v2\/types\/page"}],"author":[{"embeddable":true,"href":"https:\/\/www.golftravellers.com\/es\/wp-json\/wp\/v2\/users\/10"}],"replies":[{"embeddable":true,"href":"https:\/\/www.golftravellers.com\/es\/wp-json\/wp\/v2\/comments?post=18030"}],"version-history":[{"count":4,"href":"https:\/\/www.golftravellers.com\/es\/wp-json\/wp\/v2\/pages\/18030\/revisions"}],"predecessor-version":[{"id":39761,"href":"https:\/\/www.golftravellers.com\/es\/wp-json\/wp\/v2\/pages\/18030\/revisions\/39761"}],"up":[{"embeddable":true,"href":"https:\/\/www.golftravellers.com\/es\/wp-json\/wp\/v2\/pages\/17181"}],"wp:featuredmedia":[{"embeddable":true,"href":"https:\/\/www.golftravellers.com\/es\/wp-json\/wp\/v2\/media\/14302"}],"wp:attachment":[{"href":"https:\/\/www.golftravellers.com\/es\/wp-json\/wp\/v2\/media?parent=18030"}],"curies":[{"name":"wp","href":"https:\/\/api.w.org\/{rel}","templated":true}]}}