{"id":17912,"date":"2014-04-04T08:36:16","date_gmt":"2014-04-04T07:36:16","guid":{"rendered":"http:\/\/www.golftravellers.com\/torneos\/corporate\/"},"modified":"2017-11-13T10:35:40","modified_gmt":"2017-11-13T10:35:40","slug":"corporate","status":"publish","type":"page","link":"https:\/\/www.golftravellers.com\/es\/torneos\/corporate\/","title":{"rendered":"Golf para empresas"},"content":{"rendered":"<p>No s\u00f3lo somos especialistas en organizar viajes de golf para particulares y grupos, tambi\u00e9n organizamos vajes de golf para empresas, prestando atenci\u00f3n al m\u00e1s m\u00ednimo detalle. Trabajamos con numerosos colaboradores por todo el Reino Unido e Irlanda para ofrecer los mejores vacaciones y eventos de golf.<\/p>\n<p>Estos pa\u00edses son ideales para jugar al golf y cuentan con una infraestructura excelente para alojar conferencias y eventos con las m\u00e1s recientes y modernas tecnolog\u00edas y numerosas actividades de ocio.<\/p>\n<p>Empresas tanto grandes como peque\u00f1as buscan formas de premiar el buen rendimiento de sus empleados o recibir a sus clientes en localizaciones\u00a0\u00fanicas. Seguramente, acompa\u00f1ar de una buena partida de golf estos eventos puede ser el complemento perfecto para impresionar a sus empleados o clientes.\u00a0<\/p>\n<p>Todos los recintos en los que trabajamos poseen lo \u00faltimo en tecnolog\u00eda audiovisual y facilidades de comunicaci\u00f3n globalmente compatibles. Para asesorarle con la planificaci\u00f3n puede contar con los servicios de organizadores profesionales de conferencias, dedicados a asegurarle el \u00e9xito de su evento.\u00a0 \u00a0\u00a0<\/p>\n<p>Algunos de los recintos con los que colaboramos son: Fairmont St Andrews (Escocia), Gleneagles (Escocia), Turnberry (Escocia), K Club (Irlanda) and Portmarnock Hotel (Irlanda).<\/p>\n<p>Contacte con nosotros para m\u00e1s informaci\u00f3n.<\/p>\n<div class=\"one-third first\" style=\"text-align: center;\"><a class=\"button\" href=\"https:\/\/www.golftravellers.com\/es\/contacto\/\">Contacto<\/a><\/div>\n<div class=\"one-third\" style=\"text-align: center;\"><a class=\"button\" href=\"https:\/\/www.golftravellers.com\/contact-us\/call-back-request\/\">Solicitud de llamada<\/a><\/div>\n<div class=\"one-third\" style=\"text-align: center;\"><a class=\"button\" href=\"https:\/\/www.golftravellers.com\/contact-us\/get-a-quote\/\">Solicitud de presupuesto<\/a><\/div>\n","protected":false},"excerpt":{"rendered":"<p>No s\u00f3lo somos especialistas en organizar viajes de golf para particulares y grupos, tambi\u00e9n organizamos vajes de golf para empresas, prestando atenci\u00f3n al m\u00e1s m\u00ednimo detalle. Trabajamos con numerosos colaboradores por todo el Reino Unido e Irlanda para ofrecer los mejores vacaciones y eventos de golf. Estos pa\u00edses son ideales para jugar al golf y [&hellip;]<\/p>\n","protected":false},"author":10,"featured_media":13195,"parent":17181,"menu_order":30,"comment_status":"open","ping_status":"closed","template":"","meta":{"_genesis_hide_title":false,"_genesis_hide_breadcrumbs":false,"_genesis_hide_singular_image":false,"_genesis_hide_footer_widgets":false,"_genesis_custom_body_class":"","_genesis_custom_post_class":"","_genesis_layout":"","footnotes":""},"class_list":{"0":"post-17912","1":"page","2":"type-page","3":"status-publish","4":"has-post-thumbnail","6":"entry"},"_links":{"self":[{"href":"https:\/\/www.golftravellers.com\/es\/wp-json\/wp\/v2\/pages\/17912","targetHints":{"allow":["GET"]}}],"collection":[{"href":"https:\/\/www.golftravellers.com\/es\/wp-json\/wp\/v2\/pages"}],"about":[{"href":"https:\/\/www.golftravellers.com\/es\/wp-json\/wp\/v2\/types\/page"}],"author":[{"embeddable":true,"href":"https:\/\/www.golftravellers.com\/es\/wp-json\/wp\/v2\/users\/10"}],"replies":[{"embeddable":true,"href":"https:\/\/www.golftravellers.com\/es\/wp-json\/wp\/v2\/comments?post=17912"}],"version-history":[{"count":4,"href":"https:\/\/www.golftravellers.com\/es\/wp-json\/wp\/v2\/pages\/17912\/revisions"}],"predecessor-version":[{"id":39777,"href":"https:\/\/www.golftravellers.com\/es\/wp-json\/wp\/v2\/pages\/17912\/revisions\/39777"}],"up":[{"embeddable":true,"href":"https:\/\/www.golftravellers.com\/es\/wp-json\/wp\/v2\/pages\/17181"}],"wp:featuredmedia":[{"embeddable":true,"href":"https:\/\/www.golftravellers.com\/es\/wp-json\/wp\/v2\/media\/13195"}],"wp:attachment":[{"href":"https:\/\/www.golftravellers.com\/es\/wp-json\/wp\/v2\/media?parent=17912"}],"curies":[{"name":"wp","href":"https:\/\/api.w.org\/{rel}","templated":true}]}}