{"id":17853,"date":"2014-04-04T08:00:00","date_gmt":"2014-04-04T07:00:00","guid":{"rendered":"http:\/\/www.golftravellers.com\/quienes-somos\/what-we-do\/"},"modified":"2017-11-17T09:13:45","modified_gmt":"2017-11-17T09:13:45","slug":"lo-que-hacemos","status":"publish","type":"page","link":"https:\/\/www.golftravellers.com\/es\/quienes-somos\/lo-que-hacemos\/","title":{"rendered":"Lo que hacemos"},"content":{"rendered":"<p align=\"justify\">Somos una operadora de tours de golf reconocida, una agencia de viajes que se especializa en el golf, con destinos por todo el Reino Unido e Irlanda, para particulares o grupos de cualquier tama\u00f1o. Aseguramos la m\u00e1s alta calidad en cada aspecto de nuestro trabajo, de manera que\u00a0 podamos brindarle un viaje que sobrepase sus expectativas.<\/p>\n<p align=\"justify\">Cada campo de golf, cada actividad, cada hotel y cada modo de transporte ha sido seleccionado cuidadosamente por nuestro equipo, garantiz\u00e1ndole una experiencia maravillosa a todos nuestros clientes. Trabajamos con golfistas de todos los niveles y organizamos vacaciones seg\u00fan los intereses, el presupuesto y la disponibilidad de cada cliente. Permita que nuestra p\u00e1gina de paquetes le inspire.<\/p>\n<p align=\"justify\">Al igual que ofrecemos experiencias personalizadas, le ofrecemos a nuestros clientes la oportunidad de participar en torneos de\u00a0Pro-Am\u00a0y de amateurs.<\/p>\n<p class=\"p1\"><span class=\"s1\">Tambi\u00e9n\u00a0 ofrecemos a adultos y estudiantes (mayores de 18 a\u00f1os) la oportunidad de\u00a0<\/span>estudiar ingl\u00e9s en Saint Andrews\u00a0y de\u00a0aprender a jugar golf\u00a0en la prestigiosa Saint Andrews Links Golf Academy, brindando una experiencia educativa \u00fanica. Asimismo, ofrecemos\u00a0campamentos de golf en Saint Andrews\u00a0para j\u00f3venes entre 12 y 18 a\u00f1os de edad. Consulte nuestra p\u00e1gina para obtener mas\u00a0informaci\u00f3n.<\/p>\n<p align=\"justify\">Si desea un tour por Saint Andrews o, bien, por Escocia, recomendamos que haga uso de nuestro minibus con conductor para que pueda viajar c\u00f3modamente.\u00a0<\/p>\n<p>Creemos que todo golfista debe viajar al Reino Unido e Irlanda por lo menos una vez en la vida para poder disfrutar del golf en su regi\u00f3n de origen.<\/p>\n<p>Si el golf no es lo que le interesa, tambi\u00e9n podemos ayudarle en la organizaci\u00f3n de su viaje por nuestros destinos con el fin de brindarle la vacaciones ideales.<\/p>\n<p>Contacte con nosotros\u00a0para explicarnos sus necesidades y solicite una\u00a0<a title=\"Get a Quote\" href=\"https:\/\/www.golftravellers.com\/contact-us\/get-a-quote\/\">propuesta de viaje gratuita.<\/a><\/p>\n<div class=\"one-third first\" style=\"text-align: center;\"><a class=\"button\" href=\"https:\/\/www.golftravellers.com\/es\/destinos\/\">Destinos<\/a><\/div>\n<div class=\"one-third\" style=\"text-align: center;\"><a class=\"button\" href=\"https:\/\/www.golftravellers.com\/contact-us\/call-back-request\/\">Solicitud de llamada<\/a><\/div>\n<div class=\"one-third\" style=\"text-align: center;\"><a class=\"button\" href=\"https:\/\/www.golftravellers.com\/contact-us\/get-a-quote\/\">Solicitud de presupuesto<\/a><\/div>\n","protected":false},"excerpt":{"rendered":"<p>Somos una operadora de tours de golf reconocida, una agencia de viajes que se especializa en el golf, con destinos por todo el Reino Unido e Irlanda, para particulares o grupos de cualquier tama\u00f1o. Aseguramos la m\u00e1s alta calidad en cada aspecto de nuestro trabajo, de manera que\u00a0 podamos brindarle un viaje que sobrepase sus [&hellip;]<\/p>\n","protected":false},"author":10,"featured_media":9095,"parent":17186,"menu_order":20,"comment_status":"open","ping_status":"closed","template":"","meta":{"_genesis_hide_title":false,"_genesis_hide_breadcrumbs":false,"_genesis_hide_singular_image":false,"_genesis_hide_footer_widgets":false,"_genesis_custom_body_class":"","_genesis_custom_post_class":"","_genesis_layout":"","footnotes":""},"class_list":{"0":"post-17853","1":"page","2":"type-page","3":"status-publish","4":"has-post-thumbnail","6":"entry"},"_links":{"self":[{"href":"https:\/\/www.golftravellers.com\/es\/wp-json\/wp\/v2\/pages\/17853","targetHints":{"allow":["GET"]}}],"collection":[{"href":"https:\/\/www.golftravellers.com\/es\/wp-json\/wp\/v2\/pages"}],"about":[{"href":"https:\/\/www.golftravellers.com\/es\/wp-json\/wp\/v2\/types\/page"}],"author":[{"embeddable":true,"href":"https:\/\/www.golftravellers.com\/es\/wp-json\/wp\/v2\/users\/10"}],"replies":[{"embeddable":true,"href":"https:\/\/www.golftravellers.com\/es\/wp-json\/wp\/v2\/comments?post=17853"}],"version-history":[{"count":9,"href":"https:\/\/www.golftravellers.com\/es\/wp-json\/wp\/v2\/pages\/17853\/revisions"}],"predecessor-version":[{"id":40076,"href":"https:\/\/www.golftravellers.com\/es\/wp-json\/wp\/v2\/pages\/17853\/revisions\/40076"}],"up":[{"embeddable":true,"href":"https:\/\/www.golftravellers.com\/es\/wp-json\/wp\/v2\/pages\/17186"}],"wp:featuredmedia":[{"embeddable":true,"href":"https:\/\/www.golftravellers.com\/es\/wp-json\/wp\/v2\/media\/9095"}],"wp:attachment":[{"href":"https:\/\/www.golftravellers.com\/es\/wp-json\/wp\/v2\/media?parent=17853"}],"curies":[{"name":"wp","href":"https:\/\/api.w.org\/{rel}","templated":true}]}}