{"id":17805,"date":"2014-11-24T01:41:23","date_gmt":"2014-11-24T01:41:23","guid":{"rendered":"http:\/\/www.golftravellers.com\/quienes-somos\/unser-golf-team\/"},"modified":"2017-11-13T11:32:12","modified_gmt":"2017-11-13T11:32:12","slug":"nuestro-equipo","status":"publish","type":"page","link":"https:\/\/www.golftravellers.com\/es\/quienes-somos\/nuestro-equipo\/","title":{"rendered":"Nuestro Equipo"},"content":{"rendered":"<p>Nuestro equipo internacional habla siete idiomas (ingl\u00e9s, franc\u00e9s, alem\u00e1n, espa\u00f1ol, portugu\u00e9s, dan\u00e9s y sueco) y se compromete en brindar el mejor apoyo y servicio a todos nuestros clientes.<\/p>\n<p><b>Personal:<\/b><\/p>\n<p><span style=\"text-decoration: underline; font-size: 12pt;\">Rapha\u00ebl M\u00e9tayer (director\u00a0general)<\/span><br \/>\n <img loading=\"lazy\" decoding=\"async\" class=\"alignleft wp-image-15554 size-full\" src=\"http:\/\/www.golftravellers.com\/wp-content\/uploads\/2014\/04\/Raphael-metayer-at-old-course.jpg\" alt=\"Raphael Metayer\" width=\"150\" height=\"150\" \/><span class=\"s1\">El franc\u00e9s Rapha\u00ebl es el fundador de Golf Travellers (antes conocido como Saint Andrews Golf Experience), y trabaja personalmente con todas las cuestiones francesas de la compa\u00f1\u00eda. Rapha\u00ebl ha sido un apasionado del golf desde su ni\u00f1ez, por lo que siempre se sinti\u00f3 unido a Escocia. Rapha\u00ebl dej\u00f3 Francia en 2003 para estudiar administraci\u00f3n de golf en Dornoch, y desde entonces no ha dejado Escocia. Trabaj\u00f3 como administrador de operaciones en Spey Valley y fund\u00f3 su compa\u00f1\u00eda en Saint Andrews en 2008. Rapha\u00ebl tiene un gran conocimiento de la industria del golf en el Reino Unido e Irlanda. Cuando tiene tiempo juega al golf (cuenta con un handicap de 2) y es miembro del Club de Golf de Saint Andrews.<\/span>\u00a0<\/p>\n<p>&nbsp;<\/p>\n<p><span style=\"text-decoration: underline; font-size: 12pt;\">Carina Neubert Favero (gerente de\u00a0proyectos)<\/span><br \/>\n <img loading=\"lazy\" decoding=\"async\" class=\"alignleft size-full wp-image-15538\" src=\"http:\/\/www.golftravellers.com\/wp-content\/uploads\/2014\/04\/Carina-neubert-favero-psybt-awards.jpg\" alt=\"Carina Neubert Favero\" width=\"150\" height=\"150\" \/>Carina es brasile\u00f1a y alemana y tiene gran experiencia en la administraci\u00f3n de eventos. Complet\u00f3 sus estudios en Suiza y trabaj\u00f3 en el Fairmont St Andrews, hotel de 5 estrellas. Carina es la responsable de los itinerarios y reservas, asegur\u00e1ndose siempre de que su viaje de golf sobrepase sus expectativas. Carina es muy organizada y le apasiona el turismo, sobre todo cuando puede viajar y disfrutar del mejor desayuno de Escocia, para ella en Turnberry.<\/p>\n<p>&nbsp;<\/p>\n<p>&nbsp;<\/p>\n<p><span style=\"text-decoration: underline;\"><span style=\"font-size: 12pt;\">Jeppe Dalgaard Balle (representativo en Escandinavia)<\/span><br \/>\n <img loading=\"lazy\" decoding=\"async\" class=\"alignleft wp-image-15521 size-full\" src=\"http:\/\/www.golftravellers.com\/wp-content\/uploads\/2014\/04\/jeppe-dalgaard-balle1.jpg\" alt=\"Jeppe Dalbaard Balle\" width=\"150\" height=\"150\" \/><\/span>Jeppe es dan\u00e9s y representa a nuestros clientes de Dinamarca, Suecia y Noruega. A Jeppe le apasiona el golf y la vida de costa. Jeppe vivi\u00f3 cuatro a\u00f1os en Saint Andrews, trabajando para la universidad de Saint Andrews como bi\u00f3logo marino. Jeppe conoce muy bien el pa\u00eds de Escocia y siendo miembro del club de golf de Saint Andrews, viene al pueblo una vez al a\u00f1o para jugar y visitar a sus amigos.<\/p>\n<p>&nbsp;<\/p>\n<p>&nbsp;<\/p>\n<p><span style=\"text-decoration: underline; font-size: 12pt;\">Clementine Petitjean (asistente de marketing)<\/span><br \/>\n <img loading=\"lazy\" decoding=\"async\" class=\"alignleft size-full wp-image-15594\" src=\"http:\/\/www.golftravellers.com\/wp-content\/uploads\/2014\/04\/clementine-petitjean.jpg\" alt=\"Clementine Petitjean\" width=\"150\" height=\"150\" \/>Clementine es francesa y le apasiona el golf. Ella es la responsable del trabajo de marketing, incluyendo los medios sociales. Clementine estudi\u00f3 administraci\u00f3n de deportes en Francia y tiene mucha experiencia en la industria del golf, incluso ha participado con la Federaci\u00f3n Francesa de Golf.<\/p>\n<p>&nbsp;<\/p>\n<p>&nbsp;<\/p>\n<p><span style=\"font-size: 12pt; text-decoration-line: underline;\"><br \/>\nBruce Gillan (conductor)<\/span><\/p>\n<p><a href=\"http:\/\/www.golftravellers.com\/wp-content\/uploads\/2014\/12\/Bruce-2.jpg\"><img loading=\"lazy\" decoding=\"async\" class=\"alignleft wp-image-24953 size-thumbnail\" src=\"http:\/\/www.golftravellers.com\/wp-content\/uploads\/2014\/12\/Bruce-2-150x150.jpg\" alt=\"Bruce 2\" width=\"150\" height=\"150\" \/><\/a>Es probable que Bruce sea la primera persona con la que tome el primer contacto cuando llegue a Escocia. Es muy eficiente, puntual y tiene un gran conocimiento acerca de su pa\u00eds, Escocia. Bruce tiene mucha experiencia en la ganader\u00eda, ya que se especializa en la cr\u00eda org\u00e1nica del cordero, as\u00ed que si\u00e9ntase libre de preguntarle sobre esta industria cuando vaya de ida a su pr\u00f3xima partida de golf.<\/p>\n<p>&nbsp;<\/p>\n<p>&nbsp;<\/p>\n<p><span style=\"text-decoration: underline; font-size: 12pt;\">Yogui (Mascota de Golf Travellers)<\/span><br \/>\n <img loading=\"lazy\" decoding=\"async\" class=\"alignleft size-full wp-image-15546\" src=\"http:\/\/www.golftravellers.com\/wp-content\/uploads\/2014\/04\/yogi-mascot.jpg\" alt=\"Yogi our Mascot\" width=\"150\" height=\"150\" \/>Yogui es la mascota oficial de Golf Travellers. Es un labrador cari\u00f1oso y muy divertido. Disfruta mucho de sus siestas, las caricias de sus compa\u00f1eros y se asegura de que el equipo pueda divertirse en el jard\u00edn de vez en cuando.<\/p>\n","protected":false},"excerpt":{"rendered":"<p>Nuestro equipo internacional habla siete idiomas (ingl\u00e9s, franc\u00e9s, alem\u00e1n, espa\u00f1ol, portugu\u00e9s, dan\u00e9s y sueco) y se compromete en brindar el mejor apoyo y servicio a todos nuestros clientes. Personal: Rapha\u00ebl M\u00e9tayer (director\u00a0general) El franc\u00e9s Rapha\u00ebl es el fundador de Golf Travellers (antes conocido como Saint Andrews Golf Experience), y trabaja personalmente con todas las cuestiones [&hellip;]<\/p>\n","protected":false},"author":10,"featured_media":0,"parent":17186,"menu_order":10,"comment_status":"open","ping_status":"closed","template":"","meta":{"_genesis_hide_title":false,"_genesis_hide_breadcrumbs":false,"_genesis_hide_singular_image":false,"_genesis_hide_footer_widgets":false,"_genesis_custom_body_class":"","_genesis_custom_post_class":"","_genesis_layout":"","footnotes":""},"class_list":{"0":"post-17805","1":"page","2":"type-page","3":"status-publish","5":"entry"},"_links":{"self":[{"href":"https:\/\/www.golftravellers.com\/es\/wp-json\/wp\/v2\/pages\/17805","targetHints":{"allow":["GET"]}}],"collection":[{"href":"https:\/\/www.golftravellers.com\/es\/wp-json\/wp\/v2\/pages"}],"about":[{"href":"https:\/\/www.golftravellers.com\/es\/wp-json\/wp\/v2\/types\/page"}],"author":[{"embeddable":true,"href":"https:\/\/www.golftravellers.com\/es\/wp-json\/wp\/v2\/users\/10"}],"replies":[{"embeddable":true,"href":"https:\/\/www.golftravellers.com\/es\/wp-json\/wp\/v2\/comments?post=17805"}],"version-history":[{"count":12,"href":"https:\/\/www.golftravellers.com\/es\/wp-json\/wp\/v2\/pages\/17805\/revisions"}],"predecessor-version":[{"id":39783,"href":"https:\/\/www.golftravellers.com\/es\/wp-json\/wp\/v2\/pages\/17805\/revisions\/39783"}],"up":[{"embeddable":true,"href":"https:\/\/www.golftravellers.com\/es\/wp-json\/wp\/v2\/pages\/17186"}],"wp:attachment":[{"href":"https:\/\/www.golftravellers.com\/es\/wp-json\/wp\/v2\/media?parent=17805"}],"curies":[{"name":"wp","href":"https:\/\/api.w.org\/{rel}","templated":true}]}}