{"id":17186,"date":"2014-04-04T07:59:11","date_gmt":"2014-04-04T06:59:11","guid":{"rendered":"http:\/\/www.golftravellers.com\/about-us-2\/"},"modified":"2017-11-14T10:40:36","modified_gmt":"2017-11-14T10:40:36","slug":"quienes-somos","status":"publish","type":"page","link":"https:\/\/www.golftravellers.com\/es\/quienes-somos\/","title":{"rendered":"Qui\u00e9nes somos"},"content":{"rendered":"<p>Golf Travellers (antes conocidos como\u00a0St Andrews Golf Experience) es una reconocida agencia de tours de golf basada en St Andrews, Escocia. Nuestra misi\u00f3n es brindar vacaciones de golf inolvidables.<\/p>\n<p>Somos miembros de la Asociaci\u00f3n internacional de operadores de tours de golf y de Golf Tourism Scotland (Turismo de golf escoc\u00e9s). Nos comprometemos a ofrecerle los mejores tours de golf, el nivel m\u00e1s alto de atenci\u00f3n y servicio, el mejor precio y la m\u00e1s alta seguridad financiera a trav\u00e9s de nuestra aseguradora, Towergate Chapman Stevens.<\/p>\n<p>La calidad de nuestro trabajo se refleja en los reconocimientos que hemos recibido. Entre estos est\u00e1n:<\/p>\n<ul>\n<li>La mejor compa\u00f1\u00eda de turismo seg\u00fan los Fife Business Awards de 2012<\/li>\n<li>Los mejores empresarios j\u00f3venes de Escocia en 2010<\/li>\n<li>Ganador del premio de negocios regionales en la premios PSYBT en 2010<\/li>\n<li>Mayor impacto econ\u00f3mico a nivel de la comunidad seg\u00fan los Travel and Tourism Awards de 2010<\/li>\n<\/ul>\n<p>A continuaci\u00f3n podr\u00e1 descubrir m\u00e1s sobre lo que hacemos.\u00a0<a title=\"Contact Us\" href=\"https:\/\/www.golftravellers.com\/es\/contacto\/\">Cont\u00e1ctenos<\/a>\u00a0para obtener una propuesta personalizada gratuita de su tour de golf.<\/p>\n<section>\n<div class=\"one-third first\">\n<h4 style=\"text-align: center; padding: 25px 0 0 0;\">~ NUESTRO EQUIPO ~<\/h4>\n<p><a class=\"destinations\" href=\"https:\/\/www.golftravellers.com\/about-us\/our-golf-team\/\"><img loading=\"lazy\" decoding=\"async\" class=\"alignnone wp-image-13691 size-full\" title=\"Click to meet our team\" src=\"http:\/\/www.golftravellers.com\/wp-content\/uploads\/2014\/04\/about-us-what-we-do.jpg\" alt=\"\" width=\"380\" height=\"380\" srcset=\"https:\/\/www.golftravellers.com\/wp-content\/uploads\/2014\/04\/about-us-what-we-do.jpg 380w, https:\/\/www.golftravellers.com\/wp-content\/uploads\/2014\/04\/about-us-what-we-do-150x150.jpg 150w, https:\/\/www.golftravellers.com\/wp-content\/uploads\/2014\/04\/about-us-what-we-do-300x300.jpg 300w\" sizes=\"auto, (max-width: 380px) 100vw, 380px\" \/><\/a><\/p>\n<\/div>\n<div class=\"one-third\">\n<h4 style=\"text-align: center; padding: 25px 0 0 0;\">~ LO QUE HACEMOS\u00a0~<\/h4>\n<p><a class=\"destinations\" href=\"https:\/\/www.golftravellers.com\/about-us\/what-we-do\/\"><img loading=\"lazy\" decoding=\"async\" class=\"alignnone wp-image-13691 size-full\" title=\"Click to find out what we do\" src=\"http:\/\/www.golftravellers.com\/wp-content\/uploads\/2014\/04\/about-us-what-we-do.jpg\" alt=\"\" width=\"380\" height=\"380\" srcset=\"https:\/\/www.golftravellers.com\/wp-content\/uploads\/2014\/04\/about-us-what-we-do.jpg 380w, https:\/\/www.golftravellers.com\/wp-content\/uploads\/2014\/04\/about-us-what-we-do-150x150.jpg 150w, https:\/\/www.golftravellers.com\/wp-content\/uploads\/2014\/04\/about-us-what-we-do-300x300.jpg 300w\" sizes=\"auto, (max-width: 380px) 100vw, 380px\" \/><\/a><\/p>\n<\/div>\n<div class=\"one-third\">\n<h4 style=\"text-align: center; padding: 25px 0 0 0;\">~ TESTIMONIOS DE VIAJE ~<\/h4>\n<p><a class=\"destinations\" href=\"https:\/\/www.golftravellers.com\/es\/category\/testimonios-de-viaje\/\"><img loading=\"lazy\" decoding=\"async\" class=\"alignnone wp-image-13682 size-full\" title=\"Click to read testimonials\" src=\"http:\/\/www.golftravellers.com\/wp-content\/uploads\/2014\/04\/about-us-testimonials.jpg\" alt=\"\" width=\"380\" height=\"380\" srcset=\"https:\/\/www.golftravellers.com\/wp-content\/uploads\/2014\/04\/about-us-testimonials.jpg 380w, https:\/\/www.golftravellers.com\/wp-content\/uploads\/2014\/04\/about-us-testimonials-150x150.jpg 150w, https:\/\/www.golftravellers.com\/wp-content\/uploads\/2014\/04\/about-us-testimonials-300x300.jpg 300w\" sizes=\"auto, (max-width: 380px) 100vw, 380px\" \/><\/a><\/p>\n<\/div>\n<\/section>\n<section>\n<div class=\"one-third first\">\n<h4 style=\"text-align: center; padding: 25px 0 0 0;\">~ GREGORY HAVRET ~<\/h4>\n<p><a class=\"destinations\" href=\"https:\/\/www.golftravellers.com\/gregory-havret-support\/\"><img loading=\"lazy\" decoding=\"async\" class=\"alignnone wp-image-13661 size-full\" title=\"Click for the support of Gregory Havret\" src=\"http:\/\/www.golftravellers.com\/wp-content\/uploads\/2014\/04\/about-us-gregory-havret.jpg\" alt=\"\" width=\"380\" height=\"380\" srcset=\"https:\/\/www.golftravellers.com\/wp-content\/uploads\/2014\/04\/about-us-gregory-havret.jpg 380w, https:\/\/www.golftravellers.com\/wp-content\/uploads\/2014\/04\/about-us-gregory-havret-150x150.jpg 150w, https:\/\/www.golftravellers.com\/wp-content\/uploads\/2014\/04\/about-us-gregory-havret-300x300.jpg 300w\" sizes=\"auto, (max-width: 380px) 100vw, 380px\" \/><\/a><\/p>\n<\/div>\n<div class=\"one-third\">\n<h4 style=\"text-align: center; padding: 25px 0 0 0;\">~ NUESTRO BLOG\u00a0~<\/h4>\n<p><a class=\"destinations\" href=\"https:\/\/www.golftravellers.com\/golf-stories-blog\/\"><img loading=\"lazy\" decoding=\"async\" class=\"alignnone wp-image-13669 size-full\" title=\"Click for our Blog\" src=\"http:\/\/www.golftravellers.com\/wp-content\/uploads\/2014\/04\/about-us-blog.jpg\" alt=\"\" width=\"380\" height=\"380\" srcset=\"https:\/\/www.golftravellers.com\/wp-content\/uploads\/2014\/04\/about-us-blog.jpg 380w, https:\/\/www.golftravellers.com\/wp-content\/uploads\/2014\/04\/about-us-blog-150x150.jpg 150w, https:\/\/www.golftravellers.com\/wp-content\/uploads\/2014\/04\/about-us-blog-300x300.jpg 300w\" sizes=\"auto, (max-width: 380px) 100vw, 380px\" \/><\/a><\/p>\n<\/div>\n<\/section>\n","protected":false},"excerpt":{"rendered":"<p>Golf Travellers (antes conocidos como\u00a0St Andrews Golf Experience) es una reconocida agencia de tours de golf basada en St Andrews, Escocia. Nuestra misi\u00f3n es brindar vacaciones de golf inolvidables. Somos miembros de la Asociaci\u00f3n internacional de operadores de tours de golf y de Golf Tourism Scotland (Turismo de golf escoc\u00e9s). Nos comprometemos a ofrecerle los [&hellip;]<\/p>\n","protected":false},"author":10,"featured_media":9086,"parent":0,"menu_order":10,"comment_status":"open","ping_status":"closed","template":"","meta":{"_genesis_hide_title":false,"_genesis_hide_breadcrumbs":false,"_genesis_hide_singular_image":false,"_genesis_hide_footer_widgets":false,"_genesis_custom_body_class":"","_genesis_custom_post_class":"","_genesis_layout":"full-width-content","footnotes":""},"class_list":{"0":"post-17186","1":"page","2":"type-page","3":"status-publish","4":"has-post-thumbnail","6":"entry"},"_links":{"self":[{"href":"https:\/\/www.golftravellers.com\/es\/wp-json\/wp\/v2\/pages\/17186","targetHints":{"allow":["GET"]}}],"collection":[{"href":"https:\/\/www.golftravellers.com\/es\/wp-json\/wp\/v2\/pages"}],"about":[{"href":"https:\/\/www.golftravellers.com\/es\/wp-json\/wp\/v2\/types\/page"}],"author":[{"embeddable":true,"href":"https:\/\/www.golftravellers.com\/es\/wp-json\/wp\/v2\/users\/10"}],"replies":[{"embeddable":true,"href":"https:\/\/www.golftravellers.com\/es\/wp-json\/wp\/v2\/comments?post=17186"}],"version-history":[{"count":6,"href":"https:\/\/www.golftravellers.com\/es\/wp-json\/wp\/v2\/pages\/17186\/revisions"}],"predecessor-version":[{"id":39825,"href":"https:\/\/www.golftravellers.com\/es\/wp-json\/wp\/v2\/pages\/17186\/revisions\/39825"}],"wp:featuredmedia":[{"embeddable":true,"href":"https:\/\/www.golftravellers.com\/es\/wp-json\/wp\/v2\/media\/9086"}],"wp:attachment":[{"href":"https:\/\/www.golftravellers.com\/es\/wp-json\/wp\/v2\/media?parent=17186"}],"curies":[{"name":"wp","href":"https:\/\/api.w.org\/{rel}","templated":true}]}}