{"id":17181,"date":"2014-04-04T08:35:27","date_gmt":"2014-04-04T07:35:27","guid":{"rendered":"http:\/\/www.golftravellers.com\/events-2\/"},"modified":"2018-01-06T18:07:30","modified_gmt":"2018-01-06T18:07:30","slug":"torneos","status":"publish","type":"page","link":"https:\/\/www.golftravellers.com\/es\/torneos\/","title":{"rendered":"Torneos"},"content":{"rendered":"<p>Le ofrecemos la oportunidad de participar en torneos para participantes de cualquier nivel en todos nuestros destinos, as\u00ed como la oportunidad de asistir a los torneos de golf mas destacados del mundo. Los torneos corporativos pueden ser personalizados seg\u00fan las necesidades de cualquier compa\u00f1\u00eda.\u00a0Seleccione una de las siguientes opciones para descubrir m\u00e1s.<\/p>\n<section>\n<div class=\"one-third first\">\n<h4 style=\"text-align: center; padding: 45px 0 0 0;\">~ COMPETICIONES ~<\/h4>\n<p><a class=\"destinations\" href=\"https:\/\/www.golftravellers.com\/events\/amateur-competitions\/\"><img loading=\"lazy\" decoding=\"async\" class=\"alignnone wp-image-13368 size-full\" title=\"Click for Amateur Competitions\" src=\"https:\/\/www.golftravellers.com\/wp-content\/uploads\/2014\/04\/events-amateur-golf-competitions.jpg\" alt=\"\" width=\"380\" height=\"380\" srcset=\"https:\/\/www.golftravellers.com\/wp-content\/uploads\/2014\/04\/events-amateur-golf-competitions.jpg 380w, https:\/\/www.golftravellers.com\/wp-content\/uploads\/2014\/04\/events-amateur-golf-competitions-150x150.jpg 150w, https:\/\/www.golftravellers.com\/wp-content\/uploads\/2014\/04\/events-amateur-golf-competitions-300x300.jpg 300w\" sizes=\"auto, (max-width: 380px) 100vw, 380px\" \/><\/a><\/p>\n<\/div>\n<div class=\"one-third\">\n<h4 style=\"text-align: center; padding: 45px 0 0 0;\">~ TORNEOS PRO-AM ~<\/h4>\n<p><a class=\"destinations\" href=\"https:\/\/www.golftravellers.com\/events\/pro-am\/\"><img loading=\"lazy\" decoding=\"async\" class=\"alignnone wp-image-13350 size-full\" title=\"Click for Pro Am\" src=\"https:\/\/www.golftravellers.com\/wp-content\/uploads\/2014\/04\/events-pro-am.jpg\" alt=\"\" width=\"380\" height=\"380\" srcset=\"https:\/\/www.golftravellers.com\/wp-content\/uploads\/2014\/04\/events-pro-am.jpg 380w, https:\/\/www.golftravellers.com\/wp-content\/uploads\/2014\/04\/events-pro-am-150x150.jpg 150w, https:\/\/www.golftravellers.com\/wp-content\/uploads\/2014\/04\/events-pro-am-300x300.jpg 300w\" sizes=\"auto, (max-width: 380px) 100vw, 380px\" \/><\/a><\/p>\n<\/div>\n<div class=\"one-third\">\n<h4 style=\"text-align: center; padding: 45px 0 0 0;\">~ BRITISH OPEN ~<\/h4>\n<p><a class=\"destinations\" href=\"https:\/\/www.golfenescocia.com\/open-britanico-2018-en-carnoustie\/\" target=\"_blank\" rel=\"noopener\"><img loading=\"lazy\" decoding=\"async\" class=\"alignnone wp-image-13341 size-full\" title=\"Click for British Open\" src=\"https:\/\/www.golftravellers.com\/wp-content\/uploads\/2014\/04\/events-2015-british-open.jpg\" alt=\"\" width=\"380\" height=\"380\" srcset=\"https:\/\/www.golftravellers.com\/wp-content\/uploads\/2014\/04\/events-2015-british-open.jpg 380w, https:\/\/www.golftravellers.com\/wp-content\/uploads\/2014\/04\/events-2015-british-open-150x150.jpg 150w, https:\/\/www.golftravellers.com\/wp-content\/uploads\/2014\/04\/events-2015-british-open-300x300.jpg 300w\" sizes=\"auto, (max-width: 380px) 100vw, 380px\" \/><\/a><\/p>\n<\/div>\n<\/section>\n<section>\n<div class=\"one-third first\">\n<h4 style=\"text-align: center; padding: 45px 0 0 0;\">~ RYDER CUP ~<\/h4>\n<p><a class=\"destinations\" href=\"https:\/\/www.golftravellers.com\/events\/the-ryder-cup\/\"><img loading=\"lazy\" decoding=\"async\" class=\"alignnone wp-image-13332 size-full\" title=\"Click for Ryder Cup\" src=\"https:\/\/www.golftravellers.com\/wp-content\/uploads\/2014\/04\/events-ryder-cup.jpg\" alt=\"\" width=\"380\" height=\"380\" srcset=\"https:\/\/www.golftravellers.com\/wp-content\/uploads\/2014\/04\/events-ryder-cup.jpg 380w, https:\/\/www.golftravellers.com\/wp-content\/uploads\/2014\/04\/events-ryder-cup-150x150.jpg 150w, https:\/\/www.golftravellers.com\/wp-content\/uploads\/2014\/04\/events-ryder-cup-300x300.jpg 300w\" sizes=\"auto, (max-width: 380px) 100vw, 380px\" \/><\/a><\/p>\n<\/div>\n<div class=\"one-third\">\n<h4 style=\"text-align: center; padding: 45px 0 0 0;\">~ TORNEOS CORPORATIVOS\u00a0~<\/h4>\n<p><a class=\"destinations\" href=\"https:\/\/www.golftravellers.com\/events\/corporate\/\"><img loading=\"lazy\" decoding=\"async\" class=\"alignnone wp-image-13359 size-full\" title=\"Click for Corporate\" src=\"https:\/\/www.golftravellers.com\/wp-content\/uploads\/2014\/04\/events-corporate.jpg\" alt=\"\" width=\"380\" height=\"380\" srcset=\"https:\/\/www.golftravellers.com\/wp-content\/uploads\/2014\/04\/events-corporate.jpg 380w, https:\/\/www.golftravellers.com\/wp-content\/uploads\/2014\/04\/events-corporate-150x150.jpg 150w, https:\/\/www.golftravellers.com\/wp-content\/uploads\/2014\/04\/events-corporate-300x300.jpg 300w\" sizes=\"auto, (max-width: 380px) 100vw, 380px\" \/><\/a><\/p>\n<\/div>\n<\/section>\n","protected":false},"excerpt":{"rendered":"<p>Le ofrecemos la oportunidad de participar en torneos para participantes de cualquier nivel en todos nuestros destinos, as\u00ed como la oportunidad de asistir a los torneos de golf mas destacados del mundo. Los torneos corporativos pueden ser personalizados seg\u00fan las necesidades de cualquier compa\u00f1\u00eda.\u00a0Seleccione una de las siguientes opciones para descubrir m\u00e1s. ~ COMPETICIONES ~ [&hellip;]<\/p>\n","protected":false},"author":10,"featured_media":13198,"parent":0,"menu_order":30,"comment_status":"open","ping_status":"closed","template":"","meta":{"_genesis_hide_title":false,"_genesis_hide_breadcrumbs":false,"_genesis_hide_singular_image":false,"_genesis_hide_footer_widgets":false,"_genesis_custom_body_class":"","_genesis_custom_post_class":"","_genesis_layout":"","footnotes":""},"class_list":{"0":"post-17181","1":"page","2":"type-page","3":"status-publish","4":"has-post-thumbnail","6":"entry"},"_links":{"self":[{"href":"https:\/\/www.golftravellers.com\/es\/wp-json\/wp\/v2\/pages\/17181","targetHints":{"allow":["GET"]}}],"collection":[{"href":"https:\/\/www.golftravellers.com\/es\/wp-json\/wp\/v2\/pages"}],"about":[{"href":"https:\/\/www.golftravellers.com\/es\/wp-json\/wp\/v2\/types\/page"}],"author":[{"embeddable":true,"href":"https:\/\/www.golftravellers.com\/es\/wp-json\/wp\/v2\/users\/10"}],"replies":[{"embeddable":true,"href":"https:\/\/www.golftravellers.com\/es\/wp-json\/wp\/v2\/comments?post=17181"}],"version-history":[{"count":10,"href":"https:\/\/www.golftravellers.com\/es\/wp-json\/wp\/v2\/pages\/17181\/revisions"}],"predecessor-version":[{"id":40424,"href":"https:\/\/www.golftravellers.com\/es\/wp-json\/wp\/v2\/pages\/17181\/revisions\/40424"}],"wp:featuredmedia":[{"embeddable":true,"href":"https:\/\/www.golftravellers.com\/es\/wp-json\/wp\/v2\/media\/13198"}],"wp:attachment":[{"href":"https:\/\/www.golftravellers.com\/es\/wp-json\/wp\/v2\/media?parent=17181"}],"curies":[{"name":"wp","href":"https:\/\/api.w.org\/{rel}","templated":true}]}}