{"id":17177,"date":"2014-09-21T19:50:59","date_gmt":"2014-09-21T18:50:59","guid":{"rendered":"http:\/\/www.golftravellers.com\/coaching-2\/"},"modified":"2018-01-06T18:08:09","modified_gmt":"2018-01-06T18:08:09","slug":"entrenamiento","status":"publish","type":"page","link":"https:\/\/www.golftravellers.com\/es\/entrenamiento\/","title":{"rendered":"Entrenamiento"},"content":{"rendered":"<p>Ofrecemos paquetes de\u00a0clases de golf, \u00a0programas de ingl\u00e9s y golf,\u00a0\u00a0y un campamento de golf en Saint Andrews, Escocia. Estos programas pueden ser personalizados a su gusto y seg\u00fan sus intereses y necesidades. Seleccione una de las siguientes opciones para descubrir m\u00e1s.<\/p>\n<div class=\"one-third first\">\n<h4 style=\"text-align: center; padding: 25px 0 0 0;\">~ CLASES DE GOLF ~<\/h4>\n<p><a class=\"destinations\" href=\"https:\/\/www.golftravellers.com\/coaching\/golf-lessons-st-andrews\/\"><img loading=\"lazy\" decoding=\"async\" class=\"alignnone wp-image-13377 size-full\" title=\"Click for Golf Lessons\" src=\"https:\/\/www.golftravellers.com\/wp-content\/uploads\/2014\/09\/coaching-golf-lessons.jpg\" alt=\"\" width=\"380\" height=\"380\" srcset=\"https:\/\/www.golftravellers.com\/wp-content\/uploads\/2014\/09\/coaching-golf-lessons.jpg 380w, https:\/\/www.golftravellers.com\/wp-content\/uploads\/2014\/09\/coaching-golf-lessons-150x150.jpg 150w, https:\/\/www.golftravellers.com\/wp-content\/uploads\/2014\/09\/coaching-golf-lessons-300x300.jpg 300w\" sizes=\"auto, (max-width: 380px) 100vw, 380px\" \/><\/a><\/p>\n<\/div>\n<div class=\"one-third\">\n<h4 style=\"text-align: center; padding: 25px 0 0 0;\">~ GOLF E INGL\u00c9S ~<\/h4>\n<p><a class=\"destinations\" href=\"https:\/\/www.golftravellers.com\/coaching\/golf-and-english-in-st-andrews-scotland\/\"><img loading=\"lazy\" decoding=\"async\" class=\"alignnone wp-image-13385 size-full\" title=\"Click for Golf &amp; English\" src=\"https:\/\/www.golftravellers.com\/wp-content\/uploads\/2014\/09\/coaching-golf-and-english.jpg\" alt=\"\" width=\"380\" height=\"380\" srcset=\"https:\/\/www.golftravellers.com\/wp-content\/uploads\/2014\/09\/coaching-golf-and-english.jpg 380w, https:\/\/www.golftravellers.com\/wp-content\/uploads\/2014\/09\/coaching-golf-and-english-150x150.jpg 150w, https:\/\/www.golftravellers.com\/wp-content\/uploads\/2014\/09\/coaching-golf-and-english-300x300.jpg 300w\" sizes=\"auto, (max-width: 380px) 100vw, 380px\" \/><\/a><\/p>\n<\/div>\n<div class=\"one-third\">\n<h4 style=\"text-align: center; padding: 25px 0 0 0;\">~ PROGRAMA PARA J\u00d3VENES ~<\/h4>\n<p><a class=\"destinations\" href=\"https:\/\/www.golftravellers.com\/coaching\/golf-camps-st-andrews\/\"><img loading=\"lazy\" decoding=\"async\" class=\"alignnone wp-image-13393 size-full\" title=\"Click for Golf Camps\" src=\"https:\/\/www.golftravellers.com\/wp-content\/uploads\/2014\/09\/coaching-golf-camps.jpg\" alt=\"\" width=\"380\" height=\"380\" srcset=\"https:\/\/www.golftravellers.com\/wp-content\/uploads\/2014\/09\/coaching-golf-camps.jpg 380w, https:\/\/www.golftravellers.com\/wp-content\/uploads\/2014\/09\/coaching-golf-camps-150x150.jpg 150w, https:\/\/www.golftravellers.com\/wp-content\/uploads\/2014\/09\/coaching-golf-camps-300x300.jpg 300w\" sizes=\"auto, (max-width: 380px) 100vw, 380px\" \/><\/a><\/p>\n<\/div>\n","protected":false},"excerpt":{"rendered":"<p>Ofrecemos paquetes de\u00a0clases de golf, \u00a0programas de ingl\u00e9s y golf,\u00a0\u00a0y un campamento de golf en Saint Andrews, Escocia. Estos programas pueden ser personalizados a su gusto y seg\u00fan sus intereses y necesidades. Seleccione una de las siguientes opciones para descubrir m\u00e1s. ~ CLASES DE GOLF ~ ~ GOLF E INGL\u00c9S ~ ~ PROGRAMA PARA J\u00d3VENES [&hellip;]<\/p>\n","protected":false},"author":10,"featured_media":13290,"parent":0,"menu_order":0,"comment_status":"open","ping_status":"open","template":"","meta":{"_genesis_hide_title":false,"_genesis_hide_breadcrumbs":false,"_genesis_hide_singular_image":false,"_genesis_hide_footer_widgets":false,"_genesis_custom_body_class":"","_genesis_custom_post_class":"","_genesis_layout":"","footnotes":""},"class_list":{"0":"post-17177","1":"page","2":"type-page","3":"status-publish","4":"has-post-thumbnail","6":"entry"},"_links":{"self":[{"href":"https:\/\/www.golftravellers.com\/es\/wp-json\/wp\/v2\/pages\/17177","targetHints":{"allow":["GET"]}}],"collection":[{"href":"https:\/\/www.golftravellers.com\/es\/wp-json\/wp\/v2\/pages"}],"about":[{"href":"https:\/\/www.golftravellers.com\/es\/wp-json\/wp\/v2\/types\/page"}],"author":[{"embeddable":true,"href":"https:\/\/www.golftravellers.com\/es\/wp-json\/wp\/v2\/users\/10"}],"replies":[{"embeddable":true,"href":"https:\/\/www.golftravellers.com\/es\/wp-json\/wp\/v2\/comments?post=17177"}],"version-history":[{"count":11,"href":"https:\/\/www.golftravellers.com\/es\/wp-json\/wp\/v2\/pages\/17177\/revisions"}],"predecessor-version":[{"id":40425,"href":"https:\/\/www.golftravellers.com\/es\/wp-json\/wp\/v2\/pages\/17177\/revisions\/40425"}],"wp:featuredmedia":[{"embeddable":true,"href":"https:\/\/www.golftravellers.com\/es\/wp-json\/wp\/v2\/media\/13290"}],"wp:attachment":[{"href":"https:\/\/www.golftravellers.com\/es\/wp-json\/wp\/v2\/media?parent=17177"}],"curies":[{"name":"wp","href":"https:\/\/api.w.org\/{rel}","templated":true}]}}