{"id":17173,"date":"2014-04-04T08:34:55","date_gmt":"2014-04-04T07:34:55","guid":{"rendered":"http:\/\/www.golftravellers.com\/destinos\/brazil\/"},"modified":"2014-11-28T15:20:37","modified_gmt":"2014-11-28T15:20:37","slug":"brasil","status":"publish","type":"page","link":"https:\/\/www.golftravellers.com\/es\/destinos\/brasil\/","title":{"rendered":"Brasil"},"content":{"rendered":"<p><a title=\"Golf  Courses\" href=\"https:\/\/www.golftravellers.com\/destinations\/brazil\/golf-courses-in-brazil\/\"><img loading=\"lazy\" decoding=\"async\" class=\"alignright wp-image-13226 size-medium\" src=\"http:\/\/www.golftravellers.com\/wp-content\/uploads\/2014\/09\/Brazil-Map-300x300.png\" alt=\"Mapa de las principales regiones de golf de Brasil\" width=\"300\" height=\"300\" srcset=\"https:\/\/www.golftravellers.com\/wp-content\/uploads\/2014\/09\/Brazil-Map-300x300.png 300w, https:\/\/www.golftravellers.com\/wp-content\/uploads\/2014\/09\/Brazil-Map-150x150.png 150w, https:\/\/www.golftravellers.com\/wp-content\/uploads\/2014\/09\/Brazil-Map-380x380.png 380w, https:\/\/www.golftravellers.com\/wp-content\/uploads\/2014\/09\/Brazil-Map.png 550w\" sizes=\"auto, (max-width: 300px) 100vw, 300px\" \/><\/a><em>Planee su viaje de golf en Brasil con un reconocido organizador de tours.<\/em><\/p>\n<p>El golf es un deporte poco conocido en este enorme pa\u00eds. \u00a0Sin embargo, a partir del a\u00f1o 2000 han sido construidos varios campos \u00a0majestuosos que \u00a0* son realmente impresionantes. Adem\u00e1s, Brasil ser\u00e1 el anfitri\u00f3n de los juegos ol\u00edmpicos de\u00a02016, en los cuales el golf ser\u00e1 considerado deporte ol\u00edmpico.<\/p>\n<p>Decidimos ofrecer tours de golf en Brasil por una variedad de razones. Principalmente, quer\u00edamos ofrecer una experiencia inolvidable en un destino que es\u00a0poco conocido por los golfistas. Adem\u00e1s, la directora de nuestra compa\u00f1ia, la sra. Carina Neubert Favero,\u00a0es Brasile\u00f1a y tiene un gran conocimiento sobre\u00a0su pa\u00eds y sobre\u00a0turismo de golf en este destino tropical.<\/p>\n<p>Dividimos a Brasil en 4 regiones principales, \u00a0la mas conducentes\u00a0para el golf se ubican\u00a0en\u00a0la regi\u00f3n del este. Lo invitamos a ver ejemplos de los paquetes que ofrecemos en nuestra\u00a0<a href=\"https:\/\/www.golftravellers.com\/destinations\/brazil\/sample-packages-brazil\/\">p\u00e1gina de paquetes<\/a>\u00a0y los\u00a0<a title=\"Golf Courses in Brazil\" href=\"https:\/\/www.golftravellers.com\/destinations\/brazil\/golf-courses-in-brazil\/\">campos de golf<\/a>\u00a0que ofrecemos\u00a0en el mapa.<\/p>\n<p><a title=\"Contact Us\" href=\"https:\/\/www.golftravellers.com\/contact-us\/\">Cont\u00e1ctenos<\/a>\u00a0para organizar y planear su ex\u00f3tico viaje de golf.<\/p>\n<p><a href=\"https:\/\/www.golftravellers.com\/destinations\/brazil\/sample-packages-brazil\/\"><img loading=\"lazy\" decoding=\"async\" class=\"aligncenter wp-image-14804 size-large\" src=\"http:\/\/www.golftravellers.com\/wp-content\/uploads\/2014\/04\/footer-destination-brazil1-1024x238.png\" alt=\"Imagenes de campos de golf en Brasil\" width=\"1024\" height=\"238\" srcset=\"https:\/\/www.golftravellers.com\/wp-content\/uploads\/2014\/04\/footer-destination-brazil1-1024x238.png 1024w, https:\/\/www.golftravellers.com\/wp-content\/uploads\/2014\/04\/footer-destination-brazil1-300x69.png 300w, https:\/\/www.golftravellers.com\/wp-content\/uploads\/2014\/04\/footer-destination-brazil1.png 1195w\" sizes=\"auto, (max-width: 1024px) 100vw, 1024px\" \/><\/a><\/p>\n<div class=\"one-third first\" style=\"text-align: center;\"><a class=\"button\" href=\"https:\/\/www.golftravellers.com\/destinations\/brazil\/sample-packages-brazil\/\">P\u00e1gina de paquetes<\/a><\/div>\n<div class=\"one-third\" style=\"text-align: center;\"><a class=\"button\" href=\"https:\/\/www.golftravellers.com\/contact-us\/call-back-request\/\">Solicitud de llamada<\/a><\/div>\n<div class=\"one-third\" style=\"text-align: center;\"><a class=\"button\" href=\"https:\/\/www.golftravellers.com\/contact-us\/get-a-quote\/\">P\u00e1gina de presupuestos<\/a><\/div>\n","protected":false},"excerpt":{"rendered":"<p>Planee su viaje de golf en Brasil con un reconocido organizador de tours. El golf es un deporte poco conocido en este enorme pa\u00eds. \u00a0Sin embargo, a partir del a\u00f1o 2000 han sido construidos varios campos \u00a0majestuosos que \u00a0* son realmente impresionantes. Adem\u00e1s, Brasil ser\u00e1 el anfitri\u00f3n de los juegos ol\u00edmpicos de\u00a02016, en los cuales [&hellip;]<\/p>\n","protected":false},"author":10,"featured_media":8906,"parent":17158,"menu_order":50,"comment_status":"open","ping_status":"closed","template":"","meta":{"_genesis_hide_title":false,"_genesis_hide_breadcrumbs":false,"_genesis_hide_singular_image":false,"_genesis_hide_footer_widgets":false,"_genesis_custom_body_class":"","_genesis_custom_post_class":"","_genesis_layout":"content-sidebar","footnotes":""},"class_list":{"0":"post-17173","1":"page","2":"type-page","3":"status-publish","4":"has-post-thumbnail","6":"entry"},"_links":{"self":[{"href":"https:\/\/www.golftravellers.com\/es\/wp-json\/wp\/v2\/pages\/17173","targetHints":{"allow":["GET"]}}],"collection":[{"href":"https:\/\/www.golftravellers.com\/es\/wp-json\/wp\/v2\/pages"}],"about":[{"href":"https:\/\/www.golftravellers.com\/es\/wp-json\/wp\/v2\/types\/page"}],"author":[{"embeddable":true,"href":"https:\/\/www.golftravellers.com\/es\/wp-json\/wp\/v2\/users\/10"}],"replies":[{"embeddable":true,"href":"https:\/\/www.golftravellers.com\/es\/wp-json\/wp\/v2\/comments?post=17173"}],"version-history":[{"count":5,"href":"https:\/\/www.golftravellers.com\/es\/wp-json\/wp\/v2\/pages\/17173\/revisions"}],"predecessor-version":[{"id":17603,"href":"https:\/\/www.golftravellers.com\/es\/wp-json\/wp\/v2\/pages\/17173\/revisions\/17603"}],"up":[{"embeddable":true,"href":"https:\/\/www.golftravellers.com\/es\/wp-json\/wp\/v2\/pages\/17158"}],"wp:featuredmedia":[{"embeddable":true,"href":"https:\/\/www.golftravellers.com\/es\/wp-json\/wp\/v2\/media\/8906"}],"wp:attachment":[{"href":"https:\/\/www.golftravellers.com\/es\/wp-json\/wp\/v2\/media?parent=17173"}],"curies":[{"name":"wp","href":"https:\/\/api.w.org\/{rel}","templated":true}]}}