{"id":17158,"date":"2014-04-04T08:06:05","date_gmt":"2014-04-04T07:06:05","guid":{"rendered":"http:\/\/www.golftravellers.com\/destinations-2\/"},"modified":"2025-08-01T15:45:43","modified_gmt":"2025-08-01T14:45:43","slug":"destinos","status":"publish","type":"page","link":"https:\/\/www.golftravellers.com\/es\/destinos\/","title":{"rendered":"Destinos"},"content":{"rendered":"<p>Ofrecemos viajes de golf en St Andrews, Escocia, Irlanda, Inglaterra, Gales y Brasil, para particulares y grupos peque\u00f1os y grandes. Selecciona un destino a continuaci\u00f3n para descubrir m\u00e1s. <\/p>\n<section>\n<div class=\"one-third first\">\n<h4 style=\"text-align: center;\">~ ST ANDREWS ~<\/h4>\n<\/div>\n<div class=\"one-third\">\n<h4 style=\"text-align: center;\">~ ESCOCIA ~<\/h4>\n<\/div>\n<div class=\"one-third\" style=\"text-align: center;\">\n<h4>~ IRLANDA ~<\/h4>\n<\/div>\n<div class=\"one-third first destinations\"><a href=\"https:\/\/www.golftravellers.com\/destinations\/scotland\/golf-courses-in-scotland\/st-andrews-region-scotland\/\"><img loading=\"lazy\" decoding=\"async\" class=\"alignnone size-full wp-image-12960\" src=\"https:\/\/www.golftravellers.com\/wp-content\/uploads\/2014\/09\/StAndrews_Destinations.jpg\" alt=\"Imagen del emblem\u00e1tico puente del Old Course de St Andrews al atardecer\" width=\"380\" height=\"380\" srcset=\"https:\/\/www.golftravellers.com\/wp-content\/uploads\/2014\/09\/StAndrews_Destinations.jpg 380w, https:\/\/www.golftravellers.com\/wp-content\/uploads\/2014\/09\/StAndrews_Destinations-150x150.jpg 150w, https:\/\/www.golftravellers.com\/wp-content\/uploads\/2014\/09\/StAndrews_Destinations-300x300.jpg 300w\" sizes=\"auto, (max-width: 380px) 100vw, 380px\" \/><\/a><\/div>\n<div class=\"one-third destinations\"><a href=\"https:\/\/www.golftravellers.com\/destinations\/scotland\/\"><img loading=\"lazy\" decoding=\"async\" class=\"alignnone size-full wp-image-12952\" src=\"https:\/\/www.golftravellers.com\/wp-content\/uploads\/2014\/09\/Scotland_destinations.jpg\" alt=\"Imagen de green de golf, dunas de hierba y playa de arena con oc\u00e9ano\" width=\"380\" height=\"380\" srcset=\"https:\/\/www.golftravellers.com\/wp-content\/uploads\/2014\/09\/Scotland_destinations.jpg 380w, https:\/\/www.golftravellers.com\/wp-content\/uploads\/2014\/09\/Scotland_destinations-150x150.jpg 150w, https:\/\/www.golftravellers.com\/wp-content\/uploads\/2014\/09\/Scotland_destinations-300x300.jpg 300w\" sizes=\"auto, (max-width: 380px) 100vw, 380px\" \/><\/a><\/div>\n<div class=\"one-third destinations\"><a href=\"https:\/\/www.golftravellers.com\/destinations\/ireland\/\"><img loading=\"lazy\" decoding=\"async\" class=\"alignnone size-full wp-image-12944\" src=\"https:\/\/www.golftravellers.com\/wp-content\/uploads\/2014\/09\/Ireland_Destinations.jpg\" alt=\"Golfistas jugando en un hoyo junto a la playa de arena y el oc\u00e9ano\" width=\"380\" height=\"380\" srcset=\"https:\/\/www.golftravellers.com\/wp-content\/uploads\/2014\/09\/Ireland_Destinations.jpg 380w, https:\/\/www.golftravellers.com\/wp-content\/uploads\/2014\/09\/Ireland_Destinations-150x150.jpg 150w, https:\/\/www.golftravellers.com\/wp-content\/uploads\/2014\/09\/Ireland_Destinations-300x300.jpg 300w\" sizes=\"auto, (max-width: 380px) 100vw, 380px\" \/><\/a><\/div>\n<\/section>\n<div class=\"one-third destinations\"><\/div>\n<div class=\"one-third destinations\"><\/div>\n<section>\n<div class=\"one-third first\">\n<h4 style=\"text-align: center;\">~ ESPA\u00d1A<\/h4>\n<\/div>\n<div class=\"one-third\">\n<h4 style=\"text-align: center;\">~ MARRUECOS ~<\/h4>\n<\/div>\n<div class=\"one-third\" style=\"text-align: center;\">\n<h4>~ PORTUGAL ~<\/h4>\n<\/div>\n<div class=\"one-third first destinations\"><a href=\"https:\/\/www.golftravellers.com\/destinations\/golf-holidays-in-spain\/\"><img loading=\"lazy\" decoding=\"async\" class=\"alignnone size-full wp-image-26913\" src=\"https:\/\/www.golftravellers.com\/wp-content\/uploads\/2014\/04\/destination-spain.jpg\" alt=\"Golfista en el campo de Abama (Espa\u00f1a)\" width=\"380\" height=\"380\" srcset=\"https:\/\/www.golftravellers.com\/wp-content\/uploads\/2014\/04\/destination-spain.jpg 380w, https:\/\/www.golftravellers.com\/wp-content\/uploads\/2014\/04\/destination-spain-150x150.jpg 150w, https:\/\/www.golftravellers.com\/wp-content\/uploads\/2014\/04\/destination-spain-300x300.jpg 300w\" sizes=\"auto, (max-width: 380px) 100vw, 380px\" \/><\/a><\/div>\n<div class=\"one-third destinations\"><a href=\"https:\/\/www.golftravellers.com\/destinations\/golf-holidays-in-morocco\/\"><img loading=\"lazy\" decoding=\"async\" class=\"alignnone size-full wp-image-26921\" src=\"https:\/\/www.golftravellers.com\/wp-content\/uploads\/2014\/04\/destination-morroco.jpg\" alt=\"Vista sobre el Atlas en un campo de golf en Marruecos\" width=\"380\" height=\"380\" srcset=\"https:\/\/www.golftravellers.com\/wp-content\/uploads\/2014\/04\/destination-morroco.jpg 380w, https:\/\/www.golftravellers.com\/wp-content\/uploads\/2014\/04\/destination-morroco-150x150.jpg 150w, https:\/\/www.golftravellers.com\/wp-content\/uploads\/2014\/04\/destination-morroco-300x300.jpg 300w\" sizes=\"auto, (max-width: 380px) 100vw, 380px\" \/><\/a><\/div>\n<div class=\"one-third destinations\"><a href=\"https:\/\/www.golftravellers.com\/destinations\/golf-holidays-in-portugal\/\"><img loading=\"lazy\" decoding=\"async\" class=\"alignnone size-full wp-image-26929\" src=\"https:\/\/www.golftravellers.com\/wp-content\/uploads\/2014\/04\/destination-portugal.jpg\" alt=\"Gran green y vistas al mar en el campo de Oitvaos Dunes en Portugal\" width=\"380\" height=\"380\" srcset=\"https:\/\/www.golftravellers.com\/wp-content\/uploads\/2014\/04\/destination-portugal.jpg 380w, https:\/\/www.golftravellers.com\/wp-content\/uploads\/2014\/04\/destination-portugal-150x150.jpg 150w, https:\/\/www.golftravellers.com\/wp-content\/uploads\/2014\/04\/destination-portugal-300x300.jpg 300w\" sizes=\"auto, (max-width: 380px) 100vw, 380px\" \/><\/a><\/div>\n<div class=\"one-third destinations\"><\/div>\n<\/section>\n<div class=\"clear: both;\"><\/div>\n<section>\n<div class=\"one-third first\">\n<h4 style=\"text-align: center;\">~ ESTADOS UNIDOS ~<\/h4>\n<\/div>\n<div class=\"one-third\">\n<h4 style=\"text-align: center;\">~ SUD\u00c1FRICA ~<\/h4>\n<\/div>\n<div class=\"one-third\">\n<h4 style=\"text-align: center;\">~ BRASIL ~<\/h4>\n<\/div>\n<div class=\"one-third first destinations\"><a href=\"https:\/\/www.golftravellers.com\/destinations\/golf-holidays-in-the-usa\/\"><img loading=\"lazy\" decoding=\"async\" class=\"alignnone size-full wp-image-26937\" src=\"https:\/\/www.golftravellers.com\/wp-content\/uploads\/2014\/04\/destinations-united-states.jpg\" alt=\"Gran green y mar con olas en un campo de Estados Unidos\" width=\"380\" height=\"380\" srcset=\"https:\/\/www.golftravellers.com\/wp-content\/uploads\/2014\/04\/destinations-united-states.jpg 380w, https:\/\/www.golftravellers.com\/wp-content\/uploads\/2014\/04\/destinations-united-states-150x150.jpg 150w, https:\/\/www.golftravellers.com\/wp-content\/uploads\/2014\/04\/destinations-united-states-300x300.jpg 300w\" sizes=\"auto, (max-width: 380px) 100vw, 380px\" \/><\/a><\/div>\n<div class=\"one-third destinations\"><a href=\"https:\/\/www.golftravellers.com\/destinations\/golf-holidays-in-south-africa\/\"><img loading=\"lazy\" decoding=\"async\" class=\"alignnone size-full wp-image-26945\" src=\"https:\/\/www.golftravellers.com\/wp-content\/uploads\/2014\/04\/destinations-south-africa.jpg\" alt=\"Gran green y monta\u00f1a en un campo de Sud\u00e1frica\" width=\"380\" height=\"380\" srcset=\"https:\/\/www.golftravellers.com\/wp-content\/uploads\/2014\/04\/destinations-south-africa.jpg 380w, https:\/\/www.golftravellers.com\/wp-content\/uploads\/2014\/04\/destinations-south-africa-150x150.jpg 150w, https:\/\/www.golftravellers.com\/wp-content\/uploads\/2014\/04\/destinations-south-africa-300x300.jpg 300w\" sizes=\"auto, (max-width: 380px) 100vw, 380px\" \/><\/a><\/div>\n<div class=\"one-third destinations\"><a href=\"https:\/\/www.golftravellers.com\/destinations\/brazil\/\"><img loading=\"lazy\" decoding=\"async\" class=\"alignnone size-full wp-image-12928\" src=\"https:\/\/www.golftravellers.com\/wp-content\/uploads\/2014\/09\/Brazil_Destinations.jpg\" alt=\"Imagen del green del campo de golf entre la trampa de arena y la playa\" width=\"380\" height=\"380\" srcset=\"https:\/\/www.golftravellers.com\/wp-content\/uploads\/2014\/09\/Brazil_Destinations.jpg 380w, https:\/\/www.golftravellers.com\/wp-content\/uploads\/2014\/09\/Brazil_Destinations-150x150.jpg 150w, https:\/\/www.golftravellers.com\/wp-content\/uploads\/2014\/09\/Brazil_Destinations-300x300.jpg 300w\" sizes=\"auto, (max-width: 380px) 100vw, 380px\" \/><\/a><\/div>\n<section>\n<div class=\"one-third first\">\n<h4 style=\"text-align: center; padding: 45px 0 0 0;\">~ INGLATERRA ~<\/h4>\n<\/div>\n<div class=\"one-third\">\n<h4 style=\"text-align: center; padding: 45px 0 0 0;\">~ GALES ~<\/h4>\n<\/div>\n<div class=\"one-third first destinations\"><a href=\"https:\/\/www.golftravellers.com\/destinations\/england\/\"><img loading=\"lazy\" decoding=\"async\" class=\"alignnone size-full wp-image-12936\" src=\"https:\/\/www.golftravellers.com\/wp-content\/uploads\/2014\/09\/England_Destinations.jpg\" alt=\"Imagen de la vista desde el hoyo del campo de golf mirando las grandes olas que rompen en los escarpados acantilados\" width=\"380\" height=\"380\" srcset=\"https:\/\/www.golftravellers.com\/wp-content\/uploads\/2014\/09\/England_Destinations.jpg 380w, https:\/\/www.golftravellers.com\/wp-content\/uploads\/2014\/09\/England_Destinations-150x150.jpg 150w, https:\/\/www.golftravellers.com\/wp-content\/uploads\/2014\/09\/England_Destinations-300x300.jpg 300w\" sizes=\"auto, (max-width: 380px) 100vw, 380px\" \/><\/a><\/div>\n<div class=\"one-third destinations\"><a href=\"https:\/\/www.golftravellers.com\/destinations\/wales\/\"><img loading=\"lazy\" decoding=\"async\" class=\"alignnone size-full wp-image-12968\" src=\"https:\/\/www.golftravellers.com\/wp-content\/uploads\/2014\/09\/Wales_Destinations.jpg\" alt=\"Imagen de green de golf con playa rocosa y vista al mar\" width=\"380\" height=\"380\" srcset=\"https:\/\/www.golftravellers.com\/wp-content\/uploads\/2014\/09\/Wales_Destinations.jpg 380w, https:\/\/www.golftravellers.com\/wp-content\/uploads\/2014\/09\/Wales_Destinations-150x150.jpg 150w, https:\/\/www.golftravellers.com\/wp-content\/uploads\/2014\/09\/Wales_Destinations-300x300.jpg 300w\" sizes=\"auto, (max-width: 380px) 100vw, 380px\" \/><\/a><\/div>\n<div class=\"one-third destinations\"><\/div>\n<\/section>\n<div class=\"clear: both;\"><\/div>\n<section><\/section>\n<\/section>\n","protected":false},"excerpt":{"rendered":"<p>Ofrecemos viajes de golf en St Andrews, Escocia, Irlanda, Inglaterra, Gales y Brasil, para particulares y grupos peque\u00f1os y grandes. Selecciona un destino a continuaci\u00f3n para descubrir m\u00e1s. ~ ST ANDREWS ~ ~ ESCOCIA ~ ~ IRLANDA ~ ~ ESPA\u00d1A ~ MARRUECOS ~ ~ PORTUGAL ~ ~ ESTADOS UNIDOS ~ ~ SUD\u00c1FRICA ~ ~ BRASIL [&hellip;]<\/p>\n","protected":false},"author":10,"featured_media":9104,"parent":0,"menu_order":0,"comment_status":"open","ping_status":"closed","template":"","meta":{"_genesis_hide_title":false,"_genesis_hide_breadcrumbs":false,"_genesis_hide_singular_image":false,"_genesis_hide_footer_widgets":false,"_genesis_custom_body_class":"","_genesis_custom_post_class":"","_genesis_layout":"full-width-content","footnotes":""},"class_list":{"0":"post-17158","1":"page","2":"type-page","3":"status-publish","4":"has-post-thumbnail","6":"entry"},"_links":{"self":[{"href":"https:\/\/www.golftravellers.com\/es\/wp-json\/wp\/v2\/pages\/17158","targetHints":{"allow":["GET"]}}],"collection":[{"href":"https:\/\/www.golftravellers.com\/es\/wp-json\/wp\/v2\/pages"}],"about":[{"href":"https:\/\/www.golftravellers.com\/es\/wp-json\/wp\/v2\/types\/page"}],"author":[{"embeddable":true,"href":"https:\/\/www.golftravellers.com\/es\/wp-json\/wp\/v2\/users\/10"}],"replies":[{"embeddable":true,"href":"https:\/\/www.golftravellers.com\/es\/wp-json\/wp\/v2\/comments?post=17158"}],"version-history":[{"count":18,"href":"https:\/\/www.golftravellers.com\/es\/wp-json\/wp\/v2\/pages\/17158\/revisions"}],"predecessor-version":[{"id":43743,"href":"https:\/\/www.golftravellers.com\/es\/wp-json\/wp\/v2\/pages\/17158\/revisions\/43743"}],"wp:featuredmedia":[{"embeddable":true,"href":"https:\/\/www.golftravellers.com\/es\/wp-json\/wp\/v2\/media\/9104"}],"wp:attachment":[{"href":"https:\/\/www.golftravellers.com\/es\/wp-json\/wp\/v2\/media?parent=17158"}],"curies":[{"name":"wp","href":"https:\/\/api.w.org\/{rel}","templated":true}]}}