{"id":31524,"date":"2016-11-18T11:19:07","date_gmt":"2016-11-18T11:19:07","guid":{"rendered":"http:\/\/www.golftravellers.com\/de\/?page_id=31524"},"modified":"2017-04-24T15:22:41","modified_gmt":"2017-04-24T14:22:41","slug":"golfreise-mit-einem-pro","status":"publish","type":"page","link":"https:\/\/www.golftravellers.com\/de\/unterrichten\/golfreise-mit-einem-pro\/","title":{"rendered":"Golfreise mit einem Pro"},"content":{"rendered":"<p><a href=\"https:\/\/www.golftravellers.com\/wp-content\/uploads\/2015\/08\/golf-trip-pro-tuition.jpg\"><img loading=\"lazy\" decoding=\"async\" class=\"alignleft wp-image-26619 size-full\" src=\"https:\/\/www.golftravellers.com\/wp-content\/uploads\/2015\/08\/golf-trip-pro-tuition.jpg\" alt=\"Einer unseren Golfgruppen\" width=\"380\" height=\"380\" srcset=\"https:\/\/www.golftravellers.com\/wp-content\/uploads\/2015\/08\/golf-trip-pro-tuition.jpg 380w, https:\/\/www.golftravellers.com\/wp-content\/uploads\/2015\/08\/golf-trip-pro-tuition-150x150.jpg 150w, https:\/\/www.golftravellers.com\/wp-content\/uploads\/2015\/08\/golf-trip-pro-tuition-300x300.jpg 300w\" sizes=\"auto, (max-width: 380px) 100vw, 380px\" \/><\/a>Wir organizieren auch Golfreisen f\u00fcr Pros Golflehrer und Golfsch\u00fcler in alle unsere Reiseziele.<\/p>\n<p>&nbsp;<\/p>\n<p>Bitte wenden Sie sich an uns f\u00fcr einen ma\u00dfgeschneiderten <a href=\"https:\/\/www.golftravellers.com\/de\/kontakt\/angebot-anfordern\/\">unverbindlicher Vorschlag<\/a>.<\/p>\n<p>&nbsp;<\/p>\n<div class=\"one-third first\"><a class=\"button \" title=\"Jetzt Ihre Reise buchen\" href=\"https:\/\/www.golftravellers.com\/de\/kontakt\/jetzt-ihre-golfreise-buchen\/\">Jetzt buchen<\/a><\/div>\n<div class=\"one-third\"><a class=\"button\" title=\"Ihre Reise maschneidern\" href=\"https:\/\/www.golftravellers.com\/de\/kontakt\/angebot-anpassen\/\">Anpassen<\/a><\/div>\n<div class=\"one-third\"><a class=\"button\" title=\"Kontaktieren Sie uns\" href=\"https:\/\/www.golftravellers.com\/de\/kontakt\/\">Kontakt<\/a><\/div>\n","protected":false},"excerpt":{"rendered":"<p>Wir organizieren auch Golfreisen f\u00fcr Pros Golflehrer und Golfsch\u00fcler in alle unsere Reiseziele. &nbsp; Bitte wenden Sie sich an uns f\u00fcr einen ma\u00dfgeschneiderten unverbindlicher Vorschlag. &nbsp; Jetzt buchen Anpassen Kontakt<\/p>\n","protected":false},"author":10,"featured_media":0,"parent":16441,"menu_order":0,"comment_status":"closed","ping_status":"closed","template":"","meta":{"_genesis_hide_title":false,"_genesis_hide_breadcrumbs":false,"_genesis_hide_singular_image":false,"_genesis_hide_footer_widgets":false,"_genesis_custom_body_class":"","_genesis_custom_post_class":"","_genesis_layout":"","footnotes":""},"class_list":{"0":"post-31524","1":"page","2":"type-page","3":"status-publish","5":"entry"},"_links":{"self":[{"href":"https:\/\/www.golftravellers.com\/de\/wp-json\/wp\/v2\/pages\/31524","targetHints":{"allow":["GET"]}}],"collection":[{"href":"https:\/\/www.golftravellers.com\/de\/wp-json\/wp\/v2\/pages"}],"about":[{"href":"https:\/\/www.golftravellers.com\/de\/wp-json\/wp\/v2\/types\/page"}],"author":[{"embeddable":true,"href":"https:\/\/www.golftravellers.com\/de\/wp-json\/wp\/v2\/users\/10"}],"replies":[{"embeddable":true,"href":"https:\/\/www.golftravellers.com\/de\/wp-json\/wp\/v2\/comments?post=31524"}],"version-history":[{"count":2,"href":"https:\/\/www.golftravellers.com\/de\/wp-json\/wp\/v2\/pages\/31524\/revisions"}],"predecessor-version":[{"id":37347,"href":"https:\/\/www.golftravellers.com\/de\/wp-json\/wp\/v2\/pages\/31524\/revisions\/37347"}],"up":[{"embeddable":true,"href":"https:\/\/www.golftravellers.com\/de\/wp-json\/wp\/v2\/pages\/16441"}],"wp:attachment":[{"href":"https:\/\/www.golftravellers.com\/de\/wp-json\/wp\/v2\/media?parent=31524"}],"curies":[{"name":"wp","href":"https:\/\/api.w.org\/{rel}","templated":true}]}}